{"id":359,"date":"2013-11-18T10:16:41","date_gmt":"2013-11-18T09:16:41","guid":{"rendered":"http:\/\/blocs.xtec.cat\/cdaaltbergueda\/?page_id=359"},"modified":"2021-11-08T09:50:30","modified_gmt":"2021-11-08T08:50:30","slug":"formulari-de-valoracio","status":"publish","type":"page","link":"https:\/\/serveiseducatius.xtec.cat\/edadelcanigo\/modalitats\/amb-els-centres\/formulari-de-valoracio\/","title":{"rendered":"Valoracions"},"content":{"rendered":"<p>Les vostres opinions i els vostres suggeriments ens poden ser molt \u00fatils per a millorar les estades i la coordinaci\u00f3 amb la tasca que dueu a terme a les escoles i els instituts. \u00c9s per aix\u00f2 que us demanem una mica de temps i la vostra col\u00b7laboraci\u00f3. Gr\u00e0cies.<\/p>\n<ul>\n<li><a href=\"https:\/\/docs.google.com\/forms\/d\/e\/1FAIpQLSdHIr9yLicb7pt-HlfiT76t8twt_AjHoXmqqmswgD37eNOBEQ\/viewform\" target=\"_blank\" rel=\"noopener\"><strong>Enquesta sortida d&#8217;un dia<\/strong><\/a><\/li>\n<li><a href=\"https:\/\/docs.google.com\/forms\/d\/e\/1FAIpQLSfYt12aclSf9008YmwBnzepVF1KGIwHbxyGiVpSC2ZR9_3vog\/viewform\" target=\"_blank\" rel=\"noopener\"><strong>Enquesta estada<\/strong><\/a><\/li>\n<li><strong><a href=\"https:\/\/drive.google.com\/file\/d\/1NpYs7VT-06blxV53zuOw9dqap11N2Pkx\/view?usp=sharing\" target=\"_blank\" rel=\"noopener\">Infografia avaluaci\u00f3 CdA &#8211;<\/a><a href=\"https:\/\/drive.google.com\/file\/d\/1NpYs7VT-06blxV53zuOw9dqap11N2Pkx\/view?usp=sharing\" target=\"_blank\" rel=\"noopener\"> EdA<\/a><\/strong><\/li>\n<\/ul>\n","protected":false},"excerpt":{"rendered":"<p>Les vostres opinions i els vostres suggeriments ens poden ser molt \u00fatils per a millorar les estades i la coordinaci\u00f3 amb la tasca que dueu a terme a les escoles i els instituts. \u00c9s per aix\u00f2 que us demanem una mica de temps i la&hellip;  <a href=\"https:\/\/serveiseducatius.xtec.cat\/edadelcanigo\/modalitats\/amb-els-centres\/formulari-de-valoracio\/\" title=\"Read Valoracions\">Llegeix m\u00e9s\u00bb<\/a><\/p>\n","protected":false},"author":1,"featured_media":0,"parent":8272,"menu_order":30,"comment_status":"closed","ping_status":"closed","template":"page-templates\/side-menu.php","meta":{"_bbp_topic_count":0,"_bbp_reply_count":0,"_bbp_total_topic_count":0,"_bbp_total_reply_count":0,"_bbp_voice_count":0,"_bbp_anonymous_reply_count":0,"_bbp_topic_count_hidden":0,"_bbp_reply_count_hidden":0,"_bbp_forum_subforum_count":0,"footnotes":""},"class_list":["post-359","page","type-page","status-publish","hentry"],"post_mailing_queue_ids":[],"_links":{"self":[{"href":"https:\/\/serveiseducatius.xtec.cat\/edadelcanigo\/wp-json\/wp\/v2\/pages\/359","targetHints":{"allow":["GET"]}}],"collection":[{"href":"https:\/\/serveiseducatius.xtec.cat\/edadelcanigo\/wp-json\/wp\/v2\/pages"}],"about":[{"href":"https:\/\/serveiseducatius.xtec.cat\/edadelcanigo\/wp-json\/wp\/v2\/types\/page"}],"author":[{"embeddable":true,"href":"https:\/\/serveiseducatius.xtec.cat\/edadelcanigo\/wp-json\/wp\/v2\/users\/1"}],"replies":[{"embeddable":true,"href":"https:\/\/serveiseducatius.xtec.cat\/edadelcanigo\/wp-json\/wp\/v2\/comments?post=359"}],"version-history":[{"count":3,"href":"https:\/\/serveiseducatius.xtec.cat\/edadelcanigo\/wp-json\/wp\/v2\/pages\/359\/revisions"}],"predecessor-version":[{"id":9459,"href":"https:\/\/serveiseducatius.xtec.cat\/edadelcanigo\/wp-json\/wp\/v2\/pages\/359\/revisions\/9459"}],"up":[{"embeddable":true,"href":"https:\/\/serveiseducatius.xtec.cat\/edadelcanigo\/wp-json\/wp\/v2\/pages\/8272"}],"wp:attachment":[{"href":"https:\/\/serveiseducatius.xtec.cat\/edadelcanigo\/wp-json\/wp\/v2\/media?parent=359"}],"curies":[{"name":"wp","href":"https:\/\/api.w.org\/{rel}","templated":true}]}}