{"id":254,"date":"2013-11-16T11:47:36","date_gmt":"2013-11-16T10:47:36","guid":{"rendered":"http:\/\/blocs.xtec.cat\/cdaaltbergueda\/?page_id=254"},"modified":"2025-09-04T16:29:40","modified_gmt":"2025-09-04T14:29:40","slug":"inscripcio","status":"publish","type":"page","link":"https:\/\/serveiseducatius.xtec.cat\/edadelcanigo\/el-camp\/contacte\/inscripcio\/","title":{"rendered":"Inscripci\u00f3"},"content":{"rendered":"<p>El per\u00edode d&#8217;inscripcions a l&#8217;EdA del Canig\u00f3 \u00e9s del <strong>2<\/strong><strong>\u00a0al 31 de maig.<\/strong><\/p>\n<p>A la p\u00e0gina<a href=\"http:\/\/xtec.gencat.cat\/ca\/serveis\/sesc\/cda\/\">\u00a0<strong>Serveis Educatius, Camps d&#8217;aprenentatge<\/strong><\/a> trobareu tota la informaci\u00f3 necess\u00e0ria i l\u2019<a href=\"https:\/\/aplicacions.gestioeducativa.gencat.cat\/siteminderagent\/forms\/LoginEducacio.fcc?TYPE=33554433&amp;REALMOID=06-d341c47b-eb8e-41cd-9f6e-1a94408e02fb&amp;GUID=&amp;SMAUTHREASON=0&amp;METHOD=GET&amp;SMAGENTNAME=-SM-1FMsixKYKBau7gkEG2m1%2brQu7p1EGfrdOo5%2fWj6Qu1TjpJ7k6t3XMhro45XzPnMS&amp;TARGET=-SM-HTTPS%3a%2f%2faplicacions.ensenyament.gencat.cat%2fpls%2fapex%2fapex_authentication.callback%3fp_session_id%3d301655056830438%26p_app_id%3d151%26p_ajax_identifier%3dAA7BCB86AD7CDA0AB924985729D89C8061B1F9E738D369C7EF6C8A7E1212EAEC\" target=\"_blank\" rel=\"noopener noreferrer\" data-saferedirecturl=\"https:\/\/www.google.com\/url?hl=ca&amp;q=https:\/\/aplicacions.gestioeducativa.gencat.cat\/siteminderagent\/forms\/LoginEducacio.fcc?TYPE%3D33554433%26REALMOID%3D06-d341c47b-eb8e-41cd-9f6e-1a94408e02fb%26GUID%3D%26SMAUTHREASON%3D0%26METHOD%3DGET%26SMAGENTNAME%3D-SM-1FMsixKYKBau7gkEG2m1%252brQu7p1EGfrdOo5%252fWj6Qu1TjpJ7k6t3XMhro45XzPnMS%26TARGET%3D-SM-HTTPS%253a%252f%252faplicacions.ensenyament.gencat.cat%252fpls%252fapex%252fapex_authentication.callback%253fp_session_id%253d301655056830438%2526p_app_id%253d151%2526p_ajax_identifier%253dAA7BCB86AD7CDA0AB924985729D89C8061B1F9E738D369C7EF6C8A7E1212EAEC&amp;source=gmail&amp;ust=1463743557942000&amp;usg=AFQjCNFqhRoRCtJwBEPhMjs3n7NlvOdjhw\"><strong>acc\u00e9s a l\u2019aplicaci\u00f3<\/strong><\/a> de gesti\u00f3 en l\u00ednia per fer la sol\u00b7licitud.<\/p>\n<p>En el cas que sigueu un <strong>centre fora de Catalunya o una Universitat<\/strong> podeu fer la vostra sol\u00b7licitud a trav\u00e9s del seg\u00fcent<a href=\"https:\/\/docs.google.com\/forms\/d\/e\/1FAIpQLSeyBSnyovN9II2j7PTLk-82zZNLU3QqZIaZntVF4lN6oLuYiQ\/viewform\" target=\"_blank\" rel=\"noopener noreferrer\"> <strong>formulari <\/strong><\/a>espec\u00edfic.<\/p>\n<p><strong>Per inscripcions fora de termini<\/strong>, ens podeu fer arribar la vostra petici\u00f3 omplint el seg\u00fcent formulari o enviant-nos un correu electr\u00f2nic a edadelcanigo@gmail.com i us atendrem segons disponibilitat.<\/p>\n<p><iframe loading=\"lazy\" src=\"https:\/\/docs.google.com\/forms\/d\/1Eh38E9Nn2d_Gbr8nGUu4TAOA-7pIVFUZ65lWCk_grH0\/viewform?embedded=true\" width=\"760\" height=\"800\" frameborder=\"0\" marginwidth=\"0\" marginheight=\"0\"><\/iframe><\/p>\n","protected":false},"excerpt":{"rendered":"<p>El per\u00edode d&#8217;inscripcions a l&#8217;EdA del Canig\u00f3 \u00e9s del 2\u00a0al 31 de maig.<br \/>\nA la p\u00e0gina<a href=\"http:\/\/xtec.gencat.cat\/ca\/serveis\/sesc\/cda\/\">\u00a0Serveis Educatius, Camps d&#8217;aprenentatge<\/a> trobareu tota la informaci\u00f3 necess\u00e0ria i l\u2019<a href=\"https:\/\/aplicacions.gestioeducativa.gencat.cat\/siteminderagent\/forms\/LoginEducacio.fcc?TYPE=33554433&amp;REALMOID=06-d341c47b-eb8e-41cd-9f6e-1a94408e02fb&amp;GUID=&amp;SMAUTHREASON=0&amp;METHOD=GET&amp;SMAGENTNAME=-SM-1FMsixKYKBau7gkEG2m1%2brQu7p1EGfrdOo5%2fWj6Qu1TjpJ7k6t3XMhro45XzPnMS&amp;TARGET=-SM-HTTPS%3a%2f%2faplicacions.ensenyament.gencat.cat%2fpls%2fapex%2fapex_authentication.callback%3fp_session_id%3d301655056830438%26p_app_id%3d151%26p_ajax_identifier%3dAA7BCB86AD7CDA0AB924985729D89C8061B1F9E738D369C7EF6C8A7E1212EAEC\" target=\"_blank\" rel=\"noopener noreferrer\" data-saferedirecturl=\"https:\/\/www.google.com\/url?hl=ca&amp;q=https:\/\/aplicacions.gestioeducativa.gencat.cat\/siteminderagent\/forms\/LoginEducacio.fcc?TYPE%3D33554433%26REALMOID%3D06-d341c47b-eb8e-41cd-9f6e-1a94408e02fb%26GUID%3D%26SMAUTHREASON%3D0%26METHOD%3DGET%26SMAGENTNAME%3D-SM-1FMsixKYKBau7gkEG2m1%252brQu7p1EGfrdOo5%252fWj6Qu1TjpJ7k6t3XMhro45XzPnMS%26TARGET%3D-SM-HTTPS%253a%252f%252faplicacions.ensenyament.gencat.cat%252fpls%252fapex%252fapex_authentication.callback%253fp_session_id%253d301655056830438%2526p_app_id%253d151%2526p_ajax_identifier%253dAA7BCB86AD7CDA0AB924985729D89C8061B1F9E738D369C7EF6C8A7E1212EAEC&amp;source=gmail&amp;ust=1463743557942000&amp;usg=AFQjCNFqhRoRCtJwBEPhMjs3n7NlvOdjhw\">acc\u00e9s a l\u2019aplicaci\u00f3<\/a> de gesti\u00f3 en l\u00ednia per fer la sol\u00b7licitud.<br \/>\nEn el cas que sigueu&hellip;  <a href=\"https:\/\/serveiseducatius.xtec.cat\/edadelcanigo\/el-camp\/contacte\/inscripcio\/\" title=\"Read Inscripci\u00f3\">Llegeix m\u00e9s\u00bb<\/a><\/p>\n","protected":false},"author":1,"featured_media":0,"parent":443,"menu_order":0,"comment_status":"closed","ping_status":"closed","template":"page-templates\/side-menu.php","meta":{"_bbp_topic_count":0,"_bbp_reply_count":0,"_bbp_total_topic_count":0,"_bbp_total_reply_count":0,"_bbp_voice_count":0,"_bbp_anonymous_reply_count":0,"_bbp_topic_count_hidden":0,"_bbp_reply_count_hidden":0,"_bbp_forum_subforum_count":0,"footnotes":""},"class_list":["post-254","page","type-page","status-publish","hentry"],"post_mailing_queue_ids":[],"_links":{"self":[{"href":"https:\/\/serveiseducatius.xtec.cat\/edadelcanigo\/wp-json\/wp\/v2\/pages\/254","targetHints":{"allow":["GET"]}}],"collection":[{"href":"https:\/\/serveiseducatius.xtec.cat\/edadelcanigo\/wp-json\/wp\/v2\/pages"}],"about":[{"href":"https:\/\/serveiseducatius.xtec.cat\/edadelcanigo\/wp-json\/wp\/v2\/types\/page"}],"author":[{"embeddable":true,"href":"https:\/\/serveiseducatius.xtec.cat\/edadelcanigo\/wp-json\/wp\/v2\/users\/1"}],"replies":[{"embeddable":true,"href":"https:\/\/serveiseducatius.xtec.cat\/edadelcanigo\/wp-json\/wp\/v2\/comments?post=254"}],"version-history":[{"count":4,"href":"https:\/\/serveiseducatius.xtec.cat\/edadelcanigo\/wp-json\/wp\/v2\/pages\/254\/revisions"}],"predecessor-version":[{"id":9599,"href":"https:\/\/serveiseducatius.xtec.cat\/edadelcanigo\/wp-json\/wp\/v2\/pages\/254\/revisions\/9599"}],"up":[{"embeddable":true,"href":"https:\/\/serveiseducatius.xtec.cat\/edadelcanigo\/wp-json\/wp\/v2\/pages\/443"}],"wp:attachment":[{"href":"https:\/\/serveiseducatius.xtec.cat\/edadelcanigo\/wp-json\/wp\/v2\/media?parent=254"}],"curies":[{"name":"wp","href":"https:\/\/api.w.org\/{rel}","templated":true}]}}