{"id":1241,"date":"2015-08-28T11:06:49","date_gmt":"2015-08-28T09:06:49","guid":{"rendered":"http:\/\/blocs.xtec.cat\/edacanigo\/?page_id=1241"},"modified":"2025-02-02T21:56:04","modified_gmt":"2025-02-02T20:56:04","slug":"itinerari-de-lexili","status":"publish","type":"page","link":"https:\/\/serveiseducatius.xtec.cat\/edadelcanigo\/el-camp\/ambits\/exili\/itinerari-de-lexili\/","title":{"rendered":"Itinerari de l&#8217;Exili"},"content":{"rendered":"<p><strong><a href=\"http:\/\/serveiseducatius.xtec.cat\/edadelcanigo\/wp-content\/uploads\/usu1374\/2015\/08\/DSC07394.redimensionada.jpg\"><img loading=\"lazy\" decoding=\"async\" class=\"wp-image-8977 size-medium alignleft\" src=\"http:\/\/serveiseducatius.xtec.cat\/edadelcanigo\/wp-content\/uploads\/usu1374\/2015\/08\/DSC07394.redimensionada-300x197.jpg\" alt=\"\" width=\"300\" height=\"197\" srcset=\"https:\/\/serveiseducatius.xtec.cat\/edadelcanigo\/wp-content\/uploads\/usu1374\/2015\/08\/DSC07394.redimensionada-300x197.jpg 300w, https:\/\/serveiseducatius.xtec.cat\/edadelcanigo\/wp-content\/uploads\/usu1374\/2015\/08\/DSC07394.redimensionada-768x503.jpg 768w, https:\/\/serveiseducatius.xtec.cat\/edadelcanigo\/wp-content\/uploads\/usu1374\/2015\/08\/DSC07394.redimensionada.jpg 1024w\" sizes=\"auto, (max-width: 300px) 100vw, 300px\" \/><\/a>Nom activitat:<\/strong>\u00a0 Itinerari de l&#8217;exili<\/p>\n<p><strong>\u00c0mbit Curricular:<\/strong> Ci\u00e8ncies Socials, Hist\u00f2ria, Llengua i literatura catalana i castellana<\/p>\n<p><strong>Nivell:<\/strong> Cicle Superior de prim\u00e0ria, ESO, Batxillerat\u00a0\u00a0\u00a0\u00a0\u00a0\u00a0\u00a0\u00a0\u00a0\u00a0<strong> Durada:<\/strong> mat\u00ed \/ tarda<\/p>\n<p><strong>Estacionalitat:<\/strong> Tot l\u2019any<\/p>\n<p><strong>Objectius:<\/strong>\u00a0Empatitzar amb els fets hist\u00f2rics de l&#8217;\u00e8xode republic\u00e0 de 1939 cap a l&#8217;exili i la fugida de milers de persones del nazisme. Prendre consci\u00e8ncia que els fets del passat poden ser fets actuals, reflexionar-hi i extreure&#8217;n conclusions.<\/p>\n<p><strong>Descripci\u00f3: <\/strong>Itinerari per creuar &#8220;la ratlla&#8221; a peu com feren els exiliats republicans de 1939. L&#8217;itinerari surt del restaurant la Manrella, enfila cap al Coll de Lli, baixa fins a les Illes i es torna pel Coll de Manrella, sumant un total de 5 quil\u00f2metres aproximadament. <strong><br \/>\n<\/strong><\/p>\n<p><a href=\"https:\/\/ca.wikiloc.com\/rutes-senderisme\/itinerari-de-lexili-160263096\" target=\"_blank\" rel=\"noopener noreferrer\">Itinerari Exili wikiloc<\/a> (enlla\u00e7 amb el recorregut de l&#8217;itinerari)<\/p>\n<p><strong>Compet\u00e8ncies:\u00a0<\/strong><\/p>\n<table id=\"report_R31046229246265901\" border=\"0\" width=\"100%\" cellspacing=\"0\" cellpadding=\"3\">\n<tbody>\n<tr class=\"highlight-row\">\n<td class=\"text\" bgcolor=\"#e9e9e9\">AMBS-SOC<\/td>\n<td class=\"text\" bgcolor=\"#e9e9e9\">DIM19S-SOC<\/td>\n<td class=\"text\" bgcolor=\"#e9e9e9\">CO3S-SOC<\/td>\n<td class=\"text\" bgcolor=\"#e9e9e9\">Interpretar que el present \u00e9s producte del passat, per comprendre que el futur \u00e9s fruit de les decisions i accions actuals<\/td>\n<\/tr>\n<tr class=\"highlight-row\">\n<td class=\"text\" bgcolor=\"#F3F3F3\">AMBS-SOC<\/td>\n<td class=\"text\" bgcolor=\"#F3F3F3\">DIM19S-SOC<\/td>\n<td class=\"text\" bgcolor=\"#F3F3F3\">CO4S-SOC<\/td>\n<td class=\"text\" bgcolor=\"#F3F3F3\">Identificar i valorar la identitat individual i col\u00b7lectiva per comprendre la seva intervenci\u00f3 en la construcci\u00f3 de subjectes hist\u00f2rics<\/td>\n<\/tr>\n<tr class=\"highlight-row\">\n<td class=\"text\" bgcolor=\"#e9e9e9\">AMBS-SOC<\/td>\n<td class=\"text\" bgcolor=\"#e9e9e9\">DIM19S-SOC<\/td>\n<td class=\"text\" bgcolor=\"#e9e9e9\">CO1S-SOC<\/td>\n<td class=\"text\" bgcolor=\"#e9e9e9\">Analitzar els canvis i les continu\u00eftats dels fets o fen\u00f2mens hist\u00f2rics per comprendre&#8217;n la causalitat hist\u00f2rica<\/td>\n<\/tr>\n<tr class=\"highlight-row\">\n<td class=\"text\" bgcolor=\"#F3F3F3\">AMBS-SOC<\/td>\n<td class=\"text\" bgcolor=\"#F3F3F3\">DIM22S-SOC<\/td>\n<td class=\"text\" bgcolor=\"#F3F3F3\">CO11S-SOC<\/td>\n<td class=\"text\" bgcolor=\"#F3F3F3\">Formar-se un criteri propi sobre problemes socials rellevants per desenvolupar un pensament cr\u00edtic<\/td>\n<\/tr>\n<\/tbody>\n<\/table>\n<p>&nbsp;<\/p>\n<p><a href=\"http:\/\/serveiseducatius.xtec.cat\/edadelcanigo\/wp-content\/uploads\/usu1374\/2015\/08\/image6.redimensionada.jpeg\"><img loading=\"lazy\" decoding=\"async\" class=\"aligncenter wp-image-8978\" src=\"http:\/\/serveiseducatius.xtec.cat\/edadelcanigo\/wp-content\/uploads\/usu1374\/2015\/08\/image6.redimensionada-300x165.jpeg\" alt=\"\" width=\"720\" height=\"395\" srcset=\"https:\/\/serveiseducatius.xtec.cat\/edadelcanigo\/wp-content\/uploads\/usu1374\/2015\/08\/image6.redimensionada-300x165.jpeg 300w, https:\/\/serveiseducatius.xtec.cat\/edadelcanigo\/wp-content\/uploads\/usu1374\/2015\/08\/image6.redimensionada-768x422.jpeg 768w, https:\/\/serveiseducatius.xtec.cat\/edadelcanigo\/wp-content\/uploads\/usu1374\/2015\/08\/image6.redimensionada.jpeg 1024w\" sizes=\"auto, (max-width: 720px) 100vw, 720px\" \/><\/a><\/p>\n","protected":false},"excerpt":{"rendered":"<p><a href=\"http:\/\/serveiseducatius.xtec.cat\/edadelcanigo\/wp-content\/uploads\/usu1374\/2015\/08\/DSC07394.redimensionada.jpg\"><\/a>Nom activitat:\u00a0 Itinerari de l&#8217;exili<br \/>\n\u00c0mbit Curricular: Ci\u00e8ncies Socials, Hist\u00f2ria, Llengua i literatura catalana i castellana<br \/>\nNivell: Cicle Superior de prim\u00e0ria, ESO, Batxillerat\u00a0\u00a0\u00a0\u00a0\u00a0\u00a0\u00a0\u00a0\u00a0\u00a0 Durada: mat\u00ed \/ tarda<br \/>\nEstacionalitat: Tot l\u2019any<br \/>\nObjectius:\u00a0Empatitzar amb els fets hist\u00f2rics de l&#8217;\u00e8xode republic\u00e0 de 1939 cap a l&#8217;exili i la fugida de milers&hellip;  <a href=\"https:\/\/serveiseducatius.xtec.cat\/edadelcanigo\/el-camp\/ambits\/exili\/itinerari-de-lexili\/\" title=\"Read Itinerari de l&#8217;Exili\">Llegeix m\u00e9s\u00bb<\/a><\/p>\n","protected":false},"author":4,"featured_media":0,"parent":8680,"menu_order":0,"comment_status":"closed","ping_status":"closed","template":"page-templates\/side-menu.php","meta":{"_bbp_topic_count":0,"_bbp_reply_count":0,"_bbp_total_topic_count":0,"_bbp_total_reply_count":0,"_bbp_voice_count":0,"_bbp_anonymous_reply_count":0,"_bbp_topic_count_hidden":0,"_bbp_reply_count_hidden":0,"_bbp_forum_subforum_count":0,"footnotes":""},"class_list":["post-1241","page","type-page","status-publish","hentry"],"post_mailing_queue_ids":[],"_links":{"self":[{"href":"https:\/\/serveiseducatius.xtec.cat\/edadelcanigo\/wp-json\/wp\/v2\/pages\/1241","targetHints":{"allow":["GET"]}}],"collection":[{"href":"https:\/\/serveiseducatius.xtec.cat\/edadelcanigo\/wp-json\/wp\/v2\/pages"}],"about":[{"href":"https:\/\/serveiseducatius.xtec.cat\/edadelcanigo\/wp-json\/wp\/v2\/types\/page"}],"author":[{"embeddable":true,"href":"https:\/\/serveiseducatius.xtec.cat\/edadelcanigo\/wp-json\/wp\/v2\/users\/4"}],"replies":[{"embeddable":true,"href":"https:\/\/serveiseducatius.xtec.cat\/edadelcanigo\/wp-json\/wp\/v2\/comments?post=1241"}],"version-history":[{"count":5,"href":"https:\/\/serveiseducatius.xtec.cat\/edadelcanigo\/wp-json\/wp\/v2\/pages\/1241\/revisions"}],"predecessor-version":[{"id":9571,"href":"https:\/\/serveiseducatius.xtec.cat\/edadelcanigo\/wp-json\/wp\/v2\/pages\/1241\/revisions\/9571"}],"up":[{"embeddable":true,"href":"https:\/\/serveiseducatius.xtec.cat\/edadelcanigo\/wp-json\/wp\/v2\/pages\/8680"}],"wp:attachment":[{"href":"https:\/\/serveiseducatius.xtec.cat\/edadelcanigo\/wp-json\/wp\/v2\/media?parent=1241"}],"curies":[{"name":"wp","href":"https:\/\/api.w.org\/{rel}","templated":true}]}}