{"id":1056,"date":"2015-05-11T12:29:37","date_gmt":"2015-05-11T10:29:37","guid":{"rendered":"http:\/\/blocs.xtec.cat\/edacanigo\/?page_id=1056"},"modified":"2018-07-18T12:38:34","modified_gmt":"2018-07-18T10:38:34","slug":"camps-de-refugiats-platja-dargelers","status":"publish","type":"page","link":"https:\/\/serveiseducatius.xtec.cat\/edadelcanigo\/el-camp\/ambits\/exili\/camps-de-refugiats-platja-dargelers\/","title":{"rendered":"Platja d&#8217;Argelers"},"content":{"rendered":"<p style=\"text-align: justify;\"><strong><a href=\"http:\/\/serveiseducatius.xtec.cat\/edadelcanigo\/wp-content\/uploads\/usu1374\/2015\/05\/image15.jpeg\"><img loading=\"lazy\" decoding=\"async\" class=\" wp-image-8983 alignleft\" src=\"http:\/\/serveiseducatius.xtec.cat\/edadelcanigo\/wp-content\/uploads\/usu1374\/2015\/05\/image15.jpeg\" alt=\"\" width=\"292\" height=\"219\" srcset=\"https:\/\/serveiseducatius.xtec.cat\/edadelcanigo\/wp-content\/uploads\/usu1374\/2015\/05\/image15.jpeg 516w, https:\/\/serveiseducatius.xtec.cat\/edadelcanigo\/wp-content\/uploads\/usu1374\/2015\/05\/image15-300x225.jpeg 300w, https:\/\/serveiseducatius.xtec.cat\/edadelcanigo\/wp-content\/uploads\/usu1374\/2015\/05\/image15-200x150.jpeg 200w\" sizes=\"auto, (max-width: 292px) 100vw, 292px\" \/><\/a>Nom activitat:<\/strong> Platja d\u2019Argelers<\/p>\n<p style=\"text-align: justify;\"><strong>\u00c0mbit Curricular: <\/strong>Ci\u00e8ncies Socials, Hist\u00f2ria del m\u00f3n contemporani.<\/p>\n<p style=\"text-align: justify;\"><strong>Nivell:<\/strong>\u00a0<b>\u00a0\u00a0 <\/b> ESO, Batxillerat \u00a0\u00a0\u00a0\u00a0 <strong>Durada:<\/strong> mat\u00ed \/ tarda<\/p>\n<p style=\"text-align: justify;\"><strong>Estacionalitat:<\/strong> \u00a0Tot l\u2019any<\/p>\n<p style=\"text-align: justify;\"><strong>Objectius:<\/strong>\u00a0 Donar l\u2019oportunitat de con\u00e8ixer espais de mem\u00f2ria hist\u00f2rica oferint la possibilitat d\u2019empatitzar amb les experi\u00e8ncies viscudes pels exiliats. Con\u00e8ixer els camins de l\u2019exili seguits pels catalans com a conseq\u00fc\u00e8ncia de la guerra civil espanyola, aix\u00ed com les diferents estrat\u00e8gies de superviv\u00e8ncia que varen seguir una vegada passats els Pirineus. Con\u00e8ixer l\u2019experi\u00e8ncia hist\u00f2rica d\u2019altres exiliats i analitzar els casos del m\u00f3n contemporani. Reflexionar sobre el fet fronterer al llarg de la hist\u00f2ria i els seus avantatges i inconvenients.<\/p>\n<p style=\"text-align: justify;\"><strong>Descripci\u00f3:<\/strong> A trav\u00e9s de documents hist\u00f2rics reviurem l\u2019experi\u00e8ncia dram\u00e0tica viscuda pels exiliats republicans. Analitzarem com era el dia a dia dels refugiats, les adversitats que van haver de fer front i les esperances que albiraven. Intentarem empatitzar amb les dif\u00edcils condicions que varen patir els milers de refugiats i proposarem activitats que ens ajudin a preservar la mem\u00f2ria hist\u00f2rica.<\/p>\n<p style=\"text-align: justify;\"><strong>Compet\u00e8ncies:<\/strong><\/p>\n<table id=\"report_R31046229246265901\" border=\"0\" width=\"100%\" cellspacing=\"0\" cellpadding=\"3\">\n<tbody>\n<tr class=\"highlight-row\">\n<td class=\"text\" bgcolor=\"#e9e9e9\">AMBS-SOC<\/td>\n<td class=\"text\" bgcolor=\"#e9e9e9\">DIM19S-SOC<\/td>\n<td class=\"text\" bgcolor=\"#e9e9e9\">CO3S-SOC<\/td>\n<td class=\"text\" bgcolor=\"#e9e9e9\">Interpretar que el present \u00e9s producte del passat, per comprendre que el futur \u00e9s fruit de les decisions i accions actuals<\/td>\n<\/tr>\n<tr class=\"highlight-row\">\n<td class=\"text\" bgcolor=\"#F3F3F3\">AMBS-SOC<\/td>\n<td class=\"text\" bgcolor=\"#F3F3F3\">DIM19S-SOC<\/td>\n<td class=\"text\" bgcolor=\"#F3F3F3\">CO4S-SOC<\/td>\n<td class=\"text\" bgcolor=\"#F3F3F3\">Identificar i valorar la identitat individual i col\u00b7lectiva per comprendre la seva intervenci\u00f3 en la construcci\u00f3 de subjectes hist\u00f2rics<\/td>\n<\/tr>\n<tr class=\"highlight-row\">\n<td class=\"text\" bgcolor=\"#e9e9e9\">AMBS-SOC<\/td>\n<td class=\"text\" bgcolor=\"#e9e9e9\">DIM19S-SOC<\/td>\n<td class=\"text\" bgcolor=\"#e9e9e9\">CO1S-SOC<\/td>\n<td class=\"text\" bgcolor=\"#e9e9e9\">Analitzar els canvis i les continu\u00eftats dels fets o fen\u00f2mens hist\u00f2rics per comprendre&#8217;n la causalitat hist\u00f2rica<\/td>\n<\/tr>\n<tr class=\"highlight-row\">\n<td class=\"text\" bgcolor=\"#F3F3F3\">AMBS-SOC<\/td>\n<td class=\"text\" bgcolor=\"#F3F3F3\">DIM22S-SOC<\/td>\n<td class=\"text\" bgcolor=\"#F3F3F3\">CO11S-SOC<\/td>\n<td class=\"text\" bgcolor=\"#F3F3F3\">Formar-se un criteri propi sobre problemes socials rellevants per desenvolupar un pensament cr\u00edtic<\/td>\n<\/tr>\n<\/tbody>\n<\/table>\n<p style=\"text-align: justify;\"><a href=\"http:\/\/serveiseducatius.xtec.cat\/edadelcanigo\/wp-content\/uploads\/usu1374\/2015\/05\/argelers-1939.jpg\"><img loading=\"lazy\" decoding=\"async\" class=\"wp-image-1057 size-medium alignleft\" src=\"http:\/\/serveiseducatius.xtec.cat\/edadelcanigo\/wp-content\/uploads\/usu1374\/2015\/05\/argelers-1939-300x207.jpg\" alt=\"argelers-1939\" width=\"300\" height=\"207\" srcset=\"https:\/\/serveiseducatius.xtec.cat\/edadelcanigo\/wp-content\/uploads\/usu1374\/2015\/05\/argelers-1939-300x207.jpg 300w, https:\/\/serveiseducatius.xtec.cat\/edadelcanigo\/wp-content\/uploads\/usu1374\/2015\/05\/argelers-1939-768x530.jpg 768w, https:\/\/serveiseducatius.xtec.cat\/edadelcanigo\/wp-content\/uploads\/usu1374\/2015\/05\/argelers-1939-1024x707.jpg 1024w, https:\/\/serveiseducatius.xtec.cat\/edadelcanigo\/wp-content\/uploads\/usu1374\/2015\/05\/argelers-1939.jpg 1371w\" sizes=\"auto, (max-width: 300px) 100vw, 300px\" \/><\/a><\/p>\n<p>Platja d&#8217;Argelers, 1939<\/p>\n<p>&nbsp;<\/p>\n<p>&nbsp;<\/p>\n<p style=\"text-align: justify;\">\n","protected":false},"excerpt":{"rendered":"<p><a href=\"http:\/\/serveiseducatius.xtec.cat\/edadelcanigo\/wp-content\/uploads\/usu1374\/2015\/05\/image15.jpeg\"><\/a>Nom activitat: Platja d\u2019Argelers<br \/>\n\u00c0mbit Curricular: Ci\u00e8ncies Socials, Hist\u00f2ria del m\u00f3n contemporani.<br \/>\nNivell:\u00a0\u00a0\u00a0  ESO, Batxillerat \u00a0\u00a0\u00a0\u00a0 Durada: mat\u00ed \/ tarda<br \/>\nEstacionalitat: \u00a0Tot l\u2019any<br \/>\nObjectius:\u00a0 Donar l\u2019oportunitat de con\u00e8ixer espais de mem\u00f2ria hist\u00f2rica oferint la possibilitat d\u2019empatitzar amb les experi\u00e8ncies viscudes pels exiliats. Con\u00e8ixer els camins de l\u2019exili&hellip;  <a href=\"https:\/\/serveiseducatius.xtec.cat\/edadelcanigo\/el-camp\/ambits\/exili\/camps-de-refugiats-platja-dargelers\/\" title=\"Read Platja d&#8217;Argelers\">Llegeix m\u00e9s\u00bb<\/a><\/p>\n","protected":false},"author":4,"featured_media":0,"parent":8680,"menu_order":0,"comment_status":"closed","ping_status":"closed","template":"page-templates\/side-menu.php","meta":{"_bbp_topic_count":0,"_bbp_reply_count":0,"_bbp_total_topic_count":0,"_bbp_total_reply_count":0,"_bbp_voice_count":0,"_bbp_anonymous_reply_count":0,"_bbp_topic_count_hidden":0,"_bbp_reply_count_hidden":0,"_bbp_forum_subforum_count":0,"footnotes":""},"class_list":["post-1056","page","type-page","status-publish","hentry"],"post_mailing_queue_ids":[],"_links":{"self":[{"href":"https:\/\/serveiseducatius.xtec.cat\/edadelcanigo\/wp-json\/wp\/v2\/pages\/1056","targetHints":{"allow":["GET"]}}],"collection":[{"href":"https:\/\/serveiseducatius.xtec.cat\/edadelcanigo\/wp-json\/wp\/v2\/pages"}],"about":[{"href":"https:\/\/serveiseducatius.xtec.cat\/edadelcanigo\/wp-json\/wp\/v2\/types\/page"}],"author":[{"embeddable":true,"href":"https:\/\/serveiseducatius.xtec.cat\/edadelcanigo\/wp-json\/wp\/v2\/users\/4"}],"replies":[{"embeddable":true,"href":"https:\/\/serveiseducatius.xtec.cat\/edadelcanigo\/wp-json\/wp\/v2\/comments?post=1056"}],"version-history":[{"count":3,"href":"https:\/\/serveiseducatius.xtec.cat\/edadelcanigo\/wp-json\/wp\/v2\/pages\/1056\/revisions"}],"predecessor-version":[{"id":8985,"href":"https:\/\/serveiseducatius.xtec.cat\/edadelcanigo\/wp-json\/wp\/v2\/pages\/1056\/revisions\/8985"}],"up":[{"embeddable":true,"href":"https:\/\/serveiseducatius.xtec.cat\/edadelcanigo\/wp-json\/wp\/v2\/pages\/8680"}],"wp:attachment":[{"href":"https:\/\/serveiseducatius.xtec.cat\/edadelcanigo\/wp-json\/wp\/v2\/media?parent=1056"}],"curies":[{"name":"wp","href":"https:\/\/api.w.org\/{rel}","templated":true}]}}