{"id":83,"date":"2013-11-14T21:16:00","date_gmt":"2013-11-14T20:16:00","guid":{"rendered":"http:\/\/blocs.xtec.cat\/plantillacda\/?page_id=83"},"modified":"2024-04-23T12:42:20","modified_gmt":"2024-04-23T10:42:20","slug":"allotjament","status":"publish","type":"page","link":"https:\/\/serveiseducatius.xtec.cat\/eda-pujalt\/el-camp\/allotjament\/","title":{"rendered":"Allotjament"},"content":{"rendered":"<p>Els vostres alumnes s&#8217;allotjaran al <b>Casal La Salle<\/b>, a 9 km de <strong>l&#8217;Observatori de Pujalt<\/strong>.<\/p>\n<p><a href=\"https:\/\/serveiseducatius.xtec.cat\/eda-pujalt\/wp-content\/uploads\/usu1372\/2021\/01\/unnamed.jpg\"><img loading=\"lazy\" decoding=\"async\" class=\"aligncenter wp-image-8439 size-full\" src=\"https:\/\/serveiseducatius.xtec.cat\/eda-pujalt\/wp-content\/uploads\/usu1372\/2021\/01\/unnamed.jpg\" alt=\"\" width=\"360\" height=\"270\" srcset=\"https:\/\/serveiseducatius.xtec.cat\/eda-pujalt\/wp-content\/uploads\/usu1372\/2021\/01\/unnamed.jpg 360w, https:\/\/serveiseducatius.xtec.cat\/eda-pujalt\/wp-content\/uploads\/usu1372\/2021\/01\/unnamed-300x225.jpg 300w, https:\/\/serveiseducatius.xtec.cat\/eda-pujalt\/wp-content\/uploads\/usu1372\/2021\/01\/unnamed-200x150.jpg 200w\" sizes=\"auto, (max-width: 360px) 100vw, 360px\" \/><\/a><\/p>\n<p>Al Casal La Salle consta de:<\/p>\n<ul class=\"lletra\">\n<li>34 Habitacions dobles i 8 individuals, amb bany complet<\/li>\n<li>2 Habitacions adaptades per a persones amb limitaci\u00f3 de mobilitat<\/li>\n<li>Dormitori com\u00fa amb 24 places<\/li>\n<li>Ascensor<\/li>\n<li>Calefacci\u00f3<\/li>\n<li>Menjador per a gran grup o grups redu\u00efts<\/li>\n<li>Cuina pr\u00f2pia<\/li>\n<li>Sales de reunions adaptades per a projeccions<\/li>\n<li>Capelles<\/li>\n<li>Sala de TV<\/li>\n<li>Sala d&#8217;ordinadors amb connexi\u00f3 a internet<\/li>\n<li>Connexi\u00f3 d&#8217;Internet a les habitacions<\/li>\n<li>Espais exteriors i zona de bosc<\/li>\n<li>Camp d&#8217;esports<\/li>\n<\/ul>\n<h4>Com arribar-hi<\/h4>\n<p>Per anar <strong>al Casal La Salle<\/strong>, on fareu l&#8217;estada. S&#8217;ha d&#8217;anar amb autocar durant 9km (uns 15 minuts).<\/p>\n<p><iframe loading=\"lazy\" src=\"https:\/\/www.google.com\/maps\/embed?pb=!1m28!1m12!1m3!1d47667.270998708314!2d1.4199083049795522!3d41.694522175686764!2m3!1f0!2f0!3f0!3m2!1i1024!2i768!4f13.1!4m13!3e0!4m5!1s0x12a43a49ffcf6b67%3A0x93d9e84361492e59!2sObservatori%20de%20Pujalt!3m2!1d41.717133!2d1.4240918!4m5!1s0x12a438fabaaaaaab%3A0x41aac9169ae21bab!2sCASAL%20LA%20SALLE%2C%20Carretera%20BV-1001%2C%20K.m%205.9%2C%2008289%20Veciana%2C%20Barcelona!3m2!1d41.6867765!2d1.4863354!5e0!3m2!1ses!2ses!4v1610445715230!5m2!1ses!2ses\" width=\"600\" height=\"450\" frameborder=\"0\" aria-hidden=\"false\"><\/iframe><\/p>\n","protected":false},"excerpt":{"rendered":"<p>Els vostres alumnes s&#8217;allotjaran al Casal La Salle, a 9 km de l&#8217;Observatori de Pujalt. Al Casal La Salle consta de: 34 Habitacions dobles i 8 individuals, amb bany complet 2 Habitacions adaptades per a persones amb limitaci\u00f3 de mobilitat Dormitori com\u00fa amb 24 places Ascensor Calefacci\u00f3 Menjador per a gran grup o grups redu\u00efts [&hellip;]<\/p>\n","protected":false},"author":1,"featured_media":0,"parent":8225,"menu_order":20,"comment_status":"open","ping_status":"open","template":"page-templates\/side-menu.php","meta":{"_bbp_topic_count":0,"_bbp_reply_count":0,"_bbp_total_topic_count":0,"_bbp_total_reply_count":0,"_bbp_voice_count":0,"_bbp_anonymous_reply_count":0,"_bbp_topic_count_hidden":0,"_bbp_reply_count_hidden":0,"_bbp_forum_subforum_count":0,"site-sidebar-layout":"default","site-content-layout":"","ast-site-content-layout":"","site-content-style":"default","site-sidebar-style":"default","ast-global-header-display":"","ast-banner-title-visibility":"","ast-main-header-display":"","ast-hfb-above-header-display":"","ast-hfb-below-header-display":"","ast-hfb-mobile-header-display":"","site-post-title":"","ast-breadcrumbs-content":"","ast-featured-img":"","footer-sml-layout":"","theme-transparent-header-meta":"","adv-header-id-meta":"","stick-header-meta":"","header-above-stick-meta":"","header-main-stick-meta":"","header-below-stick-meta":"","astra-migrate-meta-layouts":"default","ast-page-background-enabled":"default","ast-page-background-meta":{"desktop":{"background-color":"var(--ast-global-color-4)","background-image":"","background-repeat":"repeat","background-position":"center center","background-size":"auto","background-attachment":"scroll","background-type":"","background-media":"","overlay-type":"","overlay-color":"","overlay-opacity":"","overlay-gradient":""},"tablet":{"background-color":"","background-image":"","background-repeat":"repeat","background-position":"center center","background-size":"auto","background-attachment":"scroll","background-type":"","background-media":"","overlay-type":"","overlay-color":"","overlay-opacity":"","overlay-gradient":""},"mobile":{"background-color":"","background-image":"","background-repeat":"repeat","background-position":"center center","background-size":"auto","background-attachment":"scroll","background-type":"","background-media":"","overlay-type":"","overlay-color":"","overlay-opacity":"","overlay-gradient":""}},"ast-content-background-meta":{"desktop":{"background-color":"var(--ast-global-color-5)","background-image":"","background-repeat":"repeat","background-position":"center center","background-size":"auto","background-attachment":"scroll","background-type":"","background-media":"","overlay-type":"","overlay-color":"","overlay-opacity":"","overlay-gradient":""},"tablet":{"background-color":"var(--ast-global-color-5)","background-image":"","background-repeat":"repeat","background-position":"center center","background-size":"auto","background-attachment":"scroll","background-type":"","background-media":"","overlay-type":"","overlay-color":"","overlay-opacity":"","overlay-gradient":""},"mobile":{"background-color":"var(--ast-global-color-5)","background-image":"","background-repeat":"repeat","background-position":"center center","background-size":"auto","background-attachment":"scroll","background-type":"","background-media":"","overlay-type":"","overlay-color":"","overlay-opacity":"","overlay-gradient":""}},"footnotes":""},"class_list":["post-83","page","type-page","status-publish","hentry"],"post_mailing_queue_ids":[],"_links":{"self":[{"href":"https:\/\/serveiseducatius.xtec.cat\/eda-pujalt\/wp-json\/wp\/v2\/pages\/83","targetHints":{"allow":["GET"]}}],"collection":[{"href":"https:\/\/serveiseducatius.xtec.cat\/eda-pujalt\/wp-json\/wp\/v2\/pages"}],"about":[{"href":"https:\/\/serveiseducatius.xtec.cat\/eda-pujalt\/wp-json\/wp\/v2\/types\/page"}],"author":[{"embeddable":true,"href":"https:\/\/serveiseducatius.xtec.cat\/eda-pujalt\/wp-json\/wp\/v2\/users\/1"}],"replies":[{"embeddable":true,"href":"https:\/\/serveiseducatius.xtec.cat\/eda-pujalt\/wp-json\/wp\/v2\/comments?post=83"}],"version-history":[{"count":3,"href":"https:\/\/serveiseducatius.xtec.cat\/eda-pujalt\/wp-json\/wp\/v2\/pages\/83\/revisions"}],"predecessor-version":[{"id":8566,"href":"https:\/\/serveiseducatius.xtec.cat\/eda-pujalt\/wp-json\/wp\/v2\/pages\/83\/revisions\/8566"}],"up":[{"embeddable":true,"href":"https:\/\/serveiseducatius.xtec.cat\/eda-pujalt\/wp-json\/wp\/v2\/pages\/8225"}],"wp:attachment":[{"href":"https:\/\/serveiseducatius.xtec.cat\/eda-pujalt\/wp-json\/wp\/v2\/media?parent=83"}],"curies":[{"name":"wp","href":"https:\/\/api.w.org\/{rel}","templated":true}]}}