{"id":71,"date":"2013-11-14T19:47:14","date_gmt":"2013-11-14T18:47:14","guid":{"rendered":"http:\/\/blocs.xtec.cat\/plantillacda\/?page_id=71"},"modified":"2024-04-23T13:24:48","modified_gmt":"2024-04-23T11:24:48","slug":"on-som","status":"publish","type":"page","link":"https:\/\/serveiseducatius.xtec.cat\/eda-pujalt\/el-camp\/on-som\/","title":{"rendered":"On som?"},"content":{"rendered":"<p>El CdA de <strong>Pujalt<\/strong> es troba dins del mateix nucli principal de Pujalt.<\/p>\n<p><iframe loading=\"lazy\" src=\"https:\/\/www.google.com\/maps\/embed?pb=!1m18!1m12!1m3!1d2978.156717904378!2d1.4219031148088535!3d41.71713698345198!2m3!1f0!2f0!3f0!3m2!1i1024!2i768!4f13.1!3m3!1m2!1s0x12a43a49ffcf6b67%3A0x93d9e84361492e59!2sObservatori%20de%20Pujalt!5e0!3m2!1ses!2ses!4v1610354681907!5m2!1ses!2ses\" width=\"600\" height=\"450\" frameborder=\"0\" aria-hidden=\"false\"><\/iframe><br \/>\n<small><a style=\"color: #0000ff; text-align: left;\" href=\"https:\/\/maps.google.es\/maps?f=q&amp;source=embed&amp;hl=ca&amp;geocode=&amp;q=Camp+d'Aprenentatge+Alt+bergueda&amp;aq=t&amp;sll=41.39479,2.148768&amp;sspn=0.208873,0.305901&amp;ie=UTF8&amp;hq=Camp+d'Aprenentatge+Alt+bergueda&amp;hnear=&amp;radius=15000&amp;t=m&amp;cid=6859762148946524423&amp;ll=42.350425,1.950073&amp;spn=0.487159,0.878906&amp;z=10&amp;iwloc=A\">Mostra un mapa m\u00e9s gran<\/a><\/small><\/p>\n<h4>Com arribar-hi?<\/h4>\n<p>Pots arribar al Camp d&#8217;Aprenentatge de Pujalt <strong>a trav\u00e9s de l&#8217;Eix transversal (C-25)<\/strong>, a la <strong>sortida 93 (Sant Ramon)<\/strong>. Les instal\u00b7lacions es troben just a l&#8217;entrada del poble, al costat de l&#8217;esgl\u00e9sia.<\/p>\n<h4>Instal\u00b7lacions<\/h4>\n<p>Disposem de dues zones de treball. L&#8217;observatori meteorol\u00f2gic i l&#8217;observatori astron\u00f2mic, Parc Astron\u00f2mic. Les dues amb calefacci\u00f3, lavabos i espai suficient per a grups grans.<\/p>\n<p><a href=\"http:\/\/www.xtec.cat\/cda-altbergueda\/informacio\/mapa\/planol%20arribada.gif\"> <img decoding=\"async\" src=\"http:\/\/www.xtec.cat\/cda-altbergueda\/informacio\/mapa\/planol%20arribada.gif\" alt=\"\" width=\"400px\" \/><\/a><\/p>\n","protected":false},"excerpt":{"rendered":"<p>El CdA de Pujalt es troba dins del mateix nucli principal de Pujalt. Mostra un mapa m\u00e9s gran Com arribar-hi? Pots arribar al Camp d&#8217;Aprenentatge de Pujalt a trav\u00e9s de l&#8217;Eix transversal (C-25), a la sortida 93 (Sant Ramon). Les instal\u00b7lacions es troben just a l&#8217;entrada del poble, al costat de l&#8217;esgl\u00e9sia. Instal\u00b7lacions Disposem de [&hellip;]<\/p>\n","protected":false},"author":1,"featured_media":0,"parent":8225,"menu_order":30,"comment_status":"closed","ping_status":"closed","template":"page-templates\/side-menu.php","meta":{"_bbp_topic_count":0,"_bbp_reply_count":0,"_bbp_total_topic_count":0,"_bbp_total_reply_count":0,"_bbp_voice_count":0,"_bbp_anonymous_reply_count":0,"_bbp_topic_count_hidden":0,"_bbp_reply_count_hidden":0,"_bbp_forum_subforum_count":0,"site-sidebar-layout":"default","site-content-layout":"","ast-site-content-layout":"","site-content-style":"default","site-sidebar-style":"default","ast-global-header-display":"","ast-banner-title-visibility":"","ast-main-header-display":"","ast-hfb-above-header-display":"","ast-hfb-below-header-display":"","ast-hfb-mobile-header-display":"","site-post-title":"","ast-breadcrumbs-content":"","ast-featured-img":"","footer-sml-layout":"","theme-transparent-header-meta":"","adv-header-id-meta":"","stick-header-meta":"","header-above-stick-meta":"","header-main-stick-meta":"","header-below-stick-meta":"","astra-migrate-meta-layouts":"default","ast-page-background-enabled":"default","ast-page-background-meta":{"desktop":{"background-color":"var(--ast-global-color-4)","background-image":"","background-repeat":"repeat","background-position":"center center","background-size":"auto","background-attachment":"scroll","background-type":"","background-media":"","overlay-type":"","overlay-color":"","overlay-opacity":"","overlay-gradient":""},"tablet":{"background-color":"","background-image":"","background-repeat":"repeat","background-position":"center center","background-size":"auto","background-attachment":"scroll","background-type":"","background-media":"","overlay-type":"","overlay-color":"","overlay-opacity":"","overlay-gradient":""},"mobile":{"background-color":"","background-image":"","background-repeat":"repeat","background-position":"center center","background-size":"auto","background-attachment":"scroll","background-type":"","background-media":"","overlay-type":"","overlay-color":"","overlay-opacity":"","overlay-gradient":""}},"ast-content-background-meta":{"desktop":{"background-color":"var(--ast-global-color-5)","background-image":"","background-repeat":"repeat","background-position":"center center","background-size":"auto","background-attachment":"scroll","background-type":"","background-media":"","overlay-type":"","overlay-color":"","overlay-opacity":"","overlay-gradient":""},"tablet":{"background-color":"var(--ast-global-color-5)","background-image":"","background-repeat":"repeat","background-position":"center center","background-size":"auto","background-attachment":"scroll","background-type":"","background-media":"","overlay-type":"","overlay-color":"","overlay-opacity":"","overlay-gradient":""},"mobile":{"background-color":"var(--ast-global-color-5)","background-image":"","background-repeat":"repeat","background-position":"center center","background-size":"auto","background-attachment":"scroll","background-type":"","background-media":"","overlay-type":"","overlay-color":"","overlay-opacity":"","overlay-gradient":""}},"footnotes":""},"class_list":["post-71","page","type-page","status-publish","hentry"],"post_mailing_queue_ids":[],"_links":{"self":[{"href":"https:\/\/serveiseducatius.xtec.cat\/eda-pujalt\/wp-json\/wp\/v2\/pages\/71","targetHints":{"allow":["GET"]}}],"collection":[{"href":"https:\/\/serveiseducatius.xtec.cat\/eda-pujalt\/wp-json\/wp\/v2\/pages"}],"about":[{"href":"https:\/\/serveiseducatius.xtec.cat\/eda-pujalt\/wp-json\/wp\/v2\/types\/page"}],"author":[{"embeddable":true,"href":"https:\/\/serveiseducatius.xtec.cat\/eda-pujalt\/wp-json\/wp\/v2\/users\/1"}],"replies":[{"embeddable":true,"href":"https:\/\/serveiseducatius.xtec.cat\/eda-pujalt\/wp-json\/wp\/v2\/comments?post=71"}],"version-history":[{"count":4,"href":"https:\/\/serveiseducatius.xtec.cat\/eda-pujalt\/wp-json\/wp\/v2\/pages\/71\/revisions"}],"predecessor-version":[{"id":8574,"href":"https:\/\/serveiseducatius.xtec.cat\/eda-pujalt\/wp-json\/wp\/v2\/pages\/71\/revisions\/8574"}],"up":[{"embeddable":true,"href":"https:\/\/serveiseducatius.xtec.cat\/eda-pujalt\/wp-json\/wp\/v2\/pages\/8225"}],"wp:attachment":[{"href":"https:\/\/serveiseducatius.xtec.cat\/eda-pujalt\/wp-json\/wp\/v2\/media?parent=71"}],"curies":[{"name":"wp","href":"https:\/\/api.w.org\/{rel}","templated":true}]}}