{"id":8917,"date":"2025-11-24T09:18:51","date_gmt":"2025-11-24T08:18:51","guid":{"rendered":"https:\/\/serveiseducatius.xtec.cat\/eda-cardona\/?page_id=8917"},"modified":"2026-03-26T12:13:24","modified_gmt":"2026-03-26T11:13:24","slug":"quotes","status":"publish","type":"page","link":"https:\/\/serveiseducatius.xtec.cat\/eda-cardona\/amb-els-centres\/quotes\/","title":{"rendered":"Quotes"},"content":{"rendered":"<p><b>&#8211; Quotes EdA de Cardona:<\/b><\/p>\n<p>Quota d\u2019ensenyament \u2013 aprenentatge:\u00a0<strong>3 \u20ac<\/strong>\u00a0\/ dia \/ alumne (<a href=\"http:\/\/dogc.gencat.cat\/ca\/pdogc_canals_interns\/pdogc_resultats_fitxa\/?action=fitxa&amp;documentId=743883&amp;language=ca_ES\">ORDRE ENS\/163\/2016<\/a>).<\/p>\n<p>Al ser Entorn d\u2019aprenentatge respectem les quotes marcades pel Departament d\u2019Educaci\u00f3, per\u00f2 per ara no podem aplicar reduccions.<\/p>\n<p><b>&#8211; Quotes extres entrades per alumne (2025-2026)<\/b><\/p>\n<ul>\n<li>Visita a la muntanya de sal (mines) <strong>8,5\u20ac<\/strong> per alumne (recomanaci\u00f3 CM i CS d&#8217;educaci\u00f3 prim\u00e0ria i ESO)<\/li>\n<li>Visita a la muntanya de sal teatralitzada (mines) <strong>10\u20ac<\/strong> per alumne (recomanaci\u00f3 Educaci\u00f3 infantil i CI d&#8217;educaci\u00f3 prim\u00e0ria)<\/li>\n<li>Visita al castell<strong> 4,5<\/strong>\u20ac per alumne (recomanaci\u00f3 CM i CS d&#8217;educaci\u00f3 prim\u00e0ria i ESO)<\/li>\n<li>Visita al castell teatralitzada <strong>6\u20ac<\/strong> per alumne (recomanaci\u00f3 Educaci\u00f3 infantil i CI d&#8217;educaci\u00f3 prim\u00e0ria)<\/li>\n<li>Activitat del centre hist\u00f2ric <strong>4\u20ac<\/strong> per alumne<\/li>\n<\/ul>\n<div><\/div>\n<div><strong>&#8211; Quotes allotjament a la casa de col\u00f2nies la Carral*<\/strong><\/div>\n<div><\/div>\n<div><\/div>\n<div>\n<table style=\"height: 180px; width: 69.5043%; border-style: solid; border-color: #000000;\">\n<tbody>\n<tr style=\"height: 59px;\">\n<td style=\"width: 85.6994%; border-style: solid; border-color: #000000; height: 59px;\">Pensi\u00f3 completa (berenar, sopar, dormir, esmorzar, dinar) per a estades de 2 dies (una pernoctaci\u00f3)<\/td>\n<td style=\"width: 70.0853%; border-style: solid; border-color: #000000; height: 59px; text-align: center;\"><strong>37,14\u20ac<\/strong><\/td>\n<\/tr>\n<tr style=\"height: 53px;\">\n<td style=\"width: 85.6994%; border-style: solid; border-color: #000000; height: 53px;\">Pensi\u00f3 completa (berenar, sopar, dormir, esmorzar, dinar) per a estades de 3 dies (dues pernoctacions)<\/td>\n<td style=\"width: 56.0853%; border-style: solid; border-color: #000000; height: 53px; text-align: center;\"><strong>74,27\u20ac<\/strong><\/td>\n<\/tr>\n<tr style=\"height: 53px;\">\n<td style=\"width: 85.6994%; height: 53px; border-style: solid; border-color: #000000;\">Pensi\u00f3 completa (berenar, sopar, dormir, esmorzar, dinar) per a estades de 4 dies (tres pernoctacions)<\/td>\n<td style=\"width: 56.0853%; height: 53px; border-style: solid; border-color: #000000; text-align: center;\"><strong>111,41\u20ac<\/strong><\/td>\n<\/tr>\n<\/tbody>\n<\/table>\n<p>* Aquests preus s&#8217;actualitzen a l&#8217;agost.<\/p>\n<\/div>\n","protected":false},"excerpt":{"rendered":"<p>&#8211; Quotes EdA de Cardona: Quota d\u2019ensenyament \u2013 aprenentatge:\u00a03 \u20ac\u00a0\/ dia \/ alumne (ORDRE ENS\/163\/2016). Al ser Entorn d\u2019aprenentatge respectem les quotes marcades pel Departament d\u2019Educaci\u00f3, per\u00f2 per ara no podem aplicar reduccions. &#8211; Quotes extres entrades per alumne (2025-2026) Visita a la muntanya de sal (mines) 8,5\u20ac per alumne (recomanaci\u00f3 CM i CS d&#8217;educaci\u00f3 [&hellip;]<\/p>\n","protected":false},"author":1,"featured_media":0,"parent":8272,"menu_order":30,"comment_status":"closed","ping_status":"closed","template":"","meta":{"_bbp_topic_count":0,"_bbp_reply_count":0,"_bbp_total_topic_count":0,"_bbp_total_reply_count":0,"_bbp_voice_count":0,"_bbp_anonymous_reply_count":0,"_bbp_topic_count_hidden":0,"_bbp_reply_count_hidden":0,"_bbp_forum_subforum_count":0,"site-sidebar-layout":"default","site-content-layout":"","ast-site-content-layout":"default","site-content-style":"default","site-sidebar-style":"default","ast-global-header-display":"","ast-banner-title-visibility":"","ast-main-header-display":"","ast-hfb-above-header-display":"","ast-hfb-below-header-display":"","ast-hfb-mobile-header-display":"","site-post-title":"","ast-breadcrumbs-content":"","ast-featured-img":"","footer-sml-layout":"","theme-transparent-header-meta":"default","adv-header-id-meta":"","stick-header-meta":"","header-above-stick-meta":"","header-main-stick-meta":"","header-below-stick-meta":"","astra-migrate-meta-layouts":"set","ast-page-background-enabled":"default","ast-page-background-meta":{"desktop":{"background-color":"var(--ast-global-color-4)","background-image":"","background-repeat":"repeat","background-position":"center center","background-size":"auto","background-attachment":"scroll","background-type":"","background-media":"","overlay-type":"","overlay-color":"","overlay-opacity":"","overlay-gradient":""},"tablet":{"background-color":"","background-image":"","background-repeat":"repeat","background-position":"center center","background-size":"auto","background-attachment":"scroll","background-type":"","background-media":"","overlay-type":"","overlay-color":"","overlay-opacity":"","overlay-gradient":""},"mobile":{"background-color":"","background-image":"","background-repeat":"repeat","background-position":"center center","background-size":"auto","background-attachment":"scroll","background-type":"","background-media":"","overlay-type":"","overlay-color":"","overlay-opacity":"","overlay-gradient":""}},"ast-content-background-meta":{"desktop":{"background-color":"var(--ast-global-color-5)","background-image":"","background-repeat":"repeat","background-position":"center center","background-size":"auto","background-attachment":"scroll","background-type":"","background-media":"","overlay-type":"","overlay-color":"","overlay-opacity":"","overlay-gradient":""},"tablet":{"background-color":"var(--ast-global-color-5)","background-image":"","background-repeat":"repeat","background-position":"center center","background-size":"auto","background-attachment":"scroll","background-type":"","background-media":"","overlay-type":"","overlay-color":"","overlay-opacity":"","overlay-gradient":""},"mobile":{"background-color":"var(--ast-global-color-5)","background-image":"","background-repeat":"repeat","background-position":"center center","background-size":"auto","background-attachment":"scroll","background-type":"","background-media":"","overlay-type":"","overlay-color":"","overlay-opacity":"","overlay-gradient":""}},"footnotes":""},"class_list":["post-8917","page","type-page","status-publish","hentry"],"post_mailing_queue_ids":[],"_links":{"self":[{"href":"https:\/\/serveiseducatius.xtec.cat\/eda-cardona\/wp-json\/wp\/v2\/pages\/8917","targetHints":{"allow":["GET"]}}],"collection":[{"href":"https:\/\/serveiseducatius.xtec.cat\/eda-cardona\/wp-json\/wp\/v2\/pages"}],"about":[{"href":"https:\/\/serveiseducatius.xtec.cat\/eda-cardona\/wp-json\/wp\/v2\/types\/page"}],"author":[{"embeddable":true,"href":"https:\/\/serveiseducatius.xtec.cat\/eda-cardona\/wp-json\/wp\/v2\/users\/1"}],"replies":[{"embeddable":true,"href":"https:\/\/serveiseducatius.xtec.cat\/eda-cardona\/wp-json\/wp\/v2\/comments?post=8917"}],"version-history":[{"count":6,"href":"https:\/\/serveiseducatius.xtec.cat\/eda-cardona\/wp-json\/wp\/v2\/pages\/8917\/revisions"}],"predecessor-version":[{"id":9021,"href":"https:\/\/serveiseducatius.xtec.cat\/eda-cardona\/wp-json\/wp\/v2\/pages\/8917\/revisions\/9021"}],"up":[{"embeddable":true,"href":"https:\/\/serveiseducatius.xtec.cat\/eda-cardona\/wp-json\/wp\/v2\/pages\/8272"}],"wp:attachment":[{"href":"https:\/\/serveiseducatius.xtec.cat\/eda-cardona\/wp-json\/wp\/v2\/media?parent=8917"}],"curies":[{"name":"wp","href":"https:\/\/api.w.org\/{rel}","templated":true}]}}