{"id":8497,"date":"2018-04-13T10:59:05","date_gmt":"2018-04-13T08:59:05","guid":{"rendered":"http:\/\/serveiseducatius.xtec.cat\/eda-cardona\/?page_id=8497"},"modified":"2025-10-02T20:25:44","modified_gmt":"2025-10-02T18:25:44","slug":"cdas-i-edas-qui-som","status":"publish","type":"page","link":"https:\/\/serveiseducatius.xtec.cat\/eda-cardona\/el-camp\/cdas-i-edas-qui-som\/","title":{"rendered":"CdAs i EdAs: Qui som?"},"content":{"rendered":"<p style=\"text-align: justify;\">Els\u00a0<a href=\"https:\/\/projectes.xtec.cat\/camps\/\"><strong>Camps i Entorns d\u2019Aprenentatge (CdA\/EdA)<\/strong><\/a>\u00a0s\u00f3n serveis educatius que treballen conjuntament amb els centres educatius per promoure l\u2019aprenentatge de l\u2019alumnat a trav\u00e9s de l\u2019oferta d\u2019activitats did\u00e0ctiques innovadores realitzades en un medi natural o cultural singular de Catalunya i que contribueixen a l\u2019aprofundiment de la\u00a0<strong>formaci\u00f3 competencial de l\u2019alumne<\/strong>.<\/p>\n<p style=\"text-align: justify;\">Els Camps i Entorns d\u2019Aprenentatge, com a serveis educatius del Departament d\u2019Ensenyament, estan regulats pel\u00a0<a href=\"http:\/\/educacio.gencat.net\/extranet\/dogc\/decret_155_1994.html\">Decret 155\/1994<\/a>.<\/p>\n<p style=\"text-align: justify;\">Actualment hi ha\u00a0<strong>19 camps d\u2019aprenentatge<\/strong>: Alt Bergued\u00e0 (Bergued\u00e0), Bages (Bages), Barcelona (Barcelon\u00e8s), Can Santoi (Baix Llobregat), Ciutat de Tarragona (Tarragon\u00e8s), <span style=\"font-family: inherit; font-size: 1em;\">Delta de l\u2019Ebre (Montsi\u00e0), Emp\u00faries (Alt Empord\u00e0), Garrotxa (Garrotxa), Granja escola de Juneda (Garrigues), Monestirs del Cister (Conca de Barber\u00e0), Noguera (Noguera), Pau Casals (Baix Pened\u00e8s), Pujalt (Anoia), <\/span><span style=\"font-family: inherit; font-size: 1em;\">Ripoll\u00e8s (Ripoll\u00e8s), <\/span>Sebes i Meandre de Flix (Ribera d\u2019Ebre)<span style=\"font-family: inherit; font-size: 1em;\">, <\/span>Tremp (Pallars Juss\u00e0), Tuixent (Alt Urgell),<span style=\"font-family: inherit; font-size: 1em;\">\u00a0Vall de Bo\u00ed (Alta Ribagor\u00e7a) i Valls d\u2019\u00c0neu (Pallars Sobir\u00e0)<\/span><strong style=\"font-family: inherit; font-size: 1em;\"> i 2 entorns d\u2019aprenentatge<\/strong><span style=\"font-family: inherit; font-size: 1em;\">: Canig\u00f3 (Prada del Conflent) i Cardona (Bages).<\/span><\/p>\n<p style=\"text-align: justify;\">Els camps i els entorns d\u2019aprenentatge ofereixen\u00a0<strong>activitats did\u00e0ctiques innovadores<\/strong>\u00a0que poden ser de m\u00e9s d\u2019un dia o d\u2019un dia. Les activitats de m\u00e9s d\u2019un dia promouen la consolidaci\u00f3 dels aprenentatges dels alumnes. Per tal d\u2019assolir els objectius d\u2019aprenentatge es recomana aquesta tipologia d\u2019estada.<\/p>\n<p style=\"text-align: justify;\">Les activitats d\u2019un dia s\u2019adrecen principalment als centres educatius propers als CdA\/EdA.<\/p>\n<p style=\"text-align: justify;\">Els CdA\/EdA s\u2019adrecen principalment a alumnes d\u2019educaci\u00f3 prim\u00e0ria, d\u2019educaci\u00f3 secund\u00e0ria, de cicles formatius i de batxillerat dels centres educatius de Catalunya. En cas excepcional, condicionat per les activitats col\u2022laboratives concretes i a la disponibilitat del CdA\/ l\u2019EdA, es podran atendre centres educatius p\u00fablics de fora de Catalunya.<\/p>\n<p style=\"text-align: justify;\">Per ampliar informaci\u00f3\u00a0podeu consultar el\u00a0<a href=\"https:\/\/xtec.gencat.cat\/ca\/serveis\/sesc\/cda\/\">web del Departament d\u2019Ensenyament<\/a>.<\/p>\n<p style=\"text-align: justify;\"><strong>La participaci\u00f3 dels centres educatius a les activitats promogudes pels CdAs i EdAs requereix de tres moments:<\/strong><\/p>\n<ul>\n<li style=\"text-align: justify;\">Moment 1: Comunicaci\u00f3 amb els centres.<\/li>\n<li style=\"text-align: justify;\">Moment 2: Implementaci\u00f3 de l\u2019estada al CdA o EdA.<\/li>\n<li style=\"text-align: justify;\">Moment 3: Avaluaci\u00f3 de l\u2019impacte i propostes de millora.<\/li>\n<\/ul>\n<p>&nbsp;<\/p>\n","protected":false},"excerpt":{"rendered":"<p>Els\u00a0Camps i Entorns d\u2019Aprenentatge (CdA\/EdA)\u00a0s\u00f3n serveis educatius que treballen conjuntament amb els centres educatius per promoure l\u2019aprenentatge de l\u2019alumnat a trav\u00e9s de l\u2019oferta d\u2019activitats did\u00e0ctiques innovadores realitzades en un medi natural o cultural singular de Catalunya i que contribueixen a l\u2019aprofundiment de la\u00a0formaci\u00f3 competencial de l\u2019alumne. Els Camps i Entorns d\u2019Aprenentatge, com a serveis educatius [&hellip;]<\/p>\n","protected":false},"author":1,"featured_media":0,"parent":8225,"menu_order":1,"comment_status":"closed","ping_status":"closed","template":"","meta":{"_bbp_topic_count":0,"_bbp_reply_count":0,"_bbp_total_topic_count":0,"_bbp_total_reply_count":0,"_bbp_voice_count":0,"_bbp_anonymous_reply_count":0,"_bbp_topic_count_hidden":0,"_bbp_reply_count_hidden":0,"_bbp_forum_subforum_count":0,"site-sidebar-layout":"default","site-content-layout":"","ast-site-content-layout":"default","site-content-style":"default","site-sidebar-style":"default","ast-global-header-display":"","ast-banner-title-visibility":"","ast-main-header-display":"","ast-hfb-above-header-display":"","ast-hfb-below-header-display":"","ast-hfb-mobile-header-display":"","site-post-title":"","ast-breadcrumbs-content":"","ast-featured-img":"","footer-sml-layout":"","theme-transparent-header-meta":"default","adv-header-id-meta":"","stick-header-meta":"","header-above-stick-meta":"","header-main-stick-meta":"","header-below-stick-meta":"","astra-migrate-meta-layouts":"set","ast-page-background-enabled":"default","ast-page-background-meta":{"desktop":{"background-color":"var(--ast-global-color-4)","background-image":"","background-repeat":"repeat","background-position":"center center","background-size":"auto","background-attachment":"scroll","background-type":"","background-media":"","overlay-type":"","overlay-color":"","overlay-opacity":"","overlay-gradient":""},"tablet":{"background-color":"","background-image":"","background-repeat":"repeat","background-position":"center center","background-size":"auto","background-attachment":"scroll","background-type":"","background-media":"","overlay-type":"","overlay-color":"","overlay-opacity":"","overlay-gradient":""},"mobile":{"background-color":"","background-image":"","background-repeat":"repeat","background-position":"center center","background-size":"auto","background-attachment":"scroll","background-type":"","background-media":"","overlay-type":"","overlay-color":"","overlay-opacity":"","overlay-gradient":""}},"ast-content-background-meta":{"desktop":{"background-color":"var(--ast-global-color-5)","background-image":"","background-repeat":"repeat","background-position":"center center","background-size":"auto","background-attachment":"scroll","background-type":"","background-media":"","overlay-type":"","overlay-color":"","overlay-opacity":"","overlay-gradient":""},"tablet":{"background-color":"var(--ast-global-color-5)","background-image":"","background-repeat":"repeat","background-position":"center center","background-size":"auto","background-attachment":"scroll","background-type":"","background-media":"","overlay-type":"","overlay-color":"","overlay-opacity":"","overlay-gradient":""},"mobile":{"background-color":"var(--ast-global-color-5)","background-image":"","background-repeat":"repeat","background-position":"center center","background-size":"auto","background-attachment":"scroll","background-type":"","background-media":"","overlay-type":"","overlay-color":"","overlay-opacity":"","overlay-gradient":""}},"footnotes":""},"class_list":["post-8497","page","type-page","status-publish","hentry"],"post_mailing_queue_ids":[],"_links":{"self":[{"href":"https:\/\/serveiseducatius.xtec.cat\/eda-cardona\/wp-json\/wp\/v2\/pages\/8497","targetHints":{"allow":["GET"]}}],"collection":[{"href":"https:\/\/serveiseducatius.xtec.cat\/eda-cardona\/wp-json\/wp\/v2\/pages"}],"about":[{"href":"https:\/\/serveiseducatius.xtec.cat\/eda-cardona\/wp-json\/wp\/v2\/types\/page"}],"author":[{"embeddable":true,"href":"https:\/\/serveiseducatius.xtec.cat\/eda-cardona\/wp-json\/wp\/v2\/users\/1"}],"replies":[{"embeddable":true,"href":"https:\/\/serveiseducatius.xtec.cat\/eda-cardona\/wp-json\/wp\/v2\/comments?post=8497"}],"version-history":[{"count":4,"href":"https:\/\/serveiseducatius.xtec.cat\/eda-cardona\/wp-json\/wp\/v2\/pages\/8497\/revisions"}],"predecessor-version":[{"id":8875,"href":"https:\/\/serveiseducatius.xtec.cat\/eda-cardona\/wp-json\/wp\/v2\/pages\/8497\/revisions\/8875"}],"up":[{"embeddable":true,"href":"https:\/\/serveiseducatius.xtec.cat\/eda-cardona\/wp-json\/wp\/v2\/pages\/8225"}],"wp:attachment":[{"href":"https:\/\/serveiseducatius.xtec.cat\/eda-cardona\/wp-json\/wp\/v2\/media?parent=8497"}],"curies":[{"name":"wp","href":"https:\/\/api.w.org\/{rel}","templated":true}]}}