{"id":8197,"date":"2013-11-15T13:39:26","date_gmt":"2013-11-15T12:39:26","guid":{"rendered":"http:\/\/blocs.xtec.cat\/plantillacda\/?page_id=171"},"modified":"2025-11-24T09:52:29","modified_gmt":"2025-11-24T08:52:29","slug":"el-riu","status":"publish","type":"page","link":"https:\/\/serveiseducatius.xtec.cat\/eda-cardona\/ambits\/el-riu\/","title":{"rendered":"Els h\u00e0bits de salut"},"content":{"rendered":"<p style=\"text-align: justify;\">Els h\u00e0bits de salut s\u00f3n l&#8217;eix de treball que emmarca les propostes del projecte educatiu de l&#8217;entorn.<\/p>\n<p style=\"text-align: justify;\">L&#8217;OMS defineix la salut com l&#8217;estat de complet benestar f\u00edsic, mental i social, i no nom\u00e9s l&#8217;abs\u00e8ncia de malaltia.<\/p>\n<p style=\"text-align: justify;\">L&#8217;activitat f\u00edsica, l&#8217;alimentaci\u00f3 saludable, el coneixement del cos i el cor, la gesti\u00f3 de les emocions i els h\u00e0bits saludables com a tal, s\u00f3n els components que es treballen de manera globalitzada a les seq\u00fcencies de treball.<\/p>\n<p>&nbsp;<\/p>\n<p style=\"text-align: justify;\">\n<h1><\/h1>\n","protected":false},"excerpt":{"rendered":"<p>Els h\u00e0bits de salut s\u00f3n l&#8217;eix de treball que emmarca les propostes del projecte educatiu de l&#8217;entorn. L&#8217;OMS defineix la salut com l&#8217;estat de complet benestar f\u00edsic, mental i social, i no nom\u00e9s l&#8217;abs\u00e8ncia de malaltia. L&#8217;activitat f\u00edsica, l&#8217;alimentaci\u00f3 saludable, el coneixement del cos i el cor, la gesti\u00f3 de les emocions i els h\u00e0bits [&hellip;]<\/p>\n","protected":false},"author":1,"featured_media":0,"parent":8235,"menu_order":1,"comment_status":"open","ping_status":"closed","template":"","meta":{"_bbp_topic_count":0,"_bbp_reply_count":0,"_bbp_total_topic_count":0,"_bbp_total_reply_count":0,"_bbp_voice_count":0,"_bbp_anonymous_reply_count":0,"_bbp_topic_count_hidden":0,"_bbp_reply_count_hidden":0,"_bbp_forum_subforum_count":0,"site-sidebar-layout":"default","site-content-layout":"","ast-site-content-layout":"default","site-content-style":"default","site-sidebar-style":"default","ast-global-header-display":"","ast-banner-title-visibility":"","ast-main-header-display":"","ast-hfb-above-header-display":"","ast-hfb-below-header-display":"","ast-hfb-mobile-header-display":"","site-post-title":"","ast-breadcrumbs-content":"","ast-featured-img":"","footer-sml-layout":"","theme-transparent-header-meta":"default","adv-header-id-meta":"","stick-header-meta":"","header-above-stick-meta":"","header-main-stick-meta":"","header-below-stick-meta":"","astra-migrate-meta-layouts":"set","ast-page-background-enabled":"default","ast-page-background-meta":{"desktop":{"background-color":"var(--ast-global-color-4)","background-image":"","background-repeat":"repeat","background-position":"center center","background-size":"auto","background-attachment":"scroll","background-type":"","background-media":"","overlay-type":"","overlay-color":"","overlay-opacity":"","overlay-gradient":""},"tablet":{"background-color":"","background-image":"","background-repeat":"repeat","background-position":"center center","background-size":"auto","background-attachment":"scroll","background-type":"","background-media":"","overlay-type":"","overlay-color":"","overlay-opacity":"","overlay-gradient":""},"mobile":{"background-color":"","background-image":"","background-repeat":"repeat","background-position":"center center","background-size":"auto","background-attachment":"scroll","background-type":"","background-media":"","overlay-type":"","overlay-color":"","overlay-opacity":"","overlay-gradient":""}},"ast-content-background-meta":{"desktop":{"background-color":"var(--ast-global-color-5)","background-image":"","background-repeat":"repeat","background-position":"center center","background-size":"auto","background-attachment":"scroll","background-type":"","background-media":"","overlay-type":"","overlay-color":"","overlay-opacity":"","overlay-gradient":""},"tablet":{"background-color":"var(--ast-global-color-5)","background-image":"","background-repeat":"repeat","background-position":"center center","background-size":"auto","background-attachment":"scroll","background-type":"","background-media":"","overlay-type":"","overlay-color":"","overlay-opacity":"","overlay-gradient":""},"mobile":{"background-color":"var(--ast-global-color-5)","background-image":"","background-repeat":"repeat","background-position":"center center","background-size":"auto","background-attachment":"scroll","background-type":"","background-media":"","overlay-type":"","overlay-color":"","overlay-opacity":"","overlay-gradient":""}},"footnotes":""},"class_list":["post-8197","page","type-page","status-publish","hentry"],"post_mailing_queue_ids":[],"_links":{"self":[{"href":"https:\/\/serveiseducatius.xtec.cat\/eda-cardona\/wp-json\/wp\/v2\/pages\/8197","targetHints":{"allow":["GET"]}}],"collection":[{"href":"https:\/\/serveiseducatius.xtec.cat\/eda-cardona\/wp-json\/wp\/v2\/pages"}],"about":[{"href":"https:\/\/serveiseducatius.xtec.cat\/eda-cardona\/wp-json\/wp\/v2\/types\/page"}],"author":[{"embeddable":true,"href":"https:\/\/serveiseducatius.xtec.cat\/eda-cardona\/wp-json\/wp\/v2\/users\/1"}],"replies":[{"embeddable":true,"href":"https:\/\/serveiseducatius.xtec.cat\/eda-cardona\/wp-json\/wp\/v2\/comments?post=8197"}],"version-history":[{"count":4,"href":"https:\/\/serveiseducatius.xtec.cat\/eda-cardona\/wp-json\/wp\/v2\/pages\/8197\/revisions"}],"predecessor-version":[{"id":8932,"href":"https:\/\/serveiseducatius.xtec.cat\/eda-cardona\/wp-json\/wp\/v2\/pages\/8197\/revisions\/8932"}],"up":[{"embeddable":true,"href":"https:\/\/serveiseducatius.xtec.cat\/eda-cardona\/wp-json\/wp\/v2\/pages\/8235"}],"wp:attachment":[{"href":"https:\/\/serveiseducatius.xtec.cat\/eda-cardona\/wp-json\/wp\/v2\/media?parent=8197"}],"curies":[{"name":"wp","href":"https:\/\/api.w.org\/{rel}","templated":true}]}}