{"id":54,"date":"2013-11-14T18:56:33","date_gmt":"2013-11-14T17:56:33","guid":{"rendered":"http:\/\/blocs.xtec.cat\/plantillacda\/?page_id=54"},"modified":"2025-10-02T20:40:02","modified_gmt":"2025-10-02T18:40:02","slug":"presentacio","status":"publish","type":"page","link":"https:\/\/serveiseducatius.xtec.cat\/eda-cardona\/el-camp\/presentacio\/","title":{"rendered":"Presentaci\u00f3"},"content":{"rendered":"<p>L&#8217;<strong>Entorn d&#8217;Aprenentatge (EdA) de Cardona<\/strong> \u00e9s un servei educatiu situat a la Catalunya Central, a la comarca del Bages. L&#8217;entorn del municipi de Cardona i tots els recursos que ens ofereix s\u00f3n motiu i font d&#8217;aprenentatge. Les propostes educatives s&#8217;emmarquen al voltant de tres eixos: la Muntanya de Sal, el Castell de Cardona i els h\u00e0bits saludables.<\/p>\n<p>Les nostres propostes parteixen d&#8217;un<strong> enfoc competencial del curr\u00edculum, <\/strong>a partir d&#8217;activitats seq\u00fcenciades segons etapa i cicle educatiu, a Infantil, prim\u00e0ria i secund\u00e0ria.<\/p>\n<h4><strong>Una mica d&#8217;historia<\/strong><\/h4>\n<p>L&#8217;EdA de Cardona \u00e9s un servei educatiu que va iniciar la seva tasca educativa el curs 2017\/18. Cardona \u00e9s un municipi que aposta per la salut, amb el projecte Cardona Integral, per l&#8217;entorn natural de gran riquesa geol\u00f2gica i pel patrimoni hist\u00f2ric del qual disposa.<\/p>\n<h4><strong>Qui som?<\/strong><\/h4>\n<p>L&#8217;EdA de Cardona sorgeix d&#8217;un conveni en el qual hi participen diferents entitats del municipi. Fundaci\u00f3 Cardona Hist\u00f2rica, que \u00e9s qui aporta recursos materials i personal. L&#8217;Ajuntament de Cardona, que ofereix equipaments municipals. La fundaci\u00f3 SHE, que aporta recursos materials i formaci\u00f3. I el Departament d&#8217;Educaci\u00f3 i Formaci\u00f3 Professional que aporta un docent.<\/p>\n<p>La nostra tasca docent amb l&#8217;alumnat es desenvolupa seguint l&#8217;horari escolar, aproximadament les 9 del mat\u00ed fins a les 5 de la tarda.<\/p>\n<p>&nbsp;<\/p>\n","protected":false},"excerpt":{"rendered":"<p>L&#8217;Entorn d&#8217;Aprenentatge (EdA) de Cardona \u00e9s un servei educatiu situat a la Catalunya Central, a la comarca del Bages. L&#8217;entorn del municipi de Cardona i tots els recursos que ens ofereix s\u00f3n motiu i font d&#8217;aprenentatge. Les propostes educatives s&#8217;emmarquen al voltant de tres eixos: la Muntanya de Sal, el Castell de Cardona i els [&hellip;]<\/p>\n","protected":false},"author":1,"featured_media":0,"parent":8225,"menu_order":10,"comment_status":"closed","ping_status":"closed","template":"","meta":{"_bbp_topic_count":0,"_bbp_reply_count":0,"_bbp_total_topic_count":0,"_bbp_total_reply_count":0,"_bbp_voice_count":0,"_bbp_anonymous_reply_count":0,"_bbp_topic_count_hidden":0,"_bbp_reply_count_hidden":0,"_bbp_forum_subforum_count":0,"site-sidebar-layout":"default","site-content-layout":"","ast-site-content-layout":"default","site-content-style":"default","site-sidebar-style":"default","ast-global-header-display":"","ast-banner-title-visibility":"","ast-main-header-display":"","ast-hfb-above-header-display":"","ast-hfb-below-header-display":"","ast-hfb-mobile-header-display":"","site-post-title":"","ast-breadcrumbs-content":"","ast-featured-img":"","footer-sml-layout":"","theme-transparent-header-meta":"default","adv-header-id-meta":"","stick-header-meta":"","header-above-stick-meta":"","header-main-stick-meta":"","header-below-stick-meta":"","astra-migrate-meta-layouts":"set","ast-page-background-enabled":"default","ast-page-background-meta":{"desktop":{"background-color":"var(--ast-global-color-4)","background-image":"","background-repeat":"repeat","background-position":"center center","background-size":"auto","background-attachment":"scroll","background-type":"","background-media":"","overlay-type":"","overlay-color":"","overlay-opacity":"","overlay-gradient":""},"tablet":{"background-color":"","background-image":"","background-repeat":"repeat","background-position":"center center","background-size":"auto","background-attachment":"scroll","background-type":"","background-media":"","overlay-type":"","overlay-color":"","overlay-opacity":"","overlay-gradient":""},"mobile":{"background-color":"","background-image":"","background-repeat":"repeat","background-position":"center center","background-size":"auto","background-attachment":"scroll","background-type":"","background-media":"","overlay-type":"","overlay-color":"","overlay-opacity":"","overlay-gradient":""}},"ast-content-background-meta":{"desktop":{"background-color":"var(--ast-global-color-5)","background-image":"","background-repeat":"repeat","background-position":"center center","background-size":"auto","background-attachment":"scroll","background-type":"","background-media":"","overlay-type":"","overlay-color":"","overlay-opacity":"","overlay-gradient":""},"tablet":{"background-color":"var(--ast-global-color-5)","background-image":"","background-repeat":"repeat","background-position":"center center","background-size":"auto","background-attachment":"scroll","background-type":"","background-media":"","overlay-type":"","overlay-color":"","overlay-opacity":"","overlay-gradient":""},"mobile":{"background-color":"var(--ast-global-color-5)","background-image":"","background-repeat":"repeat","background-position":"center center","background-size":"auto","background-attachment":"scroll","background-type":"","background-media":"","overlay-type":"","overlay-color":"","overlay-opacity":"","overlay-gradient":""}},"footnotes":""},"class_list":["post-54","page","type-page","status-publish","hentry"],"post_mailing_queue_ids":[],"_links":{"self":[{"href":"https:\/\/serveiseducatius.xtec.cat\/eda-cardona\/wp-json\/wp\/v2\/pages\/54","targetHints":{"allow":["GET"]}}],"collection":[{"href":"https:\/\/serveiseducatius.xtec.cat\/eda-cardona\/wp-json\/wp\/v2\/pages"}],"about":[{"href":"https:\/\/serveiseducatius.xtec.cat\/eda-cardona\/wp-json\/wp\/v2\/types\/page"}],"author":[{"embeddable":true,"href":"https:\/\/serveiseducatius.xtec.cat\/eda-cardona\/wp-json\/wp\/v2\/users\/1"}],"replies":[{"embeddable":true,"href":"https:\/\/serveiseducatius.xtec.cat\/eda-cardona\/wp-json\/wp\/v2\/comments?post=54"}],"version-history":[{"count":6,"href":"https:\/\/serveiseducatius.xtec.cat\/eda-cardona\/wp-json\/wp\/v2\/pages\/54\/revisions"}],"predecessor-version":[{"id":8877,"href":"https:\/\/serveiseducatius.xtec.cat\/eda-cardona\/wp-json\/wp\/v2\/pages\/54\/revisions\/8877"}],"up":[{"embeddable":true,"href":"https:\/\/serveiseducatius.xtec.cat\/eda-cardona\/wp-json\/wp\/v2\/pages\/8225"}],"wp:attachment":[{"href":"https:\/\/serveiseducatius.xtec.cat\/eda-cardona\/wp-json\/wp\/v2\/media?parent=54"}],"curies":[{"name":"wp","href":"https:\/\/api.w.org\/{rel}","templated":true}]}}