{"id":443,"date":"2013-11-13T12:53:08","date_gmt":"2013-11-13T12:53:08","guid":{"rendered":"http:\/\/blocs.xtec.cat\/plantillacda\/?page_id=2"},"modified":"2025-11-27T11:44:42","modified_gmt":"2025-11-27T10:44:42","slug":"contacte","status":"publish","type":"page","link":"https:\/\/serveiseducatius.xtec.cat\/eda-cardona\/el-camp\/contacte\/","title":{"rendered":"Contacte"},"content":{"rendered":"<p>Si voleu fer una inscripci\u00f3 per fer activitats al nostre entorn, heu d&#8217;anar a la <a title=\"inscripci\u00f3\" href=\"http:\/\/xtec.gencat.cat\/ca\/serveis\/sesc\/cda\/inscripcio\/\" target=\"_blank\" rel=\"noopener noreferrer\">secci\u00f3 d&#8217;incripcions<\/a>.<\/p>\n<p>Si voleu fer una altre tipus de petici\u00f3 o consulta, esteu a la secci\u00f3 adecuada. Podeu fer-nos arribar les vostres consultes:<\/p>\n<ul>\n<li><span style=\"line-height: 15px;\">Enviant-nos un correu electr\u00f2nic a\u00a0<strong>a8500017@xtec.cat<\/strong><\/span><\/li>\n<li>Trucant-nos al tel\u00e8fon<strong> 674 630 304 \/\u00a0<\/strong><strong>93 869 2475\u00a0<\/strong>i demanar per la persona responsable de l&#8217;entorn.<\/li>\n<\/ul>\n<p>&nbsp;<\/p>\n","protected":false},"excerpt":{"rendered":"<p>Si voleu fer una inscripci\u00f3 per fer activitats al nostre entorn, heu d&#8217;anar a la secci\u00f3 d&#8217;incripcions. Si voleu fer una altre tipus de petici\u00f3 o consulta, esteu a la secci\u00f3 adecuada. Podeu fer-nos arribar les vostres consultes: Enviant-nos un correu electr\u00f2nic a\u00a0a8500017@xtec.cat Trucant-nos al tel\u00e8fon 674 630 304 \/\u00a093 869 2475\u00a0i demanar per la [&hellip;]<\/p>\n","protected":false},"author":1,"featured_media":65,"parent":8225,"menu_order":40,"comment_status":"closed","ping_status":"closed","template":"","meta":{"_bbp_topic_count":0,"_bbp_reply_count":0,"_bbp_total_topic_count":0,"_bbp_total_reply_count":0,"_bbp_voice_count":0,"_bbp_anonymous_reply_count":0,"_bbp_topic_count_hidden":0,"_bbp_reply_count_hidden":0,"_bbp_forum_subforum_count":0,"site-sidebar-layout":"default","site-content-layout":"","ast-site-content-layout":"default","site-content-style":"default","site-sidebar-style":"default","ast-global-header-display":"","ast-banner-title-visibility":"","ast-main-header-display":"","ast-hfb-above-header-display":"","ast-hfb-below-header-display":"","ast-hfb-mobile-header-display":"","site-post-title":"","ast-breadcrumbs-content":"","ast-featured-img":"","footer-sml-layout":"","theme-transparent-header-meta":"default","adv-header-id-meta":"","stick-header-meta":"","header-above-stick-meta":"","header-main-stick-meta":"","header-below-stick-meta":"","astra-migrate-meta-layouts":"set","ast-page-background-enabled":"default","ast-page-background-meta":{"desktop":{"background-color":"var(--ast-global-color-4)","background-image":"","background-repeat":"repeat","background-position":"center center","background-size":"auto","background-attachment":"scroll","background-type":"","background-media":"","overlay-type":"","overlay-color":"","overlay-opacity":"","overlay-gradient":""},"tablet":{"background-color":"","background-image":"","background-repeat":"repeat","background-position":"center center","background-size":"auto","background-attachment":"scroll","background-type":"","background-media":"","overlay-type":"","overlay-color":"","overlay-opacity":"","overlay-gradient":""},"mobile":{"background-color":"","background-image":"","background-repeat":"repeat","background-position":"center center","background-size":"auto","background-attachment":"scroll","background-type":"","background-media":"","overlay-type":"","overlay-color":"","overlay-opacity":"","overlay-gradient":""}},"ast-content-background-meta":{"desktop":{"background-color":"var(--ast-global-color-5)","background-image":"","background-repeat":"repeat","background-position":"center center","background-size":"auto","background-attachment":"scroll","background-type":"","background-media":"","overlay-type":"","overlay-color":"","overlay-opacity":"","overlay-gradient":""},"tablet":{"background-color":"var(--ast-global-color-5)","background-image":"","background-repeat":"repeat","background-position":"center center","background-size":"auto","background-attachment":"scroll","background-type":"","background-media":"","overlay-type":"","overlay-color":"","overlay-opacity":"","overlay-gradient":""},"mobile":{"background-color":"var(--ast-global-color-5)","background-image":"","background-repeat":"repeat","background-position":"center center","background-size":"auto","background-attachment":"scroll","background-type":"","background-media":"","overlay-type":"","overlay-color":"","overlay-opacity":"","overlay-gradient":""}},"footnotes":""},"class_list":["post-443","page","type-page","status-publish","has-post-thumbnail","hentry"],"post_mailing_queue_ids":[],"_links":{"self":[{"href":"https:\/\/serveiseducatius.xtec.cat\/eda-cardona\/wp-json\/wp\/v2\/pages\/443","targetHints":{"allow":["GET"]}}],"collection":[{"href":"https:\/\/serveiseducatius.xtec.cat\/eda-cardona\/wp-json\/wp\/v2\/pages"}],"about":[{"href":"https:\/\/serveiseducatius.xtec.cat\/eda-cardona\/wp-json\/wp\/v2\/types\/page"}],"author":[{"embeddable":true,"href":"https:\/\/serveiseducatius.xtec.cat\/eda-cardona\/wp-json\/wp\/v2\/users\/1"}],"replies":[{"embeddable":true,"href":"https:\/\/serveiseducatius.xtec.cat\/eda-cardona\/wp-json\/wp\/v2\/comments?post=443"}],"version-history":[{"count":5,"href":"https:\/\/serveiseducatius.xtec.cat\/eda-cardona\/wp-json\/wp\/v2\/pages\/443\/revisions"}],"predecessor-version":[{"id":8939,"href":"https:\/\/serveiseducatius.xtec.cat\/eda-cardona\/wp-json\/wp\/v2\/pages\/443\/revisions\/8939"}],"up":[{"embeddable":true,"href":"https:\/\/serveiseducatius.xtec.cat\/eda-cardona\/wp-json\/wp\/v2\/pages\/8225"}],"wp:featuredmedia":[{"embeddable":true,"href":"https:\/\/serveiseducatius.xtec.cat\/eda-cardona\/wp-json\/wp\/v2\/media\/65"}],"wp:attachment":[{"href":"https:\/\/serveiseducatius.xtec.cat\/eda-cardona\/wp-json\/wp\/v2\/media?parent=443"}],"curies":[{"name":"wp","href":"https:\/\/api.w.org\/{rel}","templated":true}]}}