{"id":359,"date":"2013-11-18T10:16:41","date_gmt":"2013-11-18T09:16:41","guid":{"rendered":"http:\/\/blocs.xtec.cat\/cdaaltbergueda\/?page_id=359"},"modified":"2026-03-12T10:07:32","modified_gmt":"2026-03-12T09:07:32","slug":"formulari-de-valoracio","status":"publish","type":"page","link":"https:\/\/serveiseducatius.xtec.cat\/eda-cardona\/amb-els-centres\/formulari-de-valoracio\/","title":{"rendered":"Valoracions"},"content":{"rendered":"<p>Les vostres opinions i els vostres suggeriments ens poden ser molt \u00fatils per a millorar les estades i les sortides , i la coordinaci\u00f3 amb la tasca que dueu a terme a les escoles i els instituts. \u00c9s per aix\u00f2 que, un cop finalitzada l&#8217;estada o la sortida, us demanem una mica de temps i la vostra col\u00b7laboraci\u00f3.<\/p>\n<p>Gr\u00e0cies.<\/p>\n<ul>\n<li><a title=\"Enquesta sortida dia\" href=\"https:\/\/docs.google.com\/forms\/d\/15a8zkh-vsfBYvWU-mb4MCFm5SWyfqi3ItGKixaSWwqU\/preview\" target=\"_blank\" rel=\"noopener noreferrer\">Enquesta sortida d&#8217;un dia<\/a><\/li>\n<li><a href=\"https:\/\/docs.google.com\/forms\/d\/1uDCarGFFC0xVoGhx3M4qF_SE3rQxbgrHRGB2QdXkj8E\/preview\" target=\"_blank\" rel=\"noopener noreferrer\">Enquesta estada alumnat prim\u00e0ria<\/a><\/li>\n<li><a href=\"https:\/\/docs.google.com\/forms\/d\/1p33Je9YnzhchNT-acWkeErUBeFkeD1dUuqMShsfsf0A\/preview\" target=\"_blank\" rel=\"noopener noreferrer\">Enquesta estada alumnat secund\u00e0ria<\/a><\/li>\n<li><a href=\"https:\/\/docs.google.com\/forms\/u\/0\/d\/1XJec1bbuFNmAv7Xfb2XCeb9GFzU8UZM5y_xCVCPRoEM\/preview\" target=\"_blank\" rel=\"noopener noreferrer\">Enquesta estada professorat<\/a><\/li>\n<\/ul>\n","protected":false},"excerpt":{"rendered":"<p>Les vostres opinions i els vostres suggeriments ens poden ser molt \u00fatils per a millorar les estades i les sortides , i la coordinaci\u00f3 amb la tasca que dueu a terme a les escoles i els instituts. \u00c9s per aix\u00f2 que, un cop finalitzada l&#8217;estada o la sortida, us demanem una mica de temps i [&hellip;]<\/p>\n","protected":false},"author":1,"featured_media":0,"parent":8272,"menu_order":30,"comment_status":"closed","ping_status":"closed","template":"","meta":{"_bbp_topic_count":0,"_bbp_reply_count":0,"_bbp_total_topic_count":0,"_bbp_total_reply_count":0,"_bbp_voice_count":0,"_bbp_anonymous_reply_count":0,"_bbp_topic_count_hidden":0,"_bbp_reply_count_hidden":0,"_bbp_forum_subforum_count":0,"site-sidebar-layout":"default","site-content-layout":"","ast-site-content-layout":"default","site-content-style":"default","site-sidebar-style":"default","ast-global-header-display":"","ast-banner-title-visibility":"","ast-main-header-display":"","ast-hfb-above-header-display":"","ast-hfb-below-header-display":"","ast-hfb-mobile-header-display":"","site-post-title":"","ast-breadcrumbs-content":"","ast-featured-img":"","footer-sml-layout":"","theme-transparent-header-meta":"default","adv-header-id-meta":"","stick-header-meta":"","header-above-stick-meta":"","header-main-stick-meta":"","header-below-stick-meta":"","astra-migrate-meta-layouts":"set","ast-page-background-enabled":"default","ast-page-background-meta":{"desktop":{"background-color":"var(--ast-global-color-4)","background-image":"","background-repeat":"repeat","background-position":"center center","background-size":"auto","background-attachment":"scroll","background-type":"","background-media":"","overlay-type":"","overlay-color":"","overlay-opacity":"","overlay-gradient":""},"tablet":{"background-color":"","background-image":"","background-repeat":"repeat","background-position":"center center","background-size":"auto","background-attachment":"scroll","background-type":"","background-media":"","overlay-type":"","overlay-color":"","overlay-opacity":"","overlay-gradient":""},"mobile":{"background-color":"","background-image":"","background-repeat":"repeat","background-position":"center center","background-size":"auto","background-attachment":"scroll","background-type":"","background-media":"","overlay-type":"","overlay-color":"","overlay-opacity":"","overlay-gradient":""}},"ast-content-background-meta":{"desktop":{"background-color":"var(--ast-global-color-5)","background-image":"","background-repeat":"repeat","background-position":"center center","background-size":"auto","background-attachment":"scroll","background-type":"","background-media":"","overlay-type":"","overlay-color":"","overlay-opacity":"","overlay-gradient":""},"tablet":{"background-color":"var(--ast-global-color-5)","background-image":"","background-repeat":"repeat","background-position":"center center","background-size":"auto","background-attachment":"scroll","background-type":"","background-media":"","overlay-type":"","overlay-color":"","overlay-opacity":"","overlay-gradient":""},"mobile":{"background-color":"var(--ast-global-color-5)","background-image":"","background-repeat":"repeat","background-position":"center center","background-size":"auto","background-attachment":"scroll","background-type":"","background-media":"","overlay-type":"","overlay-color":"","overlay-opacity":"","overlay-gradient":""}},"footnotes":""},"class_list":["post-359","page","type-page","status-publish","hentry"],"post_mailing_queue_ids":[],"_links":{"self":[{"href":"https:\/\/serveiseducatius.xtec.cat\/eda-cardona\/wp-json\/wp\/v2\/pages\/359","targetHints":{"allow":["GET"]}}],"collection":[{"href":"https:\/\/serveiseducatius.xtec.cat\/eda-cardona\/wp-json\/wp\/v2\/pages"}],"about":[{"href":"https:\/\/serveiseducatius.xtec.cat\/eda-cardona\/wp-json\/wp\/v2\/types\/page"}],"author":[{"embeddable":true,"href":"https:\/\/serveiseducatius.xtec.cat\/eda-cardona\/wp-json\/wp\/v2\/users\/1"}],"replies":[{"embeddable":true,"href":"https:\/\/serveiseducatius.xtec.cat\/eda-cardona\/wp-json\/wp\/v2\/comments?post=359"}],"version-history":[{"count":7,"href":"https:\/\/serveiseducatius.xtec.cat\/eda-cardona\/wp-json\/wp\/v2\/pages\/359\/revisions"}],"predecessor-version":[{"id":9012,"href":"https:\/\/serveiseducatius.xtec.cat\/eda-cardona\/wp-json\/wp\/v2\/pages\/359\/revisions\/9012"}],"up":[{"embeddable":true,"href":"https:\/\/serveiseducatius.xtec.cat\/eda-cardona\/wp-json\/wp\/v2\/pages\/8272"}],"wp:attachment":[{"href":"https:\/\/serveiseducatius.xtec.cat\/eda-cardona\/wp-json\/wp\/v2\/media?parent=359"}],"curies":[{"name":"wp","href":"https:\/\/api.w.org\/{rel}","templated":true}]}}