{"id":157,"date":"2013-11-15T13:22:03","date_gmt":"2013-11-15T12:22:03","guid":{"rendered":"http:\/\/blocs.xtec.cat\/plantillacda\/?page_id=157"},"modified":"2025-11-27T13:03:08","modified_gmt":"2025-11-27T12:03:08","slug":"estades","status":"publish","type":"page","link":"https:\/\/serveiseducatius.xtec.cat\/eda-cardona\/modalitats\/estades\/","title":{"rendered":"Estades"},"content":{"rendered":"<p><a href=\"http:\/\/serveiseducatius.xtec.cat\/eda-cardona\/wp-content\/uploads\/usu1740\/2013\/11\/imatge-a-3-bandes.jpg\"><img loading=\"lazy\" decoding=\"async\" class=\"alignnone size-large wp-image-8483\" src=\"http:\/\/serveiseducatius.xtec.cat\/eda-cardona\/wp-content\/uploads\/usu1740\/2013\/11\/imatge-a-3-bandes-1024x248.jpg\" alt=\"\" width=\"1024\" height=\"248\" srcset=\"https:\/\/serveiseducatius.xtec.cat\/eda-cardona\/wp-content\/uploads\/usu1740\/2013\/11\/imatge-a-3-bandes-1024x248.jpg 1024w, https:\/\/serveiseducatius.xtec.cat\/eda-cardona\/wp-content\/uploads\/usu1740\/2013\/11\/imatge-a-3-bandes-300x73.jpg 300w, https:\/\/serveiseducatius.xtec.cat\/eda-cardona\/wp-content\/uploads\/usu1740\/2013\/11\/imatge-a-3-bandes-768x186.jpg 768w, https:\/\/serveiseducatius.xtec.cat\/eda-cardona\/wp-content\/uploads\/usu1740\/2013\/11\/imatge-a-3-bandes.jpg 1240w\" sizes=\"auto, (max-width: 1024px) 100vw, 1024px\" \/><\/a><\/p>\n<p style=\"text-align: justify;\">L&#8217;EdA de Cardona\u00a0\u00a0ofereix aquesta modalitat de treball per grups d<b>&#8216;Infantil, Prim\u00e0ria i\u00a0<\/b>\u00a0<strong>Secund\u00e0ria<\/strong>,\u00a0\u00a0dels centres educatius\u00a0 de Catalunya.<\/p>\n<p style=\"text-align: justify;\">La modalitat d\u2019<strong>estada<\/strong> permet als centres educatius de tot Catalunya venir a passar uns dies a l&#8217;EdA de Cardona, per con\u00e8ixer i gaudir de l\u2019entorn i del municipi de Cardona a trav\u00e9s del seu patrimoni natural i cultural. Oferim estades de 2, 3 i 4 dies on treballarem diferents continguts i metodologies a trav\u00e9s de les activitats que decidim conjuntament a la trobada de coordinaci\u00f3 inicial. Per a venir a fer estada <strong>\u00e9s imprescindible que us apunteu als EdA durant el per\u00edode de preinscripci\u00f3 (durant el mes de maig)<\/strong>\u00a0a trav\u00e9s de l\u2019aplicatiu que el Departament d\u2019Ensenyament t\u00e9 per a aquest fi.<\/p>\n<p style=\"text-align: justify;\">Venir a fer una estada a l&#8217;EdA suposa <strong>l\u2019acceptaci\u00f3 per part del centre educatiu de portar a terme la seq\u00fc\u00e8ncia did\u00e0ctica completa<\/strong>\u00a0per tal que les activitats durant l\u2019estada siguin significatives per a l\u2019alumne i ajudin a\u00a0<strong>treballar les compet\u00e8ncies del curr\u00edculum<\/strong> escollides i prioritzades pel centre educatiu. Abans de venir a fer una estada, b\u00e9 a principis de setembre o durant el mes de desembre, segons les dates que us haguem adjudicat, realitzarem les <strong>trobades de coordinaci\u00f3<\/strong>\u00a0amb els centres i dissenyarem conjuntament les activitats de la seq\u00fc\u00e8ncia did\u00e0ctica de la vostra estada.<\/p>\n<p style=\"text-align: justify;\"><strong>Totes les estades es desenvolupen en una seq\u00fc\u00e8ncia did\u00e0ctica que inclou activitats pr\u00e8vies i posteriors a l\u2019estada.\u00a0<\/strong>Els centres estadants\u00a0<strong>adquireixen\u00a0el comprom\u00eds<\/strong>\u00a0de fer-nos arribar els treballs posteriors que realitzin.<\/p>\n<p>Podeu consular els preus de les activitats en l&#8217;apartat de <a href=\"https:\/\/serveiseducatius.xtec.cat\/eda-cardona\/amb-els-centres\/quotes\/\"><strong>Quotes<\/strong><\/a>.<\/p>\n<p><span style=\"font-weight: 400;\">Hi ha la possibilitat de realitzar activitats complement\u00e0ries amb l\u2019empresa <strong>Cadonaevents, <\/strong>aquestes es poden fer a la tarda o a la nit, sempre un cop finalitzades les activitats amb l&#8217;Entorn d&#8217;Aprenentatge.\u00a0 En cas de voler realitzat alguna activitat, haureu de contactar directament amb l\u2019empresa, cardonaevents@gmail.com o trucant 630 251 784<\/span><\/p>\n<p><a href=\"https:\/\/drive.google.com\/file\/d\/1hBKWSRd_1deznS-lSQnto5LZSWhyMBcm\/view?usp=drive_link\"><b>CAT\u00c0LEG ACTIVITATS COMPLEMENT\u00c0RIES<\/b><\/a><\/p>\n","protected":false},"excerpt":{"rendered":"<p>L&#8217;EdA de Cardona\u00a0\u00a0ofereix aquesta modalitat de treball per grups d&#8216;Infantil, Prim\u00e0ria i\u00a0\u00a0Secund\u00e0ria,\u00a0\u00a0dels centres educatius\u00a0 de Catalunya. La modalitat d\u2019estada permet als centres educatius de tot Catalunya venir a passar uns dies a l&#8217;EdA de Cardona, per con\u00e8ixer i gaudir de l\u2019entorn i del municipi de Cardona a trav\u00e9s del seu patrimoni natural i cultural. Oferim [&hellip;]<\/p>\n","protected":false},"author":1,"featured_media":0,"parent":8260,"menu_order":20,"comment_status":"closed","ping_status":"closed","template":"","meta":{"_bbp_topic_count":0,"_bbp_reply_count":0,"_bbp_total_topic_count":0,"_bbp_total_reply_count":0,"_bbp_voice_count":0,"_bbp_anonymous_reply_count":0,"_bbp_topic_count_hidden":0,"_bbp_reply_count_hidden":0,"_bbp_forum_subforum_count":0,"site-sidebar-layout":"default","site-content-layout":"","ast-site-content-layout":"default","site-content-style":"default","site-sidebar-style":"default","ast-global-header-display":"","ast-banner-title-visibility":"","ast-main-header-display":"","ast-hfb-above-header-display":"","ast-hfb-below-header-display":"","ast-hfb-mobile-header-display":"","site-post-title":"","ast-breadcrumbs-content":"","ast-featured-img":"","footer-sml-layout":"","theme-transparent-header-meta":"default","adv-header-id-meta":"","stick-header-meta":"","header-above-stick-meta":"","header-main-stick-meta":"","header-below-stick-meta":"","astra-migrate-meta-layouts":"set","ast-page-background-enabled":"default","ast-page-background-meta":{"desktop":{"background-color":"var(--ast-global-color-4)","background-image":"","background-repeat":"repeat","background-position":"center center","background-size":"auto","background-attachment":"scroll","background-type":"","background-media":"","overlay-type":"","overlay-color":"","overlay-opacity":"","overlay-gradient":""},"tablet":{"background-color":"","background-image":"","background-repeat":"repeat","background-position":"center center","background-size":"auto","background-attachment":"scroll","background-type":"","background-media":"","overlay-type":"","overlay-color":"","overlay-opacity":"","overlay-gradient":""},"mobile":{"background-color":"","background-image":"","background-repeat":"repeat","background-position":"center center","background-size":"auto","background-attachment":"scroll","background-type":"","background-media":"","overlay-type":"","overlay-color":"","overlay-opacity":"","overlay-gradient":""}},"ast-content-background-meta":{"desktop":{"background-color":"var(--ast-global-color-5)","background-image":"","background-repeat":"repeat","background-position":"center center","background-size":"auto","background-attachment":"scroll","background-type":"","background-media":"","overlay-type":"","overlay-color":"","overlay-opacity":"","overlay-gradient":""},"tablet":{"background-color":"var(--ast-global-color-5)","background-image":"","background-repeat":"repeat","background-position":"center center","background-size":"auto","background-attachment":"scroll","background-type":"","background-media":"","overlay-type":"","overlay-color":"","overlay-opacity":"","overlay-gradient":""},"mobile":{"background-color":"var(--ast-global-color-5)","background-image":"","background-repeat":"repeat","background-position":"center center","background-size":"auto","background-attachment":"scroll","background-type":"","background-media":"","overlay-type":"","overlay-color":"","overlay-opacity":"","overlay-gradient":""}},"footnotes":""},"class_list":["post-157","page","type-page","status-publish","hentry"],"post_mailing_queue_ids":[],"_links":{"self":[{"href":"https:\/\/serveiseducatius.xtec.cat\/eda-cardona\/wp-json\/wp\/v2\/pages\/157","targetHints":{"allow":["GET"]}}],"collection":[{"href":"https:\/\/serveiseducatius.xtec.cat\/eda-cardona\/wp-json\/wp\/v2\/pages"}],"about":[{"href":"https:\/\/serveiseducatius.xtec.cat\/eda-cardona\/wp-json\/wp\/v2\/types\/page"}],"author":[{"embeddable":true,"href":"https:\/\/serveiseducatius.xtec.cat\/eda-cardona\/wp-json\/wp\/v2\/users\/1"}],"replies":[{"embeddable":true,"href":"https:\/\/serveiseducatius.xtec.cat\/eda-cardona\/wp-json\/wp\/v2\/comments?post=157"}],"version-history":[{"count":6,"href":"https:\/\/serveiseducatius.xtec.cat\/eda-cardona\/wp-json\/wp\/v2\/pages\/157\/revisions"}],"predecessor-version":[{"id":8942,"href":"https:\/\/serveiseducatius.xtec.cat\/eda-cardona\/wp-json\/wp\/v2\/pages\/157\/revisions\/8942"}],"up":[{"embeddable":true,"href":"https:\/\/serveiseducatius.xtec.cat\/eda-cardona\/wp-json\/wp\/v2\/pages\/8260"}],"wp:attachment":[{"href":"https:\/\/serveiseducatius.xtec.cat\/eda-cardona\/wp-json\/wp\/v2\/media?parent=157"}],"curies":[{"name":"wp","href":"https:\/\/api.w.org\/{rel}","templated":true}]}}