{"id":9,"date":"2014-09-12T10:15:01","date_gmt":"2014-09-12T10:15:01","guid":{"rendered":"http:\/\/serveiseducatius.xtec.cat\/cretdic\/?page_id=9"},"modified":"2022-09-20T10:55:05","modified_gmt":"2022-09-20T08:55:05","slug":"pagina-dinici-buida","status":"publish","type":"page","link":"https:\/\/serveiseducatius.xtec.cat\/cretdic\/","title":{"rendered":"Inici"},"content":{"rendered":"<p><strong style=\"font-family: inherit; font-size: 1em;\">Centre de Recursos Educatius per a l&#8217;alumnat amb Trastorns del Desenvolupament i la Conducta (CRETDIC)<\/strong><\/p>\n<div class=\"lead\">\n<p>\u00c9s un servei educatiu espec\u00edfic de suport, assessorament i formaci\u00f3 als centres educatius ordinaris d\u2019infantil, prim\u00e0ria i secund\u00e0ria sostinguts amb fons p\u00fablics en relaci\u00f3 a la problem\u00e0tica que planteja l\u2019alumnat amb trastorns de conducta, autisme i trastorns mentals.<\/p>\n<\/div>\n<div class=\"\">\n<div class=\"\">\n<div class=\"row banners-right\"><\/div>\n<\/div>\n<div class=\"\">\n<div class=\"content centres\">\n<p>El CRETDIC de Barcelona Ciutat est\u00e0 adscrit al Centre d\u2019Educaci\u00f3 Especial Vil\u00b7la Joana, instituci\u00f3 que t\u00e9 una llarga traject\u00f2ria en l\u2019atenci\u00f3 a infants i adolescents amb trastorns mentals, del desenvolupament, autisme i del comportament.<\/p>\n<\/div>\n<\/div>\n<\/div>\n<p>&nbsp;<\/p>\n<p>&nbsp;<\/p>\n<p>&nbsp;<\/p>\n","protected":false},"excerpt":{"rendered":"<p>Centre de Recursos Educatius per a l&#8217;alumnat amb Trastorns del Desenvolupament i la Conducta (CRETDIC)<\/p>\n<p>\u00c9s un servei educatiu espec\u00edfic de suport, assessorament i formaci\u00f3 als centres educatius ordinaris d\u2019infantil, prim\u00e0ria i secund\u00e0ria sostinguts amb fons p\u00fablics en relaci\u00f3 a la problem\u00e0tica que planteja l\u2019alumnat amb&hellip;  <a href=\"https:\/\/serveiseducatius.xtec.cat\/cretdic\/\" title=\"Read Inici\">Llegeix m\u00e9s\u00bb<\/a><\/p>\n","protected":false},"author":1,"featured_media":0,"parent":7,"menu_order":0,"comment_status":"closed","ping_status":"closed","template":"page-templates\/front-page.php","meta":{"_bbp_topic_count":0,"_bbp_reply_count":0,"_bbp_total_topic_count":0,"_bbp_total_reply_count":0,"_bbp_voice_count":0,"_bbp_anonymous_reply_count":0,"_bbp_topic_count_hidden":0,"_bbp_reply_count_hidden":0,"_bbp_forum_subforum_count":0,"footnotes":""},"class_list":["post-9","page","type-page","status-publish","hentry"],"post_mailing_queue_ids":[],"_links":{"self":[{"href":"https:\/\/serveiseducatius.xtec.cat\/cretdic\/wp-json\/wp\/v2\/pages\/9","targetHints":{"allow":["GET"]}}],"collection":[{"href":"https:\/\/serveiseducatius.xtec.cat\/cretdic\/wp-json\/wp\/v2\/pages"}],"about":[{"href":"https:\/\/serveiseducatius.xtec.cat\/cretdic\/wp-json\/wp\/v2\/types\/page"}],"author":[{"embeddable":true,"href":"https:\/\/serveiseducatius.xtec.cat\/cretdic\/wp-json\/wp\/v2\/users\/1"}],"replies":[{"embeddable":true,"href":"https:\/\/serveiseducatius.xtec.cat\/cretdic\/wp-json\/wp\/v2\/comments?post=9"}],"version-history":[{"count":3,"href":"https:\/\/serveiseducatius.xtec.cat\/cretdic\/wp-json\/wp\/v2\/pages\/9\/revisions"}],"predecessor-version":[{"id":8572,"href":"https:\/\/serveiseducatius.xtec.cat\/cretdic\/wp-json\/wp\/v2\/pages\/9\/revisions\/8572"}],"up":[{"embeddable":true,"href":"https:\/\/serveiseducatius.xtec.cat\/cretdic\/wp-json\/wp\/v2\/pages\/7"}],"wp:attachment":[{"href":"https:\/\/serveiseducatius.xtec.cat\/cretdic\/wp-json\/wp\/v2\/media?parent=9"}],"curies":[{"name":"wp","href":"https:\/\/api.w.org\/{rel}","templated":true}]}}