{"id":797,"date":"2015-11-28T21:06:57","date_gmt":"2015-11-28T20:06:57","guid":{"rendered":"http:\/\/serveiseducatius.xtec.cat\/cretdic\/?page_id=797"},"modified":"2022-03-17T10:07:46","modified_gmt":"2022-03-17T09:07:46","slug":"el-servei","status":"publish","type":"page","link":"https:\/\/serveiseducatius.xtec.cat\/cretdic\/cretdic-2\/el-servei\/","title":{"rendered":"El servei"},"content":{"rendered":"<p>El CRETDIC \u00e9s un servei educatiu espec\u00edfic del Departament d&#8217;Educaci\u00f3.<\/p>\n<p>T\u00e9 encomanada funcions de formaci\u00f3, assessorament i suport t\u00e8cnic a la tasca docent i a la tasca dels serveis educatius amb la finalitat d\u2019afavorir la inclusi\u00f3, la participaci\u00f3 i l\u2019aprenentatge dels alumnes amb trastorns del desenvolupament i de la conducta.<\/p>\n<p>El seu \u00e0mbit d\u2019actuaci\u00f3 \u00e9s tot Catalunya i s\u2019organitza en equips a cadascun dels serveis territorials.\u00a0Actualment el servei compta amb seus a: Lleida, Tarragona, Girona, Vall\u00e8s Oriental-Maresme, Vall\u00e9s Occidental, Catalunya Central, Baix Llobregat, Terres de l&#8217;Ebre, Barcelona Comarques i Barcelona.<\/p>\n","protected":false},"excerpt":{"rendered":"<p>El CRETDIC \u00e9s un servei educatiu espec\u00edfic del Departament d&#8217;Educaci\u00f3.<br \/>\nT\u00e9 encomanada funcions de formaci\u00f3, assessorament i suport t\u00e8cnic a la tasca docent i a la tasca dels serveis educatius amb la finalitat d\u2019afavorir la inclusi\u00f3, la participaci\u00f3 i l\u2019aprenentatge dels alumnes amb trastorns del desenvolupament&hellip;  <a href=\"https:\/\/serveiseducatius.xtec.cat\/cretdic\/cretdic-2\/el-servei\/\" title=\"Read El servei\">Llegeix m\u00e9s\u00bb<\/a><\/p>\n","protected":false},"author":1,"featured_media":0,"parent":806,"menu_order":10,"comment_status":"closed","ping_status":"closed","template":"page-templates\/side-menu.php","meta":{"_bbp_topic_count":0,"_bbp_reply_count":0,"_bbp_total_topic_count":0,"_bbp_total_reply_count":0,"_bbp_voice_count":0,"_bbp_anonymous_reply_count":0,"_bbp_topic_count_hidden":0,"_bbp_reply_count_hidden":0,"_bbp_forum_subforum_count":0,"footnotes":""},"class_list":["post-797","page","type-page","status-publish","hentry"],"post_mailing_queue_ids":[],"_links":{"self":[{"href":"https:\/\/serveiseducatius.xtec.cat\/cretdic\/wp-json\/wp\/v2\/pages\/797","targetHints":{"allow":["GET"]}}],"collection":[{"href":"https:\/\/serveiseducatius.xtec.cat\/cretdic\/wp-json\/wp\/v2\/pages"}],"about":[{"href":"https:\/\/serveiseducatius.xtec.cat\/cretdic\/wp-json\/wp\/v2\/types\/page"}],"author":[{"embeddable":true,"href":"https:\/\/serveiseducatius.xtec.cat\/cretdic\/wp-json\/wp\/v2\/users\/1"}],"replies":[{"embeddable":true,"href":"https:\/\/serveiseducatius.xtec.cat\/cretdic\/wp-json\/wp\/v2\/comments?post=797"}],"version-history":[{"count":3,"href":"https:\/\/serveiseducatius.xtec.cat\/cretdic\/wp-json\/wp\/v2\/pages\/797\/revisions"}],"predecessor-version":[{"id":8527,"href":"https:\/\/serveiseducatius.xtec.cat\/cretdic\/wp-json\/wp\/v2\/pages\/797\/revisions\/8527"}],"up":[{"embeddable":true,"href":"https:\/\/serveiseducatius.xtec.cat\/cretdic\/wp-json\/wp\/v2\/pages\/806"}],"wp:attachment":[{"href":"https:\/\/serveiseducatius.xtec.cat\/cretdic\/wp-json\/wp\/v2\/media?parent=797"}],"curies":[{"name":"wp","href":"https:\/\/api.w.org\/{rel}","templated":true}]}}