{"id":608,"date":"2015-11-27T10:04:51","date_gmt":"2015-11-27T09:04:51","guid":{"rendered":"http:\/\/serveiseducatius.xtec.cat\/cretdic\/?page_id=608"},"modified":"2022-03-17T10:28:28","modified_gmt":"2022-03-17T09:28:28","slug":"modalitats-dintervencio","status":"publish","type":"page","link":"https:\/\/serveiseducatius.xtec.cat\/cretdic\/cretdic-2\/modalitats-dintervencio\/","title":{"rendered":"Modalitats d&#8217;intervenci\u00f3"},"content":{"rendered":"<p>Les modalitats d&#8217;intervenci\u00f3 que ofereix el servei s\u00f3n:<\/p>\n<ul>\n<li>Assessorament als professionals d&#8217;un centre conjuntament amb el referent de l&#8217;EAP<\/li>\n<li>Tallers\/formacions a centres sobre tem\u00e0tiques tals com: autisme, trastorn mental, dificultats de regulaci\u00f3 de la conducta i altres que s&#8217;acordin conjuntament.<\/li>\n<\/ul>\n","protected":false},"excerpt":{"rendered":"<p>Les modalitats d&#8217;intervenci\u00f3 que ofereix el servei s\u00f3n:<\/p>\n<ul>\n<li>Assessorament als professionals d&#8217;un centre conjuntament amb el referent de l&#8217;EAP<\/li>\n<li>Tallers\/formacions a centres sobre tem\u00e0tiques tals com: autisme, trastorn mental, dificultats de regulaci\u00f3 de la conducta i altres que s&#8217;acordin conjuntament.<\/li>\n<\/ul>\n","protected":false},"author":1,"featured_media":0,"parent":806,"menu_order":30,"comment_status":"closed","ping_status":"closed","template":"page-templates\/side-menu.php","meta":{"_bbp_topic_count":0,"_bbp_reply_count":0,"_bbp_total_topic_count":0,"_bbp_total_reply_count":0,"_bbp_voice_count":0,"_bbp_anonymous_reply_count":0,"_bbp_topic_count_hidden":0,"_bbp_reply_count_hidden":0,"_bbp_forum_subforum_count":0,"footnotes":""},"class_list":["post-608","page","type-page","status-publish","hentry"],"post_mailing_queue_ids":[],"_links":{"self":[{"href":"https:\/\/serveiseducatius.xtec.cat\/cretdic\/wp-json\/wp\/v2\/pages\/608","targetHints":{"allow":["GET"]}}],"collection":[{"href":"https:\/\/serveiseducatius.xtec.cat\/cretdic\/wp-json\/wp\/v2\/pages"}],"about":[{"href":"https:\/\/serveiseducatius.xtec.cat\/cretdic\/wp-json\/wp\/v2\/types\/page"}],"author":[{"embeddable":true,"href":"https:\/\/serveiseducatius.xtec.cat\/cretdic\/wp-json\/wp\/v2\/users\/1"}],"replies":[{"embeddable":true,"href":"https:\/\/serveiseducatius.xtec.cat\/cretdic\/wp-json\/wp\/v2\/comments?post=608"}],"version-history":[{"count":2,"href":"https:\/\/serveiseducatius.xtec.cat\/cretdic\/wp-json\/wp\/v2\/pages\/608\/revisions"}],"predecessor-version":[{"id":8530,"href":"https:\/\/serveiseducatius.xtec.cat\/cretdic\/wp-json\/wp\/v2\/pages\/608\/revisions\/8530"}],"up":[{"embeddable":true,"href":"https:\/\/serveiseducatius.xtec.cat\/cretdic\/wp-json\/wp\/v2\/pages\/806"}],"wp:attachment":[{"href":"https:\/\/serveiseducatius.xtec.cat\/cretdic\/wp-json\/wp\/v2\/media?parent=608"}],"curies":[{"name":"wp","href":"https:\/\/api.w.org\/{rel}","templated":true}]}}