{"id":318,"date":"2015-11-24T18:18:24","date_gmt":"2015-11-24T17:18:24","guid":{"rendered":"http:\/\/serveiseducatius.xtec.cat\/cretdic\/?page_id=318"},"modified":"2022-03-17T10:32:19","modified_gmt":"2022-03-17T09:32:19","slug":"acces-al-servei","status":"publish","type":"page","link":"https:\/\/serveiseducatius.xtec.cat\/cretdic\/cretdic-2\/acces-al-servei\/","title":{"rendered":"Acc\u00e9s al servei"},"content":{"rendered":"<p>EL CRETDIC \u00e9s un servei educatiu &#8220;espec\u00edfic&#8221;, per tant, les demandes per a la seva intervenci\u00f3 les han de formular\u00a0 els serveis educatius de zona; en aquest cas els Equips d&#8217;Assessorament i Orientaci\u00f3 Psicopedag\u00f2gics (E.A.P.).<\/p>\n<p>Correspon, doncs, als E.A.P. en la seva tasca de col\u00b7laboraci\u00f3 amb els centres educatius, valorar la conveni\u00e8ncia de sol\u00b7licitar la intervenci\u00f3 del CRETDIC.<\/p>\n<p>&nbsp;<\/p>\n","protected":false},"excerpt":{"rendered":"<p>EL CRETDIC \u00e9s un servei educatiu &#8220;espec\u00edfic&#8221;, per tant, les demandes per a la seva intervenci\u00f3 les han de formular\u00a0 els serveis educatius de zona; en aquest cas els Equips d&#8217;Assessorament i Orientaci\u00f3 Psicopedag\u00f2gics (E.A.P.).<br \/>\nCorrespon, doncs, als E.A.P. en la seva tasca de col\u00b7laboraci\u00f3 amb&hellip;  <a href=\"https:\/\/serveiseducatius.xtec.cat\/cretdic\/cretdic-2\/acces-al-servei\/\" title=\"Read Acc\u00e9s al servei\">Llegeix m\u00e9s\u00bb<\/a><\/p>\n","protected":false},"author":1,"featured_media":0,"parent":806,"menu_order":40,"comment_status":"closed","ping_status":"closed","template":"page-templates\/side-menu.php","meta":{"_bbp_topic_count":0,"_bbp_reply_count":0,"_bbp_total_topic_count":0,"_bbp_total_reply_count":0,"_bbp_voice_count":0,"_bbp_anonymous_reply_count":0,"_bbp_topic_count_hidden":0,"_bbp_reply_count_hidden":0,"_bbp_forum_subforum_count":0,"footnotes":""},"class_list":["post-318","page","type-page","status-publish","hentry"],"post_mailing_queue_ids":[],"_links":{"self":[{"href":"https:\/\/serveiseducatius.xtec.cat\/cretdic\/wp-json\/wp\/v2\/pages\/318","targetHints":{"allow":["GET"]}}],"collection":[{"href":"https:\/\/serveiseducatius.xtec.cat\/cretdic\/wp-json\/wp\/v2\/pages"}],"about":[{"href":"https:\/\/serveiseducatius.xtec.cat\/cretdic\/wp-json\/wp\/v2\/types\/page"}],"author":[{"embeddable":true,"href":"https:\/\/serveiseducatius.xtec.cat\/cretdic\/wp-json\/wp\/v2\/users\/1"}],"replies":[{"embeddable":true,"href":"https:\/\/serveiseducatius.xtec.cat\/cretdic\/wp-json\/wp\/v2\/comments?post=318"}],"version-history":[{"count":4,"href":"https:\/\/serveiseducatius.xtec.cat\/cretdic\/wp-json\/wp\/v2\/pages\/318\/revisions"}],"predecessor-version":[{"id":8533,"href":"https:\/\/serveiseducatius.xtec.cat\/cretdic\/wp-json\/wp\/v2\/pages\/318\/revisions\/8533"}],"up":[{"embeddable":true,"href":"https:\/\/serveiseducatius.xtec.cat\/cretdic\/wp-json\/wp\/v2\/pages\/806"}],"wp:attachment":[{"href":"https:\/\/serveiseducatius.xtec.cat\/cretdic\/wp-json\/wp\/v2\/media?parent=318"}],"curies":[{"name":"wp","href":"https:\/\/api.w.org\/{rel}","templated":true}]}}