{"id":306,"date":"2015-11-24T18:02:44","date_gmt":"2015-11-24T17:02:44","guid":{"rendered":"http:\/\/serveiseducatius.xtec.cat\/cretdic\/?page_id=306"},"modified":"2022-03-17T10:23:47","modified_gmt":"2022-03-17T09:23:47","slug":"funcions","status":"publish","type":"page","link":"https:\/\/serveiseducatius.xtec.cat\/cretdic\/cretdic-2\/funcions\/","title":{"rendered":"Funcions"},"content":{"rendered":"<p>El CRETDIC t\u00e9 assignades les funcions seg\u00fcents:<\/p>\n<p>&#8211; Col\u00b7laboraci\u00f3 amb els equips d&#8217;assessorament i orientaci\u00f3 psicopedag\u00f2gica (EAP) en la identificaci\u00f3 i avaluaci\u00f3 de les necessitats de l&#8217;alumnat amb dificultats del desenvolupament i de la conducta i en l&#8217;orientaci\u00f3 a llurs fam\u00edlies.<\/p>\n<p>&#8211; Assessorament i formaci\u00f3 als centres, als equips docents i als serveis educatius sobre criteris organitzatius i metodol\u00f2gics que facilitin l&#8217;atenci\u00f3 de les necessitats de l&#8217;alumnat amb trastorns del desenvolupament i de la conducta.<\/p>\n<p>&#8211; Aportaci\u00f3 de suport i criteris t\u00e8cnics a altres \u00f2rgans del Departament d&#8217;Educaci\u00f3.<\/p>\n<p>&#8211; Altres funcions que els atribueixi el Departament d&#8217;Ensenyament.<\/p>\n","protected":false},"excerpt":{"rendered":"<p>El CRETDIC t\u00e9 assignades les funcions seg\u00fcents:<br \/>\n&#8211; Col\u00b7laboraci\u00f3 amb els equips d&#8217;assessorament i orientaci\u00f3 psicopedag\u00f2gica (EAP) en la identificaci\u00f3 i avaluaci\u00f3 de les necessitats de l&#8217;alumnat amb dificultats del desenvolupament i de la conducta i en l&#8217;orientaci\u00f3 a llurs fam\u00edlies.<br \/>\n&#8211; Assessorament i formaci\u00f3 als centres,&hellip;  <a href=\"https:\/\/serveiseducatius.xtec.cat\/cretdic\/cretdic-2\/funcions\/\" title=\"Read Funcions\">Llegeix m\u00e9s\u00bb<\/a><\/p>\n","protected":false},"author":1,"featured_media":0,"parent":806,"menu_order":20,"comment_status":"closed","ping_status":"closed","template":"page-templates\/side-menu.php","meta":{"_bbp_topic_count":0,"_bbp_reply_count":0,"_bbp_total_topic_count":0,"_bbp_total_reply_count":0,"_bbp_voice_count":0,"_bbp_anonymous_reply_count":0,"_bbp_topic_count_hidden":0,"_bbp_reply_count_hidden":0,"_bbp_forum_subforum_count":0,"footnotes":""},"class_list":["post-306","page","type-page","status-publish","hentry"],"post_mailing_queue_ids":[],"_links":{"self":[{"href":"https:\/\/serveiseducatius.xtec.cat\/cretdic\/wp-json\/wp\/v2\/pages\/306","targetHints":{"allow":["GET"]}}],"collection":[{"href":"https:\/\/serveiseducatius.xtec.cat\/cretdic\/wp-json\/wp\/v2\/pages"}],"about":[{"href":"https:\/\/serveiseducatius.xtec.cat\/cretdic\/wp-json\/wp\/v2\/types\/page"}],"author":[{"embeddable":true,"href":"https:\/\/serveiseducatius.xtec.cat\/cretdic\/wp-json\/wp\/v2\/users\/1"}],"replies":[{"embeddable":true,"href":"https:\/\/serveiseducatius.xtec.cat\/cretdic\/wp-json\/wp\/v2\/comments?post=306"}],"version-history":[{"count":4,"href":"https:\/\/serveiseducatius.xtec.cat\/cretdic\/wp-json\/wp\/v2\/pages\/306\/revisions"}],"predecessor-version":[{"id":8529,"href":"https:\/\/serveiseducatius.xtec.cat\/cretdic\/wp-json\/wp\/v2\/pages\/306\/revisions\/8529"}],"up":[{"embeddable":true,"href":"https:\/\/serveiseducatius.xtec.cat\/cretdic\/wp-json\/wp\/v2\/pages\/806"}],"wp:attachment":[{"href":"https:\/\/serveiseducatius.xtec.cat\/cretdic\/wp-json\/wp\/v2\/media?parent=306"}],"curies":[{"name":"wp","href":"https:\/\/api.w.org\/{rel}","templated":true}]}}