{"id":8327,"date":"2024-07-01T12:17:18","date_gmt":"2024-07-01T10:17:18","guid":{"rendered":"https:\/\/serveiseducatius.xtec.cat\/cretdic-bll\/?page_id=8327"},"modified":"2024-07-01T12:17:23","modified_gmt":"2024-07-01T10:17:23","slug":"compromis-etic","status":"publish","type":"page","link":"https:\/\/serveiseducatius.xtec.cat\/cretdic-bll\/compromis-etic\/","title":{"rendered":"Comprom\u00eds \u00e8tic."},"content":{"rendered":"<p><span style=\"font-weight: 400;\">L\u2019\u00e8tica es constitutiva de l\u2019assessorament doncs implica una acci\u00f3 que ha de considerar l\u2019alteritat en la relaci\u00f3. \u00c9s un comprom\u00eds \u00e8tic de l\u2019assessor interrogar-se sobre les finalitats de la seva intervenci\u00f3 aix\u00ed com dels efectes que produeix aquesta actuaci\u00f3 en els altres.<\/span><\/p>\n<p><span style=\"font-weight: 400;\">Per altra banda l\u2019assessorament, com qualsevol actuaci\u00f3 professional, ha de procurar no generar situacions de depend\u00e8ncia sin\u00f3 promoure l\u2019autonomia de tots els professionals, alumnes i fam\u00edlies que hi participen.<\/span><\/p>\n<p><span style=\"font-weight: 400;\">Els professionals del CRETDIC actuaran des d\u2019una posici\u00f3 \u00e8tica respectuosa amb el context escolar i cultural de l\u2019alumne que no prejutgi l\u2019acci\u00f3 educativa de les fam\u00edlies i els docents i que, paral\u00b7lelament, fomenti actituds educatives comprensives i ecol\u00f2giques.<\/span><\/p>\n","protected":false},"excerpt":{"rendered":"<p>L\u2019\u00e8tica es constitutiva de l\u2019assessorament doncs implica una acci\u00f3 que ha de considerar l\u2019alteritat en la relaci\u00f3. \u00c9s un comprom\u00eds [&hellip;]<\/p>\n","protected":false},"author":6,"featured_media":0,"parent":0,"menu_order":0,"comment_status":"closed","ping_status":"closed","template":"","meta":{"_bbp_topic_count":0,"_bbp_reply_count":0,"_bbp_total_topic_count":0,"_bbp_total_reply_count":0,"_bbp_voice_count":0,"_bbp_anonymous_reply_count":0,"_bbp_topic_count_hidden":0,"_bbp_reply_count_hidden":0,"_bbp_forum_subforum_count":0,"site-sidebar-layout":"default","site-content-layout":"","ast-site-content-layout":"","site-content-style":"default","site-sidebar-style":"default","ast-global-header-display":"","ast-banner-title-visibility":"","ast-main-header-display":"","ast-hfb-above-header-display":"","ast-hfb-below-header-display":"","ast-hfb-mobile-header-display":"","site-post-title":"","ast-breadcrumbs-content":"","ast-featured-img":"","footer-sml-layout":"","theme-transparent-header-meta":"","adv-header-id-meta":"","stick-header-meta":"","header-above-stick-meta":"","header-main-stick-meta":"","header-below-stick-meta":"","astra-migrate-meta-layouts":"default","ast-page-background-enabled":"default","ast-page-background-meta":{"desktop":{"background-color":"var(--ast-global-color-4)","background-image":"","background-repeat":"repeat","background-position":"center center","background-size":"auto","background-attachment":"scroll","background-type":"","background-media":"","overlay-type":"","overlay-color":"","overlay-opacity":"","overlay-gradient":""},"tablet":{"background-color":"","background-image":"","background-repeat":"repeat","background-position":"center center","background-size":"auto","background-attachment":"scroll","background-type":"","background-media":"","overlay-type":"","overlay-color":"","overlay-opacity":"","overlay-gradient":""},"mobile":{"background-color":"","background-image":"","background-repeat":"repeat","background-position":"center center","background-size":"auto","background-attachment":"scroll","background-type":"","background-media":"","overlay-type":"","overlay-color":"","overlay-opacity":"","overlay-gradient":""}},"ast-content-background-meta":{"desktop":{"background-color":"var(--ast-global-color-5)","background-image":"","background-repeat":"repeat","background-position":"center center","background-size":"auto","background-attachment":"scroll","background-type":"","background-media":"","overlay-type":"","overlay-color":"","overlay-opacity":"","overlay-gradient":""},"tablet":{"background-color":"var(--ast-global-color-5)","background-image":"","background-repeat":"repeat","background-position":"center center","background-size":"auto","background-attachment":"scroll","background-type":"","background-media":"","overlay-type":"","overlay-color":"","overlay-opacity":"","overlay-gradient":""},"mobile":{"background-color":"var(--ast-global-color-5)","background-image":"","background-repeat":"repeat","background-position":"center center","background-size":"auto","background-attachment":"scroll","background-type":"","background-media":"","overlay-type":"","overlay-color":"","overlay-opacity":"","overlay-gradient":""}},"footnotes":""},"class_list":["post-8327","page","type-page","status-publish","hentry"],"post_mailing_queue_ids":[],"_links":{"self":[{"href":"https:\/\/serveiseducatius.xtec.cat\/cretdic-bll\/wp-json\/wp\/v2\/pages\/8327","targetHints":{"allow":["GET"]}}],"collection":[{"href":"https:\/\/serveiseducatius.xtec.cat\/cretdic-bll\/wp-json\/wp\/v2\/pages"}],"about":[{"href":"https:\/\/serveiseducatius.xtec.cat\/cretdic-bll\/wp-json\/wp\/v2\/types\/page"}],"author":[{"embeddable":true,"href":"https:\/\/serveiseducatius.xtec.cat\/cretdic-bll\/wp-json\/wp\/v2\/users\/6"}],"replies":[{"embeddable":true,"href":"https:\/\/serveiseducatius.xtec.cat\/cretdic-bll\/wp-json\/wp\/v2\/comments?post=8327"}],"version-history":[{"count":2,"href":"https:\/\/serveiseducatius.xtec.cat\/cretdic-bll\/wp-json\/wp\/v2\/pages\/8327\/revisions"}],"predecessor-version":[{"id":8330,"href":"https:\/\/serveiseducatius.xtec.cat\/cretdic-bll\/wp-json\/wp\/v2\/pages\/8327\/revisions\/8330"}],"wp:attachment":[{"href":"https:\/\/serveiseducatius.xtec.cat\/cretdic-bll\/wp-json\/wp\/v2\/media?parent=8327"}],"curies":[{"name":"wp","href":"https:\/\/api.w.org\/{rel}","templated":true}]}}