{"id":8321,"date":"2024-07-01T12:16:05","date_gmt":"2024-07-01T10:16:05","guid":{"rendered":"https:\/\/serveiseducatius.xtec.cat\/cretdic-bll\/?page_id=8321"},"modified":"2024-07-01T12:16:05","modified_gmt":"2024-07-01T10:16:05","slug":"relacio-collaborativa","status":"publish","type":"page","link":"https:\/\/serveiseducatius.xtec.cat\/cretdic-bll\/relacio-collaborativa\/","title":{"rendered":"Relaci\u00f3 col\u00b7laborativa"},"content":{"rendered":"<p><span style=\"font-weight: 400;\">L\u2019assessorament del CRETDIC es basa en el treball col\u00b7laboratiu entre tots els\u00a0<\/span><span style=\"font-weight: 400;\">participants. Es parteix de les aportacions complement\u00e0ries de cadasc\u00fa per tal de\u00a0<\/span><span style=\"font-weight: 400;\">construir tant la percepci\u00f3 conjunta de la situaci\u00f3 com les actuacions a emprendre per a la seva millora.<\/span><\/p>\n<p><span style=\"font-weight: 400;\">Aquest enfocament col\u00b7laboratiu \u00e9s una manera d\u2019entendre el treball amb altres i entre altres que no restringeix la idea de cooperaci\u00f3 exclusivament a l\u2019equip de professionals\u00a0<\/span><span style=\"font-weight: 400;\">de l\u2019 escola, sin\u00f3 que promou, des d\u2019un bon comen\u00e7ament, la participaci\u00f3 de l\u2019alumne i de la seva fam\u00edlia en el proc\u00e9s, aix\u00ed com d\u2019altres agents de l\u2019entorn.<\/span><\/p>\n<p><span style=\"font-weight: 400;\">En l\u2019assessorament col\u00b7laboratiu, els professionals del CRETDIC incorporen una visi\u00f3 complement\u00e0ria a la de la resta de membres de l\u2019equip de treball per\u00a0<\/span><span style=\"font-weight: 400;\">comprendre i actuar sobre els esdeveniments i situacions que preocupen. Aquest estil de treball ha de promoure l\u2019autonomia del centre i dels seus professionals per\u00a0<\/span><span style=\"font-weight: 400;\">consolidar i generalitzar les millores proposades. Aix\u00f2 comporta estar atents a dues tasques: la construcci\u00f3 de la col\u00b7laboraci\u00f3 entre els participants i la\u00a0<\/span><span style=\"font-weight: 400;\">construcci\u00f3 dels canvis que es volen introduir.<\/span><\/p>\n","protected":false},"excerpt":{"rendered":"<p>L\u2019assessorament del CRETDIC es basa en el treball col\u00b7laboratiu entre tots els\u00a0participants. Es parteix de les aportacions complement\u00e0ries de cadasc\u00fa [&hellip;]<\/p>\n","protected":false},"author":6,"featured_media":0,"parent":0,"menu_order":0,"comment_status":"closed","ping_status":"closed","template":"","meta":{"_bbp_topic_count":0,"_bbp_reply_count":0,"_bbp_total_topic_count":0,"_bbp_total_reply_count":0,"_bbp_voice_count":0,"_bbp_anonymous_reply_count":0,"_bbp_topic_count_hidden":0,"_bbp_reply_count_hidden":0,"_bbp_forum_subforum_count":0,"site-sidebar-layout":"default","site-content-layout":"","ast-site-content-layout":"","site-content-style":"default","site-sidebar-style":"default","ast-global-header-display":"","ast-banner-title-visibility":"","ast-main-header-display":"","ast-hfb-above-header-display":"","ast-hfb-below-header-display":"","ast-hfb-mobile-header-display":"","site-post-title":"","ast-breadcrumbs-content":"","ast-featured-img":"","footer-sml-layout":"","theme-transparent-header-meta":"","adv-header-id-meta":"","stick-header-meta":"","header-above-stick-meta":"","header-main-stick-meta":"","header-below-stick-meta":"","astra-migrate-meta-layouts":"default","ast-page-background-enabled":"default","ast-page-background-meta":{"desktop":{"background-color":"var(--ast-global-color-4)","background-image":"","background-repeat":"repeat","background-position":"center center","background-size":"auto","background-attachment":"scroll","background-type":"","background-media":"","overlay-type":"","overlay-color":"","overlay-opacity":"","overlay-gradient":""},"tablet":{"background-color":"","background-image":"","background-repeat":"repeat","background-position":"center center","background-size":"auto","background-attachment":"scroll","background-type":"","background-media":"","overlay-type":"","overlay-color":"","overlay-opacity":"","overlay-gradient":""},"mobile":{"background-color":"","background-image":"","background-repeat":"repeat","background-position":"center center","background-size":"auto","background-attachment":"scroll","background-type":"","background-media":"","overlay-type":"","overlay-color":"","overlay-opacity":"","overlay-gradient":""}},"ast-content-background-meta":{"desktop":{"background-color":"var(--ast-global-color-5)","background-image":"","background-repeat":"repeat","background-position":"center center","background-size":"auto","background-attachment":"scroll","background-type":"","background-media":"","overlay-type":"","overlay-color":"","overlay-opacity":"","overlay-gradient":""},"tablet":{"background-color":"var(--ast-global-color-5)","background-image":"","background-repeat":"repeat","background-position":"center center","background-size":"auto","background-attachment":"scroll","background-type":"","background-media":"","overlay-type":"","overlay-color":"","overlay-opacity":"","overlay-gradient":""},"mobile":{"background-color":"var(--ast-global-color-5)","background-image":"","background-repeat":"repeat","background-position":"center center","background-size":"auto","background-attachment":"scroll","background-type":"","background-media":"","overlay-type":"","overlay-color":"","overlay-opacity":"","overlay-gradient":""}},"footnotes":""},"class_list":["post-8321","page","type-page","status-publish","hentry"],"post_mailing_queue_ids":[],"_links":{"self":[{"href":"https:\/\/serveiseducatius.xtec.cat\/cretdic-bll\/wp-json\/wp\/v2\/pages\/8321","targetHints":{"allow":["GET"]}}],"collection":[{"href":"https:\/\/serveiseducatius.xtec.cat\/cretdic-bll\/wp-json\/wp\/v2\/pages"}],"about":[{"href":"https:\/\/serveiseducatius.xtec.cat\/cretdic-bll\/wp-json\/wp\/v2\/types\/page"}],"author":[{"embeddable":true,"href":"https:\/\/serveiseducatius.xtec.cat\/cretdic-bll\/wp-json\/wp\/v2\/users\/6"}],"replies":[{"embeddable":true,"href":"https:\/\/serveiseducatius.xtec.cat\/cretdic-bll\/wp-json\/wp\/v2\/comments?post=8321"}],"version-history":[{"count":1,"href":"https:\/\/serveiseducatius.xtec.cat\/cretdic-bll\/wp-json\/wp\/v2\/pages\/8321\/revisions"}],"predecessor-version":[{"id":8324,"href":"https:\/\/serveiseducatius.xtec.cat\/cretdic-bll\/wp-json\/wp\/v2\/pages\/8321\/revisions\/8324"}],"wp:attachment":[{"href":"https:\/\/serveiseducatius.xtec.cat\/cretdic-bll\/wp-json\/wp\/v2\/media?parent=8321"}],"curies":[{"name":"wp","href":"https:\/\/api.w.org\/{rel}","templated":true}]}}