{"id":8315,"date":"2024-07-01T12:10:43","date_gmt":"2024-07-01T10:10:43","guid":{"rendered":"https:\/\/serveiseducatius.xtec.cat\/cretdic-bll\/?page_id=8315"},"modified":"2024-07-01T12:50:25","modified_gmt":"2024-07-01T10:50:25","slug":"plantejament-preventiu-i-institucional","status":"publish","type":"page","link":"https:\/\/serveiseducatius.xtec.cat\/cretdic-bll\/plantejament-preventiu-i-institucional\/","title":{"rendered":"Plantejament preventiu i institucional"},"content":{"rendered":"<p><span style=\"font-weight: 400;\">Les actuacions del CRETDIC han de tenir una<strong> dimensi\u00f3 preventiva<\/strong>. Aix\u00f2 implica promoure en les institucions educatives la generalitzaci\u00f3 d&#8217;aquelles mesures dirigides\u00a0<\/span><span style=\"font-weight: 400;\">a<strong> enfortir els factors de protecci\u00f3<\/strong> dels alumnes amb dificultats de regulaci\u00f3 del\u00a0<\/span><span style=\"font-weight: 400;\">comportament i que tamb\u00e9 faciliten la capacitat de regulaci\u00f3 del conjunt de l\u2019alumnat.<\/span><\/p>\n<p><span style=\"font-weight: 400;\">Per tant, es promouen <strong>respostes orientades a millorar el clima dels centres<\/strong> en els que\u00a0<\/span><span style=\"font-weight: 400;\">s\u2019interv\u00e9, entenent el concepte de clima escolar en una perspectiva amplia que inclou el model organitzatiu, la relaci\u00f3 pedag\u00f2gica a l\u2019aula, la relaci\u00f3 entre alumnes o el\u00a0<\/span><span style=\"font-weight: 400;\">sentiment pertinen\u00e7a i bon tracte entre l\u2019alumnat. Aquests aspectes influeixen\u00a0<\/span><span style=\"font-weight: 400;\">positivament, com a factors de protecci\u00f3, o negativament, com a factors de risc en\u00a0<\/span><span style=\"font-weight: 400;\">l\u2019emerg\u00e8ncia i desenvolupament de les dificultats de regulaci\u00f3 del comportament.<\/span><\/p>\n<p><img loading=\"lazy\" decoding=\"async\" class=\"size-large wp-image-8403 aligncenter\" src=\"https:\/\/serveiseducatius.xtec.cat\/cretdic-bll\/wp-content\/uploads\/usu3026\/2024\/07\/20240527_133500-600x450.jpg\" alt=\"\" width=\"600\" height=\"450\" srcset=\"https:\/\/serveiseducatius.xtec.cat\/cretdic-bll\/wp-content\/uploads\/usu3026\/2024\/07\/20240527_133500-600x450.jpg 600w, https:\/\/serveiseducatius.xtec.cat\/cretdic-bll\/wp-content\/uploads\/usu3026\/2024\/07\/20240527_133500-300x225.jpg 300w, https:\/\/serveiseducatius.xtec.cat\/cretdic-bll\/wp-content\/uploads\/usu3026\/2024\/07\/20240527_133500-768x576.jpg 768w, https:\/\/serveiseducatius.xtec.cat\/cretdic-bll\/wp-content\/uploads\/usu3026\/2024\/07\/20240527_133500-1536x1152.jpg 1536w, https:\/\/serveiseducatius.xtec.cat\/cretdic-bll\/wp-content\/uploads\/usu3026\/2024\/07\/20240527_133500-2048x1536.jpg 2048w, https:\/\/serveiseducatius.xtec.cat\/cretdic-bll\/wp-content\/uploads\/usu3026\/2024\/07\/20240527_133500-200x150.jpg 200w\" sizes=\"auto, (max-width: 600px) 100vw, 600px\" \/><\/p>\n","protected":false},"excerpt":{"rendered":"<p>Les actuacions del CRETDIC han de tenir una dimensi\u00f3 preventiva. Aix\u00f2 implica promoure en les institucions educatives la generalitzaci\u00f3 d&#8217;aquelles [&hellip;]<\/p>\n","protected":false},"author":6,"featured_media":0,"parent":0,"menu_order":0,"comment_status":"closed","ping_status":"closed","template":"","meta":{"_bbp_topic_count":0,"_bbp_reply_count":0,"_bbp_total_topic_count":0,"_bbp_total_reply_count":0,"_bbp_voice_count":0,"_bbp_anonymous_reply_count":0,"_bbp_topic_count_hidden":0,"_bbp_reply_count_hidden":0,"_bbp_forum_subforum_count":0,"site-sidebar-layout":"default","site-content-layout":"","ast-site-content-layout":"","site-content-style":"default","site-sidebar-style":"default","ast-global-header-display":"","ast-banner-title-visibility":"","ast-main-header-display":"","ast-hfb-above-header-display":"","ast-hfb-below-header-display":"","ast-hfb-mobile-header-display":"","site-post-title":"","ast-breadcrumbs-content":"","ast-featured-img":"","footer-sml-layout":"","theme-transparent-header-meta":"","adv-header-id-meta":"","stick-header-meta":"","header-above-stick-meta":"","header-main-stick-meta":"","header-below-stick-meta":"","astra-migrate-meta-layouts":"default","ast-page-background-enabled":"default","ast-page-background-meta":{"desktop":{"background-color":"var(--ast-global-color-4)","background-image":"","background-repeat":"repeat","background-position":"center center","background-size":"auto","background-attachment":"scroll","background-type":"","background-media":"","overlay-type":"","overlay-color":"","overlay-opacity":"","overlay-gradient":""},"tablet":{"background-color":"","background-image":"","background-repeat":"repeat","background-position":"center center","background-size":"auto","background-attachment":"scroll","background-type":"","background-media":"","overlay-type":"","overlay-color":"","overlay-opacity":"","overlay-gradient":""},"mobile":{"background-color":"","background-image":"","background-repeat":"repeat","background-position":"center center","background-size":"auto","background-attachment":"scroll","background-type":"","background-media":"","overlay-type":"","overlay-color":"","overlay-opacity":"","overlay-gradient":""}},"ast-content-background-meta":{"desktop":{"background-color":"var(--ast-global-color-5)","background-image":"","background-repeat":"repeat","background-position":"center center","background-size":"auto","background-attachment":"scroll","background-type":"","background-media":"","overlay-type":"","overlay-color":"","overlay-opacity":"","overlay-gradient":""},"tablet":{"background-color":"var(--ast-global-color-5)","background-image":"","background-repeat":"repeat","background-position":"center center","background-size":"auto","background-attachment":"scroll","background-type":"","background-media":"","overlay-type":"","overlay-color":"","overlay-opacity":"","overlay-gradient":""},"mobile":{"background-color":"var(--ast-global-color-5)","background-image":"","background-repeat":"repeat","background-position":"center center","background-size":"auto","background-attachment":"scroll","background-type":"","background-media":"","overlay-type":"","overlay-color":"","overlay-opacity":"","overlay-gradient":""}},"footnotes":""},"class_list":["post-8315","page","type-page","status-publish","hentry"],"post_mailing_queue_ids":[],"_links":{"self":[{"href":"https:\/\/serveiseducatius.xtec.cat\/cretdic-bll\/wp-json\/wp\/v2\/pages\/8315","targetHints":{"allow":["GET"]}}],"collection":[{"href":"https:\/\/serveiseducatius.xtec.cat\/cretdic-bll\/wp-json\/wp\/v2\/pages"}],"about":[{"href":"https:\/\/serveiseducatius.xtec.cat\/cretdic-bll\/wp-json\/wp\/v2\/types\/page"}],"author":[{"embeddable":true,"href":"https:\/\/serveiseducatius.xtec.cat\/cretdic-bll\/wp-json\/wp\/v2\/users\/6"}],"replies":[{"embeddable":true,"href":"https:\/\/serveiseducatius.xtec.cat\/cretdic-bll\/wp-json\/wp\/v2\/comments?post=8315"}],"version-history":[{"count":3,"href":"https:\/\/serveiseducatius.xtec.cat\/cretdic-bll\/wp-json\/wp\/v2\/pages\/8315\/revisions"}],"predecessor-version":[{"id":8404,"href":"https:\/\/serveiseducatius.xtec.cat\/cretdic-bll\/wp-json\/wp\/v2\/pages\/8315\/revisions\/8404"}],"wp:attachment":[{"href":"https:\/\/serveiseducatius.xtec.cat\/cretdic-bll\/wp-json\/wp\/v2\/media?parent=8315"}],"curies":[{"name":"wp","href":"https:\/\/api.w.org\/{rel}","templated":true}]}}