{"id":9377,"date":"2017-03-29T12:07:38","date_gmt":"2017-03-29T10:07:38","guid":{"rendered":"http:\/\/serveiseducatius.xtec.cat\/credac-perebarnils\/?page_id=9377"},"modified":"2023-10-10T11:17:18","modified_gmt":"2023-10-10T09:17:18","slug":"enllacos","status":"publish","type":"page","link":"https:\/\/serveiseducatius.xtec.cat\/credac-perebarnils\/enllacos\/","title":{"rendered":"Enlla\u00e7os"},"content":{"rendered":"<ul>\n<li>Associacions:\n<ul>\n<li><a href=\"http:\/\/www.fesoca.org\/es\/\">FESOCA: Federaci\u00f3 de Persones Sordes de Catalunya<\/a><\/li>\n<li><a href=\"https:\/\/www.llenguadesignes.com\/\">Associaci\u00f3\u00a0<em>Volem signar i escoltar<\/em><\/a><\/li>\n<li><a href=\"http:\/\/www.acapps.org\/web\/\">Federaci\u00f3 ACAPPS: Federaci\u00f3 d&#8217;Associacions Catalanes de Pares i Persones Sordes<\/a><\/li>\n<li><a href=\"http:\/\/www.atelca.es\/\">ATELCA: Associaci\u00f3 Trastorn Espec\u00edfic del Llenguatge de Catalunya<\/a><\/li>\n<li><a href=\"https:\/\/familiascmv.org\/\">Fam\u00edlies CMV (Citomegalovirus)<\/a><\/li>\n<li><a href=\"http:\/\/implantecoclear.org\/\">Federaci\u00f3 d&#8217;Associacions d&#8217;Implantats Coclears<\/a><\/li>\n<\/ul>\n<\/li>\n<li>Professionals:\n<ul>\n<li><a href=\"http:\/\/www.acpcreda.org\/\">ACPCREDA: Associaci\u00f3 Catalana de Professionals dels CREDA<\/a><\/li>\n<li><a href=\"http:\/\/www.clc.cat\/\">Col\u00b7legi de logopedes de Catalunya<\/a><\/li>\n<\/ul>\n<\/li>\n<li>Altres llocs d&#8217;inter\u00e8s:\n<ul>\n<li><a href=\"http:\/\/www.t-oigo.com\">T-oigo. Programa de apoyo al ingl\u00e9s con ni\u00f1os con aud\u00edfonos e implantes cocleares<\/a><\/li>\n<\/ul>\n<\/li>\n<\/ul>\n","protected":false},"excerpt":{"rendered":"<ul>\n<li>Associacions:\n<ul>\n<li><a href=\"http:\/\/www.fesoca.org\/es\/\">FESOCA: Federaci\u00f3 de Persones Sordes de Catalunya<\/a><\/li>\n<li><a href=\"https:\/\/www.llenguadesignes.com\/\">Associaci\u00f3\u00a0Volem signar i escoltar<\/a><\/li>\n<li><a href=\"http:\/\/www.acapps.org\/web\/\">Federaci\u00f3 ACAPPS: Federaci\u00f3 d&#8217;Associacions Catalanes de Pares i Persones Sordes<\/a><\/li>\n<li><a href=\"http:\/\/www.atelca.es\/\">ATELCA: Associaci\u00f3 Trastorn Espec\u00edfic del Llenguatge de Catalunya<\/a><\/li>\n<li><a href=\"https:\/\/familiascmv.org\/\">Fam\u00edlies CMV (Citomegalovirus)<\/a><\/li>\n<li><a href=\"http:\/\/implantecoclear.org\/\">Federaci\u00f3 d&#8217;Associacions d&#8217;Implantats Coclears<\/a><\/li>\n<\/ul>\n<\/li>\n<li>Professionals:\n<ul>\n<li><a href=\"http:\/\/www.acpcreda.org\/\">ACPCREDA: Associaci\u00f3 Catalana de Professionals dels CREDA<\/a><\/li>\n<li><a href=\"http:\/\/www.clc.cat\/\">Col\u00b7legi&hellip;  <a href=\"https:\/\/serveiseducatius.xtec.cat\/credac-perebarnils\/enllacos\/\" title=\"Read Enlla\u00e7os\">Llegeix m\u00e9s\u00bb<\/a><br \/>\n","protected":false},"author":3,"featured_media":0,"parent":0,"menu_order":0,"comment_status":"closed","ping_status":"closed","template":"","meta":{"_bbp_topic_count":0,"_bbp_reply_count":0,"_bbp_total_topic_count":0,"_bbp_total_reply_count":0,"_bbp_voice_count":0,"_bbp_anonymous_reply_count":0,"_bbp_topic_count_hidden":0,"_bbp_reply_count_hidden":0,"_bbp_forum_subforum_count":0,"footnotes":""},"class_list":["post-9377","page","type-page","status-publish","hentry"],"post_mailing_queue_ids":[],"_links":{"self":[{"href":"https:\/\/serveiseducatius.xtec.cat\/credac-perebarnils\/wp-json\/wp\/v2\/pages\/9377","targetHints":{"allow":["GET"]}}],"collection":[{"href":"https:\/\/serveiseducatius.xtec.cat\/credac-perebarnils\/wp-json\/wp\/v2\/pages"}],"about":[{"href":"https:\/\/serveiseducatius.xtec.cat\/credac-perebarnils\/wp-json\/wp\/v2\/types\/page"}],"author":[{"embeddable":true,"href":"https:\/\/serveiseducatius.xtec.cat\/credac-perebarnils\/wp-json\/wp\/v2\/users\/3"}],"replies":[{"embeddable":true,"href":"https:\/\/serveiseducatius.xtec.cat\/credac-perebarnils\/wp-json\/wp\/v2\/comments?post=9377"}],"version-history":[{"count":4,"href":"https:\/\/serveiseducatius.xtec.cat\/credac-perebarnils\/wp-json\/wp\/v2\/pages\/9377\/revisions"}],"predecessor-version":[{"id":17660,"href":"https:\/\/serveiseducatius.xtec.cat\/credac-perebarnils\/wp-json\/wp\/v2\/pages\/9377\/revisions\/17660"}],"wp:attachment":[{"href":"https:\/\/serveiseducatius.xtec.cat\/credac-perebarnils\/wp-json\/wp\/v2\/media?parent=9377"}],"curies":[{"name":"wp","href":"https:\/\/api.w.org\/{rel}","templated":true}]}}