{"id":8432,"date":"2016-05-03T08:51:23","date_gmt":"2016-05-03T07:51:23","guid":{"rendered":"http:\/\/serveiseducatius.xtec.cat\/credac-perebarnils\/?page_id=8432"},"modified":"2025-03-06T09:39:22","modified_gmt":"2025-03-06T08:39:22","slug":"guies","status":"publish","type":"page","link":"https:\/\/serveiseducatius.xtec.cat\/credac-perebarnils\/guies\/","title":{"rendered":"Guies"},"content":{"rendered":"<p>&nbsp;<\/p>\n<p><img loading=\"lazy\" decoding=\"async\" class=\" wp-image-8512\" src=\"http:\/\/serveiseducatius.xtec.cat\/credac-perebarnils\/wp-content\/uploads\/usu1333\/2016\/05\/hipoacusia-150x150.png\" alt=\"hipoacusia\" width=\"158\" height=\"158\" \/><\/p>\n<p><a href=\"http:\/\/www.xtec.cat\/serveis\/creda\/a8925251\/documents\/Protocol%20hipoacuneonat.pdf\">Protocol per a la detecci\u00f3 preco\u00e7, el diagn\u00f2stic, el tractament i el seguiment de la hipoac\u00fasia neonatal<\/a><\/p>\n<hr \/>\n<p><img loading=\"lazy\" decoding=\"async\" class=\" wp-image-8516 size-thumbnail\" src=\"http:\/\/serveiseducatius.xtec.cat\/credac-perebarnils\/wp-content\/uploads\/usu1333\/2016\/05\/llenguatge_escola-150x150.png\" alt=\"llenguatge_escola\" width=\"150\" height=\"150\" \/><\/p>\n<p><a href=\"https:\/\/educacio.gencat.cat\/web\/.content\/home\/departament\/publicacions\/monografies\/llengua-lectura\/us-llenguatge-escola\/lus_llenguatge_lescola.pdf\">L&#8217;\u00fas del llenguatge a l&#8217;escola.\u00a0Propostes d&#8217;intervenci\u00f3 per a l&#8217;alumnat amb dificultats de comunicaci\u00f3 i llenguatge<\/a><\/p>\n<p><a href=\"https:\/\/serveiseducatius.xtec.cat\/credac-perebarnils\/wp-content\/uploads\/usu1333\/2025\/03\/GUIA-TARTAMUDESA.jpg\"><img loading=\"lazy\" decoding=\"async\" class=\"alignnone  wp-image-17947\" src=\"https:\/\/serveiseducatius.xtec.cat\/credac-perebarnils\/wp-content\/uploads\/usu1333\/2025\/03\/GUIA-TARTAMUDESA.jpg\" alt=\"\" width=\"157\" height=\"230\" srcset=\"https:\/\/serveiseducatius.xtec.cat\/credac-perebarnils\/wp-content\/uploads\/usu1333\/2025\/03\/GUIA-TARTAMUDESA.jpg 256w, https:\/\/serveiseducatius.xtec.cat\/credac-perebarnils\/wp-content\/uploads\/usu1333\/2025\/03\/GUIA-TARTAMUDESA-205x300.jpg 205w\" sizes=\"auto, (max-width: 157px) 100vw, 157px\" \/><\/a><\/p>\n<p><a href=\"http:\/\/ATCAT_guia_tartamudesa_families.pdf\">Tartamudesa (disf\u00e8mia). Guia per a fam\u00edlies<\/a><\/p>\n<p><a href=\"https:\/\/serveiseducatius.xtec.cat\/credac-perebarnils\/wp-content\/uploads\/usu1333\/2025\/03\/GUIA-DEL-HABLA.jpg\"><img loading=\"lazy\" decoding=\"async\" class=\"alignnone  wp-image-17949\" src=\"https:\/\/serveiseducatius.xtec.cat\/credac-perebarnils\/wp-content\/uploads\/usu1333\/2025\/03\/GUIA-DEL-HABLA.jpg\" alt=\"\" width=\"130\" height=\"188\" srcset=\"https:\/\/serveiseducatius.xtec.cat\/credac-perebarnils\/wp-content\/uploads\/usu1333\/2025\/03\/GUIA-DEL-HABLA.jpg 226w, https:\/\/serveiseducatius.xtec.cat\/credac-perebarnils\/wp-content\/uploads\/usu1333\/2025\/03\/GUIA-DEL-HABLA-208x300.jpg 208w\" sizes=\"auto, (max-width: 130px) 100vw, 130px\" \/><\/a><\/p>\n<p><a href=\"https:\/\/serveiseducatius.xtec.cat\/credac-perebarnils\/wp-content\/uploads\/usu1333\/2025\/03\/GUIA-DEL-HABLA-PARA-EL-NINO-O-NINA-CON-FISURA-PALATINA.pdf\">Gu\u00eda del habla para el ni\u00f1o o la ni\u00f1a con fisura palatina<\/a><\/p>\n<p>&nbsp;<\/p>\n<p>&nbsp;<\/p>\n","protected":false},"excerpt":{"rendered":"<p>&nbsp;<\/p>\n<p><a href=\"http:\/\/www.xtec.cat\/serveis\/creda\/a8925251\/documents\/Protocol%20hipoacuneonat.pdf\">Protocol per a la detecci\u00f3 preco\u00e7, el diagn\u00f2stic, el tractament i el seguiment de la hipoac\u00fasia neonatal<\/a><\/p>\n<p><a href=\"https:\/\/educacio.gencat.cat\/web\/.content\/home\/departament\/publicacions\/monografies\/llengua-lectura\/us-llenguatge-escola\/lus_llenguatge_lescola.pdf\">L&#8217;\u00fas del llenguatge a l&#8217;escola.\u00a0Propostes d&#8217;intervenci\u00f3 per a l&#8217;alumnat amb dificultats de comunicaci\u00f3 i llenguatge<\/a><br \/>\n<a href=\"https:\/\/serveiseducatius.xtec.cat\/credac-perebarnils\/wp-content\/uploads\/usu1333\/2025\/03\/GUIA-TARTAMUDESA.jpg\"><\/a><br \/>\n<a href=\"http:\/\/ATCAT_guia_tartamudesa_families.pdf\">Tartamudesa (disf\u00e8mia). Guia per a fam\u00edlies<\/a><br \/>\n<a href=\"https:\/\/serveiseducatius.xtec.cat\/credac-perebarnils\/wp-content\/uploads\/usu1333\/2025\/03\/GUIA-DEL-HABLA.jpg\"><\/a><br \/>\n<a href=\"https:\/\/serveiseducatius.xtec.cat\/credac-perebarnils\/wp-content\/uploads\/usu1333\/2025\/03\/GUIA-DEL-HABLA-PARA-EL-NINO-O-NINA-CON-FISURA-PALATINA.pdf\">Gu\u00eda del habla para&hellip;  <a href=\"https:\/\/serveiseducatius.xtec.cat\/credac-perebarnils\/guies\/\" title=\"Read Guies\">Llegeix m\u00e9s\u00bb<\/a><\/p>\n","protected":false},"author":1,"featured_media":0,"parent":0,"menu_order":0,"comment_status":"closed","ping_status":"closed","template":"","meta":{"_bbp_topic_count":0,"_bbp_reply_count":0,"_bbp_total_topic_count":0,"_bbp_total_reply_count":0,"_bbp_voice_count":0,"_bbp_anonymous_reply_count":0,"_bbp_topic_count_hidden":0,"_bbp_reply_count_hidden":0,"_bbp_forum_subforum_count":0,"footnotes":""},"class_list":["post-8432","page","type-page","status-publish","hentry"],"post_mailing_queue_ids":[],"_links":{"self":[{"href":"https:\/\/serveiseducatius.xtec.cat\/credac-perebarnils\/wp-json\/wp\/v2\/pages\/8432","targetHints":{"allow":["GET"]}}],"collection":[{"href":"https:\/\/serveiseducatius.xtec.cat\/credac-perebarnils\/wp-json\/wp\/v2\/pages"}],"about":[{"href":"https:\/\/serveiseducatius.xtec.cat\/credac-perebarnils\/wp-json\/wp\/v2\/types\/page"}],"author":[{"embeddable":true,"href":"https:\/\/serveiseducatius.xtec.cat\/credac-perebarnils\/wp-json\/wp\/v2\/users\/1"}],"replies":[{"embeddable":true,"href":"https:\/\/serveiseducatius.xtec.cat\/credac-perebarnils\/wp-json\/wp\/v2\/comments?post=8432"}],"version-history":[{"count":6,"href":"https:\/\/serveiseducatius.xtec.cat\/credac-perebarnils\/wp-json\/wp\/v2\/pages\/8432\/revisions"}],"predecessor-version":[{"id":17950,"href":"https:\/\/serveiseducatius.xtec.cat\/credac-perebarnils\/wp-json\/wp\/v2\/pages\/8432\/revisions\/17950"}],"wp:attachment":[{"href":"https:\/\/serveiseducatius.xtec.cat\/credac-perebarnils\/wp-json\/wp\/v2\/media?parent=8432"}],"curies":[{"name":"wp","href":"https:\/\/api.w.org\/{rel}","templated":true}]}}