{"id":8429,"date":"2016-05-03T08:44:33","date_gmt":"2016-05-03T07:44:33","guid":{"rendered":"http:\/\/serveiseducatius.xtec.cat\/credac-perebarnils\/?page_id=8429"},"modified":"2019-12-03T16:57:56","modified_gmt":"2019-12-03T15:57:56","slug":"historia","status":"publish","type":"page","link":"https:\/\/serveiseducatius.xtec.cat\/credac-perebarnils\/el-creda\/historia\/","title":{"rendered":"Hist\u00f2ria"},"content":{"rendered":"<p>El Centre de Recursos Educatius per a Deficients Auditius de Catalunya Pere Barnils \u00e9s un servei educatiu del Departament d&#8217;Educaci\u00f3 que col\u00b7labora amb els centres educatius, per tal que la tasca del professorat s\u2019adeq\u00fci a les necessitats educatives de l\u2019alumnat amb defici\u00e8ncies auditives greus i permanents o amb greus trastorns del llenguatge.<\/p>\n<p>El CREDA Pere Barnils inicia la seva traject\u00f2ria a partir de l\u2019any 1989 quan es crea la xarxa de CREDA, per\u00f2 la seva hist\u00f2ria va m\u00e9s lluny. El CREDA \u00e9s l\u2019hereu final de la primera escola de sords que va haver a la ciutat de Barcelona, l\u2019antiga Escola Municipal de Sordomudos, que des de l\u2019any 1800 havia ja iniciat l\u2019educaci\u00f3 amb els sords al Sal\u00f3 de Cent.<\/p>\n<p>El CREDA est\u00e0 format per logopedes itinerants, psicopedagogs i audioprotetistes coordinats per un Equip Directiu, que desenvolupen les seves actuacions en estreta relaci\u00f3 amb els professionals dels centres i els serveis educatius del sector, molt especialment amb els Equips d\u2019Assessorament Psicopedag\u00f2gic (EAP).<\/p>\n<p>En el marc que estableix el Decret 155\/1994, el CREDA Pere Barnils contextualitza el seu pla d\u2019actuaci\u00f3 en el conjunt d\u2019accions acordades amb els serveis educatius del sector pel que fa a l\u2019atenci\u00f3 a l\u2019alumnat amb sordesa o altres dificultats de la parla, el llenguatge o la comunicaci\u00f3.<\/p>\n","protected":false},"excerpt":{"rendered":"<p>El Centre de Recursos Educatius per a Deficients Auditius de Catalunya Pere Barnils \u00e9s un servei educatiu del Departament d&#8217;Educaci\u00f3 que col\u00b7labora amb els centres educatius, per tal que la tasca del professorat s\u2019adeq\u00fci a les necessitats educatives de l\u2019alumnat amb defici\u00e8ncies auditives greus i&hellip;  <a href=\"https:\/\/serveiseducatius.xtec.cat\/credac-perebarnils\/el-creda\/historia\/\" title=\"Read Hist\u00f2ria\">Llegeix m\u00e9s\u00bb<\/a><\/p>\n","protected":false},"author":1,"featured_media":0,"parent":806,"menu_order":25,"comment_status":"closed","ping_status":"closed","template":"","meta":{"_bbp_topic_count":0,"_bbp_reply_count":0,"_bbp_total_topic_count":0,"_bbp_total_reply_count":0,"_bbp_voice_count":0,"_bbp_anonymous_reply_count":0,"_bbp_topic_count_hidden":0,"_bbp_reply_count_hidden":0,"_bbp_forum_subforum_count":0,"footnotes":""},"class_list":["post-8429","page","type-page","status-publish","hentry"],"post_mailing_queue_ids":[],"_links":{"self":[{"href":"https:\/\/serveiseducatius.xtec.cat\/credac-perebarnils\/wp-json\/wp\/v2\/pages\/8429","targetHints":{"allow":["GET"]}}],"collection":[{"href":"https:\/\/serveiseducatius.xtec.cat\/credac-perebarnils\/wp-json\/wp\/v2\/pages"}],"about":[{"href":"https:\/\/serveiseducatius.xtec.cat\/credac-perebarnils\/wp-json\/wp\/v2\/types\/page"}],"author":[{"embeddable":true,"href":"https:\/\/serveiseducatius.xtec.cat\/credac-perebarnils\/wp-json\/wp\/v2\/users\/1"}],"replies":[{"embeddable":true,"href":"https:\/\/serveiseducatius.xtec.cat\/credac-perebarnils\/wp-json\/wp\/v2\/comments?post=8429"}],"version-history":[{"count":4,"href":"https:\/\/serveiseducatius.xtec.cat\/credac-perebarnils\/wp-json\/wp\/v2\/pages\/8429\/revisions"}],"predecessor-version":[{"id":15277,"href":"https:\/\/serveiseducatius.xtec.cat\/credac-perebarnils\/wp-json\/wp\/v2\/pages\/8429\/revisions\/15277"}],"up":[{"embeddable":true,"href":"https:\/\/serveiseducatius.xtec.cat\/credac-perebarnils\/wp-json\/wp\/v2\/pages\/806"}],"wp:attachment":[{"href":"https:\/\/serveiseducatius.xtec.cat\/credac-perebarnils\/wp-json\/wp\/v2\/media?parent=8429"}],"curies":[{"name":"wp","href":"https:\/\/api.w.org\/{rel}","templated":true}]}}