{"id":8424,"date":"2016-05-03T08:39:41","date_gmt":"2016-05-03T07:39:41","guid":{"rendered":"http:\/\/serveiseducatius.xtec.cat\/credac-perebarnils\/?page_id=8424"},"modified":"2023-10-03T17:30:13","modified_gmt":"2023-10-03T15:30:13","slug":"opcions-descolaritzacio","status":"publish","type":"page","link":"https:\/\/serveiseducatius.xtec.cat\/credac-perebarnils\/families\/orientacions\/opcions-descolaritzacio\/","title":{"rendered":"Opcions d&#8217;escolaritzaci\u00f3"},"content":{"rendered":"<p><span style=\"font-weight: 400;\">A Barcelona hi ha diversos centres educatius ordinaris amb projecte de suport a l\u2019audici\u00f3 i el llenguatge, el que anteriorment s\u2019anomenava centres d\u2019agrupament. Aquests centres escolaritzen de forma preferent alumnat amb p\u00e8rdua auditiva.<\/span><\/p>\n<p><span style=\"font-weight: 400;\">L\u2019objectiu d\u2019aquest programa \u00e9s la plena inclusi\u00f3 de l\u2019alumnat sord en el centre per assolir les compet\u00e8ncies b\u00e0siques amb igualtat d\u2019oportunitats.<\/span><\/p>\n<p><span style=\"font-weight: 400;\">Aquests centres disposen d\u2019un Suport Intensiu a l\u2019Audici\u00f3 i Llenguatge (SIAL) que, juntament amb el CREDA, ofereixen una resposta que s\u2019ajusta a les necessitats educatives de l\u2019alumnat amb sordesa<\/span><\/p>\n<p><span style=\"font-weight: 400;\">Escolaritzar-hi un alumne sord \u00a0t\u00e9 clars avantatges tant per ell com per la resta d\u2019alumnat:<\/span><\/p>\n<ul>\n<li style=\"font-weight: 400;\">Millora l&#8217;autoconcepte de l&#8217;alumnat sord.<\/li>\n<li style=\"font-weight: 400;\">Proporciona m\u00e9s experi\u00e8ncia i formaci\u00f3 al professorat del centre.<\/li>\n<li style=\"font-weight: 400;\">Afavoreix la relaci\u00f3 entre les fam\u00edlies dels alumnes sords.<\/li>\n<li style=\"font-weight: 400;\">Facilita l\u2019educaci\u00f3 en valors.<\/li>\n<li style=\"font-weight: 400;\">Millora la coordinaci\u00f3 entre els professionals i facilita l\u2019organitzaci\u00f3 de l\u2019atenci\u00f3.<\/li>\n<li style=\"font-weight: 400;\">Possibilita l\u2019atenci\u00f3 en grup, a m\u00e9s a m\u00e9s de l\u2019atenci\u00f3 individual.<\/li>\n<\/ul>\n<p>Les fam\u00edlies dels alumnes poden optar per:<\/p>\n<ul>\n<li><strong>Opci\u00f3 educativa biling\u00fce intermodal<\/strong>: Fa refer\u00e8ncia al projecte educatiu de centre en el qual coexisteixen la llengua de signes catalana com a mat\u00e8ria d\u2019estudi i la llengua vehicular en la comunicaci\u00f3 i l\u2019acc\u00e9s al curr\u00edculum escolar, i les lleng\u00fces orals i escrites oficials, que tamb\u00e9 s\u00f3n objecte d\u2019aprenentatge.<\/li>\n<\/ul>\n<ul>\n<li><strong>Opci\u00f3\u00a0educativa oral<\/strong>: Fa refer\u00e8ncia al projecte educatiu de centre on la llengua oral \u00e9s la llengua vehicular i on es proposen totes les mesures i suports que facin falta per accedir a la informaci\u00f3 oral.<\/li>\n<\/ul>\n<p>Els centres educatius amb\u00a0programa espec\u00edfic d&#8217;audici\u00f3 i llenguatge s\u00f3n:<\/p>\n<p><span style=\"font-weight: 400;\">Escoles\u00a0d\u2019infantil i prim\u00e0ria:<\/span><\/p>\n<ul>\n<li style=\"font-weight: 400;\"><a href=\"http:\/\/agora.xtec.cat\/ceipauro\/\"><span style=\"font-weight: 400;\">Aur\u00f3<\/span><\/a><\/li>\n<li style=\"font-weight: 400;\"><a href=\"http:\/\/www.escolaelsagrer.cat\/\"><span style=\"font-weight: 400;\">El Sagrer<\/span><\/a><\/li>\n<li style=\"font-weight: 400;\"><a href=\"http:\/\/www.taber.cat\/\"><span style=\"font-weight: 400;\">T\u00e0ber<\/span><\/a><\/li>\n<li style=\"font-weight: 400;\"><a href=\"http:\/\/www.bcn.cat\/trespins\/\"><span style=\"font-weight: 400;\">Tres Pins \u00a0(modalitat biling\u00fce intermodal)<\/span><\/a><\/li>\n<\/ul>\n<p><span style=\"font-weight: 400;\">Instituts de secund\u00e0ria<\/span><\/p>\n<ul>\n<li><a href=\"https:\/\/agora.xtec.cat\/insbosc\/\">Institut el Bosc de Montju\u00efc (modalitat biling\u00fce intermodal)<\/a><\/li>\n<li style=\"font-weight: 400;\"><a href=\"http:\/\/agora.xtec.cat\/iesm-jmzafra\/\"><span style=\"font-weight: 400;\">Institut Caterina Albert<\/span><\/a><\/li>\n<li style=\"font-weight: 400;\"><a href=\"https:\/\/agora.xtec.cat\/insviladomat\/\"><span style=\"font-weight: 400;\">Institut Viladomat<\/span><\/a><\/li>\n<\/ul>\n<p>&nbsp;<\/p>\n","protected":false},"excerpt":{"rendered":"<p>A Barcelona hi ha diversos centres educatius ordinaris amb projecte de suport a l\u2019audici\u00f3 i el llenguatge, el que anteriorment s\u2019anomenava centres d\u2019agrupament. Aquests centres escolaritzen de forma preferent alumnat amb p\u00e8rdua auditiva.<br \/>\nL\u2019objectiu d\u2019aquest programa \u00e9s la plena inclusi\u00f3 de l\u2019alumnat sord en el centre&hellip;  <a href=\"https:\/\/serveiseducatius.xtec.cat\/credac-perebarnils\/families\/orientacions\/opcions-descolaritzacio\/\" title=\"Read Opcions d&#8217;escolaritzaci\u00f3\">Llegeix m\u00e9s\u00bb<\/a><\/p>\n","protected":false},"author":1,"featured_media":0,"parent":8173,"menu_order":15,"comment_status":"closed","ping_status":"closed","template":"","meta":{"_bbp_topic_count":0,"_bbp_reply_count":0,"_bbp_total_topic_count":0,"_bbp_total_reply_count":0,"_bbp_voice_count":0,"_bbp_anonymous_reply_count":0,"_bbp_topic_count_hidden":0,"_bbp_reply_count_hidden":0,"_bbp_forum_subforum_count":0,"footnotes":""},"class_list":["post-8424","page","type-page","status-publish","hentry"],"post_mailing_queue_ids":[],"_links":{"self":[{"href":"https:\/\/serveiseducatius.xtec.cat\/credac-perebarnils\/wp-json\/wp\/v2\/pages\/8424","targetHints":{"allow":["GET"]}}],"collection":[{"href":"https:\/\/serveiseducatius.xtec.cat\/credac-perebarnils\/wp-json\/wp\/v2\/pages"}],"about":[{"href":"https:\/\/serveiseducatius.xtec.cat\/credac-perebarnils\/wp-json\/wp\/v2\/types\/page"}],"author":[{"embeddable":true,"href":"https:\/\/serveiseducatius.xtec.cat\/credac-perebarnils\/wp-json\/wp\/v2\/users\/1"}],"replies":[{"embeddable":true,"href":"https:\/\/serveiseducatius.xtec.cat\/credac-perebarnils\/wp-json\/wp\/v2\/comments?post=8424"}],"version-history":[{"count":7,"href":"https:\/\/serveiseducatius.xtec.cat\/credac-perebarnils\/wp-json\/wp\/v2\/pages\/8424\/revisions"}],"predecessor-version":[{"id":17659,"href":"https:\/\/serveiseducatius.xtec.cat\/credac-perebarnils\/wp-json\/wp\/v2\/pages\/8424\/revisions\/17659"}],"up":[{"embeddable":true,"href":"https:\/\/serveiseducatius.xtec.cat\/credac-perebarnils\/wp-json\/wp\/v2\/pages\/8173"}],"wp:attachment":[{"href":"https:\/\/serveiseducatius.xtec.cat\/credac-perebarnils\/wp-json\/wp\/v2\/media?parent=8424"}],"curies":[{"name":"wp","href":"https:\/\/api.w.org\/{rel}","templated":true}]}}