{"id":8175,"date":"2016-04-04T12:18:56","date_gmt":"2016-04-04T11:18:56","guid":{"rendered":"http:\/\/serveiseducatius.xtec.cat\/credac-perebarnils\/?page_id=8175"},"modified":"2022-03-28T10:33:13","modified_gmt":"2022-03-28T08:33:13","slug":"guies","status":"publish","type":"page","link":"https:\/\/serveiseducatius.xtec.cat\/credac-perebarnils\/families\/guies\/","title":{"rendered":"Guies"},"content":{"rendered":"<p>A continuaci\u00f3 hi podreu trobar diverses guies per fam\u00edlies que us poden interessar:<\/p>\n<p><a href=\"http:\/\/treballiaferssocials.gencat.cat\/web\/.content\/01departament\/08publicacions\/ambits_tematics\/discapacitat\/12sordsprofunds\/sords_profunds.pdf\" target=\"_blank\" rel=\"noopener noreferrer\"><img loading=\"lazy\" decoding=\"async\" class=\" wp-image-8438 alignleft\" src=\"http:\/\/serveiseducatius.xtec.cat\/credac-perebarnils\/wp-content\/uploads\/usu1333\/2016\/04\/sords_profunds.png\" alt=\"sords_profunds\" width=\"150\" height=\"140\" srcset=\"https:\/\/serveiseducatius.xtec.cat\/credac-perebarnils\/wp-content\/uploads\/usu1333\/2016\/04\/sords_profunds.png 508w, https:\/\/serveiseducatius.xtec.cat\/credac-perebarnils\/wp-content\/uploads\/usu1333\/2016\/04\/sords_profunds-300x280.png 300w\" sizes=\"auto, (max-width: 150px) 100vw, 150px\" \/><\/a><\/p>\n<p>&nbsp;<\/p>\n<p>&nbsp;<\/p>\n<p>&nbsp;<\/p>\n<p><a href=\"http:\/\/treballiaferssocials.gencat.cat\/web\/.content\/01departament\/08publicacions\/ambits_tematics\/discapacitat\/12sordsprofunds\/sords_profunds.pdf\"><br \/>\nSords profunds per\u00f2 hi sentim i parlem<\/a><\/p>\n<p><a href=\"http:\/\/serveiseducatius.xtec.cat\/credac-perebarnils\/wp-content\/uploads\/usu1333\/2016\/04\/perdua-auditiva.png\"><img loading=\"lazy\" decoding=\"async\" class=\" wp-image-8504 size-thumbnail alignleft\" src=\"http:\/\/serveiseducatius.xtec.cat\/credac-perebarnils\/wp-content\/uploads\/usu1333\/2016\/04\/perdua-auditiva-150x150.png\" alt=\"perdua auditiva\" width=\"150\" height=\"150\" \/><\/a><\/p>\n<p>&nbsp;<\/p>\n<p>&nbsp;<\/p>\n<p>&nbsp;<\/p>\n<p>&nbsp;<\/p>\n<p><a href=\"http:\/\/www.hsjdbcn.org\/polymitaImages\/public\/consells\/2015\/2015_02_18_consell_perdua_auditiva_HSJD_CREDAV_cat.pdf\"><br \/>\nEl meu fill t\u00e9 una p\u00e8rdua auditiva. Informaci\u00f3 per a les fam\u00edlies<\/a><\/p>\n<p><a href=\"http:\/\/serveiseducatius.xtec.cat\/credac-perebarnils\/wp-content\/uploads\/usu1333\/2016\/04\/guia_tartamudesa.png\"><img loading=\"lazy\" decoding=\"async\" class=\" wp-image-8505 size-thumbnail alignleft\" src=\"http:\/\/serveiseducatius.xtec.cat\/credac-perebarnils\/wp-content\/uploads\/usu1333\/2016\/04\/guia_tartamudesa-150x150.png\" alt=\"guia_tartamudesa\" width=\"150\" height=\"150\" srcset=\"https:\/\/serveiseducatius.xtec.cat\/credac-perebarnils\/wp-content\/uploads\/usu1333\/2016\/04\/guia_tartamudesa-150x150.png 150w, https:\/\/serveiseducatius.xtec.cat\/credac-perebarnils\/wp-content\/uploads\/usu1333\/2016\/04\/guia_tartamudesa-300x300.png 300w, https:\/\/serveiseducatius.xtec.cat\/credac-perebarnils\/wp-content\/uploads\/usu1333\/2016\/04\/guia_tartamudesa.png 629w\" sizes=\"auto, (max-width: 150px) 100vw, 150px\" \/><\/a><\/p>\n<p>&nbsp;<\/p>\n<p>&nbsp;<\/p>\n<p>&nbsp;<\/p>\n<p>&nbsp;<\/p>\n<p><a href=\"http:\/\/ensenyament.gencat.cat\/web\/.content\/home\/departament\/publicacions\/colleccions\/guia-families\/tartamudesa\/guia_famil_fills_tartamudesa.pdf\"><br \/>\nGuia per a fam\u00edlies d&#8217;infants amb tartamudesa<\/a><\/p>\n<p><a href=\"http:\/\/serveiseducatius.xtec.cat\/credac-perebarnils\/wp-content\/uploads\/usu1333\/2016\/04\/guia_sordceguesa.png\"><img loading=\"lazy\" decoding=\"async\" class=\" wp-image-8507 size-thumbnail alignleft\" src=\"http:\/\/serveiseducatius.xtec.cat\/credac-perebarnils\/wp-content\/uploads\/usu1333\/2016\/04\/guia_sordceguesa-150x150.png\" alt=\"guia_sordceguesa\" width=\"150\" height=\"150\" srcset=\"https:\/\/serveiseducatius.xtec.cat\/credac-perebarnils\/wp-content\/uploads\/usu1333\/2016\/04\/guia_sordceguesa-150x150.png 150w, https:\/\/serveiseducatius.xtec.cat\/credac-perebarnils\/wp-content\/uploads\/usu1333\/2016\/04\/guia_sordceguesa-300x300.png 300w, https:\/\/serveiseducatius.xtec.cat\/credac-perebarnils\/wp-content\/uploads\/usu1333\/2016\/04\/guia_sordceguesa.png 628w\" sizes=\"auto, (max-width: 150px) 100vw, 150px\" \/><\/a><\/p>\n<p>&nbsp;<\/p>\n<p>&nbsp;<\/p>\n<p>&nbsp;<\/p>\n<p>&nbsp;<\/p>\n<p><a href=\"http:\/\/ensenyament.gencat.cat\/web\/.content\/home\/departament\/publicacions\/colleccions\/guia-families\/sordesa\/guia_famil_fills_sordceguesa.pdf\">Guia per a fam\u00edlies d&#8217;infants amb sordesa o sordceguesa<\/a><\/p>\n<p><a style=\"outline-width: 0px !important; user-select: auto !important;\" href=\"https:\/\/serveiseducatius.xtec.cat\/credac-perebarnils\/wp-content\/uploads\/usu1333\/2019\/10\/guia-de-families-amb-lSC.pdf\"><img loading=\"lazy\" decoding=\"async\" class=\"wp-image-15024 size-thumbnail alignleft\" src=\"https:\/\/serveiseducatius.xtec.cat\/credac-perebarnils\/wp-content\/uploads\/usu1333\/2019\/10\/2019-10-07-15.41.23-mail.google.com-a074f68a7931-150x150.png\" alt=\"\" width=\"150\" height=\"150\" \/><\/a><\/p>\n<p>&nbsp;<\/p>\n<p>&nbsp;<\/p>\n<p>&nbsp;<\/p>\n<p>&nbsp;<\/p>\n<p><a href=\"https:\/\/serveiseducatius.xtec.cat\/credac-perebarnils\/wp-content\/uploads\/usu1333\/2019\/10\/guia-de-families-amb-lSC.pdf\">Diagn\u00f2stic: La Malva \u00e9s sorda. I ara qu\u00e8 fem? Guia per a les fam\u00edlies<\/a><\/p>\n<p><img loading=\"lazy\" decoding=\"async\" class=\"\" src=\"data:image\/jpeg;base64,\/9j\/4AAQSkZJRgABAQAAAQABAAD\/2wCEAAkGBxISEhUSEBMSFhMXFxgXFxUXFxsYGxcYFxgYGBYXGBUYHSggGBomGxUXITEjJSkrLi4uFyIzODMuPCgtLisBCgoKDg0OGhAQGyslHyYtNS0wLy4tLS0vLS0tLS0tLS8vLS0tLi0tLS0tLy0tLS0tLS0uLS8rLS0tLS0vLS0tLf\/AABEIASkAqgMBIgACEQEDEQH\/xAAcAAEAAgMBAQEAAAAAAAAAAAAABQYBBAcCAwj\/xABJEAACAQMCAwQFCAYHBwUBAAABAgMAERIEIQUTMQYiQVEyYXGBkQcUFyNCUpLRYnKTobHBFTNTVIKi0xYkQ7LS4fBEY3PC8Qj\/xAAbAQEAAgMBAQAAAAAAAAAAAAAAAwUBAgQHBv\/EADMRAAEDAgQEBAUEAgMAAAAAAAEAAhEDEgQFITFBUWFxgZGhwRMiMrHwBhQj0RXhQpLx\/9oADAMBAAIRAxEAPwDpGdM61M6Z1tC4Llt50zrUzpnSEuW3nTOtTOmdIS5bedM61M6Z0hLlt50zrUzpnSEuW3nTOtTOmdIS5bedM61M6Z0hLlt50zrUzpnSEuW3nTOtTOmdIS5bedM61M6Z0hLlt50zrUzpnSEuWvnTOtbmU5lZUNy2c6neFcJVkDyXN9wt7beBNqrPMq78GlDQRkfdA9690\/wrBU+HAc7VfN+CwnoCPWGP871HargLjeNg3qOx+PQ\/uqM7Z9szpHEMSK0hALFrlVvey4qQb2F+otcdb7Qug+U+S\/8AvECEecZKke5i1\/iK53YljXWq9p5FiK1IVWsEHbUAkePpMKWlDKbMCD5HavOdTfDuM6PXrijAta\/LY4yL7AOvtUkVHcV4U8PeHej+94j9Yfzqdrg4SFS4nC1cO4teCCOehC1c6Z1q8ys8ytly3LZzpnWtzKcyiXLZzpnWtzKcyiXLZzpnWtzKcyiXLZzpnWrzKzzKJctnOmda3MpzKJctnOmda3MpzKJctbOmdaudM6yue5bWVWbsfrfShJ\/SX+DD+B95qn519tJrGjdZF6qbj1+Y9hFx76xCkpVbHArQ+VHSFNZzPB41IPrF0I92I+NVCuudutANZoxPELtGDIPMqRaVfaLX9qWrkdVFdlrz11Xq+S4kV8GyN2\/KfDb0hZjYghlJFjcEGxBHQgjcGui9ke3t7Qa0gg90TEe60vhb9L4+JrnNK0ZUcwyF14vB0sUyyqOx4jsfbY8V17j\/AAjl\/WxbxnqBvjfoR+j\/AAqDyrW7BdruWRptUbxN3UZt8CdgpJ+wf3eypTj3Dvm8tt+W26nrYeI9ZH8xVrRqioJC8yzjLKmBqQfpOx4H84jh2hamdM6+WoGLEXuPA+YO6n1XBBrwlzfEE2FzYXsB1J8h66mVNdrC2M6Z1rxAsQqglj0AFyfcKsfD+ysjbzMEH3Ru35D99YW7GueflCg86yhJ2FyfIb1bH0ug0v8AWtED\/wC44JPsQ\/yFa8nbrh8Ysst7eCRtb3GwFRmqwbkeasqGUYqsJY0ns0n10UGujmPSOQ\/4W\/KsSaaVfSRx7VYfxFTUXyg6And2X1lD\/wDW9WDh3EIp1yhkR16Eqeh8iOoPqNG1Wu2MqStlFaiJqNc3uDC57zKznV94jwqKYHJQG8HAsw9\/j7DXO5lKMyHqrFT7VNj\/AAqQaqtrUjSidl986Z1q50zrKguWtnTOtXm05tbQuX4gW1nWc61ObTm0hPiBdH7DSFtOb9BIwHssp\/iTXLe2fC10+skjTZLh0HkGF8fYDcD1AV075PnB0zeqRr\/BaoXynn\/fm\/Uj\/wCU\/nXBjB8vivQP0nUdfaDoWfYiPfzKqlKUquX3SGuj9neI\/PdC0Dm88AyUnqyC1vbbdT7VNc4qZ7HcSOn1cT37pIR\/1XNmv7Lg+4VLRqWPBVbm2BbjMK6md4kd\/wDe3eOSsKRM6KVBsCylrHFRswLHwHeb4VtcM0UmpblQ7RixZj09TN5t1svh8TVtXhAj0jwrGpZiw7pte72VmbrsMSfYaovaXtOsKfM9CwxW4kmHVz9rEjoPDL1WFgLm0q1W0xJXm2XZNWxlUMbtALjwHT846dVYtd2g0XDlMcX1s3QhT1Pk7\/Z\/VFyPLxqk8X7baye4EnLQ\/Zjunxb0j8beqq57aVWVKz37lej4LJsLhWgNbJ5n2Gw+\/VZLHrc3PU+debVmlQq1JndYtV1+SppPnThb4cts\/LYrb33I+J9dVLh+hkmkWOJSzHoo\/eSfADxJrsPA+GQcM0xMjgMbGR\/vN4Ig6kDew9p8TXRh6Zc8HgFS55jKVDDOY46uG3TmeQHDr4qc4lrUgjaR+gHTxJ8FHrNctl1BdmZurEsfaTc\/xr78e48+qe57sY9BfL1nzP8AD+MXzatmtIXlGKxgquhuw9ev57rbzrGdavNpza2hcvxAtLm05ta16XqWFWXlbPNpza1r0vSEvKtPY\/tGNK5El+S9srblSOhA8RvYjr08rGS+UDgB1QTV6S0gsFdVGRKgkhlA6ncgjr08jVf7M9nn1jsFYIiWyYi\/W9gBtc7HxqU47yeFMqRc2SZ1yJMjIoFyFBEdibkNtfw671yYoUy03FfYfpermDazfgMDhrEmNP8Al4eUcJ0CoRUjqDWKl+L9o5Z75rAPZGpb9o93\/wA1RFUxjgvWqZeWgvEHkDPrAnySt\/s9DzNVAh+1LGD7Mxf9160KsXyew56+HyXMn2qhK\/yrLRJAWmJf8Oi9\/JpPkCum9udfyNFMwNmYYL4G7902PmFyPuriANdI+VziG0OnB65SMP8AIv8AF65vU2JdNTsqvIKHw8GHHdxJ8Nh9ifFKUpXOrpKkez\/B31cwijtuLsT0RRbInz6gW8SR7ajq6x8l\/CuXpzMw70rXH6i7L8WyPrFqlpU73gLgzPGftcM6oPq2Hc\/0JPlK3U0um4TpiyqC5sMj6UjnoP0VHWw6AHqevP8AivGJdS+czXPgo2CjyUf+E1M\/KRxPmTiFT3Yhv+s1ifgMR8aqF6u6VNrW6LxjOMxq4jEODnTB16nj5bDlC2ebTm1rXpepYVReVs82nNrWvS9IS8rzlTKvF6XrWVhe8qZV4vWL0lF0z5KpAYpl8Qyk+wqQP+U1B\/K3CRqIn8GiAB9au2X7mFY+TXiPL1JjY92Vcf8AEveX92Q94q1\/KNwfn6UsovJCcxbqVtZx8LN\/gFcWLZLT5r0D9KYttN9KdBqw9J29iuOUpSqlenJV2+SWK+qkbwWI\/ElAP3Xqk1fvkzlWGHVztbuqh+Ac295sB66lo\/WPzZV2bOIwdSNyIHckD3UF8oGvMutlF7hCI1H\/AMezf586r1ZkcszMTcliSfMncn41ioyZMldtKkKVNtMcAB5f2lSvCeFxT90TrHL911Nj7GUm5\/RxBPQXqKoTbpQLNRrnNhpg84B9D\/o8iN1d+D9k9GrZarVxnE7xrdSSOobOxHkRiD6xVl4x2200CYaWzuBioAKogAsN9rgDwXy6io3s3wX5\/oQ2oJEoYpHL1bABbBz\/AMQXuN97DrVH1+laGR4pLZIxU26beI9XjVvhqdO25o3XlP6izLMKdU06xaYJAIGk8fl2B7ztB2XmSZmYsxJZiSSepJNyT768ZV86zXXK+KXvKmVeL0vSUXvKmVeL0vSUWKUpRZSlKURe4ZWRgymzKQwI8CDcH4123s1xldVCsgsG6Ov3WH8j1HqNcPqT4BxqXSS8yPcHZkPRl8j5HyPh8QdHNld+Axf7d\/zfSd\/7\/vmFMdu+yDQM0+nW8JN2UD+rPjt9zyPh08qpdd44Fx2HVpeJhlbvIeo9o8R6xtUbxLsLopmLYNGT15dlB\/wsCB7gKrKuFMyzyXqWW\/qJnww2vJ5OGs9\/748RMlcaRCxAAJJNgBuSTsAB4mt\/Flblm9grEi+1woudutvOr7xfTaLhcZ5ChtU4ODN3nS4sX8l2vbYXPqvaodlUU6qJZACrsUYHxEilCP8ANU1DDFrXF25BCov1F+oGYjEYehRm1tRr3cCYIgdtSdTy0UCaVO9p+zE2jc91miv3ZFGxHgCRsG9R6+FQaRkkAAknoBuT7ANzVaRBg7r0enUZVZ8SmZaeP5t1mCOSxUl2f4LJq5hFH06s1rhV+0T+XiamuB9gtVOQZQYY\/HMd4j1R9b+21dP4PwiHSRYQiwG7MT3mI+0zf+AeFqnpYdzzJ0Cp8xzmlh2ltIhz+moHUnbTl59frBFFpYAo7sUSdT5KNyfMnc+smuJcV1hnmkmO2bM1vIE7D3Cw91Wjt12qE55EB+pB7zffYdLfog\/E7+Aqm1b02wF5HmuMFZ9rTIGpPMn88yUpSlSKoSlKURKUpREpSlESlKURKUpRF6jcqQykgjoQbEewjpUp\/tNrccfnMtv1jf8AF1\/fUTSsRK3bUez6SR2JCy7liSxJJ3JJuSfMk9aKxBBBII3BHgfMVilZWi612a7ZQzoFndY5hscrKrnzU9N\/u9fbVmEiKLgoB53AHxr8\/wBecaj+GrmnnL2th7QTzmJ76Fdo4p2v0kAN5Q7fdTvf5h3R7zXPe0na+fV3QfVw\/cU7t+s3j7Nh7etVulZDAFzYjMa1YW7DkPc\/+JSlK3VelKUoiUpSiJSlKIlKUoiUpSiJSlS\/Auzmo1dzEoCqbFybLfrboSTbyH8RWCYW9Om+o61gk9FEUqc492W1OkUPIFZCbZK1xfc2IIB8D4VBUBlZq0n0nWvEHqs0pWKyo1mlSXAeCSauQxRMoYAtuSBYFR4A73YVGEViVuWODQ4jQzHhus0pSsrRKUpREpSlESlKURKUpREpSlESlKURKvHZ3XaebQNo5puQ+ROZ2DAnLcmwPkQSOgqj1ZOCLwxocdWZUmBJLrkQR4BQFIAt5i977+Wrl2YJxbUOrdQQbjAIPCea99oezMkECypOs2nU7Fdgpba4XIrYkAXB62qel4boNLJBo5YWklkAykuRYsxUEbiwyB6dAPGojjvGtKmk+ZaHNkLBndha9mD7XAN7geAFhUm\/HOHah4dVqXkTURAdwKxDFTkNwpFsiSNx13rQzxXfTGHY91hbMN3Mjc3AE9Ij0XjgXZqFdfqNPKvMjRAUy6jLAjp4gMR7q09GdBrJodNDp2S7OWkLnIqoLW2JuWx3J6eHXb7cE7VQ\/PtRqJyY0kQBBYsdsAAcQbGy38qrHZriI0+pimYEqpNwOtmUqbesBr+6gBWjq1FoY1ltpcZ0BNtwjqBG3RdG7OS6MayWHTwGN41ZS1zZlDKGFietwtj1qt9k+BI0Emqkhadg2EcSm1yOrH8Xj0xOx2qW4fxrhcOok1CTSZyBsro+K3YMwAxvckX8enhUJ2Y4\/CsEml1DyRKxyWVL5Kdrju7j0R4G9zesCV0OqUi9ge5ml8QRAmLem3MRK2u0fZyLlwahY202bqksbHLHIkZC52Ax94I2G9SnE+CQw3jXhsk0YF+YslyzW8gchv8A9hVa45q9I3LjTU6qZL3lZr2K\/oK1u8Be21t6ntBxvh+nbmR6zVMoBtAcyu46WZQNvDf301RhoF7voExrLDw10IIg8bePBQPZOONlkJ0MmocMMSGIVVPVT4BvHxJv4W3+\/bngkUKQzxRtFzAc4yb4tYHx6Hcg+Gwrd4d2k00kDxTyyaZmlaQNHkbhmJxuovte3QbAeytLtlxnTzwQRaeSRylwSwbK2IALMRYk28KyJuUDhQGFLQ4ExpsDM8vqnnKqNKUqVUyUpSiJSlKIlKUoimuBdmNRqwWiChAbZsbC\/kLAk\/Cscf7Mz6SxlxKsbBg1xfraxseg8qn+DarS6jh66KbUch0Ym52VrszC97AjvdLg3UGo\/j3ZeWFImSdZoCwVWBNlLnwFyApI6g9aju1Vm7DM+BcxpdoCSHDQ8QW7wPVValdIl4bw+CeLQvAztIu8pY3ya9uh2uR4WAuOu9avZ7s7Auq1cM68xIlUqT1AILA7faxI+FZvC1\/x1S4NuG8HfQxMHw5Kg1K8B4HLq2dYmUFFyNyRte21gd6sXDV0Wumhhi0pjUZs55jXYKO6twd7m1ydxbY+NWHs5qNI0+oTTwGN41Kk3NnUMQTa+249u9YLlJhsAx72lzwWkxpOukmNOC5PSrjwDh2mh0R12qj5tziiXsPSx39d8ut9hXvhPD9Jr9WOVE8UKplImXpMCAALHui7eHUDwNbXLmZgnODPmFzogcYPH37dYCpdK6NrOz8WohmPzN9M8Slo2LXzABNmHS+2\/W1xud604dHo9JooptRCZXm67kWBue7vtYW6bk+Pli9SOy57Tq4BsTJkcY2id+iotK6JxXgumXXaOJIxypFYstz3rA2J3rU4XwqBuKTQtGpiUNZN7CwFvH1ml6HL3h9tw+q3jvbcqNSrz2f7PRMNTO0TTCOQpHAptcg739VmX3X607UcBj+bpqlhOmbIJJGxyADHEMPZt0tsTS8TCwcvqimX6c412HGYjwmYVGrNdO13AoYLRpw5p4sbmUSd4nfot7+XS3XYVWOy0UZ5t9C87g91Qxsu52YnofWbnboN6Xo\/APY8MLhJng7h4a+CrFKufbbgsUcEWpjiaFmOLxE3sbEj2eienW4qmVsDIXNXoOovsd+SlKUrKhSlKURWfhA4W8IXUmaKYElnXJsvYArAC3mL+s19uO8e06wR6XQ5lEcMXbzBLCwIB9I3Ow6fCpUrW1df7twZa1rRIiQIMd+q6G\/HuGzSR6yZpFnjX+rCsQWW9twtjuTbceF60eC9p4ufrJpyU5ygILFvRBCg4jra29UqlYsCkOY1S4OhsgztuYiTry7KW7KcVGl1KSuCUF1a3WzC1x7DY+6rlw7jXC9PLNJFLIWmBJJRsVN74qLA7lvX06+fN6VktlaYfGvoNDWgGDIkHTgY1CtfZ\/jGmbSto9cXRMskkQXt3srWAJve\/gdienj9eHcZ0ej1YbSmV4GTCQsN77G63sTuouCB1NvAVT6UtCNxr2hsAS3YxrA4duG2yufFOIaJYn5Oq1kkjDuKS4C+psgMh4eP86+nDuLaebSRQavTzyctsUaNTZiOihgR3rEAj2GqRU1wvtVq9PHyopBgL2UqrY3NzYkX6msWclLTx0vmpAERAEg6zqCfzThorV234kNPrNJKV\/q0LMg6hSSCB7sreyvrpuN8LTUtqllk5kgIIKtZbgXNsb3OPmRua57rtbJM5kmYu56k\/kNgPUK+FYDNFl2Yu+I5zWiCZE8DEToVcuBdooEGohnZ0hldmWRLhlJO523Gyr4HpuN61uO6zSFFji1Oql713Zy2OPkFa24ttt4m56Wq1KzYFD+9eWWEA+e3nHpsuh8O4zw7TlZItXq8VG2nORHo2tYrj439Lr41r8N7TaeSPURzvJp+ZKZFeMG9iVOJKgm\/dsdtwaolKWBS\/wCSq6QGgcoMbRz+0K49quN6aXSRQQSO7I1yXByIAYZFiLG5I+NU6lK2Ahcteu6s65wG0adEpSlZUCsfGOx0+liMsrpiDY4G57xAG1h4mq93PvN8B+dfoQilcrnVSflcB4SvsqOW5cG\/yU3E9HlvpaVx7hfYqfURJNG8eL3O+x2JG4t5inFexc+miaaVoyqdbbnvMF2Fv0hXYqVtc6N9eyi\/xmDvmw2ztcZjlPbSY8F+eu595vgPzqxcI7Gz6mJZonTFjYZmx7t1O1j4iuxVmtWuqg\/M4Hwj3UtbLcuLf4qbgery7TtaFyDX9htRDG8rtHiiljbc7eQtVZ7n3m+A\/Ov0LWKOdUP0uA8JSjluXNH8tNxPR5b7FcZ4L2Rm1UfNhdMcivfNjta+wB8629X2C1MaPIzx2VGdrEk927bC3Xautis1sHOiJ1UTsswd8tYbeVxJjv7wvz0cPvN8B\/1VOcC7KS6tC8LJirYd8+oHawO1mFdooBWjTVn5nA+Ee6mq5dlpbFOk4HmahPpaPuuTSfJ7qgCS0NgCfSPh7qqvd+834R+dfoSsVlzqh+kx4StKOW4Bs\/Fpudyh5b7GVxTgHZuTVhzAy2U2bPb0r2ta\/lUp9HWq+9D+I\/lXVxWa2a50alR1crwZcSxpA5FxPrpOvRfnvu\/eb8I\/OpXgHZ6TWF+Qy90Atnt6Xla\/3a7dS1aNNWdXA+Ee66KmXZYWkU6TweZqE+lo+65R9HWq+9D+I\/lVWnjVGKMzXUlTsPsmx8fVX6BrFq2e6ofpMeEqOhluAaT8Wm53Z5b7GVw\/gPAn1bssDLdRkc9hYm3hfzqZ+jrVfeh\/Efyrq4FZrLXPA1PotKuWYIummwgci4n10+yUpSsLtSlKURKUpRFHLxRC+NnHfMeWJxLgElcvDodzYX26kVv5DrcVBjghEolDb82RiCzlcZFIDKhOKyg42a3QuPtXrU0vZ6RI1BWJmRkJQtaOUJG8YLBYgEa7hvRc\/VqL7AgitF6xkP8Az1dares7Pu5kxEKZK9mF8u\/p+TySMf6sGz3v9hRjtetpeBIshkjSJDzEdSFAKhY8CNh477eRNEU1kPMf\/nWs38KrGg7POCvOEJUNGxQBSpKRyplisaKDd08NsOuwr3HwKVXgtysYhELiwIEeV1X6ssRZrDvgAEi3W5FYGkFwNzc228Nid\/Lp+8V7yHmKrsHAXEcUf1aGMm8qXzk+oli5h7os+UuVrnx7xrMPAATHzI9OFWUPylGSWGnkhuAVHeOY8OgAuaIrDfw8a9VXeG8HlieEkp3I0WRr5M5WLl7Bo8l3sbhx43XcmrFREpSlESlKURKUpREqszcblDTBDG5QTWiVDmvLAKM3f7wJuLWF7ixFjezV8ooVW+Itclj7TuTvRFCaHiM0roqtFgRK2YAfJYzCAO5IVU3kcHdvRvtew2NXxB1mKBkFkDJGR3pj38lRsgNsV6A2vv1FTFRjcZi6fWZXChOW+RLBmXu43sQjb+GJvaxoijIeKzyGNY5IWylCNKsbYgfN5ZGULzNmDou5PRrEXF6aPjM3LWSblgNHpZGIVlCCdmEgJLHZQo3NrXJNbU\/aGLDNA570OzRupKyyrFkoK3YjI7AX6eYvu\/0nFy+bc45Yeib58zlY42vfPu\/9t6IopOLTtdkMeC7+gxzU6iSMWbIW+rQG9juQemx9aTiTlwjNFEDJKBkpPNI1MiYpdxZgqgnrvICAACDItxSIMqksCwTqjALzCVQMSLKSwIAPjbzF9PXdpYkhaVA7HlSSoCjjJY1BLXx2S7KMv0qItPQ8dlmJWMp\/wCGKejzTKHUoshswEY2JuC2485LiernRO6qhs4EDkZK3MljRyIw1xYMxFz8a+svF4VLhmIwDEnFrdyxcKwFmIuNhc9fI2+knEEUKzCQAm1zG3d3C97bui5G58N+gJoih\/wCmphiGMYbJ1AKG85TUNFjH3u6cFy+16YPRTfe4VxFpJZY2KEqTbCxUDNgAWDkhsQtwyruGtcdJDnjmYXF8crb36269K1l4tEVzGZBIVbI3fJuBht3vRPToBc2G9EUNouPSzFljKf8ApyGaP0ea8odWRZDZgIxsSCC248K86riM+FnaPcOclRlCGDURx3IzJKsHytcdDvvtLnjkPm5+rWUkRyEBXzxv3fSJjYY+lewtci+NPxlGJBDg5uqqEcsQmOTFbXABcC\/TcWvcURazcUf5s0oeIkSYrJicGXmhA+IbcAHwbcqSLA2rXPG5fq8TEQxkCvYKkuMgVFUtILEqTuMrncCwsZDU8T07Aq5awYWGLjJklVBhYd+0uA28SPAi\/wBIeNQshcMcVEhN0ZSOU5jfukX2ZSPXbaiKOl4nMsZlZ4VXnyx2ICkJG8yLYySBWc4J1Ki2VvCvB49KXIUL0uI2Rlkw+b84TMCbheZ9Xa1r7XvtUq3GYQWBY93L7LWODiNwpt3iHZVNvE19JOIouJYSAMQtzG2xZgihjba7ED336b0RRGq4tPEoDmPd0BkCYqivE794PIAO+gW5YemB13P20nFZDMkUvLu6qcI7Pj9VmxclgyjIMAcSpuu9zYT9KIlKUoiUpSiLyRfaojQ8AiiKlSxKlSPRHoLIiiyqAdpW9fTepmlEUVLwWNlVbuMQgUgi45ciyqdxY95B6rbV9Bw5VhMIZ7EsSxxZiXcu5IZSu7Mdsbb2AG1SNKIoiLgUS4WL4rhdLjFzG5kjJFu7i7EgLiOgtYADGq4BHJGsWUiqsTQXVhdonVVdSSD1wXcWItsRc3mKURRg4QgeR1LKXDXACbFvSYEoTc+RJG52rVPZqGyi7bXvYRi+TBjthZNwPQC38b1O0oi+PIGfM+1jj6rXvUcvBEDO4dxIxU8wBAylcrWslm2kcXYMSGNS9KIo0cIjCsoy7yJGTffuF2VgfvZOTfzrwnB1BDCWXmAsTJdcmD4F1IxxAPLToARjsRUrSiKFl4GgWTl3uzB1BKqFcSCUEOIy3pgNZshta1tq+Ok4B9UFkkfImYviwIYTStKyEsu4Ba1wF6dADarBSiKKTgsamQozLzMrgBNi7ZuQShLXYk2YsN7WttWsOzUIwsX7hB6JuVlMw2w7nfJPcxv0PQWnqURKUpREpSlEVK+kvR\/c1H4U\/wCun0maP7mo\/Cn\/AF1yGrP2c4fnC7cgG22VlN7tsozYW3Fu7bp1v04hUedJ9F9lWyjBUmXEH\/tG\/dWbW\/K\/o4vS0+tt94LCR8RNWv8ATboP7vrvwQ\/61c91cYJZXSykkGM3236b73Hr32qqR6Ic9YHdUBkVWkYgBFJF3YnwCm\/uqelVvEFU2a5WMIWuYSWnTXcHeOsjbsei7b9Nug\/u+u\/BD\/rU+m3Qf3fXfgh\/1q5vquyekGDLr40jezI0mBLRs7KCAWTIoBZrD0lPo9K+P+zOjK3XicAsoJyEd2JldSFQT3FowjWN73677TKmXTvpu0H93134If8AWp9N2g\/u+u\/BD\/rVyyTs7owjP\/ScJxDnARpm2Gdgqc\/cvgMd98he1xf0OAaLnvH8\/j5axAiW8VnkKS3t9Z6AkRO6AXIkFhY50Rdq7OfKbw7WOsSyPFKxsqTKEyPQAOCULHwGVz5Vda\/IXF9IkUrxRypMi2AlW2L3VWNrMw2JK9T6JrvnyN9o5NZoyk7FpdOwjLE3LxkXjZj4n0lv44X6k0RdBpSlESlKURKUpREpSlESlKURKUpRF+cdNhkvMywuMsetvG1dX08keGUIsiw5gKxZbQvkLC4ABBG9u75eFU\/6PNf9xP2i1v6DsxxWFWWPEBgV\/rF2va5F+lwtjbrsfCuFocOC+3xtTDVwLazZHC7T05aHY\/3FduEhWW0ZLOAciFsB3u6pFzcjoOm1qofDNRD\/AEjE8+HIEqB8xdcVsGyBBuNvI1deI9guKEERRLkbkyGZbi\/XEX6+s1C\/RNxX+xi\/ap+dT0mEEuKpc1xdJ1JmGpuut1LusEADpqdtNhJMx74jFwuVZWMsCzrp7KEDKDMF1BRg0UcMcjFuQGPKtba1xmdeeDhBdsbJEupwJ5s5k5AeHGSJcWVwyGfLKxWy23tn9vom4r\/Yx\/tU\/On0TcV\/sY\/2qfnU6o16li4TiYlkhNpCwDNKqM506gAyjKQQZq2wc2YgXsb1rwaXg7HHMqA5YSs0t3Q6jUqkbILBRyU07EjE9+5I3r7fRNxX+xj\/AGqfnT6JuK\/2Mf7VPzoiq\/aKKBdTIukYNB3ChBYjeNCwu3e2csN7nbqetda\/\/n7h7LDqdQQQsjxxr6+SHJI8xea3tU+VV7gXyOa2SQfO2jgiB7xVhJIw8kAGI9pO3ka7dwnhsWmhSCBcIo1xVR5eJJ6kk3JJ3JJNEW9SlKLCUpSiJSlKIlKUoiUpSiJSlKIlKUoiUpSiJSlKIlKUoiUpSiJSlKIlKUoiUpSiJSlKIlKUoiUpSiL\/2Q==\" width=\"134\" height=\"234\" \/><\/p>\n<p><a href=\"https:\/\/bcnroc.ajuntament.barcelona.cat\/jspui\/bitstream\/11703\/116162\/3\/AA_FINAL_Llibret%20SC_cat.pdf\">Sordesa. Sordceguesa. Recomanacions per comunicar-nos amb persones amb sordesa i sordceguesa<\/a><\/p>\n","protected":false},"excerpt":{"rendered":"<p>A continuaci\u00f3 hi podreu trobar diverses guies per fam\u00edlies que us poden interessar:<br \/>\n<a href=\"http:\/\/treballiaferssocials.gencat.cat\/web\/.content\/01departament\/08publicacions\/ambits_tematics\/discapacitat\/12sordsprofunds\/sords_profunds.pdf\" target=\"_blank\" rel=\"noopener noreferrer\"><\/a><br \/>\n&nbsp;<br \/>\n&nbsp;<br \/>\n&nbsp;<br \/>\n<a href=\"http:\/\/treballiaferssocials.gencat.cat\/web\/.content\/01departament\/08publicacions\/ambits_tematics\/discapacitat\/12sordsprofunds\/sords_profunds.pdf\"><br \/>\nSords profunds per\u00f2 hi sentim i parlem<\/a><br \/>\n<a href=\"http:\/\/serveiseducatius.xtec.cat\/credac-perebarnils\/wp-content\/uploads\/usu1333\/2016\/04\/perdua-auditiva.png\"><\/a><br \/>\n&nbsp;<br \/>\n&nbsp;<br \/>\n&nbsp;<br \/>\n&nbsp;<br \/>\n<a href=\"http:\/\/www.hsjdbcn.org\/polymitaImages\/public\/consells\/2015\/2015_02_18_consell_perdua_auditiva_HSJD_CREDAV_cat.pdf\"><br \/>\nEl meu fill t\u00e9 una p\u00e8rdua auditiva. Informaci\u00f3 per a les fam\u00edlies<\/a><br \/>\n<a href=\"http:\/\/serveiseducatius.xtec.cat\/credac-perebarnils\/wp-content\/uploads\/usu1333\/2016\/04\/guia_tartamudesa.png\"><\/a><br \/>\n&nbsp;<br \/>\n&nbsp;<br \/>\n&nbsp;<br \/>\n&nbsp;<br \/>\n<a href=\"http:\/\/ensenyament.gencat.cat\/web\/.content\/home\/departament\/publicacions\/colleccions\/guia-families\/tartamudesa\/guia_famil_fills_tartamudesa.pdf\"><br \/>\nGuia per a fam\u00edlies d&#8217;infants amb tartamudesa<\/a><br \/>\n<a&hellip;  <a href=\"https:\/\/serveiseducatius.xtec.cat\/credac-perebarnils\/families\/guies\/\" title=\"Read Guies\">Llegeix m\u00e9s\u00bb<\/a><\/p>\n","protected":false},"author":1,"featured_media":0,"parent":8171,"menu_order":0,"comment_status":"closed","ping_status":"closed","template":"","meta":{"_bbp_topic_count":0,"_bbp_reply_count":0,"_bbp_total_topic_count":0,"_bbp_total_reply_count":0,"_bbp_voice_count":0,"_bbp_anonymous_reply_count":0,"_bbp_topic_count_hidden":0,"_bbp_reply_count_hidden":0,"_bbp_forum_subforum_count":0,"footnotes":""},"class_list":["post-8175","page","type-page","status-publish","hentry"],"post_mailing_queue_ids":[],"_links":{"self":[{"href":"https:\/\/serveiseducatius.xtec.cat\/credac-perebarnils\/wp-json\/wp\/v2\/pages\/8175","targetHints":{"allow":["GET"]}}],"collection":[{"href":"https:\/\/serveiseducatius.xtec.cat\/credac-perebarnils\/wp-json\/wp\/v2\/pages"}],"about":[{"href":"https:\/\/serveiseducatius.xtec.cat\/credac-perebarnils\/wp-json\/wp\/v2\/types\/page"}],"author":[{"embeddable":true,"href":"https:\/\/serveiseducatius.xtec.cat\/credac-perebarnils\/wp-json\/wp\/v2\/users\/1"}],"replies":[{"embeddable":true,"href":"https:\/\/serveiseducatius.xtec.cat\/credac-perebarnils\/wp-json\/wp\/v2\/comments?post=8175"}],"version-history":[{"count":4,"href":"https:\/\/serveiseducatius.xtec.cat\/credac-perebarnils\/wp-json\/wp\/v2\/pages\/8175\/revisions"}],"predecessor-version":[{"id":17158,"href":"https:\/\/serveiseducatius.xtec.cat\/credac-perebarnils\/wp-json\/wp\/v2\/pages\/8175\/revisions\/17158"}],"up":[{"embeddable":true,"href":"https:\/\/serveiseducatius.xtec.cat\/credac-perebarnils\/wp-json\/wp\/v2\/pages\/8171"}],"wp:attachment":[{"href":"https:\/\/serveiseducatius.xtec.cat\/credac-perebarnils\/wp-json\/wp\/v2\/media?parent=8175"}],"curies":[{"name":"wp","href":"https:\/\/api.w.org\/{rel}","templated":true}]}}