{"id":8140,"date":"2016-04-01T14:00:46","date_gmt":"2016-04-01T13:00:46","guid":{"rendered":"http:\/\/serveiseducatius.xtec.cat\/credac-perebarnils\/?page_id=8140"},"modified":"2018-01-11T13:38:58","modified_gmt":"2018-01-11T12:38:58","slug":"serveis","status":"publish","type":"page","link":"https:\/\/serveiseducatius.xtec.cat\/credac-perebarnils\/el-creda\/serveis\/","title":{"rendered":"Serveis"},"content":{"rendered":"<p>El nostre equip multidisciplinar ofereix els serveis que trobareu a continuaci\u00f3:<\/p>\n<ul>\n<li><span style=\"font-family: Arial,Helvetica,sans-serif; font-size: medium;\">Atenci\u00f3 logop\u00e8dica a alumnes amb deficiencia auditiva o amb greus dificultats de llenguatge.<\/span><\/li>\n<li><span style=\"font-family: Arial,Helvetica,sans-serif; font-size: medium;\">Exploraci\u00f3 psicoling\u00fc\u00edstica dels alumnes atesos pel CREDA.<\/span><\/li>\n<li><span style=\"font-family: Arial,Helvetica,sans-serif; font-size: medium;\">Acolliment familiar\u00a0de l&#8217;alumnat\u00a0amb deficiencia auditiva.<\/span><\/li>\n<li><span style=\"font-family: Arial,Helvetica,sans-serif; font-size: medium;\">Assessoraments al centres escolars on hi hagi matriculats alumnes amb p\u00e8rdua auditiva o amb trastorn de llenguatge.<\/span><\/li>\n<li><span style=\"font-family: Arial,Helvetica,sans-serif; font-size: medium;\">Col\u00b7laboraci\u00f3 amb l&#8217;EAP per decidir si un alumne \u00e9s creditor d&#8217;atenci\u00f3 del CREDA.<\/span><\/li>\n<li><span style=\"font-family: Arial,Helvetica,sans-serif; font-size: medium;\">Valoraci\u00f3 audiol\u00f2gica dels alumnes amb sospita o amb diagn\u00f2stic de p\u00e8rdua auditiva.<\/span><\/li>\n<li><span style=\"font-family: Arial,Helvetica,sans-serif; font-size: medium;\">Revisions audioprot\u00e8tiques\u00a0de l&#8217;alumnat at\u00e8s\u00a0per una logopeda o en seguiment.<\/span><\/li>\n<\/ul>\n<p>&nbsp;<\/p>\n","protected":false},"excerpt":{"rendered":"<p>El nostre equip multidisciplinar ofereix els serveis que trobareu a continuaci\u00f3:<\/p>\n<ul>\n<li>Atenci\u00f3 logop\u00e8dica a alumnes amb deficiencia auditiva o amb greus dificultats de llenguatge.<\/li>\n<li>Exploraci\u00f3 psicoling\u00fc\u00edstica dels alumnes atesos pel CREDA.<\/li>\n<li>Acolliment familiar\u00a0de l&#8217;alumnat\u00a0amb deficiencia auditiva.<\/li>\n<li>Assessoraments al centres escolars on hi hagi matriculats alumnes amb p\u00e8rdua auditiva o&hellip;  <a href=\"https:\/\/serveiseducatius.xtec.cat\/credac-perebarnils\/el-creda\/serveis\/\" title=\"Read Serveis\">Llegeix m\u00e9s\u00bb<\/a><br \/>\n","protected":false},"author":1,"featured_media":0,"parent":806,"menu_order":30,"comment_status":"closed","ping_status":"closed","template":"","meta":{"_bbp_topic_count":0,"_bbp_reply_count":0,"_bbp_total_topic_count":0,"_bbp_total_reply_count":0,"_bbp_voice_count":0,"_bbp_anonymous_reply_count":0,"_bbp_topic_count_hidden":0,"_bbp_reply_count_hidden":0,"_bbp_forum_subforum_count":0,"footnotes":""},"class_list":["post-8140","page","type-page","status-publish","hentry"],"post_mailing_queue_ids":[],"_links":{"self":[{"href":"https:\/\/serveiseducatius.xtec.cat\/credac-perebarnils\/wp-json\/wp\/v2\/pages\/8140","targetHints":{"allow":["GET"]}}],"collection":[{"href":"https:\/\/serveiseducatius.xtec.cat\/credac-perebarnils\/wp-json\/wp\/v2\/pages"}],"about":[{"href":"https:\/\/serveiseducatius.xtec.cat\/credac-perebarnils\/wp-json\/wp\/v2\/types\/page"}],"author":[{"embeddable":true,"href":"https:\/\/serveiseducatius.xtec.cat\/credac-perebarnils\/wp-json\/wp\/v2\/users\/1"}],"replies":[{"embeddable":true,"href":"https:\/\/serveiseducatius.xtec.cat\/credac-perebarnils\/wp-json\/wp\/v2\/comments?post=8140"}],"version-history":[{"count":3,"href":"https:\/\/serveiseducatius.xtec.cat\/credac-perebarnils\/wp-json\/wp\/v2\/pages\/8140\/revisions"}],"predecessor-version":[{"id":10279,"href":"https:\/\/serveiseducatius.xtec.cat\/credac-perebarnils\/wp-json\/wp\/v2\/pages\/8140\/revisions\/10279"}],"up":[{"embeddable":true,"href":"https:\/\/serveiseducatius.xtec.cat\/credac-perebarnils\/wp-json\/wp\/v2\/pages\/806"}],"wp:attachment":[{"href":"https:\/\/serveiseducatius.xtec.cat\/credac-perebarnils\/wp-json\/wp\/v2\/media?parent=8140"}],"curies":[{"name":"wp","href":"https:\/\/api.w.org\/{rel}","templated":true}]}}