{"id":797,"date":"2015-11-28T21:06:57","date_gmt":"2015-11-28T20:06:57","guid":{"rendered":"http:\/\/serveiseducatius.xtec.cat\/credac-perebarnils\/?page_id=797"},"modified":"2021-12-20T10:37:30","modified_gmt":"2021-12-20T09:37:30","slug":"que-es","status":"publish","type":"page","link":"https:\/\/serveiseducatius.xtec.cat\/credac-perebarnils\/el-creda\/que-es\/","title":{"rendered":"Qu\u00e8 \u00e9s"},"content":{"rendered":"<p>Els CREDA s\u00f3n serveis de suport als centres educatius en l\u2019adequaci\u00f3 a la resposta educativa davant les necessitats que interfereixen en el desenvolupament personal, social i curricular de l\u2019alumnat amb d\u00e8ficit auditiu, o greus dificultats del\u00a0 llenguatge i\/o la parla. La seva intervenci\u00f3 es concreta en tres grans \u00e0mbits: alumnat i fam\u00edlies, equips docents i zona educativa.<\/p>\n<p>Es tracta d\u2019un model d\u2019atenci\u00f3 a l\u2019alumnat amb necessitats educatives especials i al seu entorn propi de Catalunya. Actualment hi ha 10 CREDA, cadascun amb una zona d\u2019actuaci\u00f3 determinada.<\/p>\n<p><strong>Destinataris<\/strong><\/p>\n<ul>\n<li>Infants i joves amb p\u00e8rdua auditiva (0-18a), i llurs fam\u00edlies.<\/li>\n<li>Alumnat amb greus dificultats del llenguatge i\/o la parla (3-12a), i llurs fam\u00edlies.<\/li>\n<li>Centres i professorat de l\u2019alumnat amb greus dificultats d\u2019audici\u00f3, llenguatge i\/o comunicaci\u00f3.<\/li>\n<li>Professorat especialitzat (MALL) de la zona educativa de l\u2019alumnat amb greus dificultats d\u2019audici\u00f3 i\/o llenguatge.<\/li>\n<\/ul>\n<p><strong>Objectius<\/strong><\/p>\n<ul>\n<li>Realitzar la valoraci\u00f3 i seguiment del proc\u00e9s evolutiu audiol\u00f2gic, comunicatiu i ling\u00fc\u00edstic de l\u2019infant amb sordesa.<\/li>\n<li>Realitzar la valoraci\u00f3 i seguiment de les necessitats psicoling\u00fc\u00edstiques i educatives de l\u2019alumnat amb greus dificultats de llenguatge i\/o parla.<\/li>\n<li>Proporcionar atenci\u00f3 logop\u00e8dica espec\u00edfica a l\u2019alumnat amb dificultats de l\u2019audici\u00f3, el llenguatge i\/o la parla.<\/li>\n<li>Orientar i assessorar a les fam\u00edlies de l\u2019alumnat amb greus trastorns de l\u2019audici\u00f3, el llenguatge i\/o la parla.<\/li>\n<li>Proporcionar suport i assessorament als centres i al professorat de l\u2019alumnat amb greus dificultats d\u2019audici\u00f3, llenguatge i\/o parla.<\/li>\n<li>Posar a disposici\u00f3 de la comunitat educativa materials, recursos, assessorament i formaci\u00f3 especialitzada per a l\u2019adequaci\u00f3 de la tasca docent a les necessitats especials de l\u2019alumnat amb dificultats d\u2019audici\u00f3, llenguatge i\/o parla.<\/li>\n<\/ul>\n<p><strong>Acc\u00e9s<\/strong><\/p>\n<p>Derivats per l\u2019EAP de la zona a trav\u00e9s d\u2019un full protocol\u00b7litzat de demanda amb les dades pertinents per valorar la idone\u00eftat i caracter\u00edstiques de l\u2019alumnat pel que es sol\u00b7licita atenci\u00f3 logop\u00e8dica.<br \/>\nEl infants de 0 a 3 anys amb diagn\u00f2stic de p\u00e8rdua auditiva (ORL) la fam\u00edlia, el CDIAP o l\u2019EAP poden accedir directament al CREDA.<\/p>\n<p><strong>Professionals<\/strong><\/p>\n<ul>\n<li>Mestres amb formaci\u00f3 de logop\u00e8dia<\/li>\n<li>Psicopedagogs\/es especialitzats en audici\u00f3, llenguatge i comunicaci\u00f3<\/li>\n<li>Audioprotetistes especialitzats en audiopr\u00f2tesi infantil i juvenil<\/li>\n<\/ul>\n<p>Ves al <a href=\"http:\/\/serveiseducatius.xtec.cat\/credac-perebarnils\/wp-content\/uploads\/usu1333\/2016\/04\/Marc_actuaci%C3%B3_CREDA_99.pdf\" target=\"_blank\" rel=\"noopener noreferrer\">marc d&#8217;actuaci\u00f3<\/a>.<\/p>\n","protected":false},"excerpt":{"rendered":"<p>Els CREDA s\u00f3n serveis de suport als centres educatius en l\u2019adequaci\u00f3 a la resposta educativa davant les necessitats que interfereixen en el desenvolupament personal, social i curricular de l\u2019alumnat amb d\u00e8ficit auditiu, o greus dificultats del\u00a0 llenguatge i\/o la parla. La seva intervenci\u00f3 es concreta&hellip;  <a href=\"https:\/\/serveiseducatius.xtec.cat\/credac-perebarnils\/el-creda\/que-es\/\" title=\"Read Qu\u00e8 \u00e9s\">Llegeix m\u00e9s\u00bb<\/a><\/p>\n","protected":false},"author":1,"featured_media":0,"parent":806,"menu_order":10,"comment_status":"closed","ping_status":"closed","template":"","meta":{"_bbp_topic_count":0,"_bbp_reply_count":0,"_bbp_total_topic_count":0,"_bbp_total_reply_count":0,"_bbp_voice_count":0,"_bbp_anonymous_reply_count":0,"_bbp_topic_count_hidden":0,"_bbp_reply_count_hidden":0,"_bbp_forum_subforum_count":0,"footnotes":""},"class_list":["post-797","page","type-page","status-publish","hentry"],"post_mailing_queue_ids":[],"_links":{"self":[{"href":"https:\/\/serveiseducatius.xtec.cat\/credac-perebarnils\/wp-json\/wp\/v2\/pages\/797","targetHints":{"allow":["GET"]}}],"collection":[{"href":"https:\/\/serveiseducatius.xtec.cat\/credac-perebarnils\/wp-json\/wp\/v2\/pages"}],"about":[{"href":"https:\/\/serveiseducatius.xtec.cat\/credac-perebarnils\/wp-json\/wp\/v2\/types\/page"}],"author":[{"embeddable":true,"href":"https:\/\/serveiseducatius.xtec.cat\/credac-perebarnils\/wp-json\/wp\/v2\/users\/1"}],"replies":[{"embeddable":true,"href":"https:\/\/serveiseducatius.xtec.cat\/credac-perebarnils\/wp-json\/wp\/v2\/comments?post=797"}],"version-history":[{"count":3,"href":"https:\/\/serveiseducatius.xtec.cat\/credac-perebarnils\/wp-json\/wp\/v2\/pages\/797\/revisions"}],"predecessor-version":[{"id":16978,"href":"https:\/\/serveiseducatius.xtec.cat\/credac-perebarnils\/wp-json\/wp\/v2\/pages\/797\/revisions\/16978"}],"up":[{"embeddable":true,"href":"https:\/\/serveiseducatius.xtec.cat\/credac-perebarnils\/wp-json\/wp\/v2\/pages\/806"}],"wp:attachment":[{"href":"https:\/\/serveiseducatius.xtec.cat\/credac-perebarnils\/wp-json\/wp\/v2\/media?parent=797"}],"curies":[{"name":"wp","href":"https:\/\/api.w.org\/{rel}","templated":true}]}}