{"id":608,"date":"2015-11-27T10:04:51","date_gmt":"2015-11-27T09:04:51","guid":{"rendered":"http:\/\/serveiseducatius.xtec.cat\/credac-perebarnils\/?page_id=608"},"modified":"2025-04-04T09:40:42","modified_gmt":"2025-04-04T07:40:42","slug":"horari-i-calendari","status":"publish","type":"page","link":"https:\/\/serveiseducatius.xtec.cat\/credac-perebarnils\/el-creda\/horari-i-calendari\/","title":{"rendered":"Horari i calendari"},"content":{"rendered":"<p>De dilluns a dijous de 8:00 a 14:00 i de 15:00 a 17:30.<\/p>\n<p>Divendres, de 8:00 a 14:00.<\/p>\n<p>El nostre CREDA\u00a0romandr\u00e0 tancat al p\u00fablic, a part dels per\u00edodes de vacances escolars i dels dies de festes laborals oficials a Catalunya, els seg\u00fcents dies de festa local i de lliure disposici\u00f3, acordats pel Consell Escolar Municipal de Barcelona:<\/p>\n<p>Curs 2024-25:<\/p>\n<ul>\n<li>11 de setembre<\/li>\n<li>24 de setembre<\/li>\n<li>31 d&#8217;octubre<\/li>\n<li>1 de novembre<\/li>\n<li>6 de desembre<\/li>\n<li>Vacances de Nadal: del 21 de desembre al 7 de gener.<\/li>\n<li>7 de febrer<\/li>\n<li>3 de mar\u00e7<\/li>\n<li>Vacances de Setmana Santa: 12 al 21 d&#8217;abril<\/li>\n<li>1 i 2 de maig<\/li>\n<li>9 de juny<\/li>\n<li>24 de juny<\/li>\n<li>Vacances d&#8217;estiu: del 16 de juliol al 31 d&#8217;agost<\/li>\n<\/ul>\n","protected":false},"excerpt":{"rendered":"<p>De dilluns a dijous de 8:00 a 14:00 i de 15:00 a 17:30.<br \/>\nDivendres, de 8:00 a 14:00.<br \/>\nEl nostre CREDA\u00a0romandr\u00e0 tancat al p\u00fablic, a part dels per\u00edodes de vacances escolars i dels dies de festes laborals oficials a Catalunya, els seg\u00fcents dies de festa local i&hellip;  <a href=\"https:\/\/serveiseducatius.xtec.cat\/credac-perebarnils\/el-creda\/horari-i-calendari\/\" title=\"Read Horari i calendari\">Llegeix m\u00e9s\u00bb<\/a><\/p>\n","protected":false},"author":1,"featured_media":0,"parent":806,"menu_order":40,"comment_status":"closed","ping_status":"closed","template":"","meta":{"_bbp_topic_count":0,"_bbp_reply_count":0,"_bbp_total_topic_count":0,"_bbp_total_reply_count":0,"_bbp_voice_count":0,"_bbp_anonymous_reply_count":0,"_bbp_topic_count_hidden":0,"_bbp_reply_count_hidden":0,"_bbp_forum_subforum_count":0,"footnotes":""},"class_list":["post-608","page","type-page","status-publish","hentry"],"post_mailing_queue_ids":[],"_links":{"self":[{"href":"https:\/\/serveiseducatius.xtec.cat\/credac-perebarnils\/wp-json\/wp\/v2\/pages\/608","targetHints":{"allow":["GET"]}}],"collection":[{"href":"https:\/\/serveiseducatius.xtec.cat\/credac-perebarnils\/wp-json\/wp\/v2\/pages"}],"about":[{"href":"https:\/\/serveiseducatius.xtec.cat\/credac-perebarnils\/wp-json\/wp\/v2\/types\/page"}],"author":[{"embeddable":true,"href":"https:\/\/serveiseducatius.xtec.cat\/credac-perebarnils\/wp-json\/wp\/v2\/users\/1"}],"replies":[{"embeddable":true,"href":"https:\/\/serveiseducatius.xtec.cat\/credac-perebarnils\/wp-json\/wp\/v2\/comments?post=608"}],"version-history":[{"count":6,"href":"https:\/\/serveiseducatius.xtec.cat\/credac-perebarnils\/wp-json\/wp\/v2\/pages\/608\/revisions"}],"predecessor-version":[{"id":17956,"href":"https:\/\/serveiseducatius.xtec.cat\/credac-perebarnils\/wp-json\/wp\/v2\/pages\/608\/revisions\/17956"}],"up":[{"embeddable":true,"href":"https:\/\/serveiseducatius.xtec.cat\/credac-perebarnils\/wp-json\/wp\/v2\/pages\/806"}],"wp:attachment":[{"href":"https:\/\/serveiseducatius.xtec.cat\/credac-perebarnils\/wp-json\/wp\/v2\/media?parent=608"}],"curies":[{"name":"wp","href":"https:\/\/api.w.org\/{rel}","templated":true}]}}