{"id":306,"date":"2015-11-24T18:02:44","date_gmt":"2015-11-24T17:02:44","guid":{"rendered":"http:\/\/serveiseducatius.xtec.cat\/credac-perebarnils\/?page_id=306"},"modified":"2018-01-11T13:28:42","modified_gmt":"2018-01-11T12:28:42","slug":"equip","status":"publish","type":"page","link":"https:\/\/serveiseducatius.xtec.cat\/credac-perebarnils\/el-creda\/equip\/","title":{"rendered":"Equip"},"content":{"rendered":"<div id=\"content\">\n<div id=\"main-content\">\n<div id=\"right-col-big2\" class=\"bg-magenta\">\n<ul>\n<li>PROFESSIONALS<\/li>\n<\/ul>\n<p>El CREDA Pere Barnils est\u00e0 format per un equip de logopedes itinerants, psicopedagogs i audioprotetistes dedicats a l\u2019atenci\u00f3 als alumnes, centres i fam\u00edlies. Els membres de l\u2019Equip Directiu i el Personal d\u2019Administraci\u00f3 i Serveis completen la plantilla del Credac.<\/p>\n<ul>\n<li>LOGOPEDES<\/li>\n<\/ul>\n<p>Les logopedes realitzen la seva tasca educativa a la ciutat de Barcelona i es distribueixen per districtes municipals. Aquesta distribuci\u00f3 per districtes correspon a cada un dels Equip d\u2019Assessorament Psicopedag\u00f2gic de la ciutat.<br \/>\nEls logopedes atenen directament als alumnes sords\u00a0a les escoles ordin\u00e0ries, des de la detecci\u00f3 de la sordesa fins que la seva evoluci\u00f3 en l&#8217;adquisici\u00f3 del llenguatge aix\u00ed ho faci necessari.<br \/>\nD\u2019altra banda, tamb\u00e9 s\u2019atenen alumnes amb trastorns de llenguatge a les escoles d\u2019educaci\u00f3 infantil i prim\u00e0ria derivats pels EAP.<\/p>\n<ul>\n<li>PSICOPEDAGOGS<\/li>\n<\/ul>\n<p>Valoren les habilitats comunicatives i ling\u00fc\u00edstiques dels alumnes deficients auditius i el nivell maduratiu dels infants que arriben a l&#8217;Equip d&#8217;Acollida. Realitzen els informes psicopedag\u00f2gics que acompanyen als dict\u00e0mens. Orienten a les fam\u00edlies, al Credac i als centres sobre l\u2019escolaritzaci\u00f3 i les necessitats educatives de cada alumne.<br \/>\nCol\u00b7laboren amb tots els serveis educatius relacionats amb els alumnes atesos, EAP, CDIAP&#8230;<\/p>\n<p>Pel que fa a l&#8217;alumnat amb trastorn de llenguatge, recullen les demandes dels EAP, adjudiquen el comportament ling\u00fc\u00edsitc de l&#8217;alumne, en fan el seguiment juntament amb la logopeda i valoren el moment en qu\u00e8 l&#8217;alumne ha de ser donat de baixa del servei segons els criteris del marc d&#8217;actuaci\u00f3.<\/p>\n<ul>\n<li>AUDIOPROTESISTES<\/li>\n<\/ul>\n<p>Valoren la capacitat auditiva dels infants per confirmar o descartar una p\u00e8rdua auditiva i aix\u00ed poder informar sobre les diferents solucions audioprot\u00e8tiques o d\u2019Implant coclear.<br \/>\nEs coordinen\u00a0amb les logopedes, centres de salut i centres implantadors per realitzar el seguiment audioprot\u00e8tic dels infants.<\/p>\n<p>&nbsp;<\/p>\n<\/div>\n<\/div>\n<\/div>\n","protected":false},"excerpt":{"rendered":"<ul>\n<li>PROFESSIONALS<\/li>\n<\/ul>\n<p>El CREDA Pere Barnils est\u00e0 format per un equip de logopedes itinerants, psicopedagogs i audioprotetistes dedicats a l\u2019atenci\u00f3 als alumnes, centres i fam\u00edlies. Els membres de l\u2019Equip Directiu i el Personal d\u2019Administraci\u00f3 i Serveis completen la plantilla del Credac.<\/p>\n<ul>\n<li>LOGOPEDES<\/li>\n<\/ul>\n<p>Les logopedes realitzen la seva tasca educativa&hellip;  <a href=\"https:\/\/serveiseducatius.xtec.cat\/credac-perebarnils\/el-creda\/equip\/\" title=\"Read Equip\">Llegeix m\u00e9s\u00bb<\/a><\/p>\n","protected":false},"author":1,"featured_media":0,"parent":806,"menu_order":28,"comment_status":"closed","ping_status":"closed","template":"","meta":{"_bbp_topic_count":0,"_bbp_reply_count":0,"_bbp_total_topic_count":0,"_bbp_total_reply_count":0,"_bbp_voice_count":0,"_bbp_anonymous_reply_count":0,"_bbp_topic_count_hidden":0,"_bbp_reply_count_hidden":0,"_bbp_forum_subforum_count":0,"footnotes":""},"class_list":["post-306","page","type-page","status-publish","hentry"],"post_mailing_queue_ids":[],"_links":{"self":[{"href":"https:\/\/serveiseducatius.xtec.cat\/credac-perebarnils\/wp-json\/wp\/v2\/pages\/306","targetHints":{"allow":["GET"]}}],"collection":[{"href":"https:\/\/serveiseducatius.xtec.cat\/credac-perebarnils\/wp-json\/wp\/v2\/pages"}],"about":[{"href":"https:\/\/serveiseducatius.xtec.cat\/credac-perebarnils\/wp-json\/wp\/v2\/types\/page"}],"author":[{"embeddable":true,"href":"https:\/\/serveiseducatius.xtec.cat\/credac-perebarnils\/wp-json\/wp\/v2\/users\/1"}],"replies":[{"embeddable":true,"href":"https:\/\/serveiseducatius.xtec.cat\/credac-perebarnils\/wp-json\/wp\/v2\/comments?post=306"}],"version-history":[{"count":3,"href":"https:\/\/serveiseducatius.xtec.cat\/credac-perebarnils\/wp-json\/wp\/v2\/pages\/306\/revisions"}],"predecessor-version":[{"id":10276,"href":"https:\/\/serveiseducatius.xtec.cat\/credac-perebarnils\/wp-json\/wp\/v2\/pages\/306\/revisions\/10276"}],"up":[{"embeddable":true,"href":"https:\/\/serveiseducatius.xtec.cat\/credac-perebarnils\/wp-json\/wp\/v2\/pages\/806"}],"wp:attachment":[{"href":"https:\/\/serveiseducatius.xtec.cat\/credac-perebarnils\/wp-json\/wp\/v2\/media?parent=306"}],"curies":[{"name":"wp","href":"https:\/\/api.w.org\/{rel}","templated":true}]}}