{"id":17172,"date":"2022-04-05T12:43:16","date_gmt":"2022-04-05T10:43:16","guid":{"rendered":"https:\/\/serveiseducatius.xtec.cat\/credac-perebarnils\/?page_id=17172"},"modified":"2025-05-23T11:39:26","modified_gmt":"2025-05-23T09:39:26","slug":"on-podeu-aprendre-llengua-de-signes-catalana","status":"publish","type":"page","link":"https:\/\/serveiseducatius.xtec.cat\/credac-perebarnils\/families\/on-podeu-aprendre-llengua-de-signes-catalana\/","title":{"rendered":"On podeu aprendre Llengua de Signes Catalana?"},"content":{"rendered":"<p>A continuaci\u00f3 us compartim les entitats on s&#8217;hi pot aprendre Llengua de Signes Catalana (LSC), sigui de manera presencial o telem\u00e0tica. Mirarem de tenir aquesta p\u00e0gina actualitzada, si hi veieu cap error, desactualitzaci\u00f3 o coneixeu llocs que no apareixen aqu\u00ed, feu-nos-ho saber, si us plau! Ens podeu escriure al correu electr\u00f2nic del CREDA (a8901335@xtec.cat) .<\/p>\n<ol>\n<li style=\"list-style-type: none;\">\n<ol>\n<li><a href=\"https:\/\/llengua.gencat.cat\/ca\/llengua_signes_catalana\/recursos-i-activitats\/aprendre-i-practicar-lsc\/index.html\">Web oficial de la Generalitat amb un mapa dels llocs on es pot aprendre LSC<\/a>. Aquest enlla\u00e7 us portar\u00e0 a un mapa amb tota l\u2019oferta de cursos. Dels adre\u00e7ats a adults, hi trobareu alguns com els que organitzen:\n<ul style=\"list-style-type: circle;\">\n<li>Entitats que formen part de <a href=\"http:\/\/www.fesoca.org\/es\/cursos-lsc\">FESOCA<\/a><\/li>\n<li><span style=\"font-weight: 400;\">GUSPIRES &#8211; Volem signar i escoltar, Casal de sords de Bac i Associaci\u00f3\u00a0<\/span>\n<ul style=\"list-style-type: circle;\">\n<li><span style=\"font-weight: 400;\">Dijous, Vic M\u00f2bil 609964392<\/span><\/li>\n<li>Dissabtes, casal de sords 10h a 13h, Casp 159 (Bcn), M\u00f2bil 236956091<\/li>\n<\/ul>\n<\/li>\n<li>Altres entitats que ofereixen cursos d\u2019LSC presencials i\/o en l\u00ednia.\n<ul style=\"list-style-type: circle;\">\n<li><a href=\"http:\/\/www.agilscomunicacio.com\/ca\/\">AGILS<\/a><\/li>\n<li><a href=\"http:\/\/www.associacioapso.com\/\">APSO<\/a><\/li>\n<li><a href=\"http:\/\/www.auelsignes.org\">AUELS<\/a><\/li>\n<li><a href=\"http:\/\/grupohada.org\/ca\/\">Fundaci\u00f3 grupo HADA<\/a><\/li>\n<li><a href=\"fppuerto@ccoo.cat\">CCOO Fundaci\u00f3n Paco Puerto<\/a><\/li>\n<li><a href=\"informacio@idfo.com\">UGT-IDFO<\/a><\/li>\n<li><a href=\"https:\/\/laifari.cat\/curs-de-lsc\/\"><span style=\"font-weight: 400;\">Laifari <\/span><\/a><\/li>\n<li>Escoles Oficials d&#8217;Idiomes<\/li>\n<li><a href=\"https:\/\/www.instagram.com\/p\/Cp7mXDStKDS\/?igshid=MDJmNzVkMjY=\">Curs a Laifari<\/a><\/li>\n<li><a href=\"https:\/\/lscboreal.cat\/que-fem\/\">Boreal : comunicaci\u00f3 accessible<\/a><\/li>\n<\/ul>\n<\/li>\n<\/ul>\n<\/li>\n<li>Alguns recursos en l\u00ednia\n<ul style=\"list-style-type: circle;\">\n<li><a href=\"https:\/\/llengua.gencat.cat\/ca\/llengua_signes_catalana\/recursos-i-activitats\/vocabulari\/\">Vocabulari b\u00e0sic de la llengua de signes catalana<\/a><\/li>\n<li><a href=\"https:\/\/www.edu365.cat\/signes\/index.html\">Mira qu\u00e8 dic<\/a><\/li>\n<li>APP per al m\u00f2bil: SignesCAT (<a href=\"https:\/\/play.google.com\/store\/apps\/details?id=com.signescat.app&amp;hl=ca&amp;gl=US\">Android<\/a>, <a href=\"https:\/\/apps.apple.com\/bo\/app\/signescat\/id1600059052\">iOS<\/a>)<\/li>\n<li><a href=\"https:\/\/www.google.es\/search?q=instagram+aprenem+llengua+de+signes+en+catala&amp;source=lnms&amp;tbm=vid&amp;sa=X&amp;ved=2ahUKEwj85dWXgsPtAhWtQkEAHZV9CYUQ_AUoAnoECAYQBA&amp;biw=1920&amp;bih=969\">Instagram aprenem llengua de signes en catala<\/a> &#8211; Cerca amb Google<\/li>\n<li>Apartat \u201cautoaprenentatge\u201d <a href=\"https:\/\/www.upf.edu\/web\/lsc-actua\/autoaprenentatge\">LSC actua-UPF<\/a><\/li>\n<li><a href=\"https:\/\/signem.jimdosite.com\/\">Programa Signem<\/a> Pol\u00edtica Ling\u00fc\u00edsitca de FESOCA<\/li>\n<li><a href=\"https:\/\/www.youtube.com\/watch?v=djjGMx5jkeg\">Canal de Youtube<\/a> de Barcelona Districte Cultural amb c\u00e0psules per aprendre LSC<\/li>\n<li>Canal de Youtube <a href=\"https:\/\/www.youtube.com\/@llenguadesignescat\"><span class=\"\"><span class=\"\">@<\/span>llen<\/span>guadesignescat<\/a> amb vocabulari ordenat per temes<\/li>\n<\/ul>\n<\/li>\n<li>Apps per m\u00f2bil:\n<ol>\n<li><a href=\"https:\/\/www.acils.cat\/signapp.php\">signAPP<\/a> (app Llengua de Signes Catalana) creat per ACILS<\/li>\n<li><a href=\"https:\/\/play.google.com\/store\/apps\/details?id=com.signescat.app&amp;hl=es&amp;pli=1\"><span style=\"font-weight: 400;\">SignesCAT <\/span><\/a><\/li>\n<\/ol>\n<\/li>\n<\/ol>\n<\/li>\n<\/ol>\n","protected":false},"excerpt":{"rendered":"<p>A continuaci\u00f3 us compartim les entitats on s&#8217;hi pot aprendre Llengua de Signes Catalana (LSC), sigui de manera presencial o telem\u00e0tica. Mirarem de tenir aquesta p\u00e0gina actualitzada, si hi veieu cap error, desactualitzaci\u00f3 o coneixeu llocs que no apareixen aqu\u00ed, feu-nos-ho saber, si us plau!&hellip;  <a href=\"https:\/\/serveiseducatius.xtec.cat\/credac-perebarnils\/families\/on-podeu-aprendre-llengua-de-signes-catalana\/\" title=\"Read On podeu aprendre Llengua de Signes Catalana?\">Llegeix m\u00e9s\u00bb<\/a><\/p>\n","protected":false},"author":1,"featured_media":0,"parent":8171,"menu_order":0,"comment_status":"closed","ping_status":"closed","template":"","meta":{"_bbp_topic_count":0,"_bbp_reply_count":0,"_bbp_total_topic_count":0,"_bbp_total_reply_count":0,"_bbp_voice_count":0,"_bbp_anonymous_reply_count":0,"_bbp_topic_count_hidden":0,"_bbp_reply_count_hidden":0,"_bbp_forum_subforum_count":0,"footnotes":""},"class_list":["post-17172","page","type-page","status-publish","hentry"],"post_mailing_queue_ids":[],"_links":{"self":[{"href":"https:\/\/serveiseducatius.xtec.cat\/credac-perebarnils\/wp-json\/wp\/v2\/pages\/17172","targetHints":{"allow":["GET"]}}],"collection":[{"href":"https:\/\/serveiseducatius.xtec.cat\/credac-perebarnils\/wp-json\/wp\/v2\/pages"}],"about":[{"href":"https:\/\/serveiseducatius.xtec.cat\/credac-perebarnils\/wp-json\/wp\/v2\/types\/page"}],"author":[{"embeddable":true,"href":"https:\/\/serveiseducatius.xtec.cat\/credac-perebarnils\/wp-json\/wp\/v2\/users\/1"}],"replies":[{"embeddable":true,"href":"https:\/\/serveiseducatius.xtec.cat\/credac-perebarnils\/wp-json\/wp\/v2\/comments?post=17172"}],"version-history":[{"count":6,"href":"https:\/\/serveiseducatius.xtec.cat\/credac-perebarnils\/wp-json\/wp\/v2\/pages\/17172\/revisions"}],"predecessor-version":[{"id":17968,"href":"https:\/\/serveiseducatius.xtec.cat\/credac-perebarnils\/wp-json\/wp\/v2\/pages\/17172\/revisions\/17968"}],"up":[{"embeddable":true,"href":"https:\/\/serveiseducatius.xtec.cat\/credac-perebarnils\/wp-json\/wp\/v2\/pages\/8171"}],"wp:attachment":[{"href":"https:\/\/serveiseducatius.xtec.cat\/credac-perebarnils\/wp-json\/wp\/v2\/media?parent=17172"}],"curies":[{"name":"wp","href":"https:\/\/api.w.org\/{rel}","templated":true}]}}