{"id":318,"date":"2015-11-24T18:18:24","date_gmt":"2015-11-24T17:18:24","guid":{"rendered":"http:\/\/serveiseducatius.xtec.cat\/creda-tarragona\/?page_id=318"},"modified":"2020-05-21T14:06:06","modified_gmt":"2020-05-21T12:06:06","slug":"on-som","status":"publish","type":"page","link":"https:\/\/serveiseducatius.xtec.cat\/creda-tarragona\/el-creda\/on-som\/","title":{"rendered":"On som"},"content":{"rendered":"<p><strong>CREDAT (seu central)<br \/>\n<\/strong>Edifici Ramon Llull, 3r. pis<br \/>\nComplex Educatiu de Tarragona<br \/>\nAutovia Tarragona-Salou<br \/>\n43006 Tarragona<br \/>\ntel. 977 922 873<\/p>\n<p>e3925251@xtec.cat<\/p>\n<h4><strong>Subseus<\/strong><\/h4>\n<p>&nbsp;<\/p>\n<div style=\"float: left; padding: 10px;\">\n<p>CREDAT<strong><strong><br \/>\nALT CAMP<\/strong><\/strong><\/p>\n<p>43910001<br \/>\ntel. 977 614 706<br \/>\nc\/Molls de l&#8217;Estaci\u00f3, 1<br \/>\n(SEZ)<br \/>\n43800 Valls<br \/>\n<a href=\"https:\/\/www.google.es\/maps\/place\/41%C2%B017'30.3%22N+1%C2%B015'25.1%22E\/@41.2914209,1.2568649,3a,75y,36.39h,90t\/data=!3m7!1e1!3m5!1sfC-4agiaVeMglU5oOC3a5w!2e0!6s%2F%2Fgeo2.ggpht.com%2Fcbk%3Fpanoid%3DfC-4agiaVeMglU5oOC3a5w%26output%3Dthumbnail%26cb_client%3Dmaps_sv.tactile.gps%26thumb%3D2%26w%3D203%26h%3D100%26yaw%3D28.97596%26pitch%3D0!7i13312!8i6656!4m5!3m4!1s0x0:0x0!8m2!3d41.29175!4d1.2569722\">Enlla\u00e7<br \/>\n<\/a><\/p>\n<\/div>\n<div style=\"float: left; padding: 10px;\">\n<p>CREDAT<strong><strong><br \/>\nBAIX CAMP Cambrils <\/strong><\/strong><\/p>\n<p>43910017<br \/>\ntel. 977 791 248<br \/>\nC\/ Castell de S\u00faria,6<br \/>\n(SEZ)<br \/>\n43850 Cambrils<br \/>\n<a href=\"https:\/\/www.google.es\/maps\/place\/Carrer+Castell+de+S%C3%BAria,+6,+43850+Cambrils,+Tarragona\/@41.0795063,1.1013098,3a,75y,180h,90t\/data=!3m7!1e1!3m5!1sMW6ZOyDZ0yN-yGXvAo890g!2e0!6s%2F%2Fgeo2.ggpht.com%2Fcbk%3Fpanoid%3DMW6ZOyDZ0yN-yGXvAo890g%26output%3Dthumbnail%26cb_client%3Dsearch.TACTILE.gps%26thumb%3D2%26w%3D86%26h%3D86%26yaw%3D180.03024%26pitch%3D0!7i13312!8i6656!4m5!3m4!1s0x12a15a54025df5d7:0xa1ac46c63a95b7e8!8m2!3d41.0794395!4d1.1013097!6m1!1e1\">Enlla\u00e7<br \/>\n<\/a><\/p>\n<\/div>\n<div style=\"float: left; padding: 10px;\">\n<p>CREDAT<strong><strong><br \/>\nBAIX CAMP Reus <\/strong><\/strong><\/p>\n<p>43910002<br \/>\ntel. 977 312 704<br \/>\nc\/ Figueres, s\/n &#8211; Barri Gaud\u00ed<br \/>\n(Escola Ciutat de Reus)<br \/>\n43202 Reus<br \/>\n<a href=\"https:\/\/www.google.es\/maps\/place\/Servei+Educatiu+Baix+Camp\/@41.1632323,1.0944432,607m\/data=!3m1!1e3!4m5!3m4!1s0x12a151a8f82425e9:0xd202ea5913ae72e7!8m2!3d41.1632323!4d1.0944432!6m1!1e1\">Enlla\u00e7<\/a><\/p>\n<\/div>\n<div style=\"float: left; padding: 10px;\">\n<p>CREDAT<strong><strong><br \/>\nBAIX EBRE <\/strong><\/strong><\/p>\n<p>43910003<br \/>\ntel. 977 448 353<br \/>\n(SEZ) Ed.Bet\u00e0nia,<br \/>\nEsplanada Orleans s\/n<br \/>\n43500 Tortosa<br \/>\n<a href=\"https:\/\/www.google.es\/maps\/place\/40%C2%B048'35.7%22N+0%C2%B031'36.4%22E\/@40.8099026,0.5258604,292m\/data=!3m1!1e3!4m5!3m4!1s0x0:0x0!8m2!3d40.809909!4d0.526778\">Enlla\u00e7<br \/>\n<\/a><\/p>\n<\/div>\n<div style=\"float: left; padding: 10px;\">\n<p>CREDAT<strong><strong><br \/>\nBAIX PENED\u00c8S <\/strong><\/strong><\/p>\n<p>43910004<br \/>\ntel. 977 663 360<br \/>\nAv. de les Escoles, 21<br \/>\n(SEZ)<br \/>\n43700 El Vendrell<br \/>\n<a href=\"https:\/\/www.google.es\/maps\/place\/Av.+Salvador+Palau+Rabass%C3%B3,+43700+El+Vendrell,+Tarragona\/@41.2139793,1.5250897,3a,75y,14.92h,90t\/data=!3m7!1e1!3m5!1s2cNwWNsDcZ1lzwbvVFt1DA!2e0!6s%2F%2Fgeo3.ggpht.com%2Fcbk%3Fpanoid%3D2cNwWNsDcZ1lzwbvVFt1DA%26output%3Dthumbnail%26cb_client%3Dmaps_sv.tactile.gps%26thumb%3D2%26w%3D203%26h%3D100%26yaw%3D11.332848%26pitch%3D0!7i13312!8i6656!4m5!3m4!1s0x12a38b344891e579:0x1561d000d91c3299!8m2!3d41.2139184!4d1.5243542\">Enlla\u00e7<br \/>\n<\/a><\/p>\n<\/div>\n<div style=\"float: left; padding: 10px;\">\n<p>CREDAT<strong><strong><br \/>\nCONCA DE BARBER\u00c0 <\/strong><\/strong><\/p>\n<p>43910005<br \/>\ntel. 977 863 252<br \/>\nc\/ Ctra. Artesa, 4<br \/>\n(SEZ)<br \/>\n43086 Montblanc<br \/>\n<a href=\"https:\/\/www.google.es\/maps\/@41.3817519,1.1612663,3a,50.5y,65.92h,89.89t\/data=!3m6!1e1!3m4!1s7tiLGi8sdJG9_8-SON3S0Q!2e0!7i13312!8i6656\">Enlla\u00e7<br \/>\n<\/a><\/p>\n<\/div>\n<div style=\"float: left; padding: 10px;\">\n<p>CREDAT<strong><strong><br \/>\nMONTSI\u00c0 <\/strong><\/strong><\/p>\n<p>43910006<br \/>\ntel. 977 70 44 20<br \/>\nC\/ Mas de Barberans, 31 (SEZ)<br \/>\n(Costat Escola Consol Ferr\u00e9)<br \/>\n43870 Amposta<br \/>\n<a href=\"https:\/\/www.google.es\/maps\/place\/Carrer+Mas+de+Barberans,+44,+43870+Amposta,+Tarragona\/@40.7017847,0.582761,3a,75y,301.82h,90t\/data=!3m7!1e1!3m5!1soSRTSx-yYgpIqX0umOREyQ!2e0!6s%2F%2Fgeo1.ggpht.com%2Fcbk%3Fpanoid%3DoSRTSx-yYgpIqX0umOREyQ%26output%3Dthumbnail%26cb_client%3Dmaps_sv.tactile.gps%26thumb%3D2%26w%3D203%26h%3D100%26yaw%3D309.2973%26pitch%3D0!7i13312!8i6656!4m5!3m4!1s0x12a0fe6cd634c0c5:0x41bd3a60a17f1eb7!8m2!3d40.7017636!4d0.5825638\">Enlla\u00e7<br \/>\n<\/a><\/p>\n<\/div>\n<div style=\"float: left; padding: 10px;\">\n<p>CREDAT<strong><strong><br \/>\nPRIORAT <\/strong><\/strong><\/p>\n<p>43910009<br \/>\ntel. 977 831 376<br \/>\nc\/ Ctra. Porrera, s\/n<br \/>\n(IES Priorat)<br \/>\n43730 Falset<br \/>\n<a href=\"https:\/\/www.google.es\/maps\/@41.1544805,0.8241923,3a,48.1y,125.33h,88.13t\/data=!3m6!1e1!3m4!1sifz1DDI7a6oJ4DnXU8Niag!2e0!7i13312!8i6656\">Enlla\u00e7<br \/>\n<\/a><\/p>\n<\/div>\n<div style=\"float: left; padding: 10px;\">\n<p>CREDAT<strong><strong><br \/>\nRIBERA D&#8217;EBRE <\/strong><\/strong><\/p>\n<p>43910007<br \/>\ntel. 977 402 369<br \/>\nc\/ C. dels Mestres, s\/n<br \/>\n(SEZ)<br \/>\n43093 M\u00f3ra d\u2019Ebre<br \/>\n<a href=\"https:\/\/www.google.es\/maps\/@41.0885955,0.6385255,3a,75y,270.66h,101.43t\/data=!3m6!1e1!3m4!1sq8j8xC8aSgWVajc9ye_HOw!2e0!7i13312!8i6656\">Enlla\u00e7<br \/>\n<\/a><\/p>\n<\/div>\n<div style=\"float: left; padding: 10px;\">\n<p>CREDAT<strong><strong><br \/>\nTARRAGON\u00c8S <\/strong><\/strong><\/p>\n<p>43925251<br \/>\ntel. 977 922 873<br \/>\nEdifici Ramon Llull, 3r. pis<br \/>\nCET Autovia Tgna-Salou<br \/>\n43006 Tarragona<br \/>\n<a href=\"https:\/\/www.google.com\/maps\/d\/viewer?ll=41.1005%2C1.2015&amp;spn=0%2C0&amp;hl=ca&amp;t=h&amp;oe=UTF8&amp;msa=0&amp;source=embed&amp;ie=UTF8&amp;mid=11nwoLiUO7H7KK86ARWZZKpgOwZE\">Enlla\u00e7<br \/>\n<\/a><\/p>\n<\/div>\n<div style=\"float: left; padding: 10px;\">\n<p>CREDAT<strong><strong><br \/>\nTERRA ALTA <\/strong><\/strong><\/p>\n<p>43910008<br \/>\ntel. 977 420 704<br \/>\nc\/ Germandat, 18<br \/>\n(SEZ)<br \/>\n43064 Gandesa<br \/>\n<a href=\"https:\/\/www.google.es\/maps\/@41.0580458,0.439936,3a,75y,34.88h,78.14t\/data=!3m6!1e1!3m4!1s8oGLfj7Z_MiPi0Bo0cF-4w!2e0!7i13312!8i6656\">Enlla\u00e7<br \/>\n<\/a><\/p>\n<\/div>\n<div style=\"clear: both;\">\u00a0<strong><br \/>\n<\/strong><iframe loading=\"lazy\" src=\"https:\/\/www.instamaps.cat\/instavisor\/88590677\/fcf5497d670a855396092905672c81fb\/CREDAT.html?3D=false&amp;embed=1\" width=\"90%\" height=\"500\" frameborder=\"0\"><\/iframe><\/div>\n<div style=\"clear: both;\"><\/div>\n<div style=\"clear: both;\"><strong>\u00a0<\/strong><\/div>\n<div style=\"clear: both;\">\n<p><strong>Com arribar al CREDAT:<\/strong><a href=\"http:\/\/serveiseducatius.xtec.cat\/creda-tarragona\/wp-content\/uploads\/usu1338\/2015\/11\/credat_comarribar.pdf\"> (Per a imprimir)<\/a><\/p>\n<\/div>\n<ul>\n<li>Transport privat: (GPS 41.100500, 1.201500) (GPS +41\u00b0 6&#8242; 1.80&#8221;, +1\u00b0 12&#8242; 5.40&#8221;)<\/li>\n<li>Per bus: L\u00ednia 4, entre l&#8217;Estaci\u00f3 d&#8217;autobusos i la pla\u00e7a Imperial Tarraco.<\/li>\n<\/ul>\n","protected":false},"excerpt":{"rendered":"<p>CREDAT (seu central) Edifici Ramon Llull, 3r. pis Complex Educatiu de Tarragona Autovia Tarragona-Salou 43006 Tarragona tel. 977 922 873 [&hellip;]<\/p>\n","protected":false},"author":1,"featured_media":0,"parent":806,"menu_order":50,"comment_status":"closed","ping_status":"closed","template":"","meta":{"_bbp_topic_count":0,"_bbp_reply_count":0,"_bbp_total_topic_count":0,"_bbp_total_reply_count":0,"_bbp_voice_count":0,"_bbp_anonymous_reply_count":0,"_bbp_topic_count_hidden":0,"_bbp_reply_count_hidden":0,"_bbp_forum_subforum_count":0,"site-sidebar-layout":"default","site-content-layout":"","ast-site-content-layout":"","site-content-style":"default","site-sidebar-style":"default","ast-global-header-display":"","ast-banner-title-visibility":"","ast-main-header-display":"","ast-hfb-above-header-display":"","ast-hfb-below-header-display":"","ast-hfb-mobile-header-display":"","site-post-title":"","ast-breadcrumbs-content":"","ast-featured-img":"","footer-sml-layout":"","theme-transparent-header-meta":"","adv-header-id-meta":"","stick-header-meta":"","header-above-stick-meta":"","header-main-stick-meta":"","header-below-stick-meta":"","astra-migrate-meta-layouts":"default","ast-page-background-enabled":"default","ast-page-background-meta":{"desktop":{"background-color":"var(--ast-global-color-4)","background-image":"","background-repeat":"repeat","background-position":"center center","background-size":"auto","background-attachment":"scroll","background-type":"","background-media":"","overlay-type":"","overlay-color":"","overlay-opacity":"","overlay-gradient":""},"tablet":{"background-color":"","background-image":"","background-repeat":"repeat","background-position":"center center","background-size":"auto","background-attachment":"scroll","background-type":"","background-media":"","overlay-type":"","overlay-color":"","overlay-opacity":"","overlay-gradient":""},"mobile":{"background-color":"","background-image":"","background-repeat":"repeat","background-position":"center center","background-size":"auto","background-attachment":"scroll","background-type":"","background-media":"","overlay-type":"","overlay-color":"","overlay-opacity":"","overlay-gradient":""}},"ast-content-background-meta":{"desktop":{"background-color":"var(--ast-global-color-5)","background-image":"","background-repeat":"repeat","background-position":"center center","background-size":"auto","background-attachment":"scroll","background-type":"","background-media":"","overlay-type":"","overlay-color":"","overlay-opacity":"","overlay-gradient":""},"tablet":{"background-color":"var(--ast-global-color-5)","background-image":"","background-repeat":"repeat","background-position":"center center","background-size":"auto","background-attachment":"scroll","background-type":"","background-media":"","overlay-type":"","overlay-color":"","overlay-opacity":"","overlay-gradient":""},"mobile":{"background-color":"var(--ast-global-color-5)","background-image":"","background-repeat":"repeat","background-position":"center center","background-size":"auto","background-attachment":"scroll","background-type":"","background-media":"","overlay-type":"","overlay-color":"","overlay-opacity":"","overlay-gradient":""}},"footnotes":""},"class_list":["post-318","page","type-page","status-publish","hentry"],"post_mailing_queue_ids":[],"_links":{"self":[{"href":"https:\/\/serveiseducatius.xtec.cat\/creda-tarragona\/wp-json\/wp\/v2\/pages\/318","targetHints":{"allow":["GET"]}}],"collection":[{"href":"https:\/\/serveiseducatius.xtec.cat\/creda-tarragona\/wp-json\/wp\/v2\/pages"}],"about":[{"href":"https:\/\/serveiseducatius.xtec.cat\/creda-tarragona\/wp-json\/wp\/v2\/types\/page"}],"author":[{"embeddable":true,"href":"https:\/\/serveiseducatius.xtec.cat\/creda-tarragona\/wp-json\/wp\/v2\/users\/1"}],"replies":[{"embeddable":true,"href":"https:\/\/serveiseducatius.xtec.cat\/creda-tarragona\/wp-json\/wp\/v2\/comments?post=318"}],"version-history":[{"count":5,"href":"https:\/\/serveiseducatius.xtec.cat\/creda-tarragona\/wp-json\/wp\/v2\/pages\/318\/revisions"}],"predecessor-version":[{"id":10091,"href":"https:\/\/serveiseducatius.xtec.cat\/creda-tarragona\/wp-json\/wp\/v2\/pages\/318\/revisions\/10091"}],"up":[{"embeddable":true,"href":"https:\/\/serveiseducatius.xtec.cat\/creda-tarragona\/wp-json\/wp\/v2\/pages\/806"}],"wp:attachment":[{"href":"https:\/\/serveiseducatius.xtec.cat\/creda-tarragona\/wp-json\/wp\/v2\/media?parent=318"}],"curies":[{"name":"wp","href":"https:\/\/api.w.org\/{rel}","templated":true}]}}