{"id":318,"date":"2015-11-24T18:18:24","date_gmt":"2015-11-24T17:18:24","guid":{"rendered":"http:\/\/serveiseducatius.xtec.cat\/creda-penedes\/?page_id=318"},"modified":"2025-09-29T16:46:31","modified_gmt":"2025-09-29T14:46:31","slug":"on-som","status":"publish","type":"page","link":"https:\/\/serveiseducatius.xtec.cat\/creda-penedes\/el-creda\/on-som\/","title":{"rendered":"On som?"},"content":{"rendered":"<p><strong><a href=\"https:\/\/serveiseducatius.xtec.cat\/creda-penedes\/wp-content\/uploads\/usu836\/2019\/03\/ESCOLA_POMPEU_FABRA_-_FA\u00c7ANA_PRINCIPAL_-_CARRER_SANT_PIUS_X.jpg\"><img loading=\"lazy\" decoding=\"async\" class=\"wp-image-10095 alignright\" src=\"https:\/\/serveiseducatius.xtec.cat\/creda-penedes\/wp-content\/uploads\/usu836\/2019\/03\/ESCOLA_POMPEU_FABRA_-_FA\u00c7ANA_PRINCIPAL_-_CARRER_SANT_PIUS_X-1024x768.jpg\" alt=\"\" width=\"281\" height=\"211\" srcset=\"https:\/\/serveiseducatius.xtec.cat\/creda-penedes\/wp-content\/uploads\/usu836\/2019\/03\/ESCOLA_POMPEU_FABRA_-_FA\u00c7ANA_PRINCIPAL_-_CARRER_SANT_PIUS_X-1024x768.jpg 1024w, https:\/\/serveiseducatius.xtec.cat\/creda-penedes\/wp-content\/uploads\/usu836\/2019\/03\/ESCOLA_POMPEU_FABRA_-_FA\u00c7ANA_PRINCIPAL_-_CARRER_SANT_PIUS_X-300x225.jpg 300w, https:\/\/serveiseducatius.xtec.cat\/creda-penedes\/wp-content\/uploads\/usu836\/2019\/03\/ESCOLA_POMPEU_FABRA_-_FA\u00c7ANA_PRINCIPAL_-_CARRER_SANT_PIUS_X-768x576.jpg 768w, https:\/\/serveiseducatius.xtec.cat\/creda-penedes\/wp-content\/uploads\/usu836\/2019\/03\/ESCOLA_POMPEU_FABRA_-_FA\u00c7ANA_PRINCIPAL_-_CARRER_SANT_PIUS_X-200x150.jpg 200w, https:\/\/serveiseducatius.xtec.cat\/creda-penedes\/wp-content\/uploads\/usu836\/2019\/03\/ESCOLA_POMPEU_FABRA_-_FA\u00c7ANA_PRINCIPAL_-_CARRER_SANT_PIUS_X.jpg 1632w\" sizes=\"auto, (max-width: 281px) 100vw, 281px\" \/><\/a>CREDA Pened\u00e8s<br \/>\n<\/strong>C\/ Sant Pius X, n\u00ba 6<br \/>\n08800 Vilanova i la Geltr\u00fa<br \/>\ntel. 93 815 37 33<br \/>\na8910009@xtec.cat<\/p>\n<p><strong>Subseus<\/strong><\/p>\n<div style=\"float: left; padding: 10px;\">\n<p><strong><strong>Subseu Alt Pened\u00e8s<\/strong><\/strong><\/p>\n<p>Avd. Europa,\u00a0 28<br \/>\n08720 Vilafranca del Pened\u00e8s<br \/>\ntel. 93 657 09 79<br \/>\n<a href=\"https:\/\/www.google.es\/maps\/place\/Avinguda+d'Europa,+28,+08720+Vilafranca+del+Pened%C3%A8s,+Barcelona\/@41.338354,1.6971594,17z\/data=!3m1!4b1!4m5!3m4!1s0x12a479920b0e28a1:0xae522085079f6a7!8m2!3d41.33835!4d1.6993481\" target=\"_blank\" rel=\"noopener noreferrer\">Enlla\u00e7<br \/>\n<\/a><\/p>\n<\/div>\n<div style=\"float: left; padding: 10px;\">\n<p><strong><strong>Subseu Baix Pened\u00e8s<\/strong><\/strong><\/p>\n<p>Avda. de les Escoles, 21 (sota l\u2019Escola Garb\u00ed)<br \/>\n43700 El Vendrell<br \/>\ntel. 977 66 33 60<br \/>\n<a href=\"https:\/\/maps.app.goo.gl\/x5ZRyK5GZ5uK1LFY9\" target=\"_blank\" rel=\"noopener noreferrer\">Enlla\u00e7<br \/>\n<\/a><\/p>\n<\/div>\n<div style=\"float: left; padding: 10px;\">\n<p><strong>Subseu Anoia<\/strong><\/p>\n<p><span class=\"street-address\">Carrer de Sant Carles, 83 (Nova Ubicaci\u00f3!)<\/span><br \/>\n<span class=\"postal-code\">08700 Igualada<\/span><br \/>\ntel. 93 804 04 53<br \/>\n<a href=\"https:\/\/www.google.es\/maps\/place\/Avinguda+d'Europa,+28,+08720+Vilafranca+del+Pened%C3%A8s,+Barcelona\/@41.338354,1.6971594,17z\/data=!3m1!4b1!4m5!3m4!1s0x12a479920b0e28a1:0xae522085079f6a7!8m2!3d41.33835!4d1.6993481\" target=\"_blank\" rel=\"noopener noreferrer\">Enlla\u00e7<\/a><\/p>\n<p><strong><strong>Exploracions audiol\u00f2giques:\u00a0<\/strong><\/strong>Avd. Europa, 28 08720 Vilafranca del Pened\u00e8s<\/p>\n<\/div>\n<div style=\"clear: both;\"><strong>\u00a0<a href=\"https:\/\/serveiseducatius.xtec.cat\/creda-penedes\/wp-content\/uploads\/usu836\/2024\/11\/Com-arribar-cabina-CREDA-Penedes.pdf\">VILAFRANCA<\/a> Aqu\u00ed trobareu el planell per arribar a la cabina.<\/strong><\/div>\n<div style=\"clear: both;\"><\/div>\n<div style=\"clear: both;\"><strong>\u00a0<\/strong><\/div>\n","protected":false},"excerpt":{"rendered":"<p>CREDA Pened\u00e8s C\/ Sant Pius X, n\u00ba 6 08800 Vilanova i la Geltr\u00fa tel. 93 815 37 33 a8910009@xtec.cat Subseus Subseu Alt Pened\u00e8s Avd. Europa,\u00a0 28 08720 Vilafranca del Pened\u00e8s tel. 93 657 09 79 Enlla\u00e7 Subseu Baix Pened\u00e8s Avda. de les Escoles, 21 (sota l\u2019Escola Garb\u00ed) 43700 El Vendrell tel. 977 66 33 60 [&hellip;]<\/p>\n","protected":false},"author":1,"featured_media":0,"parent":806,"menu_order":50,"comment_status":"closed","ping_status":"closed","template":"","meta":{"_bbp_topic_count":0,"_bbp_reply_count":0,"_bbp_total_topic_count":0,"_bbp_total_reply_count":0,"_bbp_voice_count":0,"_bbp_anonymous_reply_count":0,"_bbp_topic_count_hidden":0,"_bbp_reply_count_hidden":0,"_bbp_forum_subforum_count":0,"site-sidebar-layout":"default","site-content-layout":"","ast-site-content-layout":"default","site-content-style":"default","site-sidebar-style":"default","ast-global-header-display":"","ast-banner-title-visibility":"","ast-main-header-display":"","ast-hfb-above-header-display":"","ast-hfb-below-header-display":"","ast-hfb-mobile-header-display":"","site-post-title":"","ast-breadcrumbs-content":"","ast-featured-img":"","footer-sml-layout":"","theme-transparent-header-meta":"","adv-header-id-meta":"","stick-header-meta":"","header-above-stick-meta":"","header-main-stick-meta":"","header-below-stick-meta":"","astra-migrate-meta-layouts":"set","ast-page-background-enabled":"default","ast-page-background-meta":{"desktop":{"background-color":"var(--ast-global-color-4)","background-image":"","background-repeat":"repeat","background-position":"center center","background-size":"auto","background-attachment":"scroll","background-type":"","background-media":"","overlay-type":"","overlay-color":"","overlay-opacity":"","overlay-gradient":""},"tablet":{"background-color":"","background-image":"","background-repeat":"repeat","background-position":"center center","background-size":"auto","background-attachment":"scroll","background-type":"","background-media":"","overlay-type":"","overlay-color":"","overlay-opacity":"","overlay-gradient":""},"mobile":{"background-color":"","background-image":"","background-repeat":"repeat","background-position":"center center","background-size":"auto","background-attachment":"scroll","background-type":"","background-media":"","overlay-type":"","overlay-color":"","overlay-opacity":"","overlay-gradient":""}},"ast-content-background-meta":{"desktop":{"background-color":"var(--ast-global-color-5)","background-image":"","background-repeat":"repeat","background-position":"center center","background-size":"auto","background-attachment":"scroll","background-type":"","background-media":"","overlay-type":"","overlay-color":"","overlay-opacity":"","overlay-gradient":""},"tablet":{"background-color":"var(--ast-global-color-5)","background-image":"","background-repeat":"repeat","background-position":"center center","background-size":"auto","background-attachment":"scroll","background-type":"","background-media":"","overlay-type":"","overlay-color":"","overlay-opacity":"","overlay-gradient":""},"mobile":{"background-color":"var(--ast-global-color-5)","background-image":"","background-repeat":"repeat","background-position":"center center","background-size":"auto","background-attachment":"scroll","background-type":"","background-media":"","overlay-type":"","overlay-color":"","overlay-opacity":"","overlay-gradient":""}},"footnotes":""},"class_list":["post-318","page","type-page","status-publish","hentry"],"post_mailing_queue_ids":[],"_links":{"self":[{"href":"https:\/\/serveiseducatius.xtec.cat\/creda-penedes\/wp-json\/wp\/v2\/pages\/318","targetHints":{"allow":["GET"]}}],"collection":[{"href":"https:\/\/serveiseducatius.xtec.cat\/creda-penedes\/wp-json\/wp\/v2\/pages"}],"about":[{"href":"https:\/\/serveiseducatius.xtec.cat\/creda-penedes\/wp-json\/wp\/v2\/types\/page"}],"author":[{"embeddable":true,"href":"https:\/\/serveiseducatius.xtec.cat\/creda-penedes\/wp-json\/wp\/v2\/users\/1"}],"replies":[{"embeddable":true,"href":"https:\/\/serveiseducatius.xtec.cat\/creda-penedes\/wp-json\/wp\/v2\/comments?post=318"}],"version-history":[{"count":5,"href":"https:\/\/serveiseducatius.xtec.cat\/creda-penedes\/wp-json\/wp\/v2\/pages\/318\/revisions"}],"predecessor-version":[{"id":11640,"href":"https:\/\/serveiseducatius.xtec.cat\/creda-penedes\/wp-json\/wp\/v2\/pages\/318\/revisions\/11640"}],"up":[{"embeddable":true,"href":"https:\/\/serveiseducatius.xtec.cat\/creda-penedes\/wp-json\/wp\/v2\/pages\/806"}],"wp:attachment":[{"href":"https:\/\/serveiseducatius.xtec.cat\/creda-penedes\/wp-json\/wp\/v2\/media?parent=318"}],"curies":[{"name":"wp","href":"https:\/\/api.w.org\/{rel}","templated":true}]}}