{"id":306,"date":"2015-11-24T18:02:44","date_gmt":"2015-11-24T17:02:44","guid":{"rendered":"http:\/\/serveiseducatius.xtec.cat\/creda-penedes\/?page_id=306"},"modified":"2025-10-06T15:13:47","modified_gmt":"2025-10-06T13:13:47","slug":"equip","status":"publish","type":"page","link":"https:\/\/serveiseducatius.xtec.cat\/creda-penedes\/el-creda\/equip\/","title":{"rendered":"Equip"},"content":{"rendered":"<p>El \u00a0CREDA Pened\u00e8s est\u00e0 format per un equip multidisciplinar format per:<\/p>\n<ul>\n<li>\u00a0 \u00a0 1 Psicopedagoga : MONTSE GIBERT<em> &#8211; mgiber33@xtec.cat<\/em><\/li>\n<li>\u00a0 \u00a0 1 Audioprotetista: ROSA EVENGELISTA<em> &#8211; mevange1@xtec.cat<br \/>\n<\/em><\/li>\n<\/ul>\n<p><strong>Logopedes\/ Mestres audici\u00f3 i llenguatge Anoia:<\/strong><\/p>\n<ul>\n<li>CAROLINA \u00c1LVAREZ- calvar29@xtec.cat<\/li>\n<li>ADA BONET- abonet3@xtec.cat<\/li>\n<li>MARTA BORR\u00c0S- mborra34@xtec.cat<\/li>\n<li>CRISTINA GARC\u00cdA- cgarc432@xtec.cat<\/li>\n<li>MARTA RAM\u00cdREZ- mramir17@xtec.cat<\/li>\n<li>EMMA SELLAR\u00c8S- esellare@xtec.cat<\/li>\n<li>MIRIAM ALC\u00d3N- malcon6@xtec.cat<\/li>\n<\/ul>\n<p><strong style=\"font-size: revert; background-color: rgba(0, 0, 0, 0);\">Logopedes\/ Mestres audici\u00f3 i llenguatge Alt Pened\u00e8s:<\/strong><\/p>\n<ul>\n<li>MONICA QUINTERO- mquinter@xtec.cat<\/li>\n<li>GEMMA SURI\u00c0- gsuria@xtec.cat<\/li>\n<li>SONIA CALLEJAS- scalleja@xtec.cat<\/li>\n<li>ARANTXA ROBIROSA- arobiros@xtec.cat<\/li>\n<li>ELISABET GUASCH- eguasch6@xtec.cat<\/li>\n<li>JUDITH GARCIA- jgarc150@xtec.cat<\/li>\n<li>GEMMA MOYA- gmoya8@xtec.cat<\/li>\n<li>MAITE REDONDO- mredon13@xtec.cat<\/li>\n<li>SUSANNA ARI\u00d1O- sarino1@xtec.cat<\/li>\n<\/ul>\n<p><strong style=\"font-size: revert; background-color: rgba(0, 0, 0, 0);\">Logopedes\/ Mestres audici\u00f3 i llenguatge Baix Pened\u00e8s:<\/strong><\/p>\n<ul>\n<li>\u00c0NGELS ACE\u00d1A- macena2@xtec.cat<\/li>\n<li>ELENA ALONSO GALV\u00c1N BAIX PENED\u00c8S ealons27@xtec.cat<\/li>\n<li>MONTSE CUNILLERA- mcunill7@xtec.cat<\/li>\n<li>ROSER GONZ\u00c1LEZ- rgonza4@xtec.cat<\/li>\n<li>ANNA HUERTAS MART\u00cdNEZ- ahuerta7@xtec.cat<\/li>\n<li>MAITE P\u00c0MIES LLOPIS-\u00a0 mpamie3@xtec.cat<\/li>\n<li>MAITE RAURICH MARRADES- mraurich@xtec.cat<\/li>\n<\/ul>\n<p><strong style=\"font-size: revert; background-color: rgba(0, 0, 0, 0);\">Logopedes\/ Mestres audici\u00f3 i llenguatge Garraf:<\/strong><\/p>\n<ul>\n<li>NORMA ALMIRALL RILLO GARRAF nalmiral@xtec.cat<br \/>\nRICARD L\u00d3PEZ FORTEA GARRAF rlope135@xtec.cat<br \/>\nCARME L\u00d3PEZ VILLAR GARRAF clopez28@xtec.cat<br \/>\nGEMMA LLORCA BOSCH GARRAF gllorca@xtec.cat<br \/>\nMIREIA GORDILLO SANCHEZ GARRAF mgordil7@xtec.cat<br \/>\nCRISTINA TANCO OLIVERAS GARRAF ctanco@xtec.cat<br \/>\nAIDA P\u00c9REZ TARRES GARRAF apere433@xtec.cat<br \/>\nYOLANDA ARANC\u00d3N GARRAF yarancon@xtec.cat<br \/>\nJORDI FERN\u00c1NDEZ FERN\u00c1NDEZ GARRAF jfern357@xtec.cat<br \/>\nMARIBEL CASTIBLANQUE GARRAF mcastibl@xtec.cat<\/li>\n<\/ul>\n<p><a href=\"http:\/\/serveiseducatius.xtec.cat\/creda-penedes\/wp-content\/uploads\/usu836\/2017\/03\/LogopedaSola-1.png\"><img loading=\"lazy\" decoding=\"async\" class=\"alignnone wp-image-8994\" src=\"http:\/\/serveiseducatius.xtec.cat\/creda-penedes\/wp-content\/uploads\/usu836\/2017\/03\/LogopedaSola-1.png\" alt=\"logopedasola-1\" width=\"342\" height=\"589\" srcset=\"https:\/\/serveiseducatius.xtec.cat\/creda-penedes\/wp-content\/uploads\/usu836\/2017\/03\/LogopedaSola-1.png 532w, https:\/\/serveiseducatius.xtec.cat\/creda-penedes\/wp-content\/uploads\/usu836\/2017\/03\/LogopedaSola-1-174x300.png 174w\" sizes=\"auto, (max-width: 342px) 100vw, 342px\" \/><\/a><\/p>\n","protected":false},"excerpt":{"rendered":"<p>El \u00a0CREDA Pened\u00e8s est\u00e0 format per un equip multidisciplinar format per: \u00a0 \u00a0 1 Psicopedagoga : MONTSE GIBERT &#8211; mgiber33@xtec.cat \u00a0 \u00a0 1 Audioprotetista: ROSA EVENGELISTA &#8211; mevange1@xtec.cat Logopedes\/ Mestres audici\u00f3 i llenguatge Anoia: CAROLINA \u00c1LVAREZ- calvar29@xtec.cat ADA BONET- abonet3@xtec.cat MARTA BORR\u00c0S- mborra34@xtec.cat CRISTINA GARC\u00cdA- cgarc432@xtec.cat MARTA RAM\u00cdREZ- mramir17@xtec.cat EMMA SELLAR\u00c8S- esellare@xtec.cat MIRIAM ALC\u00d3N- malcon6@xtec.cat [&hellip;]<\/p>\n","protected":false},"author":1,"featured_media":0,"parent":806,"menu_order":28,"comment_status":"closed","ping_status":"closed","template":"","meta":{"_bbp_topic_count":0,"_bbp_reply_count":0,"_bbp_total_topic_count":0,"_bbp_total_reply_count":0,"_bbp_voice_count":0,"_bbp_anonymous_reply_count":0,"_bbp_topic_count_hidden":0,"_bbp_reply_count_hidden":0,"_bbp_forum_subforum_count":0,"site-sidebar-layout":"default","site-content-layout":"","ast-site-content-layout":"default","site-content-style":"default","site-sidebar-style":"default","ast-global-header-display":"","ast-banner-title-visibility":"","ast-main-header-display":"","ast-hfb-above-header-display":"","ast-hfb-below-header-display":"","ast-hfb-mobile-header-display":"","site-post-title":"","ast-breadcrumbs-content":"","ast-featured-img":"","footer-sml-layout":"","theme-transparent-header-meta":"","adv-header-id-meta":"","stick-header-meta":"","header-above-stick-meta":"","header-main-stick-meta":"","header-below-stick-meta":"","astra-migrate-meta-layouts":"set","ast-page-background-enabled":"default","ast-page-background-meta":{"desktop":{"background-color":"var(--ast-global-color-4)","background-image":"","background-repeat":"repeat","background-position":"center center","background-size":"auto","background-attachment":"scroll","background-type":"","background-media":"","overlay-type":"","overlay-color":"","overlay-opacity":"","overlay-gradient":""},"tablet":{"background-color":"","background-image":"","background-repeat":"repeat","background-position":"center center","background-size":"auto","background-attachment":"scroll","background-type":"","background-media":"","overlay-type":"","overlay-color":"","overlay-opacity":"","overlay-gradient":""},"mobile":{"background-color":"","background-image":"","background-repeat":"repeat","background-position":"center center","background-size":"auto","background-attachment":"scroll","background-type":"","background-media":"","overlay-type":"","overlay-color":"","overlay-opacity":"","overlay-gradient":""}},"ast-content-background-meta":{"desktop":{"background-color":"var(--ast-global-color-5)","background-image":"","background-repeat":"repeat","background-position":"center center","background-size":"auto","background-attachment":"scroll","background-type":"","background-media":"","overlay-type":"","overlay-color":"","overlay-opacity":"","overlay-gradient":""},"tablet":{"background-color":"var(--ast-global-color-5)","background-image":"","background-repeat":"repeat","background-position":"center center","background-size":"auto","background-attachment":"scroll","background-type":"","background-media":"","overlay-type":"","overlay-color":"","overlay-opacity":"","overlay-gradient":""},"mobile":{"background-color":"var(--ast-global-color-5)","background-image":"","background-repeat":"repeat","background-position":"center center","background-size":"auto","background-attachment":"scroll","background-type":"","background-media":"","overlay-type":"","overlay-color":"","overlay-opacity":"","overlay-gradient":""}},"footnotes":""},"class_list":["post-306","page","type-page","status-publish","hentry"],"post_mailing_queue_ids":[],"_links":{"self":[{"href":"https:\/\/serveiseducatius.xtec.cat\/creda-penedes\/wp-json\/wp\/v2\/pages\/306","targetHints":{"allow":["GET"]}}],"collection":[{"href":"https:\/\/serveiseducatius.xtec.cat\/creda-penedes\/wp-json\/wp\/v2\/pages"}],"about":[{"href":"https:\/\/serveiseducatius.xtec.cat\/creda-penedes\/wp-json\/wp\/v2\/types\/page"}],"author":[{"embeddable":true,"href":"https:\/\/serveiseducatius.xtec.cat\/creda-penedes\/wp-json\/wp\/v2\/users\/1"}],"replies":[{"embeddable":true,"href":"https:\/\/serveiseducatius.xtec.cat\/creda-penedes\/wp-json\/wp\/v2\/comments?post=306"}],"version-history":[{"count":6,"href":"https:\/\/serveiseducatius.xtec.cat\/creda-penedes\/wp-json\/wp\/v2\/pages\/306\/revisions"}],"predecessor-version":[{"id":11663,"href":"https:\/\/serveiseducatius.xtec.cat\/creda-penedes\/wp-json\/wp\/v2\/pages\/306\/revisions\/11663"}],"up":[{"embeddable":true,"href":"https:\/\/serveiseducatius.xtec.cat\/creda-penedes\/wp-json\/wp\/v2\/pages\/806"}],"wp:attachment":[{"href":"https:\/\/serveiseducatius.xtec.cat\/creda-penedes\/wp-json\/wp\/v2\/media?parent=306"}],"curies":[{"name":"wp","href":"https:\/\/api.w.org\/{rel}","templated":true}]}}