{"id":11552,"date":"2025-05-12T12:51:33","date_gmt":"2025-05-12T10:51:33","guid":{"rendered":"https:\/\/serveiseducatius.xtec.cat\/creda-penedes\/?page_id=11552"},"modified":"2025-10-06T14:59:32","modified_gmt":"2025-10-06T12:59:32","slug":"garraf","status":"publish","type":"page","link":"https:\/\/serveiseducatius.xtec.cat\/creda-penedes\/garraf\/","title":{"rendered":"Garraf"},"content":{"rendered":"<p>La zona del Garraf ha format part del CREDA comarques IV fins el curs 23-24. A partir del curs 24-25 la comarca passa a formar part de la vegueria del Pened\u00e8s i d&#8217;aquesta manera es produeix la creaci\u00f3 del CREDA Pened\u00e8s el qual el forma part de l&#8217;Anoia, Garraf, Baix Pened\u00e8s i Alt Pened\u00e8s.<\/p>\n<p><a href=\"https:\/\/serveiseducatius.xtec.cat\/creda-penedes\/wp-content\/uploads\/usu836\/2025\/06\/Mapa-del-Garraf.jpg\"><img loading=\"lazy\" decoding=\"async\" class=\"alignnone size-medium wp-image-11607\" src=\"https:\/\/serveiseducatius.xtec.cat\/creda-penedes\/wp-content\/uploads\/usu836\/2025\/06\/Mapa-del-Garraf-300x185.jpg\" alt=\"\" width=\"300\" height=\"185\" srcset=\"https:\/\/serveiseducatius.xtec.cat\/creda-penedes\/wp-content\/uploads\/usu836\/2025\/06\/Mapa-del-Garraf-300x185.jpg 300w, https:\/\/serveiseducatius.xtec.cat\/creda-penedes\/wp-content\/uploads\/usu836\/2025\/06\/Mapa-del-Garraf.jpg 473w\" sizes=\"auto, (max-width: 300px) 100vw, 300px\" \/><\/a><\/p>\n<p><strong>SEU Garraf<\/strong><br \/>C\/ Sant Pius X, 6<br \/>08800 Vilanova i la Geltr\u00fa<br \/>Telf: 938153733<\/p>\n\n\n<h2 class=\"wp-block-heading has-text-align-center\">L&#8217;EQUIP GARRAF<\/h2>\n\n\n\n<p><strong>Logopedes\/ Mestres audici\u00f3 i llenguatge Garraf:<\/strong><\/p>\n\n\n\n<ul class=\"wp-block-list\">\n<li>NORMA ALMIRALL RILLO GARRAF nalmiral@xtec.cat<br>RICARD L\u00d3PEZ FORTEA GARRAF rlope135@xtec.cat<br>CARME L\u00d3PEZ VILLAR GARRAF clopez28@xtec.cat<br>GEMMA LLORCA BOSCH GARRAF gllorca@xtec.cat<br>MIREIA GORDILLO SANCHEZ GARRAF mgordil7@xtec.cat<br>CRISTINA TANCO OLIVERAS GARRAF ctanco@xtec.cat<br>AIDA P\u00c9REZ TARRES GARRAF apere433@xtec.cat<br>YOLANDA ARANC\u00d3N GARRAF yarancon@xtec.cat<br>JORDI FERN\u00c1NDEZ FERN\u00c1NDEZ GARRAF jfern357@xtec.cat<br>MARIBEL CASTIBLANQUE GARRAF mcastibl@xtec.cat<\/li>\n<\/ul>\n","protected":false},"excerpt":{"rendered":"<p>La zona del Garraf ha format part del CREDA comarques IV fins el curs 23-24. A partir del curs 24-25 la comarca passa a formar part de la vegueria del Pened\u00e8s i d&#8217;aquesta manera es produeix la creaci\u00f3 del CREDA Pened\u00e8s el qual el forma part de l&#8217;Anoia, Garraf, Baix Pened\u00e8s i Alt Pened\u00e8s. SEU [&hellip;]<\/p>\n","protected":false},"author":1,"featured_media":0,"parent":0,"menu_order":0,"comment_status":"closed","ping_status":"closed","template":"","meta":{"_bbp_topic_count":0,"_bbp_reply_count":0,"_bbp_total_topic_count":0,"_bbp_total_reply_count":0,"_bbp_voice_count":0,"_bbp_anonymous_reply_count":0,"_bbp_topic_count_hidden":0,"_bbp_reply_count_hidden":0,"_bbp_forum_subforum_count":0,"site-sidebar-layout":"default","site-content-layout":"","ast-site-content-layout":"default","site-content-style":"default","site-sidebar-style":"default","ast-global-header-display":"","ast-banner-title-visibility":"","ast-main-header-display":"","ast-hfb-above-header-display":"","ast-hfb-below-header-display":"","ast-hfb-mobile-header-display":"","site-post-title":"","ast-breadcrumbs-content":"","ast-featured-img":"","footer-sml-layout":"","theme-transparent-header-meta":"default","adv-header-id-meta":"","stick-header-meta":"","header-above-stick-meta":"","header-main-stick-meta":"","header-below-stick-meta":"","astra-migrate-meta-layouts":"set","ast-page-background-enabled":"default","ast-page-background-meta":{"desktop":{"background-color":"var(--ast-global-color-4)","background-image":"","background-repeat":"repeat","background-position":"center center","background-size":"auto","background-attachment":"scroll","background-type":"","background-media":"","overlay-type":"","overlay-color":"","overlay-opacity":"","overlay-gradient":""},"tablet":{"background-color":"","background-image":"","background-repeat":"repeat","background-position":"center center","background-size":"auto","background-attachment":"scroll","background-type":"","background-media":"","overlay-type":"","overlay-color":"","overlay-opacity":"","overlay-gradient":""},"mobile":{"background-color":"","background-image":"","background-repeat":"repeat","background-position":"center center","background-size":"auto","background-attachment":"scroll","background-type":"","background-media":"","overlay-type":"","overlay-color":"","overlay-opacity":"","overlay-gradient":""}},"ast-content-background-meta":{"desktop":{"background-color":"var(--ast-global-color-5)","background-image":"","background-repeat":"repeat","background-position":"center center","background-size":"auto","background-attachment":"scroll","background-type":"","background-media":"","overlay-type":"","overlay-color":"","overlay-opacity":"","overlay-gradient":""},"tablet":{"background-color":"var(--ast-global-color-5)","background-image":"","background-repeat":"repeat","background-position":"center center","background-size":"auto","background-attachment":"scroll","background-type":"","background-media":"","overlay-type":"","overlay-color":"","overlay-opacity":"","overlay-gradient":""},"mobile":{"background-color":"var(--ast-global-color-5)","background-image":"","background-repeat":"repeat","background-position":"center center","background-size":"auto","background-attachment":"scroll","background-type":"","background-media":"","overlay-type":"","overlay-color":"","overlay-opacity":"","overlay-gradient":""}},"footnotes":""},"class_list":["post-11552","page","type-page","status-publish","hentry"],"post_mailing_queue_ids":[],"_links":{"self":[{"href":"https:\/\/serveiseducatius.xtec.cat\/creda-penedes\/wp-json\/wp\/v2\/pages\/11552","targetHints":{"allow":["GET"]}}],"collection":[{"href":"https:\/\/serveiseducatius.xtec.cat\/creda-penedes\/wp-json\/wp\/v2\/pages"}],"about":[{"href":"https:\/\/serveiseducatius.xtec.cat\/creda-penedes\/wp-json\/wp\/v2\/types\/page"}],"author":[{"embeddable":true,"href":"https:\/\/serveiseducatius.xtec.cat\/creda-penedes\/wp-json\/wp\/v2\/users\/1"}],"replies":[{"embeddable":true,"href":"https:\/\/serveiseducatius.xtec.cat\/creda-penedes\/wp-json\/wp\/v2\/comments?post=11552"}],"version-history":[{"count":4,"href":"https:\/\/serveiseducatius.xtec.cat\/creda-penedes\/wp-json\/wp\/v2\/pages\/11552\/revisions"}],"predecessor-version":[{"id":11661,"href":"https:\/\/serveiseducatius.xtec.cat\/creda-penedes\/wp-json\/wp\/v2\/pages\/11552\/revisions\/11661"}],"wp:attachment":[{"href":"https:\/\/serveiseducatius.xtec.cat\/creda-penedes\/wp-json\/wp\/v2\/media?parent=11552"}],"curies":[{"name":"wp","href":"https:\/\/api.w.org\/{rel}","templated":true}]}}