{"id":11543,"date":"2025-05-12T12:46:48","date_gmt":"2025-05-12T10:46:48","guid":{"rendered":"https:\/\/serveiseducatius.xtec.cat\/creda-penedes\/?page_id=11543"},"modified":"2025-10-06T14:56:20","modified_gmt":"2025-10-06T12:56:20","slug":"alt-penedes","status":"publish","type":"page","link":"https:\/\/serveiseducatius.xtec.cat\/creda-penedes\/alt-penedes\/","title":{"rendered":"Alt Pened\u00e8s"},"content":{"rendered":"<p>La zona de l\u2019Alt Pened\u00e8s ha format part del CREDA comarques IV fins el curs 23-24. A partir del curs 24-25 la comarca passa a formar part de la vegueria del Pened\u00e8s i d&#8217;aquesta manera es produeix la creaci\u00f3 del CREDA Pened\u00e8s el qual el forma part de l&#8217;Anoia, Garraf, Baix Pened\u00e8s i Alt Pened\u00e8s.<\/p>\n<p><a href=\"https:\/\/serveiseducatius.xtec.cat\/creda-penedes\/wp-content\/uploads\/usu836\/2025\/05\/ref_altpenedes.jpg\"><img loading=\"lazy\" decoding=\"async\" class=\"alignnone size-medium wp-image-11544\" src=\"https:\/\/serveiseducatius.xtec.cat\/creda-penedes\/wp-content\/uploads\/usu836\/2025\/05\/ref_altpenedes-300x254.jpg\" alt=\"\" width=\"300\" height=\"254\" srcset=\"https:\/\/serveiseducatius.xtec.cat\/creda-penedes\/wp-content\/uploads\/usu836\/2025\/05\/ref_altpenedes-300x254.jpg 300w, https:\/\/serveiseducatius.xtec.cat\/creda-penedes\/wp-content\/uploads\/usu836\/2025\/05\/ref_altpenedes.jpg 476w\" sizes=\"auto, (max-width: 300px) 100vw, 300px\" \/><\/a><\/p>\n<p><strong>Zona Alt Pened\u00e8s<\/strong><br \/>Avd. Europa, 28<br \/>08720 Vilafranca del Pened\u00e8s<\/p>\n\n\n<p><strong>Logopedes\/ Mestres audici\u00f3 i llenguatge Alt Pened\u00e8s:<\/strong><\/p>\n\n\n\n<h2 class=\"wp-block-heading has-text-align-center\">L\u2019EQUIP ALT PENED\u00c8S<\/h2>\n\n\n\n<ul class=\"wp-block-list\">\n<li>MONICA QUINTERO- mquinter@xtec.cat<\/li>\n\n\n\n<li>GEMMA SURI\u00c0- gsuria@xtec.cat<\/li>\n\n\n\n<li>SONIA CALLEJAS- scalleja@xtec.cat<\/li>\n\n\n\n<li>ARANTXA ROBIROSA- arobiros@xtec.cat<\/li>\n\n\n\n<li>ELISABET GUASCH- eguasch6@xtec.cat<\/li>\n\n\n\n<li>JUDITH GARCIA- jgarc150@xtec.cat<\/li>\n\n\n\n<li>GEMMA MOYA- gmoya8@xtec.cat<\/li>\n\n\n\n<li>MAITE REDONDO- mredon13@xtec.cat<\/li>\n\n\n\n<li>SUSANNA ARI\u00d1O- sarino1@xtec.cat<\/li>\n<\/ul>\n\n\n\n<p><\/p>\n","protected":false},"excerpt":{"rendered":"<p>La zona de l\u2019Alt Pened\u00e8s ha format part del CREDA comarques IV fins el curs 23-24. A partir del curs 24-25 la comarca passa a formar part de la vegueria del Pened\u00e8s i d&#8217;aquesta manera es produeix la creaci\u00f3 del CREDA Pened\u00e8s el qual el forma part de l&#8217;Anoia, Garraf, Baix Pened\u00e8s i Alt Pened\u00e8s. [&hellip;]<\/p>\n","protected":false},"author":1,"featured_media":0,"parent":0,"menu_order":0,"comment_status":"closed","ping_status":"closed","template":"","meta":{"_bbp_topic_count":0,"_bbp_reply_count":0,"_bbp_total_topic_count":0,"_bbp_total_reply_count":0,"_bbp_voice_count":0,"_bbp_anonymous_reply_count":0,"_bbp_topic_count_hidden":0,"_bbp_reply_count_hidden":0,"_bbp_forum_subforum_count":0,"site-sidebar-layout":"default","site-content-layout":"","ast-site-content-layout":"default","site-content-style":"default","site-sidebar-style":"default","ast-global-header-display":"","ast-banner-title-visibility":"","ast-main-header-display":"","ast-hfb-above-header-display":"","ast-hfb-below-header-display":"","ast-hfb-mobile-header-display":"","site-post-title":"","ast-breadcrumbs-content":"","ast-featured-img":"","footer-sml-layout":"","theme-transparent-header-meta":"default","adv-header-id-meta":"","stick-header-meta":"","header-above-stick-meta":"","header-main-stick-meta":"","header-below-stick-meta":"","astra-migrate-meta-layouts":"set","ast-page-background-enabled":"default","ast-page-background-meta":{"desktop":{"background-color":"var(--ast-global-color-4)","background-image":"","background-repeat":"repeat","background-position":"center center","background-size":"auto","background-attachment":"scroll","background-type":"","background-media":"","overlay-type":"","overlay-color":"","overlay-opacity":"","overlay-gradient":""},"tablet":{"background-color":"","background-image":"","background-repeat":"repeat","background-position":"center center","background-size":"auto","background-attachment":"scroll","background-type":"","background-media":"","overlay-type":"","overlay-color":"","overlay-opacity":"","overlay-gradient":""},"mobile":{"background-color":"","background-image":"","background-repeat":"repeat","background-position":"center center","background-size":"auto","background-attachment":"scroll","background-type":"","background-media":"","overlay-type":"","overlay-color":"","overlay-opacity":"","overlay-gradient":""}},"ast-content-background-meta":{"desktop":{"background-color":"var(--ast-global-color-5)","background-image":"","background-repeat":"repeat","background-position":"center center","background-size":"auto","background-attachment":"scroll","background-type":"","background-media":"","overlay-type":"","overlay-color":"","overlay-opacity":"","overlay-gradient":""},"tablet":{"background-color":"var(--ast-global-color-5)","background-image":"","background-repeat":"repeat","background-position":"center center","background-size":"auto","background-attachment":"scroll","background-type":"","background-media":"","overlay-type":"","overlay-color":"","overlay-opacity":"","overlay-gradient":""},"mobile":{"background-color":"var(--ast-global-color-5)","background-image":"","background-repeat":"repeat","background-position":"center center","background-size":"auto","background-attachment":"scroll","background-type":"","background-media":"","overlay-type":"","overlay-color":"","overlay-opacity":"","overlay-gradient":""}},"footnotes":""},"class_list":["post-11543","page","type-page","status-publish","hentry"],"post_mailing_queue_ids":[],"_links":{"self":[{"href":"https:\/\/serveiseducatius.xtec.cat\/creda-penedes\/wp-json\/wp\/v2\/pages\/11543","targetHints":{"allow":["GET"]}}],"collection":[{"href":"https:\/\/serveiseducatius.xtec.cat\/creda-penedes\/wp-json\/wp\/v2\/pages"}],"about":[{"href":"https:\/\/serveiseducatius.xtec.cat\/creda-penedes\/wp-json\/wp\/v2\/types\/page"}],"author":[{"embeddable":true,"href":"https:\/\/serveiseducatius.xtec.cat\/creda-penedes\/wp-json\/wp\/v2\/users\/1"}],"replies":[{"embeddable":true,"href":"https:\/\/serveiseducatius.xtec.cat\/creda-penedes\/wp-json\/wp\/v2\/comments?post=11543"}],"version-history":[{"count":5,"href":"https:\/\/serveiseducatius.xtec.cat\/creda-penedes\/wp-json\/wp\/v2\/pages\/11543\/revisions"}],"predecessor-version":[{"id":11658,"href":"https:\/\/serveiseducatius.xtec.cat\/creda-penedes\/wp-json\/wp\/v2\/pages\/11543\/revisions\/11658"}],"wp:attachment":[{"href":"https:\/\/serveiseducatius.xtec.cat\/creda-penedes\/wp-json\/wp\/v2\/media?parent=11543"}],"curies":[{"name":"wp","href":"https:\/\/api.w.org\/{rel}","templated":true}]}}