{"id":9115,"date":"2018-06-11T22:51:33","date_gmt":"2018-06-11T20:51:33","guid":{"rendered":"http:\/\/serveiseducatius.xtec.cat\/creda-narcismaso\/?page_id=9115"},"modified":"2018-06-15T01:03:48","modified_gmt":"2018-06-14T23:03:48","slug":"recursos","status":"publish","type":"page","link":"https:\/\/serveiseducatius.xtec.cat\/creda-narcismaso\/families\/recursos\/","title":{"rendered":"Recursos"},"content":{"rendered":"<p><strong>41 BANCS D&#8217;IMATGES AMB FOTOGRAFIES LLIURES DE DRETS<\/strong><\/p>\n<p><a href=\"http:\/\/xarxanet.org\/projectes\/noticies\/43-bancs-d-imatges-on-trobar-fotografies-lliures-de-drets\">http:\/\/xarxanet.org\/projectes\/noticies\/43-bancs-d-imatges-on-trobar-fotografies-lliures-de-drets<\/a><\/p>\n<p><strong>ABANS DE LES PRIMERES PARAULES<\/strong><\/p>\n<p><a href=\"http:\/\/abansprimeresparaules.upf.edu\/\">Web de divulgaci\u00f3 cient\u00edfica sobre la comunicaci\u00f3 infantil al llarg del primer any de vida.<\/a><\/p>\n<p><strong>EL SONIDO DE LA HIERBA AL CRECER<\/strong><\/p>\n<p><a href=\"http:\/\/elsonidodelahierbaelcrecer.blogspot.com\/\">Portal amb molts recursos, exercicis, materials, estrat\u00e8gies&#8230; per a treballar amb persones amb TEA.<\/a><\/p>\n<p><strong>LECTURA F\u00c0CIL\u00a0<\/strong><\/p>\n<p><a href=\"http:\/\/www.lecturafacil.net\/\">Web amb llibres, documents, p\u00e0gines, etc. elaborats per ser llegits i entesos per persones que tenen dificultats lectores.<\/a><\/p>\n<p><strong>TOOLBOX<\/strong><\/p>\n<p><a href=\"http:\/\/toolbox.mobileworldcapital.com\/\">Recull d\u2019aplicacions educatives adre\u00e7ades a escoles, docents, fam\u00edlies i alumnes<\/a><\/p>\n<p>&nbsp;<\/p>\n<p>&nbsp;<\/p>\n","protected":false},"excerpt":{"rendered":"<p>41 BANCS D&#8217;IMATGES AMB FOTOGRAFIES LLIURES DE DRETS http:\/\/xarxanet.org\/projectes\/noticies\/43-bancs-d-imatges-on-trobar-fotografies-lliures-de-drets ABANS DE LES PRIMERES PARAULES Web de divulgaci\u00f3 cient\u00edfica sobre la [&hellip;]<\/p>\n","protected":false},"author":1,"featured_media":0,"parent":8171,"menu_order":0,"comment_status":"closed","ping_status":"closed","template":"page-templates\/side-menu.php","meta":{"_bbp_topic_count":0,"_bbp_reply_count":0,"_bbp_total_topic_count":0,"_bbp_total_reply_count":0,"_bbp_voice_count":0,"_bbp_anonymous_reply_count":0,"_bbp_topic_count_hidden":0,"_bbp_reply_count_hidden":0,"_bbp_forum_subforum_count":0,"site-sidebar-layout":"default","site-content-layout":"","ast-site-content-layout":"","site-content-style":"default","site-sidebar-style":"default","ast-global-header-display":"","ast-banner-title-visibility":"","ast-main-header-display":"","ast-hfb-above-header-display":"","ast-hfb-below-header-display":"","ast-hfb-mobile-header-display":"","site-post-title":"","ast-breadcrumbs-content":"","ast-featured-img":"","footer-sml-layout":"","theme-transparent-header-meta":"","adv-header-id-meta":"","stick-header-meta":"","header-above-stick-meta":"","header-main-stick-meta":"","header-below-stick-meta":"","astra-migrate-meta-layouts":"default","ast-page-background-enabled":"default","ast-page-background-meta":{"desktop":{"background-color":"var(--ast-global-color-4)","background-image":"","background-repeat":"repeat","background-position":"center center","background-size":"auto","background-attachment":"scroll","background-type":"","background-media":"","overlay-type":"","overlay-color":"","overlay-opacity":"","overlay-gradient":""},"tablet":{"background-color":"","background-image":"","background-repeat":"repeat","background-position":"center center","background-size":"auto","background-attachment":"scroll","background-type":"","background-media":"","overlay-type":"","overlay-color":"","overlay-opacity":"","overlay-gradient":""},"mobile":{"background-color":"","background-image":"","background-repeat":"repeat","background-position":"center center","background-size":"auto","background-attachment":"scroll","background-type":"","background-media":"","overlay-type":"","overlay-color":"","overlay-opacity":"","overlay-gradient":""}},"ast-content-background-meta":{"desktop":{"background-color":"var(--ast-global-color-5)","background-image":"","background-repeat":"repeat","background-position":"center center","background-size":"auto","background-attachment":"scroll","background-type":"","background-media":"","overlay-type":"","overlay-color":"","overlay-opacity":"","overlay-gradient":""},"tablet":{"background-color":"var(--ast-global-color-5)","background-image":"","background-repeat":"repeat","background-position":"center center","background-size":"auto","background-attachment":"scroll","background-type":"","background-media":"","overlay-type":"","overlay-color":"","overlay-opacity":"","overlay-gradient":""},"mobile":{"background-color":"var(--ast-global-color-5)","background-image":"","background-repeat":"repeat","background-position":"center center","background-size":"auto","background-attachment":"scroll","background-type":"","background-media":"","overlay-type":"","overlay-color":"","overlay-opacity":"","overlay-gradient":""}},"footnotes":""},"class_list":["post-9115","page","type-page","status-publish","hentry"],"post_mailing_queue_ids":[],"_links":{"self":[{"href":"https:\/\/serveiseducatius.xtec.cat\/creda-narcismaso\/wp-json\/wp\/v2\/pages\/9115","targetHints":{"allow":["GET"]}}],"collection":[{"href":"https:\/\/serveiseducatius.xtec.cat\/creda-narcismaso\/wp-json\/wp\/v2\/pages"}],"about":[{"href":"https:\/\/serveiseducatius.xtec.cat\/creda-narcismaso\/wp-json\/wp\/v2\/types\/page"}],"author":[{"embeddable":true,"href":"https:\/\/serveiseducatius.xtec.cat\/creda-narcismaso\/wp-json\/wp\/v2\/users\/1"}],"replies":[{"embeddable":true,"href":"https:\/\/serveiseducatius.xtec.cat\/creda-narcismaso\/wp-json\/wp\/v2\/comments?post=9115"}],"version-history":[{"count":4,"href":"https:\/\/serveiseducatius.xtec.cat\/creda-narcismaso\/wp-json\/wp\/v2\/pages\/9115\/revisions"}],"predecessor-version":[{"id":9267,"href":"https:\/\/serveiseducatius.xtec.cat\/creda-narcismaso\/wp-json\/wp\/v2\/pages\/9115\/revisions\/9267"}],"up":[{"embeddable":true,"href":"https:\/\/serveiseducatius.xtec.cat\/creda-narcismaso\/wp-json\/wp\/v2\/pages\/8171"}],"wp:attachment":[{"href":"https:\/\/serveiseducatius.xtec.cat\/creda-narcismaso\/wp-json\/wp\/v2\/media?parent=9115"}],"curies":[{"name":"wp","href":"https:\/\/api.w.org\/{rel}","templated":true}]}}