{"id":8175,"date":"2016-04-04T12:18:56","date_gmt":"2016-04-04T11:18:56","guid":{"rendered":"http:\/\/serveiseducatius.xtec.cat\/creda-narcismaso\/?page_id=8175"},"modified":"2019-07-18T13:56:05","modified_gmt":"2019-07-18T11:56:05","slug":"guies","status":"publish","type":"page","link":"https:\/\/serveiseducatius.xtec.cat\/creda-narcismaso\/families\/guies\/","title":{"rendered":"Guies"},"content":{"rendered":"<p>A continuaci\u00f3 hi podreu trobar diverses guies per fam\u00edlies que us poden interessar:<\/p>\n<p><a href=\"http:\/\/treballiaferssocials.gencat.cat\/web\/.content\/01departament\/08publicacions\/ambits_tematics\/discapacitat\/12sordsprofunds\/sords_profunds.pdf\" target=\"_blank\" rel=\"noopener noreferrer\"><img loading=\"lazy\" decoding=\"async\" class=\" wp-image-8438 alignleft\" src=\"http:\/\/serveiseducatius.xtec.cat\/creda-narcismaso\/wp-content\/uploads\/usu1336\/2016\/04\/sords_profunds.png\" alt=\"sords_profunds\" width=\"150\" height=\"140\" srcset=\"https:\/\/serveiseducatius.xtec.cat\/creda-narcismaso\/wp-content\/uploads\/usu1336\/2016\/04\/sords_profunds.png 508w, https:\/\/serveiseducatius.xtec.cat\/creda-narcismaso\/wp-content\/uploads\/usu1336\/2016\/04\/sords_profunds-300x280.png 300w\" sizes=\"auto, (max-width: 150px) 100vw, 150px\" \/><\/a><\/p>\n<p>&nbsp;<\/p>\n<p>&nbsp;<\/p>\n<p>&nbsp;<\/p>\n<p><a href=\"http:\/\/treballiaferssocials.gencat.cat\/web\/.content\/01departament\/08publicacions\/ambits_tematics\/discapacitat\/12sordsprofunds\/sords_profunds.pdf\"><br \/>\nSords profunds per\u00f2 hi sentim i parlem<\/a><\/p>\n<p><a href=\"http:\/\/serveiseducatius.xtec.cat\/creda-narcismaso\/wp-content\/uploads\/usu1336\/2016\/04\/perdua-auditiva.png\"><img loading=\"lazy\" decoding=\"async\" class=\" wp-image-8504 size-thumbnail alignleft\" src=\"http:\/\/serveiseducatius.xtec.cat\/creda-narcismaso\/wp-content\/uploads\/usu1336\/2016\/04\/perdua-auditiva-150x150.png\" alt=\"perdua auditiva\" width=\"150\" height=\"150\" \/><\/a><\/p>\n<p>&nbsp;<\/p>\n<p>&nbsp;<\/p>\n<p>&nbsp;<\/p>\n<p><a href=\"http:\/\/www.hsjdbcn.org\/polymitaImages\/public\/consells\/2015\/2015_02_18_consell_perdua_auditiva_HSJD_CREDAV_cat.pdf\"><br \/>\nEl meu fill t\u00e9 una p\u00e8rdua auditiva. Informaci\u00f3 per a les fam\u00edlies<\/a><\/p>\n<p><a href=\"http:\/\/serveiseducatius.xtec.cat\/creda-narcismaso\/wp-content\/uploads\/usu1336\/2016\/04\/guia_tartamudesa.png\"><img loading=\"lazy\" decoding=\"async\" class=\" wp-image-8505 size-thumbnail alignleft\" src=\"http:\/\/serveiseducatius.xtec.cat\/creda-narcismaso\/wp-content\/uploads\/usu1336\/2016\/04\/guia_tartamudesa-150x150.png\" alt=\"guia_tartamudesa\" width=\"150\" height=\"150\" srcset=\"https:\/\/serveiseducatius.xtec.cat\/creda-narcismaso\/wp-content\/uploads\/usu1336\/2016\/04\/guia_tartamudesa-150x150.png 150w, https:\/\/serveiseducatius.xtec.cat\/creda-narcismaso\/wp-content\/uploads\/usu1336\/2016\/04\/guia_tartamudesa-300x300.png 300w, https:\/\/serveiseducatius.xtec.cat\/creda-narcismaso\/wp-content\/uploads\/usu1336\/2016\/04\/guia_tartamudesa.png 629w\" sizes=\"auto, (max-width: 150px) 100vw, 150px\" \/><\/a><\/p>\n<p>&nbsp;<\/p>\n<p>&nbsp;<\/p>\n<p>&nbsp;<\/p>\n<p><a href=\"http:\/\/ensenyament.gencat.cat\/web\/.content\/home\/departament\/publicacions\/colleccions\/guia-families\/tartamudesa\/guia_famil_fills_tartamudesa.pdf\"><br \/>\nGuia per a fam\u00edlies d&#8217;infants amb tartamudesa<\/a><\/p>\n<p><a href=\"http:\/\/serveiseducatius.xtec.cat\/creda-narcismaso\/wp-content\/uploads\/usu1336\/2016\/04\/guia_sordceguesa.png\"><img loading=\"lazy\" decoding=\"async\" class=\" wp-image-8507 size-thumbnail alignleft\" src=\"http:\/\/serveiseducatius.xtec.cat\/creda-narcismaso\/wp-content\/uploads\/usu1336\/2016\/04\/guia_sordceguesa-150x150.png\" alt=\"guia_sordceguesa\" width=\"150\" height=\"150\" srcset=\"https:\/\/serveiseducatius.xtec.cat\/creda-narcismaso\/wp-content\/uploads\/usu1336\/2016\/04\/guia_sordceguesa-150x150.png 150w, https:\/\/serveiseducatius.xtec.cat\/creda-narcismaso\/wp-content\/uploads\/usu1336\/2016\/04\/guia_sordceguesa-300x300.png 300w, https:\/\/serveiseducatius.xtec.cat\/creda-narcismaso\/wp-content\/uploads\/usu1336\/2016\/04\/guia_sordceguesa.png 628w\" sizes=\"auto, (max-width: 150px) 100vw, 150px\" \/><\/a><\/p>\n<p>&nbsp;<\/p>\n<p>&nbsp;<\/p>\n<p>&nbsp;<\/p>\n<p>&nbsp;<\/p>\n<p><a href=\"http:\/\/ensenyament.gencat.cat\/web\/.content\/home\/departament\/publicacions\/colleccions\/guia-families\/sordesa\/guia_famil_fills_sordceguesa.pdf\">Guia per a fam\u00edlies d&#8217;infants amb sordesa o sordceguesa<\/a><\/p>\n<p><a href=\"http:\/\/serveiseducatius.xtec.cat\/creda-narcismaso\/wp-content\/uploads\/usu1336\/2018\/06\/MOTRIUS.jpg\"><img loading=\"lazy\" decoding=\"async\" class=\"alignnone wp-image-9242\" src=\"http:\/\/serveiseducatius.xtec.cat\/creda-narcismaso\/wp-content\/uploads\/usu1336\/2018\/06\/MOTRIUS.jpg\" alt=\"\" width=\"175\" height=\"174\" srcset=\"https:\/\/serveiseducatius.xtec.cat\/creda-narcismaso\/wp-content\/uploads\/usu1336\/2018\/06\/MOTRIUS.jpg 299w, https:\/\/serveiseducatius.xtec.cat\/creda-narcismaso\/wp-content\/uploads\/usu1336\/2018\/06\/MOTRIUS-150x150.jpg 150w\" sizes=\"auto, (max-width: 175px) 100vw, 175px\" \/><\/a><\/p>\n<p><a href=\"http:\/\/ensenyament.gencat.cat\/web\/.content\/home\/departament\/publicacions\/colleccions\/guia-families\/discapacitat-motriu\/guia_famil_fills_discap_motriu.pdf\" target=\"_blank\" rel=\"noopener noreferrer\">Guia per a fam\u00edlies d\u2019infants i joves amb discapacitat motriu<\/a><\/p>\n<p>&nbsp;<\/p>\n<p><a href=\"http:\/\/serveiseducatius.xtec.cat\/creda-narcismaso\/wp-content\/uploads\/usu1336\/2018\/06\/GUIA-ALTERACIONS-CONDUCTA.jpg\"><img loading=\"lazy\" decoding=\"async\" class=\"alignnone wp-image-9240\" src=\"http:\/\/serveiseducatius.xtec.cat\/creda-narcismaso\/wp-content\/uploads\/usu1336\/2018\/06\/GUIA-ALTERACIONS-CONDUCTA.jpg\" alt=\"\" width=\"151\" height=\"151\" srcset=\"https:\/\/serveiseducatius.xtec.cat\/creda-narcismaso\/wp-content\/uploads\/usu1336\/2018\/06\/GUIA-ALTERACIONS-CONDUCTA.jpg 638w, https:\/\/serveiseducatius.xtec.cat\/creda-narcismaso\/wp-content\/uploads\/usu1336\/2018\/06\/GUIA-ALTERACIONS-CONDUCTA-150x150.jpg 150w, https:\/\/serveiseducatius.xtec.cat\/creda-narcismaso\/wp-content\/uploads\/usu1336\/2018\/06\/GUIA-ALTERACIONS-CONDUCTA-300x300.jpg 300w\" sizes=\"auto, (max-width: 151px) 100vw, 151px\" \/><\/a><\/p>\n<p><a href=\"http:\/\/ensenyament.gencat.cat\/web\/.content\/home\/departament\/publicacions\/colleccions\/guia-families\/alteracions-conducta\/alterac_conduct.pdf\" target=\"_blank\" rel=\"noopener noreferrer\">Guia per a fam\u00edlies d\u2019infants i joves amb alteracions greus de conducta<\/a><\/p>\n<p>&nbsp;<\/p>\n<p><a href=\"https:\/\/serveiseducatius.xtec.cat\/creda-narcismaso\/wp-content\/uploads\/usu1336\/2019\/07\/FOTO-GUIA-LSC.png\"><img loading=\"lazy\" decoding=\"async\" class=\"alignnone wp-image-9550\" src=\"https:\/\/serveiseducatius.xtec.cat\/creda-narcismaso\/wp-content\/uploads\/usu1336\/2019\/07\/FOTO-GUIA-LSC.png\" alt=\"\" width=\"165\" height=\"220\" srcset=\"https:\/\/serveiseducatius.xtec.cat\/creda-narcismaso\/wp-content\/uploads\/usu1336\/2019\/07\/FOTO-GUIA-LSC.png 428w, https:\/\/serveiseducatius.xtec.cat\/creda-narcismaso\/wp-content\/uploads\/usu1336\/2019\/07\/FOTO-GUIA-LSC-224x300.png 224w\" sizes=\"auto, (max-width: 165px) 100vw, 165px\" \/><\/a><\/p>\n<p><a href=\"https:\/\/serveiseducatius.xtec.cat\/creda-narcismaso\/wp-content\/uploads\/usu1336\/2019\/07\/Guia-de-families-amb-LSC.pdf\">Guia de families amb LSC<\/a><\/p>\n","protected":false},"excerpt":{"rendered":"<p>A continuaci\u00f3 hi podreu trobar diverses guies per fam\u00edlies que us poden interessar: &nbsp; &nbsp; &nbsp; Sords profunds per\u00f2 hi [&hellip;]<\/p>\n","protected":false},"author":1,"featured_media":0,"parent":8171,"menu_order":0,"comment_status":"closed","ping_status":"closed","template":"","meta":{"_bbp_topic_count":0,"_bbp_reply_count":0,"_bbp_total_topic_count":0,"_bbp_total_reply_count":0,"_bbp_voice_count":0,"_bbp_anonymous_reply_count":0,"_bbp_topic_count_hidden":0,"_bbp_reply_count_hidden":0,"_bbp_forum_subforum_count":0,"site-sidebar-layout":"default","site-content-layout":"","ast-site-content-layout":"","site-content-style":"default","site-sidebar-style":"default","ast-global-header-display":"","ast-banner-title-visibility":"","ast-main-header-display":"","ast-hfb-above-header-display":"","ast-hfb-below-header-display":"","ast-hfb-mobile-header-display":"","site-post-title":"","ast-breadcrumbs-content":"","ast-featured-img":"","footer-sml-layout":"","theme-transparent-header-meta":"","adv-header-id-meta":"","stick-header-meta":"","header-above-stick-meta":"","header-main-stick-meta":"","header-below-stick-meta":"","astra-migrate-meta-layouts":"default","ast-page-background-enabled":"default","ast-page-background-meta":{"desktop":{"background-color":"var(--ast-global-color-4)","background-image":"","background-repeat":"repeat","background-position":"center center","background-size":"auto","background-attachment":"scroll","background-type":"","background-media":"","overlay-type":"","overlay-color":"","overlay-opacity":"","overlay-gradient":""},"tablet":{"background-color":"","background-image":"","background-repeat":"repeat","background-position":"center center","background-size":"auto","background-attachment":"scroll","background-type":"","background-media":"","overlay-type":"","overlay-color":"","overlay-opacity":"","overlay-gradient":""},"mobile":{"background-color":"","background-image":"","background-repeat":"repeat","background-position":"center center","background-size":"auto","background-attachment":"scroll","background-type":"","background-media":"","overlay-type":"","overlay-color":"","overlay-opacity":"","overlay-gradient":""}},"ast-content-background-meta":{"desktop":{"background-color":"var(--ast-global-color-5)","background-image":"","background-repeat":"repeat","background-position":"center center","background-size":"auto","background-attachment":"scroll","background-type":"","background-media":"","overlay-type":"","overlay-color":"","overlay-opacity":"","overlay-gradient":""},"tablet":{"background-color":"var(--ast-global-color-5)","background-image":"","background-repeat":"repeat","background-position":"center center","background-size":"auto","background-attachment":"scroll","background-type":"","background-media":"","overlay-type":"","overlay-color":"","overlay-opacity":"","overlay-gradient":""},"mobile":{"background-color":"var(--ast-global-color-5)","background-image":"","background-repeat":"repeat","background-position":"center center","background-size":"auto","background-attachment":"scroll","background-type":"","background-media":"","overlay-type":"","overlay-color":"","overlay-opacity":"","overlay-gradient":""}},"footnotes":""},"class_list":["post-8175","page","type-page","status-publish","hentry"],"post_mailing_queue_ids":[],"_links":{"self":[{"href":"https:\/\/serveiseducatius.xtec.cat\/creda-narcismaso\/wp-json\/wp\/v2\/pages\/8175","targetHints":{"allow":["GET"]}}],"collection":[{"href":"https:\/\/serveiseducatius.xtec.cat\/creda-narcismaso\/wp-json\/wp\/v2\/pages"}],"about":[{"href":"https:\/\/serveiseducatius.xtec.cat\/creda-narcismaso\/wp-json\/wp\/v2\/types\/page"}],"author":[{"embeddable":true,"href":"https:\/\/serveiseducatius.xtec.cat\/creda-narcismaso\/wp-json\/wp\/v2\/users\/1"}],"replies":[{"embeddable":true,"href":"https:\/\/serveiseducatius.xtec.cat\/creda-narcismaso\/wp-json\/wp\/v2\/comments?post=8175"}],"version-history":[{"count":5,"href":"https:\/\/serveiseducatius.xtec.cat\/creda-narcismaso\/wp-json\/wp\/v2\/pages\/8175\/revisions"}],"predecessor-version":[{"id":9556,"href":"https:\/\/serveiseducatius.xtec.cat\/creda-narcismaso\/wp-json\/wp\/v2\/pages\/8175\/revisions\/9556"}],"up":[{"embeddable":true,"href":"https:\/\/serveiseducatius.xtec.cat\/creda-narcismaso\/wp-json\/wp\/v2\/pages\/8171"}],"wp:attachment":[{"href":"https:\/\/serveiseducatius.xtec.cat\/creda-narcismaso\/wp-json\/wp\/v2\/media?parent=8175"}],"curies":[{"name":"wp","href":"https:\/\/api.w.org\/{rel}","templated":true}]}}