{"id":8140,"date":"2016-04-01T14:00:46","date_gmt":"2016-04-01T13:00:46","guid":{"rendered":"http:\/\/serveiseducatius.xtec.cat\/creda-narcismaso\/?page_id=8140"},"modified":"2025-03-13T13:48:09","modified_gmt":"2025-03-13T12:48:09","slug":"serveis","status":"publish","type":"page","link":"https:\/\/serveiseducatius.xtec.cat\/creda-narcismaso\/el-creda\/serveis\/","title":{"rendered":"Serveis"},"content":{"rendered":"<p>El nostre equip multidisciplinar ofereix els serveis que trobareu a continuaci\u00f3:<\/p>\n<ul>\n<li><span style=\"font-family: Arial,Helvetica,sans-serif; font-size: medium;\">Acolliment a les fam\u00edlies dels infants amb p\u00e8rdua auditiva.\u00a0<\/span><\/li>\n<li><span style=\"font-family: Arial,Helvetica,sans-serif; font-size: medium;\">Valoraci\u00f3 audiol\u00f2gica dels alumnes amb diagn\u00f2stic de p\u00e8rdua auditiva.<\/span><\/li>\n<li><span style=\"font-family: Arial,Helvetica,sans-serif; font-size: medium;\">Revisions audioprot\u00e8tiques de tots els alumnes amb pr\u00f2tesis auditives.<\/span><\/li>\n<li><span style=\"font-family: Arial,Helvetica,sans-serif; font-size: medium;\">Exploraci\u00f3 psicoling\u00fc\u00edstica dels alumnes atesos pel CREDA.<\/span><\/li>\n<li><span style=\"font-family: Arial,Helvetica,sans-serif; font-size: medium;\">Col\u00b7laboraci\u00f3 amb l&#8217;EAP per decidir si un alumne \u00e9s creditor d&#8217;atenci\u00f3 del CREDA.<\/span><\/li>\n<li><span style=\"font-family: Arial,Helvetica,sans-serif; font-size: medium;\">Atenci\u00f3 logop\u00e8dica a alumnes amb defici\u00e8ncia auditiva o amb trastorn de llenguatge.<\/span><\/li>\n<li><span style=\"font-family: Arial,Helvetica,sans-serif; font-size: medium;\">Assessoraments al centres escolars on hi hagi matriculats alumnes amb p\u00e8rdua auditiva o amb trastorn de llenguatge.<\/span><\/li>\n<\/ul>\n<p>Document comportaments ling\u00fc\u00edstics LSC: <a href=\"https:\/\/serveiseducatius.xtec.cat\/creda-narcismaso\/wp-content\/uploads\/usu1336\/2019\/07\/comportaments-ling\u00fc\u00edstics.pdf\">comportaments ling\u00fc\u00edstics<\/a><\/p>\n","protected":false},"excerpt":{"rendered":"<p>El nostre equip multidisciplinar ofereix els serveis que trobareu a continuaci\u00f3: Acolliment a les fam\u00edlies dels infants amb p\u00e8rdua auditiva.\u00a0 [&hellip;]<\/p>\n","protected":false},"author":1,"featured_media":0,"parent":806,"menu_order":30,"comment_status":"closed","ping_status":"closed","template":"","meta":{"_bbp_topic_count":0,"_bbp_reply_count":0,"_bbp_total_topic_count":0,"_bbp_total_reply_count":0,"_bbp_voice_count":0,"_bbp_anonymous_reply_count":0,"_bbp_topic_count_hidden":0,"_bbp_reply_count_hidden":0,"_bbp_forum_subforum_count":0,"site-sidebar-layout":"default","site-content-layout":"","ast-site-content-layout":"default","site-content-style":"default","site-sidebar-style":"default","ast-global-header-display":"","ast-banner-title-visibility":"","ast-main-header-display":"","ast-hfb-above-header-display":"","ast-hfb-below-header-display":"","ast-hfb-mobile-header-display":"","site-post-title":"","ast-breadcrumbs-content":"","ast-featured-img":"","footer-sml-layout":"","theme-transparent-header-meta":"default","adv-header-id-meta":"","stick-header-meta":"","header-above-stick-meta":"","header-main-stick-meta":"","header-below-stick-meta":"","astra-migrate-meta-layouts":"set","ast-page-background-enabled":"default","ast-page-background-meta":{"desktop":{"background-color":"var(--ast-global-color-4)","background-image":"","background-repeat":"repeat","background-position":"center center","background-size":"auto","background-attachment":"scroll","background-type":"","background-media":"","overlay-type":"","overlay-color":"","overlay-opacity":"","overlay-gradient":""},"tablet":{"background-color":"","background-image":"","background-repeat":"repeat","background-position":"center center","background-size":"auto","background-attachment":"scroll","background-type":"","background-media":"","overlay-type":"","overlay-color":"","overlay-opacity":"","overlay-gradient":""},"mobile":{"background-color":"","background-image":"","background-repeat":"repeat","background-position":"center center","background-size":"auto","background-attachment":"scroll","background-type":"","background-media":"","overlay-type":"","overlay-color":"","overlay-opacity":"","overlay-gradient":""}},"ast-content-background-meta":{"desktop":{"background-color":"var(--ast-global-color-5)","background-image":"","background-repeat":"repeat","background-position":"center center","background-size":"auto","background-attachment":"scroll","background-type":"","background-media":"","overlay-type":"","overlay-color":"","overlay-opacity":"","overlay-gradient":""},"tablet":{"background-color":"var(--ast-global-color-5)","background-image":"","background-repeat":"repeat","background-position":"center center","background-size":"auto","background-attachment":"scroll","background-type":"","background-media":"","overlay-type":"","overlay-color":"","overlay-opacity":"","overlay-gradient":""},"mobile":{"background-color":"var(--ast-global-color-5)","background-image":"","background-repeat":"repeat","background-position":"center center","background-size":"auto","background-attachment":"scroll","background-type":"","background-media":"","overlay-type":"","overlay-color":"","overlay-opacity":"","overlay-gradient":""}},"footnotes":""},"class_list":["post-8140","page","type-page","status-publish","hentry"],"post_mailing_queue_ids":[],"_links":{"self":[{"href":"https:\/\/serveiseducatius.xtec.cat\/creda-narcismaso\/wp-json\/wp\/v2\/pages\/8140","targetHints":{"allow":["GET"]}}],"collection":[{"href":"https:\/\/serveiseducatius.xtec.cat\/creda-narcismaso\/wp-json\/wp\/v2\/pages"}],"about":[{"href":"https:\/\/serveiseducatius.xtec.cat\/creda-narcismaso\/wp-json\/wp\/v2\/types\/page"}],"author":[{"embeddable":true,"href":"https:\/\/serveiseducatius.xtec.cat\/creda-narcismaso\/wp-json\/wp\/v2\/users\/1"}],"replies":[{"embeddable":true,"href":"https:\/\/serveiseducatius.xtec.cat\/creda-narcismaso\/wp-json\/wp\/v2\/comments?post=8140"}],"version-history":[{"count":5,"href":"https:\/\/serveiseducatius.xtec.cat\/creda-narcismaso\/wp-json\/wp\/v2\/pages\/8140\/revisions"}],"predecessor-version":[{"id":9839,"href":"https:\/\/serveiseducatius.xtec.cat\/creda-narcismaso\/wp-json\/wp\/v2\/pages\/8140\/revisions\/9839"}],"up":[{"embeddable":true,"href":"https:\/\/serveiseducatius.xtec.cat\/creda-narcismaso\/wp-json\/wp\/v2\/pages\/806"}],"wp:attachment":[{"href":"https:\/\/serveiseducatius.xtec.cat\/creda-narcismaso\/wp-json\/wp\/v2\/media?parent=8140"}],"curies":[{"name":"wp","href":"https:\/\/api.w.org\/{rel}","templated":true}]}}