{"id":608,"date":"2015-11-27T10:04:51","date_gmt":"2015-11-27T09:04:51","guid":{"rendered":"http:\/\/serveiseducatius.xtec.cat\/creda-narcismaso\/?page_id=608"},"modified":"2025-03-13T16:13:53","modified_gmt":"2025-03-13T15:13:53","slug":"horari-i-calendari","status":"publish","type":"page","link":"https:\/\/serveiseducatius.xtec.cat\/creda-narcismaso\/el-creda\/horari-i-calendari\/","title":{"rendered":"Horari i calendari"},"content":{"rendered":"<p>De dilluns a divendres:<\/p>\n<ul>\n<li>Mat\u00ed: de 9 a 14 h<\/li>\n<li>Tarda: de 15\u00a0a 16:30\u00a0h<\/li>\n<\/ul>\n<p>La <strong>seu del CREDA<\/strong> romandr\u00e0 tancat al p\u00fablic, a part dels per\u00edodes de vacances escolars i dels dies de festes laborals oficials a Catalunya, els seg\u00fcents dies de festius i lliure disposici\u00f3, acordats pel Consell Escolar Municipal de Salt:<\/p>\n<ul>\n<li>28 i 29 d&#8217;octubre de 2024<\/li>\n<li>5 de desembre de 2024<\/li>\n<li>28 de febrer de 2025<\/li>\n<li>3 de mar\u00e7 de 2025<\/li>\n<li>2 de maig de 2025<\/li>\n<\/ul>\n<p>Els dies de festa local i lliure disposici\u00f3 de les subseus seran els seg\u00fcents:<\/p>\n<ul>\n<li><strong>Alt Empord\u00e0 (Figueres): <\/strong>31 d&#8217;octubre, 4 de novembre, 3 i 4 de mar\u00e7, 30 d&#8217;abril, 2 de maig.<\/li>\n<li><strong><strong>Baix Empord\u00e0 (La Bisbal d&#8217;Empord\u00e0): <\/strong><\/strong>31 d&#8217;octubre, 28 de febrer, 3 i 4 de mar\u00e7, 2 de maig, 9 de juny.<\/li>\n<li><strong><strong>Garrotxa (Olot): <\/strong><\/strong>8 i 9 de setembre, 31 d&#8217;octubre, 28 de febrer, 17 de mar\u00e7, 2 de maig.<\/li>\n<li><strong>Pla de l&#8217;Estany (Banyoles):<\/strong> 21 d&#8217;octubre, 5 de desembre, 28 de febrer, 3 de mar\u00e7, 2 i 19 de maig.<\/li>\n<li><strong>Ripoll\u00e8s (Ripoll): <\/strong>31 d&#8217;octubre, 5 de desembre, 10 de mar\u00e7, 2 i 12 de maig, 9 de juny.<\/li>\n<li><strong><strong>Selva I (Sta. Coloma de Farners): <\/strong><\/strong>28 i 29 d&#8217;octubre, 5 de desembre, 28 de febrer, 3 de mar\u00e7, 2 de maig.<\/li>\n<li><strong>Selva II (Blanes):<\/strong> 31 d&#8217;octubre, 5 de desembre, 10 de febrer, 3 de mar\u00e7, 2 de maig.<\/li>\n<\/ul>\n","protected":false},"excerpt":{"rendered":"<p>De dilluns a divendres: Mat\u00ed: de 9 a 14 h Tarda: de 15\u00a0a 16:30\u00a0h La seu del CREDA romandr\u00e0 tancat [&hellip;]<\/p>\n","protected":false},"author":1,"featured_media":0,"parent":806,"menu_order":40,"comment_status":"closed","ping_status":"closed","template":"","meta":{"_bbp_topic_count":0,"_bbp_reply_count":0,"_bbp_total_topic_count":0,"_bbp_total_reply_count":0,"_bbp_voice_count":0,"_bbp_anonymous_reply_count":0,"_bbp_topic_count_hidden":0,"_bbp_reply_count_hidden":0,"_bbp_forum_subforum_count":0,"site-sidebar-layout":"default","site-content-layout":"","ast-site-content-layout":"default","site-content-style":"default","site-sidebar-style":"default","ast-global-header-display":"","ast-banner-title-visibility":"","ast-main-header-display":"","ast-hfb-above-header-display":"","ast-hfb-below-header-display":"","ast-hfb-mobile-header-display":"","site-post-title":"","ast-breadcrumbs-content":"","ast-featured-img":"","footer-sml-layout":"","theme-transparent-header-meta":"default","adv-header-id-meta":"","stick-header-meta":"","header-above-stick-meta":"","header-main-stick-meta":"","header-below-stick-meta":"","astra-migrate-meta-layouts":"set","ast-page-background-enabled":"default","ast-page-background-meta":{"desktop":{"background-color":"var(--ast-global-color-4)","background-image":"","background-repeat":"repeat","background-position":"center center","background-size":"auto","background-attachment":"scroll","background-type":"","background-media":"","overlay-type":"","overlay-color":"","overlay-opacity":"","overlay-gradient":""},"tablet":{"background-color":"","background-image":"","background-repeat":"repeat","background-position":"center center","background-size":"auto","background-attachment":"scroll","background-type":"","background-media":"","overlay-type":"","overlay-color":"","overlay-opacity":"","overlay-gradient":""},"mobile":{"background-color":"","background-image":"","background-repeat":"repeat","background-position":"center center","background-size":"auto","background-attachment":"scroll","background-type":"","background-media":"","overlay-type":"","overlay-color":"","overlay-opacity":"","overlay-gradient":""}},"ast-content-background-meta":{"desktop":{"background-color":"var(--ast-global-color-5)","background-image":"","background-repeat":"repeat","background-position":"center center","background-size":"auto","background-attachment":"scroll","background-type":"","background-media":"","overlay-type":"","overlay-color":"","overlay-opacity":"","overlay-gradient":""},"tablet":{"background-color":"var(--ast-global-color-5)","background-image":"","background-repeat":"repeat","background-position":"center center","background-size":"auto","background-attachment":"scroll","background-type":"","background-media":"","overlay-type":"","overlay-color":"","overlay-opacity":"","overlay-gradient":""},"mobile":{"background-color":"var(--ast-global-color-5)","background-image":"","background-repeat":"repeat","background-position":"center center","background-size":"auto","background-attachment":"scroll","background-type":"","background-media":"","overlay-type":"","overlay-color":"","overlay-opacity":"","overlay-gradient":""}},"footnotes":""},"class_list":["post-608","page","type-page","status-publish","hentry"],"post_mailing_queue_ids":[],"_links":{"self":[{"href":"https:\/\/serveiseducatius.xtec.cat\/creda-narcismaso\/wp-json\/wp\/v2\/pages\/608","targetHints":{"allow":["GET"]}}],"collection":[{"href":"https:\/\/serveiseducatius.xtec.cat\/creda-narcismaso\/wp-json\/wp\/v2\/pages"}],"about":[{"href":"https:\/\/serveiseducatius.xtec.cat\/creda-narcismaso\/wp-json\/wp\/v2\/types\/page"}],"author":[{"embeddable":true,"href":"https:\/\/serveiseducatius.xtec.cat\/creda-narcismaso\/wp-json\/wp\/v2\/users\/1"}],"replies":[{"embeddable":true,"href":"https:\/\/serveiseducatius.xtec.cat\/creda-narcismaso\/wp-json\/wp\/v2\/comments?post=608"}],"version-history":[{"count":7,"href":"https:\/\/serveiseducatius.xtec.cat\/creda-narcismaso\/wp-json\/wp\/v2\/pages\/608\/revisions"}],"predecessor-version":[{"id":9845,"href":"https:\/\/serveiseducatius.xtec.cat\/creda-narcismaso\/wp-json\/wp\/v2\/pages\/608\/revisions\/9845"}],"up":[{"embeddable":true,"href":"https:\/\/serveiseducatius.xtec.cat\/creda-narcismaso\/wp-json\/wp\/v2\/pages\/806"}],"wp:attachment":[{"href":"https:\/\/serveiseducatius.xtec.cat\/creda-narcismaso\/wp-json\/wp\/v2\/media?parent=608"}],"curies":[{"name":"wp","href":"https:\/\/api.w.org\/{rel}","templated":true}]}}