{"id":8429,"date":"2016-05-03T08:44:33","date_gmt":"2016-05-03T07:44:33","guid":{"rendered":"http:\/\/serveiseducatius.xtec.cat\/creda-mvo\/?page_id=8429"},"modified":"2025-02-19T13:02:14","modified_gmt":"2025-02-19T12:02:14","slug":"historia","status":"publish","type":"page","link":"https:\/\/serveiseducatius.xtec.cat\/creda-mvo\/el-creda\/historia\/","title":{"rendered":"Hist\u00f2ria"},"content":{"rendered":"\n<div class=\"wp-block-getwid-content-timeline\" data-animation=\"none\" data-filling=\"true\"><div class=\"wp-block-getwid-content-timeline__line\"><div class=\"wp-block-getwid-content-timeline__bar\"><\/div><\/div><div class=\"wp-block-getwid-content-timeline__wrapper\">\n<div class=\"wp-block-getwid-content-timeline-item\"><div class=\"wp-block-getwid-content-timeline-item__wrapper\"><div class=\"wp-block-getwid-content-timeline-item__card\"><div class=\"wp-block-getwid-content-timeline-item__card-wrapper\"><div class=\"wp-block-getwid-content-timeline-item__image-wrapper\"><img loading=\"lazy\" decoding=\"async\" width=\"382\" height=\"510\" class=\"wp-block-getwid-content-timeline-item__image wp-image-12942\" src=\"https:\/\/serveiseducatius.xtec.cat\/creda-mvo\/wp-content\/uploads\/usu735\/2025\/02\/20-3-2018-395.jpg\" alt=\"\" srcset=\"https:\/\/serveiseducatius.xtec.cat\/creda-mvo\/wp-content\/uploads\/usu735\/2025\/02\/20-3-2018-395.jpg 382w, https:\/\/serveiseducatius.xtec.cat\/creda-mvo\/wp-content\/uploads\/usu735\/2025\/02\/20-3-2018-395-225x300.jpg 225w\" sizes=\"auto, (max-width: 382px) 100vw, 382px\" \/><\/div><div class=\"wp-block-getwid-content-timeline-item__content-wrapper\"><div class=\"wp-block-getwid-content-timeline-item__mobile-meta\"><p class=\"wp-block-getwid-content-timeline-item__meta-content\">El 2007 el Dept. d&#8217;Educaci\u00f3 crea el <a href=\"https:\/\/educacio.gencat.cat\/ca\/departament\/serveis-territorials\/maresme-valles-oriental\/\">Servei Territorial del Maresme-Vall\u00e8s Oriental<\/a>, un territori que fins ara estava incl\u00f2s en el ST de Barcelona Comarques.\u00a0<\/p><\/div>\n<h3 class=\"wp-block-heading\">2007<\/h3>\n\n\n\n<p><strong>Creaci\u00f3 ST Maresme-Vall\u00e8s Oriental<\/strong><\/p>\n<\/div><\/div><\/div><div class=\"wp-block-getwid-content-timeline-item__point\"><div class=\"wp-block-getwid-content-timeline-item__point-content\"><\/div><\/div><div class=\"wp-block-getwid-content-timeline-item__meta\"><p class=\"wp-block-getwid-content-timeline-item__meta-content\">El 2007 el Dept. d&#8217;Educaci\u00f3 crea el <a href=\"https:\/\/educacio.gencat.cat\/ca\/departament\/serveis-territorials\/maresme-valles-oriental\/\">Servei Territorial del Maresme-Vall\u00e8s Oriental<\/a>, un territori que fins ara estava incl\u00f2s en el ST de Barcelona Comarques.\u00a0<\/p><\/div><\/div><\/div>\n\n\n\n<div class=\"wp-block-getwid-content-timeline-item\"><div class=\"wp-block-getwid-content-timeline-item__wrapper\"><div class=\"wp-block-getwid-content-timeline-item__card\"><div class=\"wp-block-getwid-content-timeline-item__card-wrapper\"><div class=\"wp-block-getwid-content-timeline-item__image-wrapper\"><img loading=\"lazy\" decoding=\"async\" width=\"1600\" height=\"1200\" class=\"wp-block-getwid-content-timeline-item__image wp-image-12922\" src=\"https:\/\/serveiseducatius.xtec.cat\/creda-mvo\/wp-content\/uploads\/usu735\/2025\/02\/foto-maite-montse-tere-gemma.jpg\" alt=\"\" srcset=\"https:\/\/serveiseducatius.xtec.cat\/creda-mvo\/wp-content\/uploads\/usu735\/2025\/02\/foto-maite-montse-tere-gemma.jpg 1600w, https:\/\/serveiseducatius.xtec.cat\/creda-mvo\/wp-content\/uploads\/usu735\/2025\/02\/foto-maite-montse-tere-gemma-300x225.jpg 300w, https:\/\/serveiseducatius.xtec.cat\/creda-mvo\/wp-content\/uploads\/usu735\/2025\/02\/foto-maite-montse-tere-gemma-1024x768.jpg 1024w, https:\/\/serveiseducatius.xtec.cat\/creda-mvo\/wp-content\/uploads\/usu735\/2025\/02\/foto-maite-montse-tere-gemma-768x576.jpg 768w, https:\/\/serveiseducatius.xtec.cat\/creda-mvo\/wp-content\/uploads\/usu735\/2025\/02\/foto-maite-montse-tere-gemma-1536x1152.jpg 1536w\" sizes=\"auto, (max-width: 1600px) 100vw, 1600px\" \/><\/div><div class=\"wp-block-getwid-content-timeline-item__content-wrapper\"><div class=\"wp-block-getwid-content-timeline-item__mobile-meta\"><p class=\"wp-block-getwid-content-timeline-item__meta-content\">El curs 2009-2010, es fusiona part del <a href=\"https:\/\/serveiseducatius.xtec.cat\/creda-comarques2\/\">CREDA Comarques II<\/a> (Matar\u00f3, Alt i Baix Maresme) i CREDA Comarques I (Bigues i Riells, Sant Celoni, Granollers i Montmel\u00f3), per crear el CREDA Maresme-Vall\u00e8s Oriental.<br><br>El primer equip directiu va ser molt valent!<\/p><\/div>\n<h3 class=\"wp-block-heading\">2009-2010<\/h3>\n\n\n\n<p><strong>Creaci\u00f3 CREDA Maresme-Vall\u00e8s Oriental (MVO)<\/strong><\/p>\n<\/div><\/div><\/div><div class=\"wp-block-getwid-content-timeline-item__point\"><div class=\"wp-block-getwid-content-timeline-item__point-content\"><\/div><\/div><div class=\"wp-block-getwid-content-timeline-item__meta\"><p class=\"wp-block-getwid-content-timeline-item__meta-content\">El curs 2009-2010, es fusiona part del <a href=\"https:\/\/serveiseducatius.xtec.cat\/creda-comarques2\/\">CREDA Comarques II<\/a> (Matar\u00f3, Alt i Baix Maresme) i CREDA Comarques I (Bigues i Riells, Sant Celoni, Granollers i Montmel\u00f3), per crear el CREDA Maresme-Vall\u00e8s Oriental.<br><br>El primer equip directiu va ser molt valent!<\/p><\/div><\/div><\/div>\n\n\n\n<div class=\"wp-block-getwid-content-timeline-item\"><div class=\"wp-block-getwid-content-timeline-item__wrapper\"><div class=\"wp-block-getwid-content-timeline-item__card\"><div class=\"wp-block-getwid-content-timeline-item__card-wrapper\"><div class=\"wp-block-getwid-content-timeline-item__image-wrapper\"><img loading=\"lazy\" decoding=\"async\" width=\"1906\" height=\"1864\" class=\"wp-block-getwid-content-timeline-item__image wp-image-12928\" src=\"https:\/\/serveiseducatius.xtec.cat\/creda-mvo\/wp-content\/uploads\/usu735\/2025\/02\/visita-maragall-026tt.jpg\" alt=\"\" srcset=\"https:\/\/serveiseducatius.xtec.cat\/creda-mvo\/wp-content\/uploads\/usu735\/2025\/02\/visita-maragall-026tt.jpg 1906w, https:\/\/serveiseducatius.xtec.cat\/creda-mvo\/wp-content\/uploads\/usu735\/2025\/02\/visita-maragall-026tt-300x293.jpg 300w, https:\/\/serveiseducatius.xtec.cat\/creda-mvo\/wp-content\/uploads\/usu735\/2025\/02\/visita-maragall-026tt-1024x1001.jpg 1024w, https:\/\/serveiseducatius.xtec.cat\/creda-mvo\/wp-content\/uploads\/usu735\/2025\/02\/visita-maragall-026tt-768x751.jpg 768w, https:\/\/serveiseducatius.xtec.cat\/creda-mvo\/wp-content\/uploads\/usu735\/2025\/02\/visita-maragall-026tt-1536x1502.jpg 1536w\" sizes=\"auto, (max-width: 1906px) 100vw, 1906px\" \/><\/div><div class=\"wp-block-getwid-content-timeline-item__content-wrapper\"><div class=\"wp-block-getwid-content-timeline-item__mobile-meta\"><p class=\"wp-block-getwid-content-timeline-item__meta-content\">El 30.10.2009 el Conseller Maragall inaugura les nostres instal\u00b7lacions a la seu de Granollers, amb l\u2019alcalde, el Sr. Josep Mayoral, el Dr. ST Maresme-Vall\u00e8s Oriental, el\u00a0 Sr. Josep Maria Fern\u00e0ndez\u00a0 i els seus respectius t\u00e8cnics.<br><br>La Dra. del CREDA MVO, Montserrat Salvador, va\u00a0 agrair l\u2019inter\u00e8s de l\u2019Ajuntament, del Dept. d\u2019Educaci\u00f3 i, en especial, de l\u2019equip de logopedes per engegar aquest nou servei.\u00a0<br>\u00a0<\/p><\/div>\n<h3 class=\"wp-block-heading\">30.10.2009<\/h3>\n\n\n\n<p><strong>Inauguraci\u00f3 de les instal\u00b7lacions pel Conseller Maragall<\/strong><\/p>\n<\/div><\/div><\/div><div class=\"wp-block-getwid-content-timeline-item__point\"><div class=\"wp-block-getwid-content-timeline-item__point-content\"><\/div><\/div><div class=\"wp-block-getwid-content-timeline-item__meta\"><p class=\"wp-block-getwid-content-timeline-item__meta-content\">El 30.10.2009 el Conseller Maragall inaugura les nostres instal\u00b7lacions a la seu de Granollers, amb l\u2019alcalde, el Sr. Josep Mayoral, el Dr. ST Maresme-Vall\u00e8s Oriental, el\u00a0 Sr. Josep Maria Fern\u00e0ndez\u00a0 i els seus respectius t\u00e8cnics.<br><br>La Dra. del CREDA MVO, Montserrat Salvador, va\u00a0 agrair l\u2019inter\u00e8s de l\u2019Ajuntament, del Dept. d\u2019Educaci\u00f3 i, en especial, de l\u2019equip de logopedes per engegar aquest nou servei.\u00a0<br>\u00a0<\/p><\/div><\/div><\/div>\n\n\n\n<div class=\"wp-block-getwid-content-timeline-item\"><div class=\"wp-block-getwid-content-timeline-item__wrapper\"><div class=\"wp-block-getwid-content-timeline-item__card\"><div class=\"wp-block-getwid-content-timeline-item__card-wrapper\"><div class=\"wp-block-getwid-content-timeline-item__image-wrapper\"><img loading=\"lazy\" decoding=\"async\" width=\"1955\" height=\"1500\" class=\"wp-block-getwid-content-timeline-item__image wp-image-12937\" src=\"https:\/\/serveiseducatius.xtec.cat\/creda-mvo\/wp-content\/uploads\/usu735\/2025\/02\/Fotos-credamvo-103.jpg\" alt=\"\" srcset=\"https:\/\/serveiseducatius.xtec.cat\/creda-mvo\/wp-content\/uploads\/usu735\/2025\/02\/Fotos-credamvo-103.jpg 1955w, https:\/\/serveiseducatius.xtec.cat\/creda-mvo\/wp-content\/uploads\/usu735\/2025\/02\/Fotos-credamvo-103-300x230.jpg 300w, https:\/\/serveiseducatius.xtec.cat\/creda-mvo\/wp-content\/uploads\/usu735\/2025\/02\/Fotos-credamvo-103-1024x786.jpg 1024w, https:\/\/serveiseducatius.xtec.cat\/creda-mvo\/wp-content\/uploads\/usu735\/2025\/02\/Fotos-credamvo-103-768x589.jpg 768w, https:\/\/serveiseducatius.xtec.cat\/creda-mvo\/wp-content\/uploads\/usu735\/2025\/02\/Fotos-credamvo-103-1536x1179.jpg 1536w\" sizes=\"auto, (max-width: 1955px) 100vw, 1955px\" \/><\/div><div class=\"wp-block-getwid-content-timeline-item__content-wrapper\"><div class=\"wp-block-getwid-content-timeline-item__mobile-meta\"><p class=\"wp-block-getwid-content-timeline-item__meta-content\">Al llarg del curs 2009-2010 es fan les obres per acondicionar un espai per a la cabina audioprot\u00e8tica a la seu.\u00a0\u00a0<\/p><\/div>\n<h3 class=\"wp-block-heading\">01.10.2010<\/h3>\n\n\n\n<p><strong>Iniciem les audiometries al CREDA MVO<\/strong><\/p>\n<\/div><\/div><\/div><div class=\"wp-block-getwid-content-timeline-item__point\"><div class=\"wp-block-getwid-content-timeline-item__point-content\"><\/div><\/div><div class=\"wp-block-getwid-content-timeline-item__meta\"><p class=\"wp-block-getwid-content-timeline-item__meta-content\">Al llarg del curs 2009-2010 es fan les obres per acondicionar un espai per a la cabina audioprot\u00e8tica a la seu.\u00a0\u00a0<\/p><\/div><\/div><\/div>\n\n\n\n<div class=\"wp-block-getwid-content-timeline-item\"><div class=\"wp-block-getwid-content-timeline-item__wrapper\"><div class=\"wp-block-getwid-content-timeline-item__card\"><div class=\"wp-block-getwid-content-timeline-item__card-wrapper\"><div class=\"wp-block-getwid-content-timeline-item__image-wrapper\"><img loading=\"lazy\" decoding=\"async\" width=\"1600\" height=\"1200\" class=\"wp-block-getwid-content-timeline-item__image wp-image-12935\" src=\"https:\/\/serveiseducatius.xtec.cat\/creda-mvo\/wp-content\/uploads\/usu735\/2025\/02\/WhatsApp-Image-2024-03-04-at-15.08.14-6.jpeg\" alt=\"\" srcset=\"https:\/\/serveiseducatius.xtec.cat\/creda-mvo\/wp-content\/uploads\/usu735\/2025\/02\/WhatsApp-Image-2024-03-04-at-15.08.14-6.jpeg 1600w, https:\/\/serveiseducatius.xtec.cat\/creda-mvo\/wp-content\/uploads\/usu735\/2025\/02\/WhatsApp-Image-2024-03-04-at-15.08.14-6-300x225.jpeg 300w, https:\/\/serveiseducatius.xtec.cat\/creda-mvo\/wp-content\/uploads\/usu735\/2025\/02\/WhatsApp-Image-2024-03-04-at-15.08.14-6-1024x768.jpeg 1024w, https:\/\/serveiseducatius.xtec.cat\/creda-mvo\/wp-content\/uploads\/usu735\/2025\/02\/WhatsApp-Image-2024-03-04-at-15.08.14-6-768x576.jpeg 768w, https:\/\/serveiseducatius.xtec.cat\/creda-mvo\/wp-content\/uploads\/usu735\/2025\/02\/WhatsApp-Image-2024-03-04-at-15.08.14-6-1536x1152.jpeg 1536w\" sizes=\"auto, (max-width: 1600px) 100vw, 1600px\" \/><\/div><div class=\"wp-block-getwid-content-timeline-item__content-wrapper\"><div class=\"wp-block-getwid-content-timeline-item__mobile-meta\"><p class=\"wp-block-getwid-content-timeline-item__meta-content\">Des de llavors i fins a l&#8217;actualitat, hem passat per diferents equips directius i hem crescut plegats,  tant en alumnat at\u00e8s com en n\u00famero de professionals. <br><br>Continuem amb la il\u00b7lusi\u00f3 del primer dia, seguim creixent amb vosaltres!<\/p><\/div>\n<h3 class=\"wp-block-heading\">Actualitat<\/h3>\n<\/div><\/div><\/div><div class=\"wp-block-getwid-content-timeline-item__point\"><div class=\"wp-block-getwid-content-timeline-item__point-content\"><\/div><\/div><div class=\"wp-block-getwid-content-timeline-item__meta\"><p class=\"wp-block-getwid-content-timeline-item__meta-content\">Des de llavors i fins a l&#8217;actualitat, hem passat per diferents equips directius i hem crescut plegats,  tant en alumnat at\u00e8s com en n\u00famero de professionals. <br><br>Continuem amb la il\u00b7lusi\u00f3 del primer dia, seguim creixent amb vosaltres!<\/p><\/div><\/div><\/div>\n<\/div><\/div>\n","protected":false},"excerpt":{"rendered":"","protected":false},"author":1,"featured_media":0,"parent":806,"menu_order":25,"comment_status":"closed","ping_status":"closed","template":"","meta":{"_bbp_topic_count":0,"_bbp_reply_count":0,"_bbp_total_topic_count":0,"_bbp_total_reply_count":0,"_bbp_voice_count":0,"_bbp_anonymous_reply_count":0,"_bbp_topic_count_hidden":0,"_bbp_reply_count_hidden":0,"_bbp_forum_subforum_count":0,"site-sidebar-layout":"default","site-content-layout":"","ast-site-content-layout":"default","site-content-style":"default","site-sidebar-style":"default","ast-global-header-display":"","ast-banner-title-visibility":"","ast-main-header-display":"","ast-hfb-above-header-display":"","ast-hfb-below-header-display":"","ast-hfb-mobile-header-display":"","site-post-title":"","ast-breadcrumbs-content":"","ast-featured-img":"","footer-sml-layout":"","theme-transparent-header-meta":"","adv-header-id-meta":"","stick-header-meta":"","header-above-stick-meta":"","header-main-stick-meta":"","header-below-stick-meta":"","astra-migrate-meta-layouts":"set","ast-page-background-enabled":"default","ast-page-background-meta":{"desktop":{"background-color":"var(--ast-global-color-4)","background-image":"","background-repeat":"repeat","background-position":"center center","background-size":"auto","background-attachment":"scroll","background-type":"","background-media":"","overlay-type":"","overlay-color":"","overlay-opacity":"","overlay-gradient":""},"tablet":{"background-color":"","background-image":"","background-repeat":"repeat","background-position":"center center","background-size":"auto","background-attachment":"scroll","background-type":"","background-media":"","overlay-type":"","overlay-color":"","overlay-opacity":"","overlay-gradient":""},"mobile":{"background-color":"","background-image":"","background-repeat":"repeat","background-position":"center center","background-size":"auto","background-attachment":"scroll","background-type":"","background-media":"","overlay-type":"","overlay-color":"","overlay-opacity":"","overlay-gradient":""}},"ast-content-background-meta":{"desktop":{"background-color":"var(--ast-global-color-5)","background-image":"","background-repeat":"repeat","background-position":"center center","background-size":"auto","background-attachment":"scroll","background-type":"","background-media":"","overlay-type":"","overlay-color":"","overlay-opacity":"","overlay-gradient":""},"tablet":{"background-color":"var(--ast-global-color-5)","background-image":"","background-repeat":"repeat","background-position":"center center","background-size":"auto","background-attachment":"scroll","background-type":"","background-media":"","overlay-type":"","overlay-color":"","overlay-opacity":"","overlay-gradient":""},"mobile":{"background-color":"var(--ast-global-color-5)","background-image":"","background-repeat":"repeat","background-position":"center center","background-size":"auto","background-attachment":"scroll","background-type":"","background-media":"","overlay-type":"","overlay-color":"","overlay-opacity":"","overlay-gradient":""}},"footnotes":""},"class_list":["post-8429","page","type-page","status-publish","hentry"],"post_mailing_queue_ids":[],"_links":{"self":[{"href":"https:\/\/serveiseducatius.xtec.cat\/creda-mvo\/wp-json\/wp\/v2\/pages\/8429","targetHints":{"allow":["GET"]}}],"collection":[{"href":"https:\/\/serveiseducatius.xtec.cat\/creda-mvo\/wp-json\/wp\/v2\/pages"}],"about":[{"href":"https:\/\/serveiseducatius.xtec.cat\/creda-mvo\/wp-json\/wp\/v2\/types\/page"}],"author":[{"embeddable":true,"href":"https:\/\/serveiseducatius.xtec.cat\/creda-mvo\/wp-json\/wp\/v2\/users\/1"}],"replies":[{"embeddable":true,"href":"https:\/\/serveiseducatius.xtec.cat\/creda-mvo\/wp-json\/wp\/v2\/comments?post=8429"}],"version-history":[{"count":6,"href":"https:\/\/serveiseducatius.xtec.cat\/creda-mvo\/wp-json\/wp\/v2\/pages\/8429\/revisions"}],"predecessor-version":[{"id":12947,"href":"https:\/\/serveiseducatius.xtec.cat\/creda-mvo\/wp-json\/wp\/v2\/pages\/8429\/revisions\/12947"}],"up":[{"embeddable":true,"href":"https:\/\/serveiseducatius.xtec.cat\/creda-mvo\/wp-json\/wp\/v2\/pages\/806"}],"wp:attachment":[{"href":"https:\/\/serveiseducatius.xtec.cat\/creda-mvo\/wp-json\/wp\/v2\/media?parent=8429"}],"curies":[{"name":"wp","href":"https:\/\/api.w.org\/{rel}","templated":true}]}}