{"id":8175,"date":"2016-04-04T12:18:56","date_gmt":"2016-04-04T11:18:56","guid":{"rendered":"http:\/\/serveiseducatius.xtec.cat\/creda-mvo\/?page_id=8175"},"modified":"2025-02-18T14:09:40","modified_gmt":"2025-02-18T13:09:40","slug":"guies","status":"publish","type":"page","link":"https:\/\/serveiseducatius.xtec.cat\/creda-mvo\/families\/guies\/","title":{"rendered":"Guies"},"content":{"rendered":"\n<p>A continuaci\u00f3 hi podreu trobar diverses guies per fam\u00edlies que us poden interessar:<\/p>\n\n\n\n<figure class=\"wp-block-table is-style-stripes\"><table><tbody><tr><td><figure class=\"wp-block-image alignleft\"><a href=\"http:\/\/treballiaferssocials.gencat.cat\/web\/.content\/01departament\/08publicacions\/ambits_tematics\/discapacitat\/12sordsprofunds\/sords_profunds.pdf\" target=\"_blank\" rel=\"noopener noreferrer\"><img loading=\"lazy\" decoding=\"async\" width=\"160\" height=\"149\" class=\"wp-image-8438\" src=\"http:\/\/serveiseducatius.xtec.cat\/creda-mvo\/wp-content\/uploads\/usu735\/2016\/04\/sords_profunds.png\" alt=\"sords_profunds\" style=\"width: 160px;\" srcset=\"https:\/\/serveiseducatius.xtec.cat\/creda-mvo\/wp-content\/uploads\/usu735\/2016\/04\/sords_profunds.png 508w, https:\/\/serveiseducatius.xtec.cat\/creda-mvo\/wp-content\/uploads\/usu735\/2016\/04\/sords_profunds-300x280.png 300w\" sizes=\"auto, (max-width: 160px) 100vw, 160px\" \/><\/a><\/figure><\/td><td><a href=\"https:\/\/acapps.org\/web\/wp-content\/uploads\/2016\/04\/4-Sords-profunds-pero%CC%80-hi-sentim-i-parlem.pdf\" target=\"_blank\" rel=\"noreferrer noopener\">Sords profunds per\u00f2 hi sentim i parlem<\/a><\/td><\/tr><tr><td><figure class=\"wp-block-image alignleft\"><a href=\"http:\/\/serveiseducatius.xtec.cat\/creda-mvo\/wp-content\/uploads\/usu735\/2016\/04\/perdua-auditiva.png\"><img loading=\"lazy\" decoding=\"async\" width=\"160\" height=\"160\" class=\"wp-image-8504\" src=\"http:\/\/serveiseducatius.xtec.cat\/creda-mvo\/wp-content\/uploads\/usu735\/2016\/04\/perdua-auditiva-150x150.png\" alt=\"perdua auditiva\" style=\"width: 160px;\"><\/a><\/figure><\/td><td><a href=\"https:\/\/www.studocu.com\/ca-es\/document\/universitat-de-girona\/arts-i-multiculturalitat\/guia-consell-perdua-auditiva-hsjd-credav-def-cat\/14755434\" target=\"_blank\" rel=\"noreferrer noopener\">El meu fill t\u00e9 una p\u00e8rdua auditiva. Informaci\u00f3 per a les fam\u00edlies<\/a><\/td><\/tr><tr><td><figure class=\"wp-block-image alignleft\"><a href=\"http:\/\/serveiseducatius.xtec.cat\/creda-mvo\/wp-content\/uploads\/usu735\/2016\/04\/guia_tartamudesa.png\"><img loading=\"lazy\" decoding=\"async\" width=\"150\" height=\"150\" src=\"http:\/\/serveiseducatius.xtec.cat\/creda-mvo\/wp-content\/uploads\/usu735\/2016\/04\/guia_tartamudesa-150x150.png\" alt=\"guia_tartamudesa\" class=\"wp-image-8505\" srcset=\"https:\/\/serveiseducatius.xtec.cat\/creda-mvo\/wp-content\/uploads\/usu735\/2016\/04\/guia_tartamudesa-150x150.png 150w, https:\/\/serveiseducatius.xtec.cat\/creda-mvo\/wp-content\/uploads\/usu735\/2016\/04\/guia_tartamudesa-300x300.png 300w, https:\/\/serveiseducatius.xtec.cat\/creda-mvo\/wp-content\/uploads\/usu735\/2016\/04\/guia_tartamudesa.png 629w\" sizes=\"auto, (max-width: 150px) 100vw, 150px\" \/><\/a><\/figure><\/td><td><a href=\"http:\/\/ensenyament.gencat.cat\/web\/.content\/home\/departament\/publicacions\/colleccions\/guia-families\/tartamudesa\/guia_famil_fills_tartamudesa.pdf\" target=\"_blank\" rel=\"noreferrer noopener\">Guia per a fam\u00edlies d&#8217;infants amb tartamudesa<\/a><\/td><\/tr><tr><td><figure class=\"wp-block-image alignleft\"><a href=\"http:\/\/serveiseducatius.xtec.cat\/creda-mvo\/wp-content\/uploads\/usu735\/2016\/04\/guia_sordceguesa.png\"><img loading=\"lazy\" decoding=\"async\" width=\"150\" height=\"150\" src=\"http:\/\/serveiseducatius.xtec.cat\/creda-mvo\/wp-content\/uploads\/usu735\/2016\/04\/guia_sordceguesa-150x150.png\" alt=\"guia_sordceguesa\" class=\"wp-image-8507\" srcset=\"https:\/\/serveiseducatius.xtec.cat\/creda-mvo\/wp-content\/uploads\/usu735\/2016\/04\/guia_sordceguesa-150x150.png 150w, https:\/\/serveiseducatius.xtec.cat\/creda-mvo\/wp-content\/uploads\/usu735\/2016\/04\/guia_sordceguesa-300x300.png 300w, https:\/\/serveiseducatius.xtec.cat\/creda-mvo\/wp-content\/uploads\/usu735\/2016\/04\/guia_sordceguesa.png 628w\" sizes=\"auto, (max-width: 150px) 100vw, 150px\" \/><\/a><\/figure><a href=\"http:\/\/serveiseducatius.xtec.cat\/creda-mvo\/wp-content\/uploads\/usu735\/2016\/04\/guia_sordceguesa.png\"><\/a><\/td><td><a href=\"http:\/\/ensenyament.gencat.cat\/web\/.content\/home\/departament\/publicacions\/colleccions\/guia-families\/sordesa\/guia_famil_fills_sordceguesa.pdf\" target=\"_blank\" rel=\"noreferrer noopener\">Guia per a fam\u00edlies d&#8217;infants amb sordesa o sordceguesa<\/a><\/td><\/tr><tr><td><figure class=\"wp-block-image\"><a href=\"https:\/\/serveiseducatius.xtec.cat\/creda-mvo\/wp-content\/uploads\/usu735\/2019\/09\/9-9-2019-10.9.30-1.jpg\"><img loading=\"lazy\" decoding=\"async\" width=\"160\" height=\"214\" class=\"wp-image-10581\" src=\"https:\/\/serveiseducatius.xtec.cat\/creda-mvo\/wp-content\/uploads\/usu735\/2019\/09\/9-9-2019-10.9.30-1.jpg\" alt=\"\" style=\"width: 160px;\" srcset=\"https:\/\/serveiseducatius.xtec.cat\/creda-mvo\/wp-content\/uploads\/usu735\/2019\/09\/9-9-2019-10.9.30-1.jpg 453w, https:\/\/serveiseducatius.xtec.cat\/creda-mvo\/wp-content\/uploads\/usu735\/2019\/09\/9-9-2019-10.9.30-1-224x300.jpg 224w\" sizes=\"auto, (max-width: 160px) 100vw, 160px\" \/><\/a><\/figure><\/td><td><a href=\"https:\/\/serveiseducatius.xtec.cat\/creda-mvo\/wp-content\/uploads\/usu735\/2019\/09\/guia-de-families-amb-lSC.pdf\" target=\"_blank\" rel=\"noreferrer noopener\">Guia de families amb lSC<\/a><\/td><\/tr><tr><td><figure class=\"wp-block-image\"><img loading=\"lazy\" decoding=\"async\" width=\"160\" height=\"137\" class=\"wp-image-12886\" src=\"https:\/\/serveiseducatius.xtec.cat\/creda-mvo\/wp-content\/uploads\/usu735\/2025\/02\/18-2-2025-14.2.22-1.jpg\" alt=\"Abans de les primeres paraules\" style=\"width: 160px;\" srcset=\"https:\/\/serveiseducatius.xtec.cat\/creda-mvo\/wp-content\/uploads\/usu735\/2025\/02\/18-2-2025-14.2.22-1.jpg 451w, https:\/\/serveiseducatius.xtec.cat\/creda-mvo\/wp-content\/uploads\/usu735\/2025\/02\/18-2-2025-14.2.22-1-300x257.jpg 300w\" sizes=\"auto, (max-width: 160px) 100vw, 160px\" \/><\/figure><\/td><td><a href=\"https:\/\/abansprimeresparaules.upf.edu\/\" target=\"_blank\" rel=\"noreferrer noopener\">Abans de les primeres paraules<\/a><\/td><\/tr><\/tbody><\/table><\/figure>\n\n\n\n<p><\/p>\n","protected":false},"excerpt":{"rendered":"<p>A continuaci\u00f3 hi podreu trobar diverses guies per fam\u00edlies que us poden interessar: Sords profunds per\u00f2 hi sentim i parlem [&hellip;]<\/p>\n","protected":false},"author":1,"featured_media":0,"parent":8171,"menu_order":0,"comment_status":"closed","ping_status":"closed","template":"","meta":{"_bbp_topic_count":0,"_bbp_reply_count":0,"_bbp_total_topic_count":0,"_bbp_total_reply_count":0,"_bbp_voice_count":0,"_bbp_anonymous_reply_count":0,"_bbp_topic_count_hidden":0,"_bbp_reply_count_hidden":0,"_bbp_forum_subforum_count":0,"site-sidebar-layout":"default","site-content-layout":"","ast-site-content-layout":"default","site-content-style":"unboxed","site-sidebar-style":"default","ast-global-header-display":"","ast-banner-title-visibility":"","ast-main-header-display":"","ast-hfb-above-header-display":"","ast-hfb-below-header-display":"","ast-hfb-mobile-header-display":"","site-post-title":"","ast-breadcrumbs-content":"","ast-featured-img":"","footer-sml-layout":"","theme-transparent-header-meta":"disabled","adv-header-id-meta":"","stick-header-meta":"","header-above-stick-meta":"","header-main-stick-meta":"","header-below-stick-meta":"","astra-migrate-meta-layouts":"set","ast-page-background-enabled":"default","ast-page-background-meta":{"desktop":{"background-color":"var(--ast-global-color-4)","background-image":"","background-repeat":"repeat","background-position":"center center","background-size":"auto","background-attachment":"scroll","background-type":"","background-media":"","overlay-type":"","overlay-color":"","overlay-opacity":"","overlay-gradient":""},"tablet":{"background-color":"","background-image":"","background-repeat":"repeat","background-position":"center center","background-size":"auto","background-attachment":"scroll","background-type":"","background-media":"","overlay-type":"","overlay-color":"","overlay-opacity":"","overlay-gradient":""},"mobile":{"background-color":"","background-image":"","background-repeat":"repeat","background-position":"center center","background-size":"auto","background-attachment":"scroll","background-type":"","background-media":"","overlay-type":"","overlay-color":"","overlay-opacity":"","overlay-gradient":""}},"ast-content-background-meta":{"desktop":{"background-color":"var(--ast-global-color-5)","background-image":"","background-repeat":"repeat","background-position":"center center","background-size":"auto","background-attachment":"scroll","background-type":"","background-media":"","overlay-type":"","overlay-color":"","overlay-opacity":"","overlay-gradient":""},"tablet":{"background-color":"var(--ast-global-color-5)","background-image":"","background-repeat":"repeat","background-position":"center center","background-size":"auto","background-attachment":"scroll","background-type":"","background-media":"","overlay-type":"","overlay-color":"","overlay-opacity":"","overlay-gradient":""},"mobile":{"background-color":"var(--ast-global-color-5)","background-image":"","background-repeat":"repeat","background-position":"center center","background-size":"auto","background-attachment":"scroll","background-type":"","background-media":"","overlay-type":"","overlay-color":"","overlay-opacity":"","overlay-gradient":""}},"footnotes":""},"class_list":["post-8175","page","type-page","status-publish","hentry"],"post_mailing_queue_ids":[],"_links":{"self":[{"href":"https:\/\/serveiseducatius.xtec.cat\/creda-mvo\/wp-json\/wp\/v2\/pages\/8175","targetHints":{"allow":["GET"]}}],"collection":[{"href":"https:\/\/serveiseducatius.xtec.cat\/creda-mvo\/wp-json\/wp\/v2\/pages"}],"about":[{"href":"https:\/\/serveiseducatius.xtec.cat\/creda-mvo\/wp-json\/wp\/v2\/types\/page"}],"author":[{"embeddable":true,"href":"https:\/\/serveiseducatius.xtec.cat\/creda-mvo\/wp-json\/wp\/v2\/users\/1"}],"replies":[{"embeddable":true,"href":"https:\/\/serveiseducatius.xtec.cat\/creda-mvo\/wp-json\/wp\/v2\/comments?post=8175"}],"version-history":[{"count":5,"href":"https:\/\/serveiseducatius.xtec.cat\/creda-mvo\/wp-json\/wp\/v2\/pages\/8175\/revisions"}],"predecessor-version":[{"id":12889,"href":"https:\/\/serveiseducatius.xtec.cat\/creda-mvo\/wp-json\/wp\/v2\/pages\/8175\/revisions\/12889"}],"up":[{"embeddable":true,"href":"https:\/\/serveiseducatius.xtec.cat\/creda-mvo\/wp-json\/wp\/v2\/pages\/8171"}],"wp:attachment":[{"href":"https:\/\/serveiseducatius.xtec.cat\/creda-mvo\/wp-json\/wp\/v2\/media?parent=8175"}],"curies":[{"name":"wp","href":"https:\/\/api.w.org\/{rel}","templated":true}]}}