{"id":8140,"date":"2016-04-01T14:00:46","date_gmt":"2016-04-01T13:00:46","guid":{"rendered":"http:\/\/serveiseducatius.xtec.cat\/creda-mvo\/?page_id=8140"},"modified":"2025-02-18T10:24:36","modified_gmt":"2025-02-18T09:24:36","slug":"serveis","status":"publish","type":"page","link":"https:\/\/serveiseducatius.xtec.cat\/creda-mvo\/el-creda\/serveis\/","title":{"rendered":"Serveis"},"content":{"rendered":"<p>El nostre equip multidisciplinar ofereix els serveis que trobareu a continuaci\u00f3:<\/p>\n<ul>\n<li><span style=\"font-family: Arial,Helvetica,sans-serif; font-size: medium;\"><strong>Atenci\u00f3 directa<\/strong> (audici\u00f3, comunicaci\u00f3, parla i llenguatge) a alumnat amb discapacitat auditiva o amb trastorn de desenvolupament de llenguatge (TdL).<\/span><\/li>\n<li><span style=\"font-family: Arial,Helvetica,sans-serif; font-size: medium;\"><strong>Exploraci\u00f3 psicoling\u00fc\u00edstica<\/strong> de l&#8217;alumnat at\u00e8s pel CREDA.<\/span><\/li>\n<li><span style=\"font-family: Arial,Helvetica,sans-serif; font-size: medium;\"><strong>Acolliment familiar<\/strong> per a les fam\u00edlies amb fills\/es amb discapacitat auditiva.<\/span><\/li>\n<li><span style=\"font-family: Arial,Helvetica,sans-serif; font-size: medium;\"><strong>Assessorament<\/strong> al centre escolar on hi hagi matriculat alumnat amb p\u00e8rdua auditiva o amb TdL.<\/span><\/li>\n<li><span style=\"font-family: Arial,Helvetica,sans-serif; font-size: medium;\"><strong>Col\u00b7laboraci\u00f3 amb l&#8217;EAP<\/strong> per valorar si un alumne\/a \u00e9s creditor\/a d&#8217;atenci\u00f3 del CREDA.<\/span><\/li>\n<li><span style=\"font-family: Arial,Helvetica,sans-serif; font-size: medium;\"><strong>Valoraci\u00f3 audiol\u00f2gica<\/strong> de l&#8217;alumnat amb sospita o diagn\u00f2stic de p\u00e8rdua auditiva.<\/span><\/li>\n<li><span style=\"font-family: Arial,Helvetica,sans-serif; font-size: medium;\"><strong>Revisions audioprot\u00e8tiques<\/strong> de tot l&#8217;alumnat amb pr\u00f3tesis auditives, amb atenci\u00f3 directa o sense ella.\u00a0<\/span><\/li>\n<\/ul>\n","protected":false},"excerpt":{"rendered":"<p>El nostre equip multidisciplinar ofereix els serveis que trobareu a continuaci\u00f3: Atenci\u00f3 directa (audici\u00f3, comunicaci\u00f3, parla i llenguatge) a alumnat [&hellip;]<\/p>\n","protected":false},"author":1,"featured_media":0,"parent":806,"menu_order":30,"comment_status":"closed","ping_status":"closed","template":"","meta":{"_bbp_topic_count":0,"_bbp_reply_count":0,"_bbp_total_topic_count":0,"_bbp_total_reply_count":0,"_bbp_voice_count":0,"_bbp_anonymous_reply_count":0,"_bbp_topic_count_hidden":0,"_bbp_reply_count_hidden":0,"_bbp_forum_subforum_count":0,"site-sidebar-layout":"default","site-content-layout":"","ast-site-content-layout":"default","site-content-style":"default","site-sidebar-style":"default","ast-global-header-display":"","ast-banner-title-visibility":"","ast-main-header-display":"","ast-hfb-above-header-display":"","ast-hfb-below-header-display":"","ast-hfb-mobile-header-display":"","site-post-title":"","ast-breadcrumbs-content":"","ast-featured-img":"","footer-sml-layout":"","theme-transparent-header-meta":"","adv-header-id-meta":"","stick-header-meta":"","header-above-stick-meta":"","header-main-stick-meta":"","header-below-stick-meta":"","astra-migrate-meta-layouts":"set","ast-page-background-enabled":"default","ast-page-background-meta":{"desktop":{"background-color":"var(--ast-global-color-4)","background-image":"","background-repeat":"repeat","background-position":"center center","background-size":"auto","background-attachment":"scroll","background-type":"","background-media":"","overlay-type":"","overlay-color":"","overlay-opacity":"","overlay-gradient":""},"tablet":{"background-color":"","background-image":"","background-repeat":"repeat","background-position":"center center","background-size":"auto","background-attachment":"scroll","background-type":"","background-media":"","overlay-type":"","overlay-color":"","overlay-opacity":"","overlay-gradient":""},"mobile":{"background-color":"","background-image":"","background-repeat":"repeat","background-position":"center center","background-size":"auto","background-attachment":"scroll","background-type":"","background-media":"","overlay-type":"","overlay-color":"","overlay-opacity":"","overlay-gradient":""}},"ast-content-background-meta":{"desktop":{"background-color":"var(--ast-global-color-5)","background-image":"","background-repeat":"repeat","background-position":"center center","background-size":"auto","background-attachment":"scroll","background-type":"","background-media":"","overlay-type":"","overlay-color":"","overlay-opacity":"","overlay-gradient":""},"tablet":{"background-color":"var(--ast-global-color-5)","background-image":"","background-repeat":"repeat","background-position":"center center","background-size":"auto","background-attachment":"scroll","background-type":"","background-media":"","overlay-type":"","overlay-color":"","overlay-opacity":"","overlay-gradient":""},"mobile":{"background-color":"var(--ast-global-color-5)","background-image":"","background-repeat":"repeat","background-position":"center center","background-size":"auto","background-attachment":"scroll","background-type":"","background-media":"","overlay-type":"","overlay-color":"","overlay-opacity":"","overlay-gradient":""}},"footnotes":""},"class_list":["post-8140","page","type-page","status-publish","hentry"],"post_mailing_queue_ids":[],"_links":{"self":[{"href":"https:\/\/serveiseducatius.xtec.cat\/creda-mvo\/wp-json\/wp\/v2\/pages\/8140","targetHints":{"allow":["GET"]}}],"collection":[{"href":"https:\/\/serveiseducatius.xtec.cat\/creda-mvo\/wp-json\/wp\/v2\/pages"}],"about":[{"href":"https:\/\/serveiseducatius.xtec.cat\/creda-mvo\/wp-json\/wp\/v2\/types\/page"}],"author":[{"embeddable":true,"href":"https:\/\/serveiseducatius.xtec.cat\/creda-mvo\/wp-json\/wp\/v2\/users\/1"}],"replies":[{"embeddable":true,"href":"https:\/\/serveiseducatius.xtec.cat\/creda-mvo\/wp-json\/wp\/v2\/comments?post=8140"}],"version-history":[{"count":4,"href":"https:\/\/serveiseducatius.xtec.cat\/creda-mvo\/wp-json\/wp\/v2\/pages\/8140\/revisions"}],"predecessor-version":[{"id":12842,"href":"https:\/\/serveiseducatius.xtec.cat\/creda-mvo\/wp-json\/wp\/v2\/pages\/8140\/revisions\/12842"}],"up":[{"embeddable":true,"href":"https:\/\/serveiseducatius.xtec.cat\/creda-mvo\/wp-json\/wp\/v2\/pages\/806"}],"wp:attachment":[{"href":"https:\/\/serveiseducatius.xtec.cat\/creda-mvo\/wp-json\/wp\/v2\/media?parent=8140"}],"curies":[{"name":"wp","href":"https:\/\/api.w.org\/{rel}","templated":true}]}}