{"id":8140,"date":"2016-04-01T14:00:46","date_gmt":"2016-04-01T13:00:46","guid":{"rendered":"http:\/\/serveiseducatius.xtec.cat\/creda-lleida\/?page_id=8140"},"modified":"2023-09-27T17:01:11","modified_gmt":"2023-09-27T15:01:11","slug":"serveis","status":"publish","type":"page","link":"https:\/\/serveiseducatius.xtec.cat\/creda-lleida\/el-creda\/serveis\/","title":{"rendered":"Serveis"},"content":{"rendered":"<p style=\"text-align: center;\"><iframe loading=\"lazy\" src=\"\/\/www.youtube.com\/embed\/WBQy2v8z4wY?si=hYpLOmQsQvZLgksF\" width=\"560\" height=\"314\" allowfullscreen=\"allowfullscreen\"><\/iframe><\/p>\n<p style=\"text-align: center;\">\u00a0 \u00a0 \u00a0 \u00a0 \u00a0 \u00a0 \u00a0 \u00a0 \u00a0 \u00a0<span style=\"font-size: 8pt;\"> Aquest material audiovisual ha estat elaborat per l\u2019alumnat del CFGS de Mediaci\u00f3 Comunicativa de l\u2019INS Ronda\u00a0 \u00a0<\/span><\/p>\n<p>El nostre equip multidisciplinar ofereix els serveis que trobareu a continuaci\u00f3:<\/p>\n<ul>\n<li><span style=\"font-family: Arial,Helvetica,sans-serif; font-size: medium;\">Atenci\u00f3 logop\u00e8dica a alumnes amb p\u00e8rdua auditiva o amb transtorn de llenguatge.<\/span><\/li>\n<li><span style=\"font-family: Arial,Helvetica,sans-serif; font-size: medium;\">Exploraci\u00f3 psicoling\u00fc\u00edstica de l&#8217;alumnat at\u00e9s pel CREDA.<\/span><\/li>\n<li><span style=\"font-family: Arial,Helvetica,sans-serif; font-size: medium;\">Acolliment familiar per a families d&#8217;alumnes amb p\u00e8rdua auditiva.<\/span><\/li>\n<li><span style=\"font-family: Arial,Helvetica,sans-serif; font-size: medium;\">Assessoraments al centres escolars on hi hagi matriculats alumnes amb p\u00e8rdua auditiva o amb trastorns del llenguatge.<\/span><\/li>\n<li><span style=\"font-family: Arial,Helvetica,sans-serif; font-size: medium;\">Col\u00b7laboraci\u00f3 amb l&#8217;EAP per decidir si un alumne \u00e9s susceptible de rebre atenci\u00f3 per part del CREDA.<\/span><\/li>\n<li><span style=\"font-family: Arial,Helvetica,sans-serif; font-size: medium;\">Valoraci\u00f3 audiol\u00f2gica de l&#8217;alumnat amb sospita o amb diagn\u00f2stic de p\u00e8rdua auditiva.<\/span><\/li>\n<li><span style=\"font-family: Arial,Helvetica,sans-serif; font-size: medium;\">Revisions audioprot\u00e8tiques de tot l&#8217;alumnat amb pr\u00f3tesis auditives, estiguin o no atesos pel servei de logop\u00e8dia.<\/span><\/li>\n<\/ul>\n<p>En aquest v\u00eddeo trobareu informaci\u00f3 sobre el CREDA: funcions, unitats d&#8217;actuaci\u00f3, activitats amb l&#8217;alumnat, fam\u00edlies, professorat&#8230;<\/p>\n<div class=\"ast-oembed-container \" style=\"height: 100%;\"><iframe loading=\"lazy\" title=\"CREDA Lleida 25 anys\" width=\"500\" height=\"281\" src=\"https:\/\/www.youtube.com\/embed\/Wl3k2VUhKms?feature=oembed\" frameborder=\"0\" allow=\"accelerometer; autoplay; clipboard-write; encrypted-media; gyroscope; picture-in-picture; web-share\" referrerpolicy=\"strict-origin-when-cross-origin\" allowfullscreen><\/iframe><\/div>\n","protected":false},"excerpt":{"rendered":"<p>\u00a0 \u00a0 \u00a0 \u00a0 \u00a0 \u00a0 \u00a0 \u00a0 \u00a0 \u00a0 Aquest material audiovisual ha estat elaborat per l\u2019alumnat del CFGS [&hellip;]<\/p>\n","protected":false},"author":1,"featured_media":0,"parent":806,"menu_order":30,"comment_status":"closed","ping_status":"closed","template":"","meta":{"_bbp_topic_count":0,"_bbp_reply_count":0,"_bbp_total_topic_count":0,"_bbp_total_reply_count":0,"_bbp_voice_count":0,"_bbp_anonymous_reply_count":0,"_bbp_topic_count_hidden":0,"_bbp_reply_count_hidden":0,"_bbp_forum_subforum_count":0,"site-sidebar-layout":"default","site-content-layout":"","ast-site-content-layout":"","site-content-style":"default","site-sidebar-style":"default","ast-global-header-display":"","ast-banner-title-visibility":"","ast-main-header-display":"","ast-hfb-above-header-display":"","ast-hfb-below-header-display":"","ast-hfb-mobile-header-display":"","site-post-title":"","ast-breadcrumbs-content":"","ast-featured-img":"","footer-sml-layout":"","theme-transparent-header-meta":"","adv-header-id-meta":"","stick-header-meta":"","header-above-stick-meta":"","header-main-stick-meta":"","header-below-stick-meta":"","astra-migrate-meta-layouts":"default","ast-page-background-enabled":"default","ast-page-background-meta":{"desktop":{"background-color":"var(--ast-global-color-4)","background-image":"","background-repeat":"repeat","background-position":"center center","background-size":"auto","background-attachment":"scroll","background-type":"","background-media":"","overlay-type":"","overlay-color":"","overlay-opacity":"","overlay-gradient":""},"tablet":{"background-color":"","background-image":"","background-repeat":"repeat","background-position":"center center","background-size":"auto","background-attachment":"scroll","background-type":"","background-media":"","overlay-type":"","overlay-color":"","overlay-opacity":"","overlay-gradient":""},"mobile":{"background-color":"","background-image":"","background-repeat":"repeat","background-position":"center center","background-size":"auto","background-attachment":"scroll","background-type":"","background-media":"","overlay-type":"","overlay-color":"","overlay-opacity":"","overlay-gradient":""}},"ast-content-background-meta":{"desktop":{"background-color":"var(--ast-global-color-5)","background-image":"","background-repeat":"repeat","background-position":"center center","background-size":"auto","background-attachment":"scroll","background-type":"","background-media":"","overlay-type":"","overlay-color":"","overlay-opacity":"","overlay-gradient":""},"tablet":{"background-color":"var(--ast-global-color-5)","background-image":"","background-repeat":"repeat","background-position":"center center","background-size":"auto","background-attachment":"scroll","background-type":"","background-media":"","overlay-type":"","overlay-color":"","overlay-opacity":"","overlay-gradient":""},"mobile":{"background-color":"var(--ast-global-color-5)","background-image":"","background-repeat":"repeat","background-position":"center center","background-size":"auto","background-attachment":"scroll","background-type":"","background-media":"","overlay-type":"","overlay-color":"","overlay-opacity":"","overlay-gradient":""}},"footnotes":""},"class_list":["post-8140","page","type-page","status-publish","hentry"],"post_mailing_queue_ids":[],"_links":{"self":[{"href":"https:\/\/serveiseducatius.xtec.cat\/creda-lleida\/wp-json\/wp\/v2\/pages\/8140","targetHints":{"allow":["GET"]}}],"collection":[{"href":"https:\/\/serveiseducatius.xtec.cat\/creda-lleida\/wp-json\/wp\/v2\/pages"}],"about":[{"href":"https:\/\/serveiseducatius.xtec.cat\/creda-lleida\/wp-json\/wp\/v2\/types\/page"}],"author":[{"embeddable":true,"href":"https:\/\/serveiseducatius.xtec.cat\/creda-lleida\/wp-json\/wp\/v2\/users\/1"}],"replies":[{"embeddable":true,"href":"https:\/\/serveiseducatius.xtec.cat\/creda-lleida\/wp-json\/wp\/v2\/comments?post=8140"}],"version-history":[{"count":4,"href":"https:\/\/serveiseducatius.xtec.cat\/creda-lleida\/wp-json\/wp\/v2\/pages\/8140\/revisions"}],"predecessor-version":[{"id":12495,"href":"https:\/\/serveiseducatius.xtec.cat\/creda-lleida\/wp-json\/wp\/v2\/pages\/8140\/revisions\/12495"}],"up":[{"embeddable":true,"href":"https:\/\/serveiseducatius.xtec.cat\/creda-lleida\/wp-json\/wp\/v2\/pages\/806"}],"wp:attachment":[{"href":"https:\/\/serveiseducatius.xtec.cat\/creda-lleida\/wp-json\/wp\/v2\/media?parent=8140"}],"curies":[{"name":"wp","href":"https:\/\/api.w.org\/{rel}","templated":true}]}}