{"id":8173,"date":"2016-04-04T12:18:41","date_gmt":"2016-04-04T11:18:41","guid":{"rendered":"http:\/\/serveiseducatius.xtec.cat\/creda-jordiperello\/?page_id=8173"},"modified":"2016-06-22T09:57:31","modified_gmt":"2016-06-22T08:57:31","slug":"orientacions","status":"publish","type":"page","link":"https:\/\/serveiseducatius.xtec.cat\/creda-jordiperello\/families\/orientacions\/","title":{"rendered":"Orientacions i informaci\u00f3"},"content":{"rendered":"<p><strong>Com se seleccionen els alumnes que s&#8217;atenen al CREDA?<\/strong><\/p>\n<p>Els EAP dels Serveis Educatius de cada zona deriven els alumnes a trav\u00e9s d&#8217;un protocol que inclou:<\/p>\n<ul>\n<li>una mostra escrita del llenguatge oral de l&#8217;alumne<\/li>\n<li>un recull de dades sobre l&#8217;escolaritzaci\u00f3 i les capacitats de l&#8217;alumne.<\/li>\n<\/ul>\n<p>Els psicopedagogs del CREDA i de l&#8217;EAP prioritzen, de totes les demandes rebudes, els alumnes que s&#8217;atendran el curs vinent, segons la gravetat del cas i la disponibilitat del servei.<\/p>\n<p>Al llarg del curs la detecci\u00f3 d&#8217;alumnes amb sordesa pregona pot fer variar el pla d&#8217;actuaci\u00f3 d&#8217;alguna logopeda. Aquests alumnes es prioritzen per sobre de tots els altres i s&#8217;atenen des del mateix moment de la seva detecci\u00f3.<\/p>\n<p>El infants de 0 a 3 anys amb diagn\u00f2stic de p\u00e8rdua auditiva (ORL) la fam\u00edlia, el CDIAP o l\u2019EAP poden accedir directament al CREDA.<\/p>\n<p><strong>Quins models d&#8217;escolaritzaci\u00f3 poden escollir els pares?<\/strong><\/p>\n<p>Els pares dels alumnes amb sordesa poden optar per dos models d\u2019escolaritzaci\u00f3 que fan refer\u00e8ncia a l\u2019aprenentatge de la llengua i l\u2019acc\u00e9s a l\u2019aprenentatge en modalitat oral o biling\u00fce. Veieu la p\u00e0gina <a href=\"http:\/\/serveiseducatius.xtec.cat\/creda-jordiperello\/families\/orientacions\/modalitats-descolaritzacio\/\">modalitats d&#8217;escolaritzaci\u00f3<\/a>.<\/p>\n<p><strong>Orientacions per al treball a casa<\/strong><\/p>\n<p>A continuaci\u00f3 hi trobareu informaci\u00f3 sobre possibles actuacions per fer a casa:<\/p>\n<p><a href=\"http:\/\/serveiseducatius.xtec.cat\/creda-jordiperello\/wp-content\/uploads\/usu975\/2016\/04\/ORIENTACIONS_FAMILIA_1.pdf\">Pautes sobre com ajudar a desenvolupar les habilitats auditives<\/a><\/p>\n<p><a href=\"http:\/\/serveiseducatius.xtec.cat\/creda-jordiperello\/wp-content\/uploads\/usu975\/2016\/04\/aprendre_respirar_bufar_mocar.pdf\">Aprendre a respirar, bufar i mocar-se<\/a><\/p>\n","protected":false},"excerpt":{"rendered":"<p>Com se seleccionen els alumnes que s&#8217;atenen al CREDA? Els EAP dels Serveis Educatius de cada zona deriven els alumnes a trav\u00e9s d&#8217;un protocol que inclou: una mostra escrita del llenguatge oral de l&#8217;alumne un recull de dades sobre l&#8217;escolaritzaci\u00f3 i les capacitats de l&#8217;alumne. Els psicopedagogs del CREDA i de l&#8217;EAP prioritzen, de totes [&hellip;]<\/p>\n","protected":false},"author":1,"featured_media":0,"parent":8171,"menu_order":0,"comment_status":"closed","ping_status":"closed","template":"","meta":{"_bbp_topic_count":0,"_bbp_reply_count":0,"_bbp_total_topic_count":0,"_bbp_total_reply_count":0,"_bbp_voice_count":0,"_bbp_anonymous_reply_count":0,"_bbp_topic_count_hidden":0,"_bbp_reply_count_hidden":0,"_bbp_forum_subforum_count":0,"site-sidebar-layout":"default","site-content-layout":"","ast-site-content-layout":"","site-content-style":"default","site-sidebar-style":"default","ast-global-header-display":"","ast-banner-title-visibility":"","ast-main-header-display":"","ast-hfb-above-header-display":"","ast-hfb-below-header-display":"","ast-hfb-mobile-header-display":"","site-post-title":"","ast-breadcrumbs-content":"","ast-featured-img":"","footer-sml-layout":"","theme-transparent-header-meta":"","adv-header-id-meta":"","stick-header-meta":"","header-above-stick-meta":"","header-main-stick-meta":"","header-below-stick-meta":"","astra-migrate-meta-layouts":"default","ast-page-background-enabled":"default","ast-page-background-meta":{"desktop":{"background-color":"var(--ast-global-color-4)","background-image":"","background-repeat":"repeat","background-position":"center center","background-size":"auto","background-attachment":"scroll","background-type":"","background-media":"","overlay-type":"","overlay-color":"","overlay-opacity":"","overlay-gradient":""},"tablet":{"background-color":"","background-image":"","background-repeat":"repeat","background-position":"center center","background-size":"auto","background-attachment":"scroll","background-type":"","background-media":"","overlay-type":"","overlay-color":"","overlay-opacity":"","overlay-gradient":""},"mobile":{"background-color":"","background-image":"","background-repeat":"repeat","background-position":"center center","background-size":"auto","background-attachment":"scroll","background-type":"","background-media":"","overlay-type":"","overlay-color":"","overlay-opacity":"","overlay-gradient":""}},"ast-content-background-meta":{"desktop":{"background-color":"var(--ast-global-color-5)","background-image":"","background-repeat":"repeat","background-position":"center center","background-size":"auto","background-attachment":"scroll","background-type":"","background-media":"","overlay-type":"","overlay-color":"","overlay-opacity":"","overlay-gradient":""},"tablet":{"background-color":"var(--ast-global-color-5)","background-image":"","background-repeat":"repeat","background-position":"center center","background-size":"auto","background-attachment":"scroll","background-type":"","background-media":"","overlay-type":"","overlay-color":"","overlay-opacity":"","overlay-gradient":""},"mobile":{"background-color":"var(--ast-global-color-5)","background-image":"","background-repeat":"repeat","background-position":"center center","background-size":"auto","background-attachment":"scroll","background-type":"","background-media":"","overlay-type":"","overlay-color":"","overlay-opacity":"","overlay-gradient":""}},"footnotes":""},"class_list":["post-8173","page","type-page","status-publish","hentry"],"post_mailing_queue_ids":[],"_links":{"self":[{"href":"https:\/\/serveiseducatius.xtec.cat\/creda-jordiperello\/wp-json\/wp\/v2\/pages\/8173","targetHints":{"allow":["GET"]}}],"collection":[{"href":"https:\/\/serveiseducatius.xtec.cat\/creda-jordiperello\/wp-json\/wp\/v2\/pages"}],"about":[{"href":"https:\/\/serveiseducatius.xtec.cat\/creda-jordiperello\/wp-json\/wp\/v2\/types\/page"}],"author":[{"embeddable":true,"href":"https:\/\/serveiseducatius.xtec.cat\/creda-jordiperello\/wp-json\/wp\/v2\/users\/1"}],"replies":[{"embeddable":true,"href":"https:\/\/serveiseducatius.xtec.cat\/creda-jordiperello\/wp-json\/wp\/v2\/comments?post=8173"}],"version-history":[{"count":4,"href":"https:\/\/serveiseducatius.xtec.cat\/creda-jordiperello\/wp-json\/wp\/v2\/pages\/8173\/revisions"}],"predecessor-version":[{"id":8816,"href":"https:\/\/serveiseducatius.xtec.cat\/creda-jordiperello\/wp-json\/wp\/v2\/pages\/8173\/revisions\/8816"}],"up":[{"embeddable":true,"href":"https:\/\/serveiseducatius.xtec.cat\/creda-jordiperello\/wp-json\/wp\/v2\/pages\/8171"}],"wp:attachment":[{"href":"https:\/\/serveiseducatius.xtec.cat\/creda-jordiperello\/wp-json\/wp\/v2\/media?parent=8173"}],"curies":[{"name":"wp","href":"https:\/\/api.w.org\/{rel}","templated":true}]}}