{"id":8140,"date":"2016-04-01T14:00:46","date_gmt":"2016-04-01T13:00:46","guid":{"rendered":"http:\/\/serveiseducatius.xtec.cat\/creda-jordiperello\/?page_id=8140"},"modified":"2022-03-24T18:51:02","modified_gmt":"2022-03-24T17:51:02","slug":"serveis","status":"publish","type":"page","link":"https:\/\/serveiseducatius.xtec.cat\/creda-jordiperello\/el-creda\/serveis\/","title":{"rendered":"Serveis"},"content":{"rendered":"<p>L&#8217;equip multidisciplinar del CREDA <em>Jordi Perell\u00f3<\/em> t\u00e9 un \u00e0mbit d&#8217;actuaci\u00f3 que compren tota la comarca del Vall\u00e8s Occidental i\u00a0ofereix els serveis que trobareu a continuaci\u00f3:<\/p>\n<ul>\n<li>Atenci\u00f3 logop\u00e8dica en l&#8217;\u00e0mbit escolar a alumnes amb defici\u00e8ncia auditiva o amb trastorn de llenguatge.<\/li>\n<li>Atenci\u00f3 primerenca a alumnes amb defici\u00e8ncia auditiva de 0 a 3 anys a la seu del CREDA.<\/li>\n<li>Valoraci\u00f3 psicoling\u00fc\u00edstica dels alumnes atesos pel CREDA.<\/li>\n<li>Acolliment familiar per a pares d&#8217;alumnes amb defici\u00e8ncia auditiva.<\/li>\n<li>Assessoraments al centres escolars on hi hagi matriculats alumnes amb p\u00e8rdua auditiva o amb trastorn de llenguatge.<\/li>\n<li>Col\u00b7laboraci\u00f3 amb l&#8217;EAP per decidir si un alumne \u00e9s creditor d&#8217;atenci\u00f3 del CREDA.<\/li>\n<li>Valoraci\u00f3 audiol\u00f2gica i audioprot\u00e8tica dels alumnes amb sospita o amb diagn\u00f2stic de p\u00e8rdua auditiva.<\/li>\n<li>Revisions audioprot\u00e8tiques de tots els alumnes amb pr\u00f2tesis auditives, estiguin o no atesos pel servei de logop\u00e8dia.<\/li>\n<li><a href=\"https:\/\/serveiseducatius.xtec.cat\/creda-jordiperello\/?page_id=12877&amp;preview=true\">Fons Documental<\/a> especialitzat i de materials espec\u00edfics amb servei de pr\u00e9stec.<\/li>\n<\/ul>\n<p><a href=\"https:\/\/serveiseducatius.xtec.cat\/creda-jordiperello\/wp-content\/uploads\/usu975\/2019\/02\/P\u00f2ster-Organitzaci\u00f3-CREDA-2018-19.pdf\">Organitzaci\u00f3 CREDA<\/a><\/p>\n<p><a href=\"https:\/\/serveiseducatius.xtec.cat\/creda-jordiperello\/wp-content\/uploads\/usu975\/2019\/02\/P\u00f2ster-Organitzaci\u00f3-CREDA-2018-19.pdf\"><img loading=\"lazy\" decoding=\"async\" class=\"wp-image-12594 size-full alignleft\" src=\"https:\/\/serveiseducatius.xtec.cat\/creda-jordiperello\/wp-content\/uploads\/usu975\/2019\/02\/Poster.jpg\" alt=\"\" width=\"95\" height=\"134\" \/><\/a><\/p>\n<pre><\/pre>\n<p>&nbsp;<\/p>\n<pre style=\"text-align: center;\"><a href=\"http:\/\/serveiseducatius.xtec.cat\/creda-jordiperello\/wp-content\/uploads\/usu975\/2016\/04\/A-qui-atenem2.jpg\"><img loading=\"lazy\" decoding=\"async\" class=\"wp-image-9863 aligncenter\" src=\"http:\/\/serveiseducatius.xtec.cat\/creda-jordiperello\/wp-content\/uploads\/usu975\/2016\/04\/A-qui-atenem2.jpg\" alt=\"A qui atenem2\" width=\"605\" height=\"426\" srcset=\"https:\/\/serveiseducatius.xtec.cat\/creda-jordiperello\/wp-content\/uploads\/usu975\/2016\/04\/A-qui-atenem2.jpg 785w, https:\/\/serveiseducatius.xtec.cat\/creda-jordiperello\/wp-content\/uploads\/usu975\/2016\/04\/A-qui-atenem2-300x211.jpg 300w, https:\/\/serveiseducatius.xtec.cat\/creda-jordiperello\/wp-content\/uploads\/usu975\/2016\/04\/A-qui-atenem2-768x540.jpg 768w\" sizes=\"auto, (max-width: 605px) 100vw, 605px\" \/><\/a><\/pre>\n<p>&nbsp;<\/p>\n","protected":false},"excerpt":{"rendered":"<p>L&#8217;equip multidisciplinar del CREDA Jordi Perell\u00f3 t\u00e9 un \u00e0mbit d&#8217;actuaci\u00f3 que compren tota la comarca del Vall\u00e8s Occidental i\u00a0ofereix els serveis que trobareu a continuaci\u00f3: Atenci\u00f3 logop\u00e8dica en l&#8217;\u00e0mbit escolar a alumnes amb defici\u00e8ncia auditiva o amb trastorn de llenguatge. Atenci\u00f3 primerenca a alumnes amb defici\u00e8ncia auditiva de 0 a 3 anys a la seu [&hellip;]<\/p>\n","protected":false},"author":1,"featured_media":0,"parent":806,"menu_order":30,"comment_status":"closed","ping_status":"closed","template":"","meta":{"_bbp_topic_count":0,"_bbp_reply_count":0,"_bbp_total_topic_count":0,"_bbp_total_reply_count":0,"_bbp_voice_count":0,"_bbp_anonymous_reply_count":0,"_bbp_topic_count_hidden":0,"_bbp_reply_count_hidden":0,"_bbp_forum_subforum_count":0,"site-sidebar-layout":"default","site-content-layout":"","ast-site-content-layout":"","site-content-style":"default","site-sidebar-style":"default","ast-global-header-display":"","ast-banner-title-visibility":"","ast-main-header-display":"","ast-hfb-above-header-display":"","ast-hfb-below-header-display":"","ast-hfb-mobile-header-display":"","site-post-title":"","ast-breadcrumbs-content":"","ast-featured-img":"","footer-sml-layout":"","theme-transparent-header-meta":"","adv-header-id-meta":"","stick-header-meta":"","header-above-stick-meta":"","header-main-stick-meta":"","header-below-stick-meta":"","astra-migrate-meta-layouts":"default","ast-page-background-enabled":"default","ast-page-background-meta":{"desktop":{"background-color":"var(--ast-global-color-4)","background-image":"","background-repeat":"repeat","background-position":"center center","background-size":"auto","background-attachment":"scroll","background-type":"","background-media":"","overlay-type":"","overlay-color":"","overlay-opacity":"","overlay-gradient":""},"tablet":{"background-color":"","background-image":"","background-repeat":"repeat","background-position":"center center","background-size":"auto","background-attachment":"scroll","background-type":"","background-media":"","overlay-type":"","overlay-color":"","overlay-opacity":"","overlay-gradient":""},"mobile":{"background-color":"","background-image":"","background-repeat":"repeat","background-position":"center center","background-size":"auto","background-attachment":"scroll","background-type":"","background-media":"","overlay-type":"","overlay-color":"","overlay-opacity":"","overlay-gradient":""}},"ast-content-background-meta":{"desktop":{"background-color":"var(--ast-global-color-5)","background-image":"","background-repeat":"repeat","background-position":"center center","background-size":"auto","background-attachment":"scroll","background-type":"","background-media":"","overlay-type":"","overlay-color":"","overlay-opacity":"","overlay-gradient":""},"tablet":{"background-color":"var(--ast-global-color-5)","background-image":"","background-repeat":"repeat","background-position":"center center","background-size":"auto","background-attachment":"scroll","background-type":"","background-media":"","overlay-type":"","overlay-color":"","overlay-opacity":"","overlay-gradient":""},"mobile":{"background-color":"var(--ast-global-color-5)","background-image":"","background-repeat":"repeat","background-position":"center center","background-size":"auto","background-attachment":"scroll","background-type":"","background-media":"","overlay-type":"","overlay-color":"","overlay-opacity":"","overlay-gradient":""}},"footnotes":""},"class_list":["post-8140","page","type-page","status-publish","hentry"],"post_mailing_queue_ids":[],"_links":{"self":[{"href":"https:\/\/serveiseducatius.xtec.cat\/creda-jordiperello\/wp-json\/wp\/v2\/pages\/8140","targetHints":{"allow":["GET"]}}],"collection":[{"href":"https:\/\/serveiseducatius.xtec.cat\/creda-jordiperello\/wp-json\/wp\/v2\/pages"}],"about":[{"href":"https:\/\/serveiseducatius.xtec.cat\/creda-jordiperello\/wp-json\/wp\/v2\/types\/page"}],"author":[{"embeddable":true,"href":"https:\/\/serveiseducatius.xtec.cat\/creda-jordiperello\/wp-json\/wp\/v2\/users\/1"}],"replies":[{"embeddable":true,"href":"https:\/\/serveiseducatius.xtec.cat\/creda-jordiperello\/wp-json\/wp\/v2\/comments?post=8140"}],"version-history":[{"count":4,"href":"https:\/\/serveiseducatius.xtec.cat\/creda-jordiperello\/wp-json\/wp\/v2\/pages\/8140\/revisions"}],"predecessor-version":[{"id":16200,"href":"https:\/\/serveiseducatius.xtec.cat\/creda-jordiperello\/wp-json\/wp\/v2\/pages\/8140\/revisions\/16200"}],"up":[{"embeddable":true,"href":"https:\/\/serveiseducatius.xtec.cat\/creda-jordiperello\/wp-json\/wp\/v2\/pages\/806"}],"wp:attachment":[{"href":"https:\/\/serveiseducatius.xtec.cat\/creda-jordiperello\/wp-json\/wp\/v2\/media?parent=8140"}],"curies":[{"name":"wp","href":"https:\/\/api.w.org\/{rel}","templated":true}]}}