{"id":306,"date":"2015-11-24T18:02:44","date_gmt":"2015-11-24T17:02:44","guid":{"rendered":"http:\/\/serveiseducatius.xtec.cat\/creda-jordiperello\/?page_id=306"},"modified":"2025-02-16T09:57:55","modified_gmt":"2025-02-16T08:57:55","slug":"equip","status":"publish","type":"page","link":"https:\/\/serveiseducatius.xtec.cat\/creda-jordiperello\/equip\/","title":{"rendered":"Equip"},"content":{"rendered":"<p>El CREDA <em>Jordi Perell\u00f3<\/em>\u00a0est\u00e0 format per un equip multidisciplinar que consta de:<\/p>\n<ul>\n<li>Equip Directiu:\n<ul>\n<li>Montse Alonso (Directora)<\/li>\n<li>Mar Llopis (Adjunta de direcci\u00f3)<\/li>\n<li>Neus Guill\u00f3 (Adjunta de direcci\u00f3)<\/li>\n<li>Erika Martin (Coordinadora)<\/li>\n<\/ul>\n<\/li>\n<li>Dues psicopedagogues:\n<ul>\n<li>Mireia Rom<\/li>\n<li>Anna Ristol<\/li>\n<\/ul>\n<\/li>\n<li>Una audioprotetista:\n<ul>\n<li>Carol Lage<\/li>\n<\/ul>\n<\/li>\n<li>Un responsables de la Unitat de Tecnologia, Actualitzaci\u00f3 i Formaci\u00f3:\n<ul>\n<li>Vicent Grau<\/li>\n<\/ul>\n<\/li>\n<li>Tres logopedes d&#8217;atenci\u00f3 primerenca (0-3 anys) per a alumnes amb sordesa:\n<ul>\n<li>Raquel Esteban<\/li>\n<li>Bibiana Morales<\/li>\n<li>Irene Ruiz<\/li>\n<\/ul>\n<\/li>\n<li>Una administrativa:\n<ul>\n<li>Esther Burgu\u00e9s<\/li>\n<\/ul>\n<\/li>\n<li>Un equip de 80 logopedes que donen atenci\u00f3 a alumnes amb sordesa i\/o amb trastorn de llenguatge en els centres educatius d&#8217;infantil, prim\u00e0ria i secund\u00e0ria \u00a0(ESO i estudis post-obligatoris) del Vall\u00e8s Occidental.<\/li>\n<\/ul>\n<div><img loading=\"lazy\" decoding=\"async\" class=\"alignleft wp-image-17629\" src=\"https:\/\/serveiseducatius.xtec.cat\/creda-jordiperello\/wp-content\/uploads\/usu975\/2023\/01\/reunio-direccio-uvopa-300x138.jpg\" alt=\"\" width=\"400\" height=\"184\" srcset=\"https:\/\/serveiseducatius.xtec.cat\/creda-jordiperello\/wp-content\/uploads\/usu975\/2023\/01\/reunio-direccio-uvopa-300x138.jpg 300w, https:\/\/serveiseducatius.xtec.cat\/creda-jordiperello\/wp-content\/uploads\/usu975\/2023\/01\/reunio-direccio-uvopa.jpg 754w\" sizes=\"auto, (max-width: 400px) 100vw, 400px\" \/><\/div>\n<div><\/div>\n<p>&nbsp;<\/p>\n<p>&nbsp;<\/p>\n","protected":false},"excerpt":{"rendered":"<p>El CREDA Jordi Perell\u00f3\u00a0est\u00e0 format per un equip multidisciplinar que consta de: Equip Directiu: Montse Alonso (Directora) Mar Llopis (Adjunta de direcci\u00f3) Neus Guill\u00f3 (Adjunta de direcci\u00f3) Erika Martin (Coordinadora) Dues psicopedagogues: Mireia Rom Anna Ristol Una audioprotetista: Carol Lage Un responsables de la Unitat de Tecnologia, Actualitzaci\u00f3 i Formaci\u00f3: Vicent Grau Tres logopedes d&#8217;atenci\u00f3 [&hellip;]<\/p>\n","protected":false},"author":1,"featured_media":0,"parent":0,"menu_order":28,"comment_status":"closed","ping_status":"closed","template":"","meta":{"_bbp_topic_count":0,"_bbp_reply_count":0,"_bbp_total_topic_count":0,"_bbp_total_reply_count":0,"_bbp_voice_count":0,"_bbp_anonymous_reply_count":0,"_bbp_topic_count_hidden":0,"_bbp_reply_count_hidden":0,"_bbp_forum_subforum_count":0,"site-sidebar-layout":"default","site-content-layout":"","ast-site-content-layout":"","site-content-style":"default","site-sidebar-style":"default","ast-global-header-display":"","ast-banner-title-visibility":"","ast-main-header-display":"","ast-hfb-above-header-display":"","ast-hfb-below-header-display":"","ast-hfb-mobile-header-display":"","site-post-title":"","ast-breadcrumbs-content":"","ast-featured-img":"","footer-sml-layout":"","theme-transparent-header-meta":"","adv-header-id-meta":"","stick-header-meta":"","header-above-stick-meta":"","header-main-stick-meta":"","header-below-stick-meta":"","astra-migrate-meta-layouts":"default","ast-page-background-enabled":"default","ast-page-background-meta":{"desktop":{"background-color":"var(--ast-global-color-4)","background-image":"","background-repeat":"repeat","background-position":"center center","background-size":"auto","background-attachment":"scroll","background-type":"","background-media":"","overlay-type":"","overlay-color":"","overlay-opacity":"","overlay-gradient":""},"tablet":{"background-color":"","background-image":"","background-repeat":"repeat","background-position":"center center","background-size":"auto","background-attachment":"scroll","background-type":"","background-media":"","overlay-type":"","overlay-color":"","overlay-opacity":"","overlay-gradient":""},"mobile":{"background-color":"","background-image":"","background-repeat":"repeat","background-position":"center center","background-size":"auto","background-attachment":"scroll","background-type":"","background-media":"","overlay-type":"","overlay-color":"","overlay-opacity":"","overlay-gradient":""}},"ast-content-background-meta":{"desktop":{"background-color":"var(--ast-global-color-5)","background-image":"","background-repeat":"repeat","background-position":"center center","background-size":"auto","background-attachment":"scroll","background-type":"","background-media":"","overlay-type":"","overlay-color":"","overlay-opacity":"","overlay-gradient":""},"tablet":{"background-color":"var(--ast-global-color-5)","background-image":"","background-repeat":"repeat","background-position":"center center","background-size":"auto","background-attachment":"scroll","background-type":"","background-media":"","overlay-type":"","overlay-color":"","overlay-opacity":"","overlay-gradient":""},"mobile":{"background-color":"var(--ast-global-color-5)","background-image":"","background-repeat":"repeat","background-position":"center center","background-size":"auto","background-attachment":"scroll","background-type":"","background-media":"","overlay-type":"","overlay-color":"","overlay-opacity":"","overlay-gradient":""}},"footnotes":""},"class_list":["post-306","page","type-page","status-publish","hentry"],"post_mailing_queue_ids":[],"_links":{"self":[{"href":"https:\/\/serveiseducatius.xtec.cat\/creda-jordiperello\/wp-json\/wp\/v2\/pages\/306","targetHints":{"allow":["GET"]}}],"collection":[{"href":"https:\/\/serveiseducatius.xtec.cat\/creda-jordiperello\/wp-json\/wp\/v2\/pages"}],"about":[{"href":"https:\/\/serveiseducatius.xtec.cat\/creda-jordiperello\/wp-json\/wp\/v2\/types\/page"}],"author":[{"embeddable":true,"href":"https:\/\/serveiseducatius.xtec.cat\/creda-jordiperello\/wp-json\/wp\/v2\/users\/1"}],"replies":[{"embeddable":true,"href":"https:\/\/serveiseducatius.xtec.cat\/creda-jordiperello\/wp-json\/wp\/v2\/comments?post=306"}],"version-history":[{"count":5,"href":"https:\/\/serveiseducatius.xtec.cat\/creda-jordiperello\/wp-json\/wp\/v2\/pages\/306\/revisions"}],"predecessor-version":[{"id":19113,"href":"https:\/\/serveiseducatius.xtec.cat\/creda-jordiperello\/wp-json\/wp\/v2\/pages\/306\/revisions\/19113"}],"wp:attachment":[{"href":"https:\/\/serveiseducatius.xtec.cat\/creda-jordiperello\/wp-json\/wp\/v2\/media?parent=306"}],"curies":[{"name":"wp","href":"https:\/\/api.w.org\/{rel}","templated":true}]}}