{"id":16168,"date":"2022-03-24T15:52:30","date_gmt":"2022-03-24T14:52:30","guid":{"rendered":"https:\/\/serveiseducatius.xtec.cat\/creda-jordiperello\/?page_id=16168"},"modified":"2022-03-24T19:18:42","modified_gmt":"2022-03-24T18:18:42","slug":"peticio-servei-dinterpret-de-lsc-per-a-la-postobligatoria","status":"publish","type":"page","link":"https:\/\/serveiseducatius.xtec.cat\/creda-jordiperello\/families\/orientacions\/peticio-servei-dinterpret-de-lsc-per-a-la-postobligatoria\/","title":{"rendered":"Petici\u00f3 de Servei d&#8217;Int\u00e8rpret de LSC per a la Postobligat\u00f2ria"},"content":{"rendered":"<p><a href=\"https:\/\/serveiseducatius.xtec.cat\/creda-jordiperello\/wp-content\/uploads\/usu975\/2022\/03\/images.jpg\"><img loading=\"lazy\" decoding=\"async\" class=\"alignnone wp-image-16182\" src=\"https:\/\/serveiseducatius.xtec.cat\/creda-jordiperello\/wp-content\/uploads\/usu975\/2022\/03\/images.jpg\" alt=\"\" width=\"471\" height=\"144\" srcset=\"https:\/\/serveiseducatius.xtec.cat\/creda-jordiperello\/wp-content\/uploads\/usu975\/2022\/03\/images.jpg 406w, https:\/\/serveiseducatius.xtec.cat\/creda-jordiperello\/wp-content\/uploads\/usu975\/2022\/03\/images-300x92.jpg 300w\" sizes=\"auto, (max-width: 471px) 100vw, 471px\" \/><\/a><\/p>\n<p>Aquells alumnes que vulguin demanar servei d&#8217;int\u00e8rpret per realitzar estudis de postobligat\u00f2ria (cicles formatius de grau mig\/superior o batxillerat) ho han de demanar a l&#8217;institut, en el moment de fer la matr\u00edcula. Aquesta petici\u00f3 es fa amb el document de sol\u00b7licitud que podeu trobar fent clic a la seg\u00fcent imatge.<\/p>\n<p><a href=\"https:\/\/drive.google.com\/file\/d\/1Crf2o4EnxgP4kOu1rzG006pBVyY_Ncar\/view?usp=sharing\" target=\"_blank\" rel=\"noopener\"><img loading=\"lazy\" decoding=\"async\" class=\"alignnone wp-image-16175 \" src=\"https:\/\/serveiseducatius.xtec.cat\/creda-jordiperello\/wp-content\/uploads\/usu975\/2022\/03\/sol-ILC.jpg\" alt=\"\" width=\"658\" height=\"149\" srcset=\"https:\/\/serveiseducatius.xtec.cat\/creda-jordiperello\/wp-content\/uploads\/usu975\/2022\/03\/sol-ILC.jpg 689w, https:\/\/serveiseducatius.xtec.cat\/creda-jordiperello\/wp-content\/uploads\/usu975\/2022\/03\/sol-ILC-300x68.jpg 300w\" sizes=\"auto, (max-width: 658px) 100vw, 658px\" \/>\u00a0 \u00a0 \u00a0 <mark><em><sub><strong>SOL\u00b7LICITUD A EMPLENAR PER L&#8217;ALUMNE<\/strong><\/sub><\/em><\/mark><\/a><\/p>\n<p>Posteriorment a la vostra sol\u00b7licitud, l&#8217;institut ens ha de comunicar la vostra petici\u00f3 i ens ha de lliurar un document on es fan constar les assignatures, hores, temporalitzaci\u00f3 i altres informacions necess\u00e0ries per poder determinar, de forma definitiva, les hores de suport que necessitareu. Si vosaltres mateixos porteu aquest full de sol\u00b7licitud a l&#8217;institut (sense emplenar), tot ser\u00e0 m\u00e9s f\u00e0cil perqu\u00e8 molts dels centres mai han fet servir aquest servei amb anterioritat.<\/p>\n<p><a href=\"https:\/\/drive.google.com\/file\/d\/1OYVF77CbAVajU-BUEAWixGS0IVXqMcKO\/view?usp=sharing\" target=\"_blank\" rel=\"noopener\"><img loading=\"lazy\" decoding=\"async\" class=\"alignnone wp-image-16177 \" src=\"https:\/\/serveiseducatius.xtec.cat\/creda-jordiperello\/wp-content\/uploads\/usu975\/2022\/03\/sol-centre.jpg\" alt=\"\" width=\"671\" height=\"272\" srcset=\"https:\/\/serveiseducatius.xtec.cat\/creda-jordiperello\/wp-content\/uploads\/usu975\/2022\/03\/sol-centre.jpg 705w, https:\/\/serveiseducatius.xtec.cat\/creda-jordiperello\/wp-content\/uploads\/usu975\/2022\/03\/sol-centre-300x122.jpg 300w\" sizes=\"auto, (max-width: 671px) 100vw, 671px\" \/><mark><em><sub><strong>SOL\u00b7LICITUD A EMPLENAR PEL CENTRE EDUCATIU<\/strong><\/sub><\/em><\/mark><\/a><\/p>\n<p><strong>MOLT IMPORTANT!! <\/strong><\/p>\n<p><strong>Abans de fer la petici\u00f3 formal a l&#8217;institut, us recomanem que us poseu en contacte amb la direcci\u00f3 del CREDA per tal que es pugui fer, amb l&#8217;antelaci\u00f3 suficient, la previsi\u00f3 del servei (reserva d&#8217;hores aproximades, professionals, etc.), aix\u00ed com, per poder fer el seguiment de la vostra sol\u00b7licitud.<\/strong><\/p>\n","protected":false},"excerpt":{"rendered":"<p>Aquells alumnes que vulguin demanar servei d&#8217;int\u00e8rpret per realitzar estudis de postobligat\u00f2ria (cicles formatius de grau mig\/superior o batxillerat) ho han de demanar a l&#8217;institut, en el moment de fer la matr\u00edcula. Aquesta petici\u00f3 es fa amb el document de sol\u00b7licitud que podeu trobar fent clic a la seg\u00fcent imatge. \u00a0 \u00a0 \u00a0 SOL\u00b7LICITUD A [&hellip;]<\/p>\n","protected":false},"author":1,"featured_media":0,"parent":8173,"menu_order":0,"comment_status":"closed","ping_status":"closed","template":"","meta":{"_bbp_topic_count":0,"_bbp_reply_count":0,"_bbp_total_topic_count":0,"_bbp_total_reply_count":0,"_bbp_voice_count":0,"_bbp_anonymous_reply_count":0,"_bbp_topic_count_hidden":0,"_bbp_reply_count_hidden":0,"_bbp_forum_subforum_count":0,"site-sidebar-layout":"default","site-content-layout":"","ast-site-content-layout":"","site-content-style":"default","site-sidebar-style":"default","ast-global-header-display":"","ast-banner-title-visibility":"","ast-main-header-display":"","ast-hfb-above-header-display":"","ast-hfb-below-header-display":"","ast-hfb-mobile-header-display":"","site-post-title":"","ast-breadcrumbs-content":"","ast-featured-img":"","footer-sml-layout":"","theme-transparent-header-meta":"","adv-header-id-meta":"","stick-header-meta":"","header-above-stick-meta":"","header-main-stick-meta":"","header-below-stick-meta":"","astra-migrate-meta-layouts":"default","ast-page-background-enabled":"default","ast-page-background-meta":{"desktop":{"background-color":"var(--ast-global-color-4)","background-image":"","background-repeat":"repeat","background-position":"center center","background-size":"auto","background-attachment":"scroll","background-type":"","background-media":"","overlay-type":"","overlay-color":"","overlay-opacity":"","overlay-gradient":""},"tablet":{"background-color":"","background-image":"","background-repeat":"repeat","background-position":"center center","background-size":"auto","background-attachment":"scroll","background-type":"","background-media":"","overlay-type":"","overlay-color":"","overlay-opacity":"","overlay-gradient":""},"mobile":{"background-color":"","background-image":"","background-repeat":"repeat","background-position":"center center","background-size":"auto","background-attachment":"scroll","background-type":"","background-media":"","overlay-type":"","overlay-color":"","overlay-opacity":"","overlay-gradient":""}},"ast-content-background-meta":{"desktop":{"background-color":"var(--ast-global-color-5)","background-image":"","background-repeat":"repeat","background-position":"center center","background-size":"auto","background-attachment":"scroll","background-type":"","background-media":"","overlay-type":"","overlay-color":"","overlay-opacity":"","overlay-gradient":""},"tablet":{"background-color":"var(--ast-global-color-5)","background-image":"","background-repeat":"repeat","background-position":"center center","background-size":"auto","background-attachment":"scroll","background-type":"","background-media":"","overlay-type":"","overlay-color":"","overlay-opacity":"","overlay-gradient":""},"mobile":{"background-color":"var(--ast-global-color-5)","background-image":"","background-repeat":"repeat","background-position":"center center","background-size":"auto","background-attachment":"scroll","background-type":"","background-media":"","overlay-type":"","overlay-color":"","overlay-opacity":"","overlay-gradient":""}},"footnotes":""},"class_list":["post-16168","page","type-page","status-publish","hentry"],"post_mailing_queue_ids":[],"_links":{"self":[{"href":"https:\/\/serveiseducatius.xtec.cat\/creda-jordiperello\/wp-json\/wp\/v2\/pages\/16168","targetHints":{"allow":["GET"]}}],"collection":[{"href":"https:\/\/serveiseducatius.xtec.cat\/creda-jordiperello\/wp-json\/wp\/v2\/pages"}],"about":[{"href":"https:\/\/serveiseducatius.xtec.cat\/creda-jordiperello\/wp-json\/wp\/v2\/types\/page"}],"author":[{"embeddable":true,"href":"https:\/\/serveiseducatius.xtec.cat\/creda-jordiperello\/wp-json\/wp\/v2\/users\/1"}],"replies":[{"embeddable":true,"href":"https:\/\/serveiseducatius.xtec.cat\/creda-jordiperello\/wp-json\/wp\/v2\/comments?post=16168"}],"version-history":[{"count":3,"href":"https:\/\/serveiseducatius.xtec.cat\/creda-jordiperello\/wp-json\/wp\/v2\/pages\/16168\/revisions"}],"predecessor-version":[{"id":16193,"href":"https:\/\/serveiseducatius.xtec.cat\/creda-jordiperello\/wp-json\/wp\/v2\/pages\/16168\/revisions\/16193"}],"up":[{"embeddable":true,"href":"https:\/\/serveiseducatius.xtec.cat\/creda-jordiperello\/wp-json\/wp\/v2\/pages\/8173"}],"wp:attachment":[{"href":"https:\/\/serveiseducatius.xtec.cat\/creda-jordiperello\/wp-json\/wp\/v2\/media?parent=16168"}],"curies":[{"name":"wp","href":"https:\/\/api.w.org\/{rel}","templated":true}]}}