{"id":15989,"date":"2022-03-08T14:29:11","date_gmt":"2022-03-08T13:29:11","guid":{"rendered":"https:\/\/serveiseducatius.xtec.cat\/creda-jordiperello\/?page_id=15989"},"modified":"2025-05-05T16:23:48","modified_gmt":"2025-05-05T14:23:48","slug":"blogs-logopedia","status":"publish","type":"page","link":"https:\/\/serveiseducatius.xtec.cat\/creda-jordiperello\/eines-tac\/blogs-logopedia\/","title":{"rendered":"Blogs Logop\u00e8dia"},"content":{"rendered":"<p>\u200b\u200b<\/p>\n<table class=\" alignleft\" style=\"height: 1182px; width: 60.5814%;\">\n<tbody>\n<tr style=\"height: 101px;\">\n<td style=\"width: 129px; vertical-align: top; height: 66px;\">\u00a0<a href=\"http:\/\/creantieducant.blogspot.com\/\"><img loading=\"lazy\" decoding=\"async\" class=\"wp-image-12417 aligncenter\" src=\"https:\/\/serveiseducatius.xtec.cat\/creda-jordiperello\/wp-content\/uploads\/usu975\/2018\/12\/Creant-i-Educant-e1545296794969.jpg\" alt=\"\" width=\"94\" height=\"58\" \/><\/a><\/td>\n<td style=\"height: 66px; width: 713px; vertical-align: top;\" colspan=\"2\">\n<div style=\"text-align: justify;\"><span style=\"font-weight: 400;\"><a href=\"http:\/\/creantieducant.blogspot.com\/\">Creaduca: blog i Instagram<\/a>. Material descarregable per imprimir totalment gratu\u00eft. Hi ha materials per treballar la sem\u00e0ntica, la consci\u00e8ncia fonol\u00f2gica, la morfosintaxis, activitats atencionals\u2026 El material \u00e9s molt atractiu i f\u00e0cil de preparar.<\/span><\/div>\n<\/td>\n<\/tr>\n<tr style=\"height: 110px;\">\n<td style=\"width: 129px; height: 86px; text-align: center; vertical-align: top;\">\u00a0<a href=\"https:\/\/www.maestrosdeaudicionylenguaje.com\/\"><img loading=\"lazy\" decoding=\"async\" class=\"wp-image-12421 alignnone\" src=\"https:\/\/serveiseducatius.xtec.cat\/creda-jordiperello\/wp-content\/uploads\/usu975\/2018\/12\/Eugenia-Romero-e1545297225430.jpg\" alt=\"\" width=\"68\" height=\"68\" \/><\/a><\/td>\n<td style=\"height: 86px; vertical-align: top;\" colspan=\"2\">\n<div style=\"text-align: justify;\"><span style=\"font-weight: 400;\"><a href=\"https:\/\/www.maestrosdeaudicionylenguaje.com\/\">E<\/a><a href=\"https:\/\/www.maestrosdeaudicionylenguaje.com\/\">ugenia<\/a><a href=\"https:\/\/www.maestrosdeaudicionylenguaje.com\/\"> Romero: Instagram, bloc i canal youtube<\/a>. Hi podem trobar material imprimible i recursos did\u00e0ctics per treballar diferents aspectes de llenguatge i parla.<\/span><\/div>\n<p>&nbsp;<\/td>\n<\/tr>\n<tr style=\"height: 127px;\">\n<td style=\"width: 129px; text-align: center; vertical-align: top; height: 103px;\"><a href=\"https:\/\/letraaletralogoped.wixsite.com\/logopedia\"><img loading=\"lazy\" decoding=\"async\" class=\"alignnone wp-image-15978 \" src=\"https:\/\/serveiseducatius.xtec.cat\/creda-jordiperello\/wp-content\/uploads\/usu975\/2022\/03\/Letra-a-letra.jpg\" alt=\"\" width=\"81\" height=\"79\" \/><\/a><\/td>\n<td style=\"width: 713px; vertical-align: top; height: 103px;\" colspan=\"2\">\n<div style=\"text-align: justify;\"><span style=\"font-weight: 400;\"><a href=\"https:\/\/letraaletralogoped.wixsite.com\/logopedia\">Letra a letra: blog i Instagram.<\/a> Espai on es poden trobar diferents materials i recursos logop\u00e8dics per traballar diferents asoectes del llenguatge.<\/span><\/div>\n<\/td>\n<\/tr>\n<tr style=\"height: 125px;\">\n<td style=\"width: 129px; height: 93px; vertical-align: top;\">\u00a0<a href=\"https:\/\/siembraestrellas.blogspot.com\/\"><img loading=\"lazy\" decoding=\"async\" class=\"wp-image-12428 aligncenter\" src=\"https:\/\/serveiseducatius.xtec.cat\/creda-jordiperello\/wp-content\/uploads\/usu975\/2018\/12\/Siembra-Estrellas.jpg\" alt=\"\" width=\"74\" height=\"59\" \/><\/a><\/td>\n<td style=\"height: 93px; width: 713px; vertical-align: top;\" colspan=\"2\">\n<div style=\"text-align: justify;\"><span style=\"font-weight: 400;\"><a href=\"https:\/\/siembraestrellas.blogspot.com\/\">Siembra Estrellas: blog i Facebook.<\/a> Material per descarregar gratu\u00eft. Ofereix una gran varietat de materials per treballar els diferents components del llenguatge.<\/span><\/div>\n<\/td>\n<\/tr>\n<tr style=\"height: 120px;\">\n<td style=\"width: 129px; height: 101px; vertical-align: top;\">\u00a0<a href=\"https:\/\/www.instagram.com\/gologopeda\/\"><img loading=\"lazy\" decoding=\"async\" class=\"wp-image-12429 aligncenter\" src=\"https:\/\/serveiseducatius.xtec.cat\/creda-jordiperello\/wp-content\/uploads\/usu975\/2018\/12\/Gologopeda.jpg\" alt=\"\" width=\"63\" height=\"63\" \/><\/a><\/td>\n<td style=\"height: 101px; vertical-align: top; width: 713px;\" colspan=\"2\">\n<div style=\"text-align: justify;\"><span style=\"font-weight: 400;\"><a href=\"https:\/\/www.instagram.com\/gologopeda\/\">Gologopeda:\u00a0Instagram.<\/a> Explica recursos que utilitza per treballar comprensi\u00f3, morfosintaxis, atenci\u00f3 i sem\u00e0ntica.<\/span><\/div>\n<\/td>\n<\/tr>\n<tr style=\"height: 117px;\">\n<td style=\"width: 129px; vertical-align: top; height: 92px;\"><a href=\"http:\/\/merakilogopedia.blogspot.com\/\"><img loading=\"lazy\" decoding=\"async\" class=\"aligncenter wp-image-12430\" src=\"https:\/\/serveiseducatius.xtec.cat\/creda-jordiperello\/wp-content\/uploads\/usu975\/2018\/12\/Merkai-Logopedia.jpg\" alt=\"\" width=\"64\" height=\"76\" srcset=\"https:\/\/serveiseducatius.xtec.cat\/creda-jordiperello\/wp-content\/uploads\/usu975\/2018\/12\/Merkai-Logopedia.jpg 389w, https:\/\/serveiseducatius.xtec.cat\/creda-jordiperello\/wp-content\/uploads\/usu975\/2018\/12\/Merkai-Logopedia-254x300.jpg 254w\" sizes=\"auto, (max-width: 64px) 100vw, 64px\" \/><\/a><\/td>\n<td style=\"vertical-align: top; width: 713px; height: 92px;\" colspan=\"2\">\n<div style=\"text-align: justify;\"><span style=\"font-weight: 400;\"><a href=\"http:\/\/merakilogopedia.blogspot.com\/\">Meraki logop\u00e9dia:\u00a0Instagram, Facebook i bloc. <\/a>Material per treballar tots els aspectes del llenguatge i la parla. Material descarregable i imprimible. Tamb\u00e9 publica articles d\u2019inter\u00e8s.<\/span><\/div>\n<\/td>\n<\/tr>\n<tr style=\"height: 96px;\">\n<td style=\"width: 129px; height: 75px; vertical-align: top;\">\u00a0<a href=\"https:\/\/logopediadinamicaydivertida.blogspot.com\/\"><img loading=\"lazy\" decoding=\"async\" class=\"aligncenter wp-image-12431\" src=\"https:\/\/serveiseducatius.xtec.cat\/creda-jordiperello\/wp-content\/uploads\/usu975\/2018\/12\/Din\u00e1mica.jpg\" alt=\"\" width=\"99\" height=\"39\" srcset=\"https:\/\/serveiseducatius.xtec.cat\/creda-jordiperello\/wp-content\/uploads\/usu975\/2018\/12\/Din\u00e1mica.jpg 492w, https:\/\/serveiseducatius.xtec.cat\/creda-jordiperello\/wp-content\/uploads\/usu975\/2018\/12\/Din\u00e1mica-300x118.jpg 300w\" sizes=\"auto, (max-width: 99px) 100vw, 99px\" \/><\/a><\/td>\n<td style=\"height: 75px; vertical-align: top;\" colspan=\"2\">\n<div style=\"text-align: justify;\"><span style=\"font-weight: 400;\"><a href=\"https:\/\/logopediadinamicaydivertida.blogspot.com\/\">Logopedia din\u00e0mica y divertida: bloc i Instagram<\/a> Ens proporciona recursos i materials descarregables gratu\u00efts.<\/span><\/div>\n<\/td>\n<\/tr>\n<tr style=\"height: 77px;\">\n<td style=\"width: 129px; vertical-align: top; height: 69px;\"><a href=\"https:\/\/www.aulapt.org\/\"><img loading=\"lazy\" decoding=\"async\" class=\"aligncenter wp-image-15981\" src=\"https:\/\/serveiseducatius.xtec.cat\/creda-jordiperello\/wp-content\/uploads\/usu975\/2022\/03\/Aula-PT.jpg\" alt=\"\" width=\"84\" height=\"53\" \/><\/a><\/td>\n<td style=\"vertical-align: top; height: 69px;\" colspan=\"2\">\n<div style=\"text-align: justify;\"><span style=\"font-weight: 400;\"><a href=\"https:\/\/www.aulapt.org\/\">Aula PT.<\/a> Blog amb nombrosos recursos i materials educatius i logop\u00e8dics.<\/span><\/div>\n<\/td>\n<\/tr>\n<tr style=\"height: 40px;\">\n<td style=\"width: 129px; text-align: center; vertical-align: middle; height: 40px;\"><a href=\"https:\/\/irialogopeda.gumroad.com\/\"><img loading=\"lazy\" decoding=\"async\" class=\"aligncenter wp-image-15985\" src=\"https:\/\/serveiseducatius.xtec.cat\/creda-jordiperello\/wp-content\/uploads\/usu975\/2022\/03\/Iria-1.jpg\" alt=\"\" width=\"58\" height=\"57\" \/><\/a><\/td>\n<td style=\"vertical-align: top; height: 40px;\" colspan=\"2\">\n<div style=\"text-align: justify;\"><span style=\"font-weight: 400;\"><a href=\"https:\/\/irialogopeda.gumroad.com\/\">Iria Logopeda.<\/a> Blog amb nombrosos recursos i materials logop\u00e8dics de pagament per\u00f2 amb preus molt redu\u00efts.<\/span><\/div>\n<\/td>\n<\/tr>\n<tr style=\"height: 85px;\">\n<td style=\"width: 129px; text-align: center; vertical-align: middle; height: 85px;\"><a href=\"https:\/\/entretea3.wordpress.com\/\"><img loading=\"lazy\" decoding=\"async\" class=\"alignnone wp-image-16009\" src=\"https:\/\/serveiseducatius.xtec.cat\/creda-jordiperello\/wp-content\/uploads\/usu975\/2022\/03\/EntreTea.jpg\" alt=\"\" width=\"67\" height=\"64\" \/><\/a><\/td>\n<td style=\"vertical-align: top; height: 85px;\" colspan=\"2\">\n<div style=\"text-align: justify;\"><span style=\"font-weight: 400;\"><a href=\"https:\/\/entretea3.wordpress.com\/\">EntreTea<\/a>. P\u00e0gina molt completa que inclou material gratu\u00eft en castell\u00e0 i catal\u00e0, <a href=\"https:\/\/kumubox.com\/market\/entretea\/\">botiga de material logop\u00e8dic<\/a> elaborat per l&#8217;autora a preus assequibles, aix\u00ed com canals d&#8217;<a href=\"https:\/\/www.instagram.com\/entre_tea\/\">Instagram<\/a> i <a href=\"https:\/\/www.youtube.com\/channel\/UCCnWCJAx_RzPB72j7lxTrKg\/featured\">Youtube<\/a><\/span><\/div>\n<\/td>\n<\/tr>\n<tr style=\"height: 62px;\">\n<td style=\"width: 129px; text-align: center; vertical-align: middle; height: 62px;\"><a href=\"https:\/\/diverlogo.gumroad.com\/terms?sort=newest\"><img loading=\"lazy\" decoding=\"async\" class=\"aligncenter wp-image-16014\" src=\"https:\/\/serveiseducatius.xtec.cat\/creda-jordiperello\/wp-content\/uploads\/usu975\/2022\/03\/diverlogo.jpg\" alt=\"\" width=\"60\" height=\"60\" \/><\/a><\/td>\n<td style=\"vertical-align: top; height: 62px;\" colspan=\"2\">\n<div style=\"text-align: justify;\"><span style=\"font-weight: 400;\"><a href=\"https:\/\/diverlogo.gumroad.com\/terms?sort=newest\">DiverLogo<\/a>. P\u00e0gina que ofereix material logop\u00e8dic d&#8217;elaboraci\u00f3 pr\u00f2pia a preus econ\u00f2mics.<\/span><\/div>\n<\/td>\n<\/tr>\n<tr style=\"height: 67px;\">\n<td style=\"width: 129px; text-align: center; vertical-align: middle; height: 67px;\"><a href=\"https:\/\/abclogopedia.blogspot.com\/\"><img loading=\"lazy\" decoding=\"async\" class=\"alignnone wp-image-16016 size-full\" src=\"https:\/\/serveiseducatius.xtec.cat\/creda-jordiperello\/wp-content\/uploads\/usu975\/2022\/03\/ABC.jpg\" alt=\"\" width=\"471\" height=\"96\" srcset=\"https:\/\/serveiseducatius.xtec.cat\/creda-jordiperello\/wp-content\/uploads\/usu975\/2022\/03\/ABC.jpg 471w, https:\/\/serveiseducatius.xtec.cat\/creda-jordiperello\/wp-content\/uploads\/usu975\/2022\/03\/ABC-300x61.jpg 300w\" sizes=\"auto, (max-width: 471px) 100vw, 471px\" \/><\/a><\/td>\n<td style=\"vertical-align: top; height: 67px;\" colspan=\"2\">\n<div style=\"text-align: justify;\"><span style=\"font-weight: 400;\"><a href=\"https:\/\/abclogopedia.blogspot.com\/\">ABC Logopedia.<\/a> P\u00e0gina que ofereix material logop\u00e8dic d&#8217;elaboraci\u00f3 pr\u00f2pia a preus econ\u00f2mics.<\/span><\/div>\n<\/td>\n<\/tr>\n<tr style=\"height: 92px;\">\n<td style=\"width: 129px; text-align: center; vertical-align: middle; height: 92px;\"><a href=\"https:\/\/kokoro-aula.blogspot.com\/\"><img loading=\"lazy\" decoding=\"async\" class=\"alignnone wp-image-16018 size-full\" src=\"https:\/\/serveiseducatius.xtec.cat\/creda-jordiperello\/wp-content\/uploads\/usu975\/2022\/03\/Deja-que-te-cuente.jpg\" alt=\"\" width=\"161\" height=\"116\" \/><\/a><\/td>\n<td style=\"vertical-align: top; height: 92px;\" colspan=\"2\">\n<div style=\"text-align: justify;\"><span style=\"font-weight: 400;\"><a href=\"https:\/\/kokoro-aula.blogspot.com\/\">Deja que te cuente.<\/a> Blog amb tot tipus de recursos: articles, ressenyes bibliogr\u00e0fiques, refelxions, materials gratu\u00efts per imprimir i moltes altres coses.\u00a0<\/span><\/div>\n<\/td>\n<\/tr>\n<tr style=\"height: 101px;\">\n<td style=\"width: 129px; text-align: center; vertical-align: middle; height: 101px;\"><a href=\"http:\/\/creantieducant.blogspot.com\/\"><img loading=\"lazy\" decoding=\"async\" class=\"alignnone wp-image-16020\" src=\"https:\/\/serveiseducatius.xtec.cat\/creda-jordiperello\/wp-content\/uploads\/usu975\/2022\/03\/Creaduca.jpg\" alt=\"\" width=\"66\" height=\"80\" srcset=\"https:\/\/serveiseducatius.xtec.cat\/creda-jordiperello\/wp-content\/uploads\/usu975\/2022\/03\/Creaduca.jpg 287w, https:\/\/serveiseducatius.xtec.cat\/creda-jordiperello\/wp-content\/uploads\/usu975\/2022\/03\/Creaduca-248x300.jpg 248w\" sizes=\"auto, (max-width: 66px) 100vw, 66px\" \/><\/a><\/td>\n<td style=\"vertical-align: top; height: 101px;\" colspan=\"2\">\n<div style=\"text-align: justify;\"><span style=\"font-weight: 400;\"><a href=\"http:\/\/creantieducant.blogspot.com\/\">Creaduca.<\/a> Blog en catal\u00e0 amb nombroses idees i materials d&#8217;elaboraci\u00f3 pr\u00f2pia descarregles.<\/span><\/div>\n<\/td>\n<\/tr>\n<tr style=\"height: 50px;\">\n<td style=\"width: 129px; text-align: center; vertical-align: middle; height: 50px;\"><a href=\"http:\/\/soniamarquezlogopeda.blogspot.com\/p\/materiales-descargables.html\"><img loading=\"lazy\" decoding=\"async\" class=\"aligncenter wp-image-16022\" src=\"https:\/\/serveiseducatius.xtec.cat\/creda-jordiperello\/wp-content\/uploads\/usu975\/2022\/03\/Sonia-Marquez-e1646754397809.jpg\" alt=\"\" width=\"72\" height=\"61\" \/><\/a><\/td>\n<td style=\"vertical-align: top; height: 50px;\" colspan=\"2\">\n<div style=\"text-align: justify;\"><span style=\"font-weight: 400;\"><a href=\"http:\/\/soniamarquezlogopeda.blogspot.com\/p\/materiales-descargables.html\">Sonia M\u00e1rquez Logopedia.<\/a> Blog amb materials d&#8217;elaboraci\u00f3 pr\u00f2pia descarregables en castell\u00e0.<\/span><\/div>\n<\/td>\n<\/tr>\n<tr>\n<td style=\"width: 129px; text-align: center; vertical-align: middle;\"><a href=\"http:\/\/logopediaiec.blogspot.com\/\"><img loading=\"lazy\" decoding=\"async\" class=\"alignnone wp-image-16513\" src=\"https:\/\/serveiseducatius.xtec.cat\/creda-jordiperello\/wp-content\/uploads\/usu975\/2022\/04\/Logopedia-i-estimulacio-cognitiva.jpg\" alt=\"\" width=\"80\" height=\"73\" \/><\/a><\/td>\n<td style=\"vertical-align: top; width: 713px;\" colspan=\"2\">\n<div style=\"text-align: justify;\"><span style=\"font-weight: 400;\"><a href=\"http:\/\/logopediaiec.blogspot.com\/\">Logop\u00e8dia i estimulaci\u00f3 cognitiva.<\/a> Blog amb diferents materials logop\u00e8dics d&#8217;elaboraci\u00f3 pr\u00f2pia descarregables, tant en catal\u00e0 com en castell\u00e0.<\/span><\/div>\n<\/td>\n<\/tr>\n<\/tbody>\n<\/table>\n<p>&nbsp;<\/p>\n","protected":false},"excerpt":{"rendered":"<p>\u200b\u200b \u00a0 Creaduca: blog i Instagram. Material descarregable per imprimir totalment gratu\u00eft. Hi ha materials per treballar la sem\u00e0ntica, la consci\u00e8ncia fonol\u00f2gica, la morfosintaxis, activitats atencionals\u2026 El material \u00e9s molt atractiu i f\u00e0cil de preparar. \u00a0 Eugenia Romero: Instagram, bloc i canal youtube. Hi podem trobar material imprimible i recursos did\u00e0ctics per treballar diferents aspectes [&hellip;]<\/p>\n","protected":false},"author":1,"featured_media":0,"parent":12484,"menu_order":10,"comment_status":"closed","ping_status":"closed","template":"","meta":{"_bbp_topic_count":0,"_bbp_reply_count":0,"_bbp_total_topic_count":0,"_bbp_total_reply_count":0,"_bbp_voice_count":0,"_bbp_anonymous_reply_count":0,"_bbp_topic_count_hidden":0,"_bbp_reply_count_hidden":0,"_bbp_forum_subforum_count":0,"site-sidebar-layout":"default","site-content-layout":"","ast-site-content-layout":"default","site-content-style":"default","site-sidebar-style":"default","ast-global-header-display":"","ast-banner-title-visibility":"","ast-main-header-display":"","ast-hfb-above-header-display":"","ast-hfb-below-header-display":"","ast-hfb-mobile-header-display":"","site-post-title":"","ast-breadcrumbs-content":"","ast-featured-img":"","footer-sml-layout":"","theme-transparent-header-meta":"default","adv-header-id-meta":"","stick-header-meta":"","header-above-stick-meta":"","header-main-stick-meta":"","header-below-stick-meta":"","astra-migrate-meta-layouts":"set","ast-page-background-enabled":"default","ast-page-background-meta":{"desktop":{"background-color":"var(--ast-global-color-4)","background-image":"","background-repeat":"repeat","background-position":"center center","background-size":"auto","background-attachment":"scroll","background-type":"","background-media":"","overlay-type":"","overlay-color":"","overlay-opacity":"","overlay-gradient":""},"tablet":{"background-color":"","background-image":"","background-repeat":"repeat","background-position":"center center","background-size":"auto","background-attachment":"scroll","background-type":"","background-media":"","overlay-type":"","overlay-color":"","overlay-opacity":"","overlay-gradient":""},"mobile":{"background-color":"","background-image":"","background-repeat":"repeat","background-position":"center center","background-size":"auto","background-attachment":"scroll","background-type":"","background-media":"","overlay-type":"","overlay-color":"","overlay-opacity":"","overlay-gradient":""}},"ast-content-background-meta":{"desktop":{"background-color":"var(--ast-global-color-5)","background-image":"","background-repeat":"repeat","background-position":"center center","background-size":"auto","background-attachment":"scroll","background-type":"","background-media":"","overlay-type":"","overlay-color":"","overlay-opacity":"","overlay-gradient":""},"tablet":{"background-color":"var(--ast-global-color-5)","background-image":"","background-repeat":"repeat","background-position":"center center","background-size":"auto","background-attachment":"scroll","background-type":"","background-media":"","overlay-type":"","overlay-color":"","overlay-opacity":"","overlay-gradient":""},"mobile":{"background-color":"var(--ast-global-color-5)","background-image":"","background-repeat":"repeat","background-position":"center center","background-size":"auto","background-attachment":"scroll","background-type":"","background-media":"","overlay-type":"","overlay-color":"","overlay-opacity":"","overlay-gradient":""}},"footnotes":""},"class_list":["post-15989","page","type-page","status-publish","hentry"],"post_mailing_queue_ids":[],"_links":{"self":[{"href":"https:\/\/serveiseducatius.xtec.cat\/creda-jordiperello\/wp-json\/wp\/v2\/pages\/15989","targetHints":{"allow":["GET"]}}],"collection":[{"href":"https:\/\/serveiseducatius.xtec.cat\/creda-jordiperello\/wp-json\/wp\/v2\/pages"}],"about":[{"href":"https:\/\/serveiseducatius.xtec.cat\/creda-jordiperello\/wp-json\/wp\/v2\/types\/page"}],"author":[{"embeddable":true,"href":"https:\/\/serveiseducatius.xtec.cat\/creda-jordiperello\/wp-json\/wp\/v2\/users\/1"}],"replies":[{"embeddable":true,"href":"https:\/\/serveiseducatius.xtec.cat\/creda-jordiperello\/wp-json\/wp\/v2\/comments?post=15989"}],"version-history":[{"count":3,"href":"https:\/\/serveiseducatius.xtec.cat\/creda-jordiperello\/wp-json\/wp\/v2\/pages\/15989\/revisions"}],"predecessor-version":[{"id":16514,"href":"https:\/\/serveiseducatius.xtec.cat\/creda-jordiperello\/wp-json\/wp\/v2\/pages\/15989\/revisions\/16514"}],"up":[{"embeddable":true,"href":"https:\/\/serveiseducatius.xtec.cat\/creda-jordiperello\/wp-json\/wp\/v2\/pages\/12484"}],"wp:attachment":[{"href":"https:\/\/serveiseducatius.xtec.cat\/creda-jordiperello\/wp-json\/wp\/v2\/media?parent=15989"}],"curies":[{"name":"wp","href":"https:\/\/api.w.org\/{rel}","templated":true}]}}