{"id":13934,"date":"2020-01-15T16:19:39","date_gmt":"2020-01-15T15:19:39","guid":{"rendered":"http:\/\/serveiseducatius.xtec.cat\/creda-jordiperello\/?page_id=13934"},"modified":"2023-06-14T13:16:33","modified_gmt":"2023-06-14T11:16:33","slug":"servei-datencio-primerenca","status":"publish","type":"page","link":"https:\/\/serveiseducatius.xtec.cat\/creda-jordiperello\/servei-datencio-primerenca\/","title":{"rendered":"Servei d&#8217;Atenci\u00f3 Primerenca"},"content":{"rendered":"<p>El <strong>Servei d&#8217;Atenci\u00f3 Primerenca<\/strong> est\u00e0 format per un equip de:<\/p>\n<ul>\n<li>Tres logopedes<\/li>\n<li>Una psicopedagoga<\/li>\n<li>Una audioprotesista<\/li>\n<\/ul>\n<p><img loading=\"lazy\" decoding=\"async\" class=\"alignnone wp-image-18163 size-medium\" src=\"https:\/\/serveiseducatius.xtec.cat\/creda-jordiperello\/wp-content\/uploads\/usu975\/2023\/06\/audio-1-147x300.jpg\" alt=\"\" width=\"147\" height=\"300\" srcset=\"https:\/\/serveiseducatius.xtec.cat\/creda-jordiperello\/wp-content\/uploads\/usu975\/2023\/06\/audio-1-147x300.jpg 147w, https:\/\/serveiseducatius.xtec.cat\/creda-jordiperello\/wp-content\/uploads\/usu975\/2023\/06\/audio-1-502x1024.jpg 502w, https:\/\/serveiseducatius.xtec.cat\/creda-jordiperello\/wp-content\/uploads\/usu975\/2023\/06\/audio-1-768x1567.jpg 768w, https:\/\/serveiseducatius.xtec.cat\/creda-jordiperello\/wp-content\/uploads\/usu975\/2023\/06\/audio-1-753x1536.jpg 753w, https:\/\/serveiseducatius.xtec.cat\/creda-jordiperello\/wp-content\/uploads\/usu975\/2023\/06\/audio-1-1004x2048.jpg 1004w, https:\/\/serveiseducatius.xtec.cat\/creda-jordiperello\/wp-content\/uploads\/usu975\/2023\/06\/audio-1-scaled.jpg 1255w\" sizes=\"auto, (max-width: 147px) 100vw, 147px\" \/><\/p>\n<h5>Quin servei oferim?<\/h5>\n<ul>\n<li>Oferim atenci\u00f3 a infants de 0 a 3 anys, amb diagn\u00f2stic de sordesa, derivats pel metge otorrinolaring\u00f2leg (ORL) i\/o per la Unitat de Refer\u00e8ncia de la Hipoac\u00fasia Infantil (URHI).<\/li>\n<li>Centrem la intervenci\u00f3 en l&#8217;infant i la seva fam\u00edlia.<\/li>\n<li>Acompanyem les fam\u00edlies mitjan\u00e7ant entrevistes d&#8217;acollida i un curs b\u00e0sic de formaci\u00f3 per a pares i mares, on tamb\u00e9 propiciem l&#8217;intercanvi d&#8217;experi\u00e8ncies entre fam\u00edlies.<\/li>\n<li>Valorem i fem seguiment a nivell audiol\u00f2gic, audioprot\u00e8tic, comunicatiu i psicoling\u00fc\u00edstic.<\/li>\n<li>En ocasions, a partir dels 2 anys, es fan sessions en petit grup.<\/li>\n<li>Fem coordinaci\u00f3 i intervenci\u00f3 a l&#8217;Escola Bressol.<\/li>\n<li>Ens coordinem amb els serveis espec\u00edfics que atenen l&#8217;infant: serveis sanitaris, gabinets audioprot\u00e8tics, CDIAP i d&#8217;altres serveis educatiu.<\/li>\n<li>L&#8217;atenci\u00f3 logop\u00e8dica es realitza a la seu del CREDA en sessions individuals amb la participaci\u00f3 activa de la fam\u00edlia.<\/li>\n<\/ul>\n<p><img loading=\"lazy\" decoding=\"async\" class=\"alignnone wp-image-18165 size-medium\" src=\"https:\/\/serveiseducatius.xtec.cat\/creda-jordiperello\/wp-content\/uploads\/usu975\/2023\/06\/implante-2-300x217.jpg\" alt=\"\" width=\"300\" height=\"217\" srcset=\"https:\/\/serveiseducatius.xtec.cat\/creda-jordiperello\/wp-content\/uploads\/usu975\/2023\/06\/implante-2-300x217.jpg 300w, https:\/\/serveiseducatius.xtec.cat\/creda-jordiperello\/wp-content\/uploads\/usu975\/2023\/06\/implante-2-1024x740.jpg 1024w, https:\/\/serveiseducatius.xtec.cat\/creda-jordiperello\/wp-content\/uploads\/usu975\/2023\/06\/implante-2-768x555.jpg 768w, https:\/\/serveiseducatius.xtec.cat\/creda-jordiperello\/wp-content\/uploads\/usu975\/2023\/06\/implante-2-1536x1110.jpg 1536w, https:\/\/serveiseducatius.xtec.cat\/creda-jordiperello\/wp-content\/uploads\/usu975\/2023\/06\/implante-2.jpg 1736w\" sizes=\"auto, (max-width: 300px) 100vw, 300px\" \/><\/p>\n<h5><\/h5>\n<h5>Qu\u00e8 fem?<\/h5>\n<ul>\n<li>Estimulem les habilitats pr\u00e8vies al llenguatge i a la comunicaci\u00f3.<\/li>\n<li>Ajudem a desenvolupar les habilitats auditives.<\/li>\n<li>Estimulem la producci\u00f3 i la comprensi\u00f3 del llenguatge.<\/li>\n<li style=\"list-style-type: none;\"><img loading=\"lazy\" decoding=\"async\" class=\"alignnone wp-image-18166\" src=\"https:\/\/serveiseducatius.xtec.cat\/creda-jordiperello\/wp-content\/uploads\/usu975\/2023\/06\/Imagen1-300x228-2.png\" alt=\"\" width=\"250\" height=\"185\" \/><\/li>\n<\/ul>\n<p>&nbsp;<\/p>\n<p>&nbsp;<\/p>\n<p>&nbsp;<\/p>\n<p>&nbsp;<\/p>\n<p>&nbsp;<\/p>\n<p>&nbsp;<\/p>\n<p>&nbsp;<\/p>\n<p><a href=\"https:\/\/serveiseducatius.xtec.cat\/creda-jordiperello\/wp-content\/uploads\/usu975\/2022\/03\/190723-TripticAP-V.2022.pdf\"><strong>Descarrega&#8217;t el Tr\u00edptic del Servei d&#8217;Atenci\u00f3 Primerenca<\/strong><\/a><strong><span style=\"font-family: inherit; font-size: 1em;\">\u00a0<\/span><\/strong><\/p>\n","protected":false},"excerpt":{"rendered":"<p>El Servei d&#8217;Atenci\u00f3 Primerenca est\u00e0 format per un equip de: Tres logopedes Una psicopedagoga Una audioprotesista Quin servei oferim? Oferim atenci\u00f3 a infants de 0 a 3 anys, amb diagn\u00f2stic de sordesa, derivats pel metge otorrinolaring\u00f2leg (ORL) i\/o per la Unitat de Refer\u00e8ncia de la Hipoac\u00fasia Infantil (URHI). Centrem la intervenci\u00f3 en l&#8217;infant i la [&hellip;]<\/p>\n","protected":false},"author":1,"featured_media":0,"parent":0,"menu_order":0,"comment_status":"closed","ping_status":"closed","template":"","meta":{"_bbp_topic_count":0,"_bbp_reply_count":0,"_bbp_total_topic_count":0,"_bbp_total_reply_count":0,"_bbp_voice_count":0,"_bbp_anonymous_reply_count":0,"_bbp_topic_count_hidden":0,"_bbp_reply_count_hidden":0,"_bbp_forum_subforum_count":0,"site-sidebar-layout":"default","site-content-layout":"","ast-site-content-layout":"","site-content-style":"default","site-sidebar-style":"default","ast-global-header-display":"","ast-banner-title-visibility":"","ast-main-header-display":"","ast-hfb-above-header-display":"","ast-hfb-below-header-display":"","ast-hfb-mobile-header-display":"","site-post-title":"","ast-breadcrumbs-content":"","ast-featured-img":"","footer-sml-layout":"","theme-transparent-header-meta":"","adv-header-id-meta":"","stick-header-meta":"","header-above-stick-meta":"","header-main-stick-meta":"","header-below-stick-meta":"","astra-migrate-meta-layouts":"default","ast-page-background-enabled":"default","ast-page-background-meta":{"desktop":{"background-color":"var(--ast-global-color-4)","background-image":"","background-repeat":"repeat","background-position":"center center","background-size":"auto","background-attachment":"scroll","background-type":"","background-media":"","overlay-type":"","overlay-color":"","overlay-opacity":"","overlay-gradient":""},"tablet":{"background-color":"","background-image":"","background-repeat":"repeat","background-position":"center center","background-size":"auto","background-attachment":"scroll","background-type":"","background-media":"","overlay-type":"","overlay-color":"","overlay-opacity":"","overlay-gradient":""},"mobile":{"background-color":"","background-image":"","background-repeat":"repeat","background-position":"center center","background-size":"auto","background-attachment":"scroll","background-type":"","background-media":"","overlay-type":"","overlay-color":"","overlay-opacity":"","overlay-gradient":""}},"ast-content-background-meta":{"desktop":{"background-color":"var(--ast-global-color-5)","background-image":"","background-repeat":"repeat","background-position":"center center","background-size":"auto","background-attachment":"scroll","background-type":"","background-media":"","overlay-type":"","overlay-color":"","overlay-opacity":"","overlay-gradient":""},"tablet":{"background-color":"var(--ast-global-color-5)","background-image":"","background-repeat":"repeat","background-position":"center center","background-size":"auto","background-attachment":"scroll","background-type":"","background-media":"","overlay-type":"","overlay-color":"","overlay-opacity":"","overlay-gradient":""},"mobile":{"background-color":"var(--ast-global-color-5)","background-image":"","background-repeat":"repeat","background-position":"center center","background-size":"auto","background-attachment":"scroll","background-type":"","background-media":"","overlay-type":"","overlay-color":"","overlay-opacity":"","overlay-gradient":""}},"footnotes":""},"class_list":["post-13934","page","type-page","status-publish","hentry"],"post_mailing_queue_ids":[],"_links":{"self":[{"href":"https:\/\/serveiseducatius.xtec.cat\/creda-jordiperello\/wp-json\/wp\/v2\/pages\/13934","targetHints":{"allow":["GET"]}}],"collection":[{"href":"https:\/\/serveiseducatius.xtec.cat\/creda-jordiperello\/wp-json\/wp\/v2\/pages"}],"about":[{"href":"https:\/\/serveiseducatius.xtec.cat\/creda-jordiperello\/wp-json\/wp\/v2\/types\/page"}],"author":[{"embeddable":true,"href":"https:\/\/serveiseducatius.xtec.cat\/creda-jordiperello\/wp-json\/wp\/v2\/users\/1"}],"replies":[{"embeddable":true,"href":"https:\/\/serveiseducatius.xtec.cat\/creda-jordiperello\/wp-json\/wp\/v2\/comments?post=13934"}],"version-history":[{"count":3,"href":"https:\/\/serveiseducatius.xtec.cat\/creda-jordiperello\/wp-json\/wp\/v2\/pages\/13934\/revisions"}],"predecessor-version":[{"id":18167,"href":"https:\/\/serveiseducatius.xtec.cat\/creda-jordiperello\/wp-json\/wp\/v2\/pages\/13934\/revisions\/18167"}],"wp:attachment":[{"href":"https:\/\/serveiseducatius.xtec.cat\/creda-jordiperello\/wp-json\/wp\/v2\/media?parent=13934"}],"curies":[{"name":"wp","href":"https:\/\/api.w.org\/{rel}","templated":true}]}}